{"id":1572,"date":"2024-12-09T01:39:05","date_gmt":"2024-12-09T01:39:05","guid":{"rendered":"https:\/\/www.mcallenflatware.com\/?post_type=product&#038;p=1572"},"modified":"2024-12-09T01:51:28","modified_gmt":"2024-12-09T01:51:28","slug":"wholesale-gold-flatware-set","status":"publish","type":"product","link":"https:\/\/www.mcallenflatware.com\/pt\/product\/wholesale-gold-flatware-set\/","title":{"rendered":"Conjunto de talheres de ouro por atacado em a\u00e7o inoxid\u00e1vel para 16 pessoas com caixa de madeira"},"content":{"rendered":"<h2 class=\"wp-block-heading\">Conjunto de talheres em ouro Carater\u00edsticas:<\/h2>\n\n\n\n<div class=\"wp-block-columns is-layout-flex wp-container-core-columns-is-layout-9d6595d7 wp-block-columns-is-layout-flex\">\n<div class=\"wp-block-column is-layout-flow wp-block-column-is-layout-flow\" style=\"flex-basis:66.66%\">\n<p><strong>Material de a\u00e7o inoxid\u00e1vel de alta qualidade:<\/strong> Fabricado em a\u00e7o inoxid\u00e1vel de alta qualidade, garante que n\u00e3o enferruja nem se danifica ap\u00f3s uma utiliza\u00e7\u00e3o prolongada.<\/p>\n\n\n\n<p><strong>Design elegante em dourado: <\/strong>O revestimento dourado confere um aspeto moderno e luxuoso, adequado para v\u00e1rias ocasi\u00f5es formais ou especiais, como banquetes, casamentos, festas, etc.<\/p>\n\n\n\n<p><strong>Embalagem requintada em caixa de madeira:<\/strong> Cada conjunto de utens\u00edlios de mesa \u00e9 fornecido com uma caixa de madeira de alta qualidade para f\u00e1cil armazenamento e prote\u00e7\u00e3o, adequada para oferecer.<\/p>\n\n\n\n<p><strong>Conjunto de 16 pe\u00e7as:<\/strong> Cont\u00e9m talheres de uso corrente, como facas, garfos, colheres, etc., adequados para refei\u00e7\u00f5es di\u00e1rias e ocasi\u00f5es de banquete.<\/p>\n\n\n\n<p><strong>Cor personalizada: <\/strong>Fornecer servi\u00e7os de personaliza\u00e7\u00e3o personalizados, os clientes podem escolher diferentes cores de ouro ou outras cores para atender \u00e0s necessidades de diferentes estilos.<\/p>\n<\/div>\n\n\n\n<div class=\"wp-block-column is-layout-flow wp-block-column-is-layout-flow\" style=\"flex-basis:33.33%\">\n<figure class=\"wp-block-image size-full\"><img decoding=\"async\" width=\"1200\" height=\"1200\" src=\"https:\/\/www.mcallenflatware.com\/wp-content\/uploads\/2024\/12\/gold-flatware-set-wholesale-2.webp\" alt=\"conjunto de talheres de ouro por atacado\" class=\"wp-image-1544\" srcset=\"https:\/\/www.mcallenflatware.com\/wp-content\/uploads\/2024\/12\/gold-flatware-set-wholesale-2.webp 1200w, https:\/\/www.mcallenflatware.com\/wp-content\/uploads\/2024\/12\/gold-flatware-set-wholesale-2-150x150.webp 150w, https:\/\/www.mcallenflatware.com\/wp-content\/uploads\/2024\/12\/gold-flatware-set-wholesale-2-768x768.webp 768w, https:\/\/www.mcallenflatware.com\/wp-content\/uploads\/2024\/12\/gold-flatware-set-wholesale-2-12x12.webp 12w, https:\/\/www.mcallenflatware.com\/wp-content\/uploads\/2024\/12\/gold-flatware-set-wholesale-2-600x600.webp 600w, https:\/\/www.mcallenflatware.com\/wp-content\/uploads\/2024\/12\/gold-flatware-set-wholesale-2-300x300.webp 300w, https:\/\/www.mcallenflatware.com\/wp-content\/uploads\/2024\/12\/gold-flatware-set-wholesale-2-100x100.webp 100w\" sizes=\"(max-width: 1200px) 100vw, 1200px\" \/><\/figure>\n<\/div>\n<\/div>","protected":false},"excerpt":{"rendered":"<p>Venda direta da f\u00e1brica, atacado e personalizado conjunto de talheres de ouro com caixa de madeira, a\u00e7o inoxid\u00e1vel de alta qualidade e dur\u00e1vel, luxuoso e moderno com alto apelo. Suporte personalizado logotipo, cor, etc., melhor oferta para pedidos em massa, bem-vindo para perguntar.<\/p>\n<h2>Conjunto de talheres em ouro Atributos:<\/h2>\n<p><strong>Nome da marca:<\/strong> Mcallen<br \/><strong>Material:<\/strong> A\u00e7o inoxid\u00e1vel<br \/><strong>Cor:<\/strong> Glod, Prata, Preto, Cobre ou Personalizado<br \/><strong>Conce\u00e7\u00e3o:<\/strong> 16 pe\u00e7as com caixa de madeira requintada<br \/><strong>Prazo de entrega da amostra:<\/strong> No prazo de 3 dias<br \/><strong>OEM\/ODM:<\/strong> Dispon\u00edvel<\/p>\n<h2>Conjunto de talheres de ouro personalizado :<\/h2>\n<p><strong>A\u00e7o inoxid\u00e1vel:<\/strong>\u00a0A\u00e7o inoxid\u00e1vel 18\/10, 304, 316, 410, 430, 420<br \/><strong>Log\u00f3tipo:<\/strong>\u00a0Grava\u00e7\u00e3o a laser, impress\u00e3o serigr\u00e1fica, impress\u00e3o UV, impress\u00e3o por transfer\u00eancia t\u00e9rmica, grava\u00e7\u00e3o em relevo, etc.<br \/><strong>Embalagem:<\/strong>\u00a04\/8\/12\/16\/20\/24\/45\/48\/72pcs set<br \/><strong>Acabamentos de superf\u00edcie:<\/strong>\u00a0Polido com espelho, mate, polido com \u00e1gua, revestimento de tit\u00e2nio<br \/><strong>Embalagem:<\/strong>\u00a0A granel, saco opp, caixa de cor, caixa de oferta, personalizado<\/p>","protected":false},"featured_media":1543,"template":"","meta":[],"product_brand":[],"product_cat":[23,30],"product_tag":[],"class_list":{"0":"post-1572","1":"product","2":"type-product","3":"status-publish","4":"has-post-thumbnail","6":"product_cat-wholesale-flatware","7":"product_cat-custom-cutlery-gift-set","9":"first","10":"instock","11":"shipping-taxable","12":"product-type-simple"},"_links":{"self":[{"href":"https:\/\/www.mcallenflatware.com\/pt\/wp-json\/wp\/v2\/product\/1572","targetHints":{"allow":["GET"]}}],"collection":[{"href":"https:\/\/www.mcallenflatware.com\/pt\/wp-json\/wp\/v2\/product"}],"about":[{"href":"https:\/\/www.mcallenflatware.com\/pt\/wp-json\/wp\/v2\/types\/product"}],"wp:featuredmedia":[{"embeddable":true,"href":"https:\/\/www.mcallenflatware.com\/pt\/wp-json\/wp\/v2\/media\/1543"}],"wp:attachment":[{"href":"https:\/\/www.mcallenflatware.com\/pt\/wp-json\/wp\/v2\/media?parent=1572"}],"wp:term":[{"taxonomy":"product_brand","embeddable":true,"href":"https:\/\/www.mcallenflatware.com\/pt\/wp-json\/wp\/v2\/product_brand?post=1572"},{"taxonomy":"product_cat","embeddable":true,"href":"https:\/\/www.mcallenflatware.com\/pt\/wp-json\/wp\/v2\/product_cat?post=1572"},{"taxonomy":"product_tag","embeddable":true,"href":"https:\/\/www.mcallenflatware.com\/pt\/wp-json\/wp\/v2\/product_tag?post=1572"}],"curies":[{"name":"wp","href":"https:\/\/api.w.org\/{rel}","templated":true}]}}