{"id":1577,"date":"2024-12-09T03:49:22","date_gmt":"2024-12-09T03:49:22","guid":{"rendered":"https:\/\/www.mcallenflatware.com\/?post_type=product&#038;p=1577"},"modified":"2024-12-09T04:09:34","modified_gmt":"2024-12-09T04:09:34","slug":"wholesale-36-pieces-cutlery-set","status":"publish","type":"product","link":"https:\/\/www.mcallenflatware.com\/pt\/product\/wholesale-36-pieces-cutlery-set\/","title":{"rendered":"Conjunto de talheres de 36 pe\u00e7as em a\u00e7o inoxid\u00e1vel dourado com caixa de madeira"},"content":{"rendered":"<h2 class=\"wp-block-heading\">Conjunto de talheres de 36 pe\u00e7as Carater\u00edsticas:<\/h2>\n\n\n\n<div class=\"wp-block-columns is-layout-flex wp-container-core-columns-is-layout-9d6595d7 wp-block-columns-is-layout-flex\">\n<div class=\"wp-block-column is-layout-flow wp-block-column-is-layout-flow\" style=\"flex-basis:66.66%\">\n<p><strong>Material em a\u00e7o inoxid\u00e1vel 304<\/strong><br>Feito de a\u00e7o inoxid\u00e1vel de qualidade alimentar, seguro e n\u00e3o t\u00f3xico, resistente ao desgaste e pode ser utilizado durante muito tempo.<\/p>\n\n\n\n<p><strong>Apar\u00eancia dourada de luxo<\/strong><br>A superf\u00edcie brilhante e lisa \u00e9 sofisticada e elegante, adequada para casamentos, festas e celebra\u00e7\u00f5es especiais, conferindo um ambiente luxuoso \u00e0 mesa de jantar.<\/p>\n\n\n\n<p><strong>Caixa de embalagem de madeira topo de gama<\/strong><br>Cada conjunto \u00e9 fornecido com uma requintada caixa de madeira, que \u00e9 conveniente para guardar e proteger os utens\u00edlios de mesa, aumentando o valor de oferta do produto global, e \u00e9 muito adequado para oferecer.<\/p>\n\n\n\n<p><strong>Talheres completos de 36 pe\u00e7as<\/strong><br>Totalmente equipado, incluindo v\u00e1rios utens\u00edlios de cozinha, como facas, garfos, colheres, etc., adequado para utiliza\u00e7\u00e3o em casa e em locais de luxo.<\/p>\n\n\n\n<p><strong>Op\u00e7\u00f5es de personaliza\u00e7\u00e3o<\/strong><br>Apoiar servi\u00e7os de design e grava\u00e7\u00e3o personalizados para caixas de madeira para satisfazer necessidades personalizadas e criar uma experi\u00eancia exclusiva de produto topo de gama.<\/p>\n<\/div>\n\n\n\n<div class=\"wp-block-column is-layout-flow wp-block-column-is-layout-flow\" style=\"flex-basis:33.33%\">\n<figure class=\"wp-block-image size-full\"><img decoding=\"async\" width=\"1200\" height=\"1200\" src=\"https:\/\/www.mcallenflatware.com\/wp-content\/uploads\/2024\/12\/36-piece-cutlery-set-wholesale-2-1.webp\" alt=\"Conjunto de talheres de 36 pe\u00e7as por atacado\" class=\"wp-image-1579\" srcset=\"https:\/\/www.mcallenflatware.com\/wp-content\/uploads\/2024\/12\/36-piece-cutlery-set-wholesale-2-1.webp 1200w, https:\/\/www.mcallenflatware.com\/wp-content\/uploads\/2024\/12\/36-piece-cutlery-set-wholesale-2-1-150x150.webp 150w, https:\/\/www.mcallenflatware.com\/wp-content\/uploads\/2024\/12\/36-piece-cutlery-set-wholesale-2-1-768x768.webp 768w, https:\/\/www.mcallenflatware.com\/wp-content\/uploads\/2024\/12\/36-piece-cutlery-set-wholesale-2-1-12x12.webp 12w, https:\/\/www.mcallenflatware.com\/wp-content\/uploads\/2024\/12\/36-piece-cutlery-set-wholesale-2-1-600x600.webp 600w, https:\/\/www.mcallenflatware.com\/wp-content\/uploads\/2024\/12\/36-piece-cutlery-set-wholesale-2-1-300x300.webp 300w, https:\/\/www.mcallenflatware.com\/wp-content\/uploads\/2024\/12\/36-piece-cutlery-set-wholesale-2-1-100x100.webp 100w\" sizes=\"(max-width: 1200px) 100vw, 1200px\" \/><\/figure>\n<\/div>\n<\/div>","protected":false},"excerpt":{"rendered":"<p>Mcallen fabricante atacado e personalizado 36 pe\u00e7as talheres conjunto de a\u00e7o inoxid\u00e1vel com caixa de madeirae, luxuoso e elegante, suporte personalizado logotipo, cor, etc. \u00c9 uma escolha ideal para restaurante de casamento ou presente. Bem-vindo a contactar-nos para mais conjunto de talheres por atacado.<\/p>\n<h2>Conjunto de talheres de 36 pe\u00e7as Atributos:<\/h2>\n<p><strong>Nome da marca:<\/strong> Mcallen<br \/><strong>Material:<\/strong> A\u00e7o inoxid\u00e1vel<br \/><strong>Cor:<\/strong> Prata, Gloden<br \/><strong>Conce\u00e7\u00e3o:<\/strong> 36 unidades com caixa de madeira<br \/><strong>Prazo de entrega da amostra:<\/strong> No prazo de 3 dias<br \/><strong>OEM\/ODM:<\/strong> Dispon\u00edvel<\/p>\n<h2>Conjunto de talheres personalizado de 36 pe\u00e7as:<\/h2>\n<p><strong>A\u00e7o inoxid\u00e1vel:<\/strong>\u00a0A\u00e7o inoxid\u00e1vel 18\/10, 304, 316, 410, 430, 420<br \/><strong>Log\u00f3tipo:<\/strong>\u00a0Grava\u00e7\u00e3o a laser, impress\u00e3o serigr\u00e1fica, impress\u00e3o UV, impress\u00e3o por transfer\u00eancia t\u00e9rmica, grava\u00e7\u00e3o em relevo, etc.<br \/><strong>Embalagem:<\/strong>\u00a04\/8\/12\/16\/20\/24\/45\/48\/72pcs set<br \/><strong>Acabamentos de superf\u00edcie:<\/strong>\u00a0Polido com espelho, mate, polido com \u00e1gua, revestimento de tit\u00e2nio<br \/><strong>Embalagem:<\/strong>\u00a0A granel, saco opp, caixa de cor, caixa de oferta, personalizado<\/p>","protected":false},"featured_media":1579,"template":"","meta":[],"product_brand":[],"product_cat":[23,30],"product_tag":[],"class_list":{"0":"post-1577","1":"product","2":"type-product","3":"status-publish","4":"has-post-thumbnail","6":"product_cat-wholesale-flatware","7":"product_cat-custom-cutlery-gift-set","9":"first","10":"instock","11":"shipping-taxable","12":"product-type-simple"},"_links":{"self":[{"href":"https:\/\/www.mcallenflatware.com\/pt\/wp-json\/wp\/v2\/product\/1577","targetHints":{"allow":["GET"]}}],"collection":[{"href":"https:\/\/www.mcallenflatware.com\/pt\/wp-json\/wp\/v2\/product"}],"about":[{"href":"https:\/\/www.mcallenflatware.com\/pt\/wp-json\/wp\/v2\/types\/product"}],"wp:featuredmedia":[{"embeddable":true,"href":"https:\/\/www.mcallenflatware.com\/pt\/wp-json\/wp\/v2\/media\/1579"}],"wp:attachment":[{"href":"https:\/\/www.mcallenflatware.com\/pt\/wp-json\/wp\/v2\/media?parent=1577"}],"wp:term":[{"taxonomy":"product_brand","embeddable":true,"href":"https:\/\/www.mcallenflatware.com\/pt\/wp-json\/wp\/v2\/product_brand?post=1577"},{"taxonomy":"product_cat","embeddable":true,"href":"https:\/\/www.mcallenflatware.com\/pt\/wp-json\/wp\/v2\/product_cat?post=1577"},{"taxonomy":"product_tag","embeddable":true,"href":"https:\/\/www.mcallenflatware.com\/pt\/wp-json\/wp\/v2\/product_tag?post=1577"}],"curies":[{"name":"wp","href":"https:\/\/api.w.org\/{rel}","templated":true}]}}