{"id":1580,"date":"2024-12-09T06:34:47","date_gmt":"2024-12-09T06:34:47","guid":{"rendered":"https:\/\/www.mcallenflatware.com\/?post_type=product&#038;p=1580"},"modified":"2024-12-09T06:51:16","modified_gmt":"2024-12-09T06:51:16","slug":"stainless-steel-flatware-sets-wholesale","status":"publish","type":"product","link":"https:\/\/www.mcallenflatware.com\/pt\/product\/stainless-steel-flatware-sets-wholesale\/","title":{"rendered":"Conjuntos de talheres de a\u00e7o inoxid\u00e1vel por atacado com pauzinhos"},"content":{"rendered":"<h2 class=\"wp-block-heading\">Conjuntos de talheres de a\u00e7o inoxid\u00e1vel Carater\u00edsticas:<\/h2>\n\n\n\n<div class=\"wp-block-columns is-layout-flex wp-container-core-columns-is-layout-9d6595d7 wp-block-columns-is-layout-flex\">\n<div class=\"wp-block-column is-layout-flow wp-block-column-is-layout-flow\" style=\"flex-basis:66.66%\">\n<p><strong>A\u00e7o inoxid\u00e1vel de alta qualidade<\/strong><br>Fabricado em a\u00e7o inoxid\u00e1vel 304 de qualidade alimentar, \u00e9 resistente ao desgaste e garante a seguran\u00e7a e a sa\u00fade.<\/p>\n\n\n\n<p><strong>Diversas op\u00e7\u00f5es de cores<\/strong><br>Fornece uma variedade de cores da moda, como o ouro, a prata, o preto, o cobre, etc., para satisfazer diferentes necessidades de estilo, adequadas para casa, restaurante e presentes, e real\u00e7ar a beleza da mesa de jantar.<\/p>\n\n\n\n<p><strong>Ferramentas abrangentes para refei\u00e7\u00f5es<\/strong><br>Incluindo garfos, colheres e pauzinhos, adequados para diversos h\u00e1bitos gastron\u00f3micos, adequados para cenas gastron\u00f3micas que combinam o chin\u00eas e o ocidental.<\/p>\n\n\n\n<p><strong>Leve e f\u00e1cil de transportar<\/strong><br>O produto \u00e9 leve e adequado para transportar, satisfazendo as necessidades de piqueniques, viagens ou almo\u00e7os de trabalho.<\/p>\n<\/div>\n\n\n\n<div class=\"wp-block-column is-layout-flow wp-block-column-is-layout-flow\" style=\"flex-basis:33.33%\">\n<figure class=\"wp-block-image size-full\"><img decoding=\"async\" width=\"750\" height=\"750\" src=\"https:\/\/www.mcallenflatware.com\/wp-content\/uploads\/2024\/12\/stainless-steel-flatware-sets-wholesale-2-1.webp\" alt=\"conjuntos de talheres de a\u00e7o inoxid\u00e1vel por atacado\" class=\"wp-image-1582\" srcset=\"https:\/\/www.mcallenflatware.com\/wp-content\/uploads\/2024\/12\/stainless-steel-flatware-sets-wholesale-2-1.webp 750w, https:\/\/www.mcallenflatware.com\/wp-content\/uploads\/2024\/12\/stainless-steel-flatware-sets-wholesale-2-1-150x150.webp 150w, https:\/\/www.mcallenflatware.com\/wp-content\/uploads\/2024\/12\/stainless-steel-flatware-sets-wholesale-2-1-12x12.webp 12w, https:\/\/www.mcallenflatware.com\/wp-content\/uploads\/2024\/12\/stainless-steel-flatware-sets-wholesale-2-1-600x600.webp 600w, https:\/\/www.mcallenflatware.com\/wp-content\/uploads\/2024\/12\/stainless-steel-flatware-sets-wholesale-2-1-300x300.webp 300w, https:\/\/www.mcallenflatware.com\/wp-content\/uploads\/2024\/12\/stainless-steel-flatware-sets-wholesale-2-1-100x100.webp 100w\" sizes=\"(max-width: 750px) 100vw, 750px\" \/><\/figure>\n<\/div>\n<\/div>","protected":false},"excerpt":{"rendered":"<p>Conjunto de talheres de a\u00e7o inoxid\u00e1vel com pauzinhos por atacado e personaliza\u00e7\u00e3o, uma variedade de cores de ouro, prata, preto e cobre para escolher, bonito e leve, mais informa\u00e7\u00f5es sobre talheres por atacado, consulte-nos<\/p>\n<h2>Conjuntos de talheres de a\u00e7o inoxid\u00e1vel Atributos<\/h2>\n<p><strong>Nome da marca:<\/strong> Mcallen<br \/><strong>Material:<\/strong> A\u00e7o inoxid\u00e1vel<br \/><strong>Cor:<\/strong>\u00a0 Prata, ouro, preto, cobre ou personalizado<br \/><strong>Polimento:<\/strong> Espelho polido<br \/><strong>Prazo de entrega da amostra:<\/strong> No prazo de 3 dias<br \/><strong>OEM\/ODM:<\/strong> Dispon\u00edvel<\/p>\n<h2>Conjuntos de talheres de a\u00e7o inoxid\u00e1vel personalizados :<\/h2>\n<p><strong>A\u00e7o inoxid\u00e1vel:<\/strong> A\u00e7o inoxid\u00e1vel 18\/10, 304, 316, 410, 430, 420<br \/><strong>Log\u00f3tipo:<\/strong> Grava\u00e7\u00e3o a laser, impress\u00e3o serigr\u00e1fica, impress\u00e3o UV, impress\u00e3o por transfer\u00eancia t\u00e9rmica, grava\u00e7\u00e3o em relevo, etc.<br \/><strong>Embalagem:<\/strong> 4\/8\/12\/16\/20\/24\/45\/48\/72pcs set<br \/><strong>Acabamentos de superf\u00edcie:<\/strong> Polido com espelho, mate, polido com \u00e1gua, revestimento de tit\u00e2nio<br \/><strong>Embalagem:<\/strong> A granel, saco opp, caixa de cor, caixa de oferta, personalizado<\/p>","protected":false},"featured_media":1583,"template":"","meta":[],"product_brand":[],"product_cat":[23,29],"product_tag":[],"class_list":{"0":"post-1580","1":"product","2":"type-product","3":"status-publish","4":"has-post-thumbnail","6":"product_cat-wholesale-flatware","7":"product_cat-bulk-flatware","9":"first","10":"instock","11":"shipping-taxable","12":"product-type-simple"},"_links":{"self":[{"href":"https:\/\/www.mcallenflatware.com\/pt\/wp-json\/wp\/v2\/product\/1580","targetHints":{"allow":["GET"]}}],"collection":[{"href":"https:\/\/www.mcallenflatware.com\/pt\/wp-json\/wp\/v2\/product"}],"about":[{"href":"https:\/\/www.mcallenflatware.com\/pt\/wp-json\/wp\/v2\/types\/product"}],"wp:featuredmedia":[{"embeddable":true,"href":"https:\/\/www.mcallenflatware.com\/pt\/wp-json\/wp\/v2\/media\/1583"}],"wp:attachment":[{"href":"https:\/\/www.mcallenflatware.com\/pt\/wp-json\/wp\/v2\/media?parent=1580"}],"wp:term":[{"taxonomy":"product_brand","embeddable":true,"href":"https:\/\/www.mcallenflatware.com\/pt\/wp-json\/wp\/v2\/product_brand?post=1580"},{"taxonomy":"product_cat","embeddable":true,"href":"https:\/\/www.mcallenflatware.com\/pt\/wp-json\/wp\/v2\/product_cat?post=1580"},{"taxonomy":"product_tag","embeddable":true,"href":"https:\/\/www.mcallenflatware.com\/pt\/wp-json\/wp\/v2\/product_tag?post=1580"}],"curies":[{"name":"wp","href":"https:\/\/api.w.org\/{rel}","templated":true}]}}