{"id":1593,"date":"2025-09-24T10:24:26","date_gmt":"2025-09-24T10:24:26","guid":{"rendered":"https:\/\/www.mcallenflatware.com\/?post_type=product&#038;p=1593"},"modified":"2025-09-24T10:47:33","modified_gmt":"2025-09-24T10:47:33","slug":"custom-stainless-flatware-sets","status":"publish","type":"product","link":"https:\/\/www.mcallenflatware.com\/pt\/product\/custom-stainless-flatware-sets\/","title":{"rendered":"Conjuntos de talheres inoxid\u00e1veis personalizados Glod Silver Pre\u00e7o de f\u00e1brica"},"content":{"rendered":"<div class=\"wp-block-columns is-layout-flex wp-container-core-columns-is-layout-9d6595d7 wp-block-columns-is-layout-flex\">\n<div class=\"wp-block-column is-layout-flow wp-block-column-is-layout-flow\">\n<h2 class=\"wp-block-heading\">Conjuntos de talheres em a\u00e7o inoxid\u00e1vel Carater\u00edsticas:<\/h2>\n\n\n\n<p><strong>Design \u00fanico de pega obl\u00edqua:<\/strong> O design obl\u00edquo da pega n\u00e3o s\u00f3 tem um efeito visual \u00fanico, como tamb\u00e9m proporciona uma ader\u00eancia ergon\u00f3mica mais confort\u00e1vel.<\/p>\n\n\n\n<p><strong>Pega curva elegante:<\/strong> O design curvo do cabo confere aos talheres um aspeto mais inovador, elegante e moderno.<\/p>\n\n\n\n<p><strong>Aspeto dourado e prateado:<\/strong> Os estilos dourado e prateado s\u00e3o muito adequados para v\u00e1rios banquetes, casamentos e restaurantes de luxo. Estas cores podem mostrar a nobreza e o requinte dos talheres.<\/p>\n\n\n\n<p><strong>Material de a\u00e7o inoxid\u00e1vel de alta qualidade:<\/strong> Fabricado em a\u00e7o inoxid\u00e1vel de alta qualidade, resistente \u00e0 corros\u00e3o e anti-oxida\u00e7\u00e3o, garante que os utens\u00edlios de mesa n\u00e3o enferrujam, n\u00e3o desbotam nem se deformam ap\u00f3s uma utiliza\u00e7\u00e3o prolongada.<\/p>\n\n\n\n<p><strong>Prote\u00e7\u00e3o do ambiente e da sa\u00fade: <\/strong>Fabricado em a\u00e7o inoxid\u00e1vel de qualidade alimentar, \u00e9 seguro e inofensivo, cumpre as normas internacionais, n\u00e3o \u00e9 t\u00f3xico e \u00e9 inofensivo para o corpo humano e \u00e9 adequado para todas as idades.<\/p>\n<\/div>\n\n\n\n<div class=\"wp-block-column is-layout-flow wp-block-column-is-layout-flow\"><div class=\"wp-block-image\">\n<figure class=\"aligncenter size-full is-resized\"><img decoding=\"async\" width=\"800\" height=\"800\" src=\"https:\/\/www.mcallenflatware.com\/wp-content\/uploads\/2024\/12\/stainless-flatware-sets-wholesale-3.webp\" alt=\"conjuntos de talheres de a\u00e7o inoxid\u00e1vel por atacado\" class=\"wp-image-1518\" style=\"width:352px;height:auto\" srcset=\"https:\/\/www.mcallenflatware.com\/wp-content\/uploads\/2024\/12\/stainless-flatware-sets-wholesale-3.webp 800w, https:\/\/www.mcallenflatware.com\/wp-content\/uploads\/2024\/12\/stainless-flatware-sets-wholesale-3-150x150.webp 150w, https:\/\/www.mcallenflatware.com\/wp-content\/uploads\/2024\/12\/stainless-flatware-sets-wholesale-3-768x768.webp 768w, https:\/\/www.mcallenflatware.com\/wp-content\/uploads\/2024\/12\/stainless-flatware-sets-wholesale-3-12x12.webp 12w, https:\/\/www.mcallenflatware.com\/wp-content\/uploads\/2024\/12\/stainless-flatware-sets-wholesale-3-600x600.webp 600w, https:\/\/www.mcallenflatware.com\/wp-content\/uploads\/2024\/12\/stainless-flatware-sets-wholesale-3-300x300.webp 300w, https:\/\/www.mcallenflatware.com\/wp-content\/uploads\/2024\/12\/stainless-flatware-sets-wholesale-3-100x100.webp 100w\" sizes=\"(max-width: 800px) 100vw, 800px\" \/><\/figure>\n<\/div><\/div>\n<\/div>\n\n\n\n<div class=\"wp-block-columns is-layout-flex wp-container-core-columns-is-layout-9d6595d7 wp-block-columns-is-layout-flex\">\n<div class=\"wp-block-column is-layout-flow wp-block-column-is-layout-flow\">\n<figure class=\"wp-block-image size-full\"><img decoding=\"async\" width=\"1000\" height=\"1000\" src=\"https:\/\/www.mcallenflatware.com\/wp-content\/uploads\/2024\/12\/stainless-flatware-sets-wholesale-8.webp\" alt=\"conjuntos de talheres de a\u00e7o inoxid\u00e1vel por atacado\" class=\"wp-image-1523\" srcset=\"https:\/\/www.mcallenflatware.com\/wp-content\/uploads\/2024\/12\/stainless-flatware-sets-wholesale-8.webp 1000w, https:\/\/www.mcallenflatware.com\/wp-content\/uploads\/2024\/12\/stainless-flatware-sets-wholesale-8-150x150.webp 150w, https:\/\/www.mcallenflatware.com\/wp-content\/uploads\/2024\/12\/stainless-flatware-sets-wholesale-8-768x768.webp 768w, https:\/\/www.mcallenflatware.com\/wp-content\/uploads\/2024\/12\/stainless-flatware-sets-wholesale-8-12x12.webp 12w, https:\/\/www.mcallenflatware.com\/wp-content\/uploads\/2024\/12\/stainless-flatware-sets-wholesale-8-600x600.webp 600w, https:\/\/www.mcallenflatware.com\/wp-content\/uploads\/2024\/12\/stainless-flatware-sets-wholesale-8-300x300.webp 300w, https:\/\/www.mcallenflatware.com\/wp-content\/uploads\/2024\/12\/stainless-flatware-sets-wholesale-8-100x100.webp 100w\" sizes=\"(max-width: 1000px) 100vw, 1000px\" \/><\/figure>\n<\/div>\n\n\n\n<div class=\"wp-block-column is-layout-flow wp-block-column-is-layout-flow\">\n<figure class=\"wp-block-image size-full\"><img decoding=\"async\" width=\"1000\" height=\"1000\" src=\"https:\/\/www.mcallenflatware.com\/wp-content\/uploads\/2024\/12\/stainless-flatware-sets-wholesale-7.webp\" alt=\"conjuntos de talheres de a\u00e7o inoxid\u00e1vel por atacado\" class=\"wp-image-1522\" srcset=\"https:\/\/www.mcallenflatware.com\/wp-content\/uploads\/2024\/12\/stainless-flatware-sets-wholesale-7.webp 1000w, https:\/\/www.mcallenflatware.com\/wp-content\/uploads\/2024\/12\/stainless-flatware-sets-wholesale-7-150x150.webp 150w, https:\/\/www.mcallenflatware.com\/wp-content\/uploads\/2024\/12\/stainless-flatware-sets-wholesale-7-768x768.webp 768w, https:\/\/www.mcallenflatware.com\/wp-content\/uploads\/2024\/12\/stainless-flatware-sets-wholesale-7-12x12.webp 12w, https:\/\/www.mcallenflatware.com\/wp-content\/uploads\/2024\/12\/stainless-flatware-sets-wholesale-7-600x600.webp 600w, https:\/\/www.mcallenflatware.com\/wp-content\/uploads\/2024\/12\/stainless-flatware-sets-wholesale-7-300x300.webp 300w, https:\/\/www.mcallenflatware.com\/wp-content\/uploads\/2024\/12\/stainless-flatware-sets-wholesale-7-100x100.webp 100w\" sizes=\"(max-width: 1000px) 100vw, 1000px\" \/><\/figure>\n<\/div>\n\n\n\n<div class=\"wp-block-column is-layout-flow wp-block-column-is-layout-flow\">\n<figure class=\"wp-block-image size-full\"><img decoding=\"async\" width=\"1000\" height=\"1000\" src=\"https:\/\/www.mcallenflatware.com\/wp-content\/uploads\/2024\/12\/stainless-flatware-sets-wholesale-6.webp\" alt=\"conjuntos de talheres de a\u00e7o inoxid\u00e1vel por atacado\" class=\"wp-image-1521\" srcset=\"https:\/\/www.mcallenflatware.com\/wp-content\/uploads\/2024\/12\/stainless-flatware-sets-wholesale-6.webp 1000w, https:\/\/www.mcallenflatware.com\/wp-content\/uploads\/2024\/12\/stainless-flatware-sets-wholesale-6-150x150.webp 150w, https:\/\/www.mcallenflatware.com\/wp-content\/uploads\/2024\/12\/stainless-flatware-sets-wholesale-6-768x768.webp 768w, https:\/\/www.mcallenflatware.com\/wp-content\/uploads\/2024\/12\/stainless-flatware-sets-wholesale-6-12x12.webp 12w, https:\/\/www.mcallenflatware.com\/wp-content\/uploads\/2024\/12\/stainless-flatware-sets-wholesale-6-600x600.webp 600w, https:\/\/www.mcallenflatware.com\/wp-content\/uploads\/2024\/12\/stainless-flatware-sets-wholesale-6-300x300.webp 300w, https:\/\/www.mcallenflatware.com\/wp-content\/uploads\/2024\/12\/stainless-flatware-sets-wholesale-6-100x100.webp 100w\" sizes=\"(max-width: 1000px) 100vw, 1000px\" \/><\/figure>\n<\/div>\n<\/div>","protected":false},"excerpt":{"rendered":"<p>Conjuntos de talheres personalizados em a\u00e7o inoxid\u00e1vel com pegas curvas \u00fanicas e design moderno e elegante, adequados para todas as ocasi\u00f5es. Fornecido diretamente pelo principal fabricante de talheres de a\u00e7o inoxid\u00e1vel, fornecendo solu\u00e7\u00f5es personalizadas por atacado com boa rela\u00e7\u00e3o custo-benef\u00edcio, bem-vindo para consultar amostras gr\u00e1tis!<\/p>\n<h2 id=\"block-792b966c-c506-49fa-b3c8-9881ee38a4f5\" class=\"block-editor-rich-text__editable block-editor-block-list__block wp-block is-selected wp-block-heading rich-text\" role=\"document\" contenteditable=\"true\" aria-multiline=\"true\" aria-label=\"Bloco: T\u00edtulo\" data-block=\"792b966c-c506-49fa-b3c8-9881ee38a4f5\" data-type=\"core\/heading\" data-title=\"Heading\" data-wp-block-attribute-key=\"content\">Conjuntos de talheres em a\u00e7o inoxid\u00e1vel Atributos<\/h2>\n<p><strong>Nome da marca:<\/strong> Mcallen<br \/><strong>Material:<\/strong> A\u00e7o inoxid\u00e1vel<br \/><strong>Cor:<\/strong>\u00a0 Prata, Glod<br \/><strong>Conce\u00e7\u00e3o:<\/strong> Espelho polido<br \/><strong>Prazo de entrega da amostra:<\/strong> No prazo de 3 dias<br \/><strong>OEM\/ODM:<\/strong> Dispon\u00edvel<\/p>\n<h2>Conjuntos de talheres personalizados em a\u00e7o inoxid\u00e1vel:<\/h2>\n<p><strong>A\u00e7o inoxid\u00e1vel:<\/strong> A\u00e7o inoxid\u00e1vel 18\/10, 304, 316, 410, 430, 420<br \/><strong>Log\u00f3tipo:<\/strong> Grava\u00e7\u00e3o a laser, serigrafia\/UV\/impress\u00e3o por transfer\u00eancia t\u00e9rmica, grava\u00e7\u00e3o em relevo, etc.<br \/><strong>Embalagem:<\/strong> 4\/8\/12\/16\/20\/24\/45\/48\/72pcs set<br \/><strong>Acabamentos de superf\u00edcie:<\/strong> Polido com espelho, mate, polido com \u00e1gua, revestimento de tit\u00e2nio<br \/><strong>Embalagem:<\/strong> A granel, saco opp, caixa de cor, caixa de oferta, personalizado<\/p>","protected":false},"featured_media":1520,"template":"","meta":[],"product_brand":[],"product_cat":[23,29],"product_tag":[],"class_list":{"0":"post-1593","1":"product","2":"type-product","3":"status-publish","4":"has-post-thumbnail","6":"product_cat-wholesale-flatware","7":"product_cat-bulk-flatware","9":"first","10":"instock","11":"shipping-taxable","12":"product-type-simple"},"_links":{"self":[{"href":"https:\/\/www.mcallenflatware.com\/pt\/wp-json\/wp\/v2\/product\/1593","targetHints":{"allow":["GET"]}}],"collection":[{"href":"https:\/\/www.mcallenflatware.com\/pt\/wp-json\/wp\/v2\/product"}],"about":[{"href":"https:\/\/www.mcallenflatware.com\/pt\/wp-json\/wp\/v2\/types\/product"}],"wp:featuredmedia":[{"embeddable":true,"href":"https:\/\/www.mcallenflatware.com\/pt\/wp-json\/wp\/v2\/media\/1520"}],"wp:attachment":[{"href":"https:\/\/www.mcallenflatware.com\/pt\/wp-json\/wp\/v2\/media?parent=1593"}],"wp:term":[{"taxonomy":"product_brand","embeddable":true,"href":"https:\/\/www.mcallenflatware.com\/pt\/wp-json\/wp\/v2\/product_brand?post=1593"},{"taxonomy":"product_cat","embeddable":true,"href":"https:\/\/www.mcallenflatware.com\/pt\/wp-json\/wp\/v2\/product_cat?post=1593"},{"taxonomy":"product_tag","embeddable":true,"href":"https:\/\/www.mcallenflatware.com\/pt\/wp-json\/wp\/v2\/product_tag?post=1593"}],"curies":[{"name":"wp","href":"https:\/\/api.w.org\/{rel}","templated":true}]}}