{"id":1594,"date":"2025-09-24T10:25:25","date_gmt":"2025-09-24T10:25:25","guid":{"rendered":"https:\/\/www.mcallenflatware.com\/?post_type=product&#038;p=1594"},"modified":"2025-09-24T10:39:47","modified_gmt":"2025-09-24T10:39:47","slug":"bulk-18-10-flatware","status":"publish","type":"product","link":"https:\/\/www.mcallenflatware.com\/pt\/product\/bulk-18-10-flatware\/","title":{"rendered":"Conjunto de talheres de prata de alta qualidade 18 10 personalizado a granel"},"content":{"rendered":"<div class=\"wp-block-columns is-layout-flex wp-container-core-columns-is-layout-9d6595d7 wp-block-columns-is-layout-flex\">\n<div class=\"wp-block-column is-layout-flow wp-block-column-is-layout-flow\">\n<h2 class=\"wp-block-heading\">18 10 Carater\u00edsticas dos talheres:<\/h2>\n\n\n\n<p><strong>A\u00e7o inoxid\u00e1vel 18\/10 de primeira qualidade: <\/strong>Fabricado em a\u00e7o inoxid\u00e1vel de alta qualidade, o que confere aos talheres maior resist\u00eancia e durabilidade para uma utiliza\u00e7\u00e3o duradoura<\/p>\n\n\n\n<p><strong>Acabamento prateado elegante: <\/strong>O brilho prateado confere ao conjunto de talheres um aspeto luxuoso e sofisticado, perfeito para jantares requintados, reuni\u00f5es formais ou ocasi\u00f5es especiais.<\/p>\n\n\n\n<p><strong>Design elegante e moderno: <\/strong>Apresenta linhas suaves e limpas e um acabamento polido. O design elegante e moderno acrescenta um toque de sofistica\u00e7\u00e3o a qualquer experi\u00eancia gastron\u00f3mica.<\/p>\n\n\n\n<p><strong>F\u00e1cil de limpar: <\/strong>A superf\u00edcie lisa \u00e9 f\u00e1cil de limpar e pode ser lavada na m\u00e1quina de lavar loi\u00e7a, poupando tempo de limpeza e mantendo o aspeto.<\/p>\n<\/div>\n\n\n\n<div class=\"wp-block-column is-layout-flow wp-block-column-is-layout-flow\"><div class=\"wp-block-image\">\n<figure class=\"aligncenter size-full is-resized\"><img decoding=\"async\" width=\"800\" height=\"800\" src=\"https:\/\/www.mcallenflatware.com\/wp-content\/uploads\/2024\/12\/18-10-flatware-wholesale-5.webp\" alt=\"18 10 talheres por atacado\" class=\"wp-image-1525\" style=\"width:352px;height:auto\" srcset=\"https:\/\/www.mcallenflatware.com\/wp-content\/uploads\/2024\/12\/18-10-flatware-wholesale-5.webp 800w, https:\/\/www.mcallenflatware.com\/wp-content\/uploads\/2024\/12\/18-10-flatware-wholesale-5-150x150.webp 150w, https:\/\/www.mcallenflatware.com\/wp-content\/uploads\/2024\/12\/18-10-flatware-wholesale-5-768x768.webp 768w, https:\/\/www.mcallenflatware.com\/wp-content\/uploads\/2024\/12\/18-10-flatware-wholesale-5-12x12.webp 12w, https:\/\/www.mcallenflatware.com\/wp-content\/uploads\/2024\/12\/18-10-flatware-wholesale-5-600x600.webp 600w, https:\/\/www.mcallenflatware.com\/wp-content\/uploads\/2024\/12\/18-10-flatware-wholesale-5-300x300.webp 300w, https:\/\/www.mcallenflatware.com\/wp-content\/uploads\/2024\/12\/18-10-flatware-wholesale-5-100x100.webp 100w\" sizes=\"(max-width: 800px) 100vw, 800px\" \/><\/figure>\n<\/div><\/div>\n<\/div>\n\n\n\n<div class=\"wp-block-columns is-layout-flex wp-container-core-columns-is-layout-9d6595d7 wp-block-columns-is-layout-flex\">\n<div class=\"wp-block-column is-layout-flow wp-block-column-is-layout-flow\"><\/div>\n\n\n\n<div class=\"wp-block-column is-layout-flow wp-block-column-is-layout-flow\"><\/div>\n<\/div>","protected":false},"excerpt":{"rendered":"<p>Vendas diretas da f\u00e1brica de talheres 18 10 de alta qualidade, podem ser usadas durante muito tempo, acabamento elegante e suave adequado para cenas de alta qualidade. Apoio \u00e0 personaliza\u00e7\u00e3o e vendas na Amaz\u00f3nia, bem-vindo ao pedido de amostra gr\u00e1tis!<\/p>\n<h2 id=\"block-792b966c-c506-49fa-b3c8-9881ee38a4f5\" class=\"block-editor-rich-text__editable block-editor-block-list__block wp-block is-selected wp-block-heading rich-text\" role=\"document\" contenteditable=\"true\" aria-multiline=\"true\" aria-label=\"Bloco: T\u00edtulo\" data-block=\"792b966c-c506-49fa-b3c8-9881ee38a4f5\" data-type=\"core\/heading\" data-title=\"Heading\" data-wp-block-attribute-key=\"content\">18 10 Atributos dos talheres<\/h2>\n<p><strong>Nome da marca:<\/strong> Mcallen<br \/><strong>Material:<\/strong> A\u00e7o inoxid\u00e1vel<br \/><strong>Cor:<\/strong>\u00a0 Prata<br \/><strong>Conce\u00e7\u00e3o:<\/strong> Espelho polido<br \/><strong>Prazo de entrega da amostra:<\/strong> No prazo de 3 dias<br \/><strong>OEM\/ODM:<\/strong> Dispon\u00edvel<\/p>\n<h2>Talheres personalizados 18 10:<\/h2>\n<p><strong>A\u00e7o inoxid\u00e1vel:<\/strong> A\u00e7o inoxid\u00e1vel 18\/10, 304, 316, 410, 430, 420<br \/><strong>Log\u00f3tipo:<\/strong> Grava\u00e7\u00e3o a laser, serigrafia\/UV\/impress\u00e3o por transfer\u00eancia t\u00e9rmica, grava\u00e7\u00e3o em relevo, etc.<br \/><strong>Embalagem:<\/strong> 4\/8\/12\/16\/20\/24\/45\/48\/72pcs set<br \/><strong>Acabamentos de superf\u00edcie:<\/strong> Polido com espelho, mate, polido com \u00e1gua, revestimento de tit\u00e2nio<br \/><strong>Embalagem:<\/strong> A granel, saco opp, caixa de cor, caixa de oferta, personalizado<\/p>","protected":false},"featured_media":1527,"template":"","meta":[],"product_brand":[],"product_cat":[23,29],"product_tag":[],"class_list":{"0":"post-1594","1":"product","2":"type-product","3":"status-publish","4":"has-post-thumbnail","6":"product_cat-wholesale-flatware","7":"product_cat-bulk-flatware","9":"first","10":"instock","11":"shipping-taxable","12":"product-type-simple"},"_links":{"self":[{"href":"https:\/\/www.mcallenflatware.com\/pt\/wp-json\/wp\/v2\/product\/1594","targetHints":{"allow":["GET"]}}],"collection":[{"href":"https:\/\/www.mcallenflatware.com\/pt\/wp-json\/wp\/v2\/product"}],"about":[{"href":"https:\/\/www.mcallenflatware.com\/pt\/wp-json\/wp\/v2\/types\/product"}],"wp:featuredmedia":[{"embeddable":true,"href":"https:\/\/www.mcallenflatware.com\/pt\/wp-json\/wp\/v2\/media\/1527"}],"wp:attachment":[{"href":"https:\/\/www.mcallenflatware.com\/pt\/wp-json\/wp\/v2\/media?parent=1594"}],"wp:term":[{"taxonomy":"product_brand","embeddable":true,"href":"https:\/\/www.mcallenflatware.com\/pt\/wp-json\/wp\/v2\/product_brand?post=1594"},{"taxonomy":"product_cat","embeddable":true,"href":"https:\/\/www.mcallenflatware.com\/pt\/wp-json\/wp\/v2\/product_cat?post=1594"},{"taxonomy":"product_tag","embeddable":true,"href":"https:\/\/www.mcallenflatware.com\/pt\/wp-json\/wp\/v2\/product_tag?post=1594"}],"curies":[{"name":"wp","href":"https:\/\/api.w.org\/{rel}","templated":true}]}}