{"id":1596,"date":"2024-12-22T12:45:43","date_gmt":"2024-12-22T12:45:43","guid":{"rendered":"https:\/\/www.mcallenflatware.com\/?post_type=product&#038;p=1596"},"modified":"2024-12-22T13:06:41","modified_gmt":"2024-12-22T13:06:41","slug":"wholesale-butter-knife-with-holes","status":"publish","type":"product","link":"https:\/\/www.mcallenflatware.com\/pt\/product\/wholesale-butter-knife-with-holes\/","title":{"rendered":"Faca para manteiga com furos de a\u00e7o inoxid\u00e1vel Sliver Glod por atacado"},"content":{"rendered":"<div class=\"wp-block-columns is-layout-flex wp-container-core-columns-is-layout-9d6595d7 wp-block-columns-is-layout-flex\">\n<div class=\"wp-block-column is-layout-flow wp-block-column-is-layout-flow\">\n<h2 class=\"wp-block-heading\">Faca para manteiga com furos Carater\u00edsticas:<\/h2>\n\n\n\n<p><strong>Evita que a manteiga se pegue:<\/strong><br>A faca para manteiga com orif\u00edcios ajuda a evitar que a manteiga se cole \u00e0 faca, deixando menos res\u00edduos na l\u00e2mina, tornando-a mais limpa e mais eficiente.<\/p>\n\n\n\n<p><strong>F\u00e1cil de espalhar:<\/strong><br>Os orif\u00edcios na l\u00e2mina ajudam a reduzir a fric\u00e7\u00e3o entre a faca e a manteiga, tornando-a mais f\u00e1cil de espalhar.<\/p>\n\n\n\n<p><strong>Dur\u00e1vel e f\u00e1cil de limpar:<\/strong><br>A faca para manteiga \u00e9 feita de a\u00e7o inoxid\u00e1vel de alta qualidade, que \u00e9 \u00e0 prova de ferrugem e resistente \u00e0 corros\u00e3o, mesmo em contacto frequente com \u00e1cidos alimentares ou humidade. A superf\u00edcie lisa e polida facilita a limpeza<\/p>\n\n\n\n<p><strong>Bonito e elegante:<\/strong><br>As linhas minimalistas e elegantes conferem-lhe um aspeto elegante e sofisticado, adequado para ambientes de refei\u00e7\u00f5es formais ou ocasi\u00f5es especiais.<\/p>\n\n\n\n<p><strong>Vers\u00e1til:<\/strong><br>Pode ser utilizado para barrar margarina, queijo creme ou outras pastas de barrar moles, como compota, tornando-o pr\u00e1tico e indispens\u00e1vel em qualquer cozinha ou ambiente de refei\u00e7\u00f5es.<\/p>\n<\/div>\n\n\n\n<div class=\"wp-block-column is-layout-flow wp-block-column-is-layout-flow\">\n<figure class=\"wp-block-image size-full\"><img decoding=\"async\" width=\"800\" height=\"800\" src=\"https:\/\/www.mcallenflatware.com\/wp-content\/uploads\/2024\/12\/wholesale-butter-knife-with-holes-1.webp\" alt=\"faca para manteiga com furos\" class=\"wp-image-1597\" srcset=\"https:\/\/www.mcallenflatware.com\/wp-content\/uploads\/2024\/12\/wholesale-butter-knife-with-holes-1.webp 800w, https:\/\/www.mcallenflatware.com\/wp-content\/uploads\/2024\/12\/wholesale-butter-knife-with-holes-1-150x150.webp 150w, https:\/\/www.mcallenflatware.com\/wp-content\/uploads\/2024\/12\/wholesale-butter-knife-with-holes-1-768x768.webp 768w, https:\/\/www.mcallenflatware.com\/wp-content\/uploads\/2024\/12\/wholesale-butter-knife-with-holes-1-12x12.webp 12w, https:\/\/www.mcallenflatware.com\/wp-content\/uploads\/2024\/12\/wholesale-butter-knife-with-holes-1-600x600.webp 600w, https:\/\/www.mcallenflatware.com\/wp-content\/uploads\/2024\/12\/wholesale-butter-knife-with-holes-1-300x300.webp 300w, https:\/\/www.mcallenflatware.com\/wp-content\/uploads\/2024\/12\/wholesale-butter-knife-with-holes-1-100x100.webp 100w\" sizes=\"(max-width: 800px) 100vw, 800px\" \/><\/figure>\n<\/div>\n<\/div>","protected":false},"excerpt":{"rendered":"<p>Faca de manteiga personalizada e por atacado com furos, a\u00e7o inoxid\u00e1vel, lisa e f\u00e1cil de limpar, f\u00e1cil de espalhar manteiga, compota, etc. Fornecer pre\u00e7o de f\u00e1brica e solu\u00e7\u00f5es de aquisi\u00e7\u00e3o de alta qualidade, bem-vindo ao inqu\u00e9rito!<\/p>\n<h2>Faca para manteiga com furos Atributos<\/h2>\n<p><strong>Nome da marca:<\/strong> Mcallen<br \/><strong>Material:<\/strong> A\u00e7o inoxid\u00e1vel<br \/><strong>Cor:<\/strong> Ouro, prata ou personalizado<br \/><strong>Polimento:<\/strong> Espelho polido<br \/><strong>Prazo de entrega da amostra:<\/strong> No prazo de 3 dias<br \/><strong>OEM\/ODM:<\/strong> Dispon\u00edvel<\/p>\n<h2>Faca para manteiga personalizada :<\/h2>\n<p><strong>A\u00e7o inoxid\u00e1vel:<\/strong> A\u00e7o inoxid\u00e1vel 18\/10, 304, 316, 410, 430, 420<br \/><strong>Log\u00f3tipo:<\/strong> Grava\u00e7\u00e3o a laser, impress\u00e3o serigr\u00e1fica, impress\u00e3o UV, impress\u00e3o por transfer\u00eancia t\u00e9rmica, grava\u00e7\u00e3o em relevo, etc.<br \/><strong>Acabamentos de superf\u00edcie:<\/strong> Espelho polido, mate.<br \/><strong>Embalagem:<\/strong> A granel, saco opp, caixa de cor, caixa de oferta, personalizado<\/p>","protected":false},"featured_media":1598,"template":"","meta":[],"product_brand":[],"product_cat":[24,31],"product_tag":[],"class_list":{"0":"post-1596","1":"product","2":"type-product","3":"status-publish","4":"has-post-thumbnail","6":"product_cat-wholesale-kitchen-utensils","7":"product_cat-wholesale-serving-utensils","9":"first","10":"instock","11":"shipping-taxable","12":"product-type-simple"},"_links":{"self":[{"href":"https:\/\/www.mcallenflatware.com\/pt\/wp-json\/wp\/v2\/product\/1596","targetHints":{"allow":["GET"]}}],"collection":[{"href":"https:\/\/www.mcallenflatware.com\/pt\/wp-json\/wp\/v2\/product"}],"about":[{"href":"https:\/\/www.mcallenflatware.com\/pt\/wp-json\/wp\/v2\/types\/product"}],"wp:featuredmedia":[{"embeddable":true,"href":"https:\/\/www.mcallenflatware.com\/pt\/wp-json\/wp\/v2\/media\/1598"}],"wp:attachment":[{"href":"https:\/\/www.mcallenflatware.com\/pt\/wp-json\/wp\/v2\/media?parent=1596"}],"wp:term":[{"taxonomy":"product_brand","embeddable":true,"href":"https:\/\/www.mcallenflatware.com\/pt\/wp-json\/wp\/v2\/product_brand?post=1596"},{"taxonomy":"product_cat","embeddable":true,"href":"https:\/\/www.mcallenflatware.com\/pt\/wp-json\/wp\/v2\/product_cat?post=1596"},{"taxonomy":"product_tag","embeddable":true,"href":"https:\/\/www.mcallenflatware.com\/pt\/wp-json\/wp\/v2\/product_tag?post=1596"}],"curies":[{"name":"wp","href":"https:\/\/api.w.org\/{rel}","templated":true}]}}