{"id":1630,"date":"2025-04-10T03:28:30","date_gmt":"2025-04-10T03:28:30","guid":{"rendered":"https:\/\/www.mcallenflatware.com\/?post_type=product&#038;p=1630"},"modified":"2025-04-10T03:28:32","modified_gmt":"2025-04-10T03:28:32","slug":"wholesale-ice-cream-spoon","status":"publish","type":"product","link":"https:\/\/www.mcallenflatware.com\/pt\/product\/wholesale-ice-cream-spoon\/","title":{"rendered":"Colher de gelado por atacado, Colher de p\u00e1 para sobremesa a granel"},"content":{"rendered":"<div class=\"wp-block-columns is-layout-flex wp-container-core-columns-is-layout-9d6595d7 wp-block-columns-is-layout-flex\">\n<div class=\"wp-block-column is-layout-flow wp-block-column-is-layout-flow\">\n<h2 class=\"wp-block-heading\">Colher para gelado Carater\u00edsticas:<\/h2>\n\n\n\n<p><strong>A\u00e7o inoxid\u00e1vel 18\/8 de primeira qualidade: <\/strong>Fabricada em a\u00e7o inoxid\u00e1vel de primeira qualidade, a colher \u00e9 mais resistente e duradoura.<\/p>\n\n\n\n<p><strong>Design \u00fanico em forma de p\u00e1:<\/strong> Esta colher de sobremesa adopta um design criativo em forma de p\u00e1, que \u00e9 conveniente para colher gelados, frutos e sobremesas.<\/p>\n\n\n\n<p><strong>Uma variedade de cores dispon\u00edveis:<\/strong> Dispon\u00edvel em dourado, prateado, preto e outras cores, incluindo op\u00e7\u00f5es personalizadas. Adequado para v\u00e1rias ocasi\u00f5es, como refei\u00e7\u00f5es em casa, restaurantes e festas, aumentando o prazer das refei\u00e7\u00f5es.<\/p>\n\n\n\n<p><strong>F\u00e1cil de limpar: <\/strong>A superf\u00edcie lisa \u00e9 f\u00e1cil de limpar e pode ser lavada na m\u00e1quina de lavar lou\u00e7a.<\/p>\n<\/div>\n\n\n\n<div class=\"wp-block-column is-layout-flow wp-block-column-is-layout-flow\"><div class=\"wp-block-image\">\n<figure class=\"aligncenter size-full is-resized\"><img decoding=\"async\" width=\"720\" height=\"700\" src=\"https:\/\/www.mcallenflatware.com\/wp-content\/uploads\/2025\/01\/Wholesale-Reusable-Metal-Shovel-Ice-Cream-Spoon-4.webp\" alt=\"Colher de metal para sorvetes por atacado - Reutiliz\u00e1vel - colher de sorvete - 4\" class=\"wp-image-1634\" style=\"width:340px;height:auto\" srcset=\"https:\/\/www.mcallenflatware.com\/wp-content\/uploads\/2025\/01\/Wholesale-Reusable-Metal-Shovel-Ice-Cream-Spoon-4.webp 720w, https:\/\/www.mcallenflatware.com\/wp-content\/uploads\/2025\/01\/Wholesale-Reusable-Metal-Shovel-Ice-Cream-Spoon-4-12x12.webp 12w, https:\/\/www.mcallenflatware.com\/wp-content\/uploads\/2025\/01\/Wholesale-Reusable-Metal-Shovel-Ice-Cream-Spoon-4-600x583.webp 600w\" sizes=\"(max-width: 720px) 100vw, 720px\" \/><\/figure>\n<\/div><\/div>\n<\/div>\n\n\n\n<div class=\"wp-block-columns is-layout-flex wp-container-core-columns-is-layout-9d6595d7 wp-block-columns-is-layout-flex\">\n<div class=\"wp-block-column is-layout-flow wp-block-column-is-layout-flow\"><\/div>\n\n\n\n<div class=\"wp-block-column is-layout-flow wp-block-column-is-layout-flow\"><\/div>\n<\/div>","protected":false},"excerpt":{"rendered":"<p>Colher de sorvete por atacado da f\u00e1brica, o design da forma da colher \u00e9 \u00fanico e atraente, e uma variedade de op\u00e7\u00f5es de cores est\u00e3o dispon\u00edveis. Feito de a\u00e7o inoxid\u00e1vel, brilhante e dur\u00e1vel. Apoiamos a personaliza\u00e7\u00e3o e o servi\u00e7o Amazon FBA, bem-vindo para solicitar uma amostra gr\u00e1tis!<\/p>\n<h2 id=\"block-792b966c-c506-49fa-b3c8-9881ee38a4f5\" class=\"block-editor-rich-text__editable block-editor-block-list__block wp-block is-selected wp-block-heading rich-text\" role=\"document\" aria-label=\"Bloco: T\u00edtulo\" data-block=\"792b966c-c506-49fa-b3c8-9881ee38a4f5\" data-type=\"core\/heading\" data-title=\"Heading\" data-wp-block-attribute-key=\"content\">Colher de gelado Atributos:<\/h2>\n<p><strong>Nome da marca:<\/strong> Mcallen<br \/><strong>Material:<\/strong> A\u00e7o inoxid\u00e1vel<br \/><strong>Cor:<\/strong>\u00a0 Prata\/dourado\/cobre\/preto<br \/><strong>Conce\u00e7\u00e3o:<\/strong> Espelho polido<br \/><strong>Prazo de entrega da amostra:<\/strong> No prazo de 3 dias<br \/><strong>OEM\/ODM:<\/strong> Dispon\u00edvel<\/p>\n<h2>Colher de gelado personalizada:<\/h2>\n<p><strong>A\u00e7o inoxid\u00e1vel:<\/strong> A\u00e7o inoxid\u00e1vel 18\/10, 304, 316, 410, 430, 420<br \/><strong>Log\u00f3tipo:<\/strong> Grava\u00e7\u00e3o a laser, serigrafia\/UV\/impress\u00e3o por transfer\u00eancia t\u00e9rmica, grava\u00e7\u00e3o em relevo, etc.<br \/><strong>Embalagem:<\/strong> 4\/8\/12\/16\/20\/24\/45\/48\/72pcs set<br \/><strong>Acabamentos de superf\u00edcie:<\/strong> Polido com espelho, mate, polido com \u00e1gua, revestimento de tit\u00e2nio<br \/><strong>Embalagem:<\/strong> A granel, saco opp, caixa de cor, caixa de oferta, personalizado<\/p>","protected":false},"featured_media":1631,"template":"","meta":[],"product_brand":[],"product_cat":[23,38],"product_tag":[],"class_list":{"0":"post-1630","1":"product","2":"type-product","3":"status-publish","4":"has-post-thumbnail","6":"product_cat-wholesale-flatware","7":"product_cat-stainless-steel-spoons-wholesale","9":"first","10":"instock","11":"shipping-taxable","12":"product-type-simple"},"_links":{"self":[{"href":"https:\/\/www.mcallenflatware.com\/pt\/wp-json\/wp\/v2\/product\/1630","targetHints":{"allow":["GET"]}}],"collection":[{"href":"https:\/\/www.mcallenflatware.com\/pt\/wp-json\/wp\/v2\/product"}],"about":[{"href":"https:\/\/www.mcallenflatware.com\/pt\/wp-json\/wp\/v2\/types\/product"}],"wp:featuredmedia":[{"embeddable":true,"href":"https:\/\/www.mcallenflatware.com\/pt\/wp-json\/wp\/v2\/media\/1631"}],"wp:attachment":[{"href":"https:\/\/www.mcallenflatware.com\/pt\/wp-json\/wp\/v2\/media?parent=1630"}],"wp:term":[{"taxonomy":"product_brand","embeddable":true,"href":"https:\/\/www.mcallenflatware.com\/pt\/wp-json\/wp\/v2\/product_brand?post=1630"},{"taxonomy":"product_cat","embeddable":true,"href":"https:\/\/www.mcallenflatware.com\/pt\/wp-json\/wp\/v2\/product_cat?post=1630"},{"taxonomy":"product_tag","embeddable":true,"href":"https:\/\/www.mcallenflatware.com\/pt\/wp-json\/wp\/v2\/product_tag?post=1630"}],"curies":[{"name":"wp","href":"https:\/\/api.w.org\/{rel}","templated":true}]}}