{"id":1646,"date":"2025-04-10T03:54:30","date_gmt":"2025-04-10T03:54:30","guid":{"rendered":"https:\/\/www.mcallenflatware.com\/?post_type=product&#038;p=1646"},"modified":"2025-04-10T03:54:32","modified_gmt":"2025-04-10T03:54:32","slug":"wholesale-stainless-steel-soup-spoons","status":"publish","type":"product","link":"https:\/\/www.mcallenflatware.com\/pt\/product\/wholesale-stainless-steel-soup-spoons\/","title":{"rendered":"Colheres de sopa de a\u00e7o inoxid\u00e1vel por atacado, fornecedor de talheres"},"content":{"rendered":"<div class=\"wp-block-columns is-layout-flex wp-container-core-columns-is-layout-9d6595d7 wp-block-columns-is-layout-flex\">\n<div class=\"wp-block-column is-layout-flow wp-block-column-is-layout-flow\">\n<h2 class=\"wp-block-heading\">Colheres de sopa em a\u00e7o inoxid\u00e1vel Carater\u00edsticas:<\/h2>\n\n\n\n<p><strong>A\u00e7o inoxid\u00e1vel de qualidade alimentar:<\/strong> Fabricado em a\u00e7o inoxid\u00e1vel 304, a superf\u00edcie lisa e brilhante \u00e9 f\u00e1cil de limpar, resistente ao desgaste e a utiliza\u00e7\u00e3o a longo prazo \u00e9 como nova<\/p>\n\n\n\n<p><strong>Polimento fino: <\/strong>Cada colher de sopa \u00e9 finamente polida, com arestas suaves e toque confort\u00e1vel, o que melhora a experi\u00eancia gastron\u00f3mica.<\/p>\n\n\n\n<p><strong>Design da superf\u00edcie da colher grande: <\/strong>O design arredondado da superf\u00edcie da colher grande pode facilmente colher sopa l\u00edquida e alimentos para uma utiliza\u00e7\u00e3o f\u00e1cil.<\/p>\n\n\n\n<p><strong>Personaliza\u00e7\u00e3o da cor e do log\u00f3tipo: <\/strong>Est\u00e3o dispon\u00edveis os cl\u00e1ssicos prateado e dourado, bem como uma variedade de op\u00e7\u00f5es de personaliza\u00e7\u00e3o (log\u00f3tipo, cor, embalagem, etc.)<\/p>\n\n\n\n<p><strong>Descontos diretos da f\u00e1brica, personaliza\u00e7\u00e3o a granel<\/strong>: Produzido pelo fabricante de talheres Mcallen, fornecendo pre\u00e7os por grosso e os melhores descontos para encomendas a granel.<\/p>\n<\/div>\n\n\n\n<div class=\"wp-block-column is-layout-flow wp-block-column-is-layout-flow\"><div class=\"wp-block-image\">\n<figure class=\"aligncenter size-full is-resized\"><img decoding=\"async\" width=\"800\" height=\"800\" src=\"https:\/\/www.mcallenflatware.com\/wp-content\/uploads\/2025\/01\/wholesale-stainless-steel-soup-spoons-1.webp\" alt=\"colheres de sopa de a\u00e7o inoxid\u00e1vel por atacado\" class=\"wp-image-1660\" style=\"width:352px;height:auto\" srcset=\"https:\/\/www.mcallenflatware.com\/wp-content\/uploads\/2025\/01\/wholesale-stainless-steel-soup-spoons-1.webp 800w, https:\/\/www.mcallenflatware.com\/wp-content\/uploads\/2025\/01\/wholesale-stainless-steel-soup-spoons-1-150x150.webp 150w, https:\/\/www.mcallenflatware.com\/wp-content\/uploads\/2025\/01\/wholesale-stainless-steel-soup-spoons-1-768x768.webp 768w, https:\/\/www.mcallenflatware.com\/wp-content\/uploads\/2025\/01\/wholesale-stainless-steel-soup-spoons-1-12x12.webp 12w, https:\/\/www.mcallenflatware.com\/wp-content\/uploads\/2025\/01\/wholesale-stainless-steel-soup-spoons-1-600x600.webp 600w, https:\/\/www.mcallenflatware.com\/wp-content\/uploads\/2025\/01\/wholesale-stainless-steel-soup-spoons-1-300x300.webp 300w, https:\/\/www.mcallenflatware.com\/wp-content\/uploads\/2025\/01\/wholesale-stainless-steel-soup-spoons-1-100x100.webp 100w\" sizes=\"(max-width: 800px) 100vw, 800px\" \/><\/figure>\n<\/div><\/div>\n<\/div>\n\n\n\n<div class=\"wp-block-columns is-layout-flex wp-container-core-columns-is-layout-9d6595d7 wp-block-columns-is-layout-flex\">\n<div class=\"wp-block-column is-layout-flow wp-block-column-is-layout-flow\"><\/div>\n\n\n\n<div class=\"wp-block-column is-layout-flow wp-block-column-is-layout-flow\"><\/div>\n<\/div>","protected":false},"excerpt":{"rendered":"<p><strong data-start=\"0\" data-end=\"41\">Colheres de sopa em a\u00e7o inoxid\u00e1vel por atacado<\/strong> fabricados em a\u00e7o inoxid\u00e1vel duradouro e de alta qualidade. Concebidos para uma utiliza\u00e7\u00e3o duradoura, s\u00e3o resistentes \u00e0 ferrugem e f\u00e1ceis de limpar. Perfeitos para restaurantes e casas. Contacte-nos para encomendas a granel e solu\u00e7\u00f5es personalizadas!<\/p>\n<h2>Colheres de sopa em a\u00e7o inoxid\u00e1vel Atributos:<\/h2>\n<p><strong>Nome da marca:<\/strong> Mcallen<br \/><strong>Material:<\/strong> A\u00e7o inoxid\u00e1vel<br \/><strong>Cor:<\/strong>\u00a0 Prata, Ouro<br \/><strong>Conce\u00e7\u00e3o:<\/strong> Espelho polido, amplo<br \/><strong>Prazo de entrega da amostra:<\/strong> No prazo de 3 dias<br \/><strong>OEM\/ODM:<\/strong> Dispon\u00edvel<\/p>\n<h2>Colheres de sopa personalizadas em a\u00e7o inoxid\u00e1vel:<\/h2>\n<p><strong>A\u00e7o inoxid\u00e1vel:<\/strong> A\u00e7o inoxid\u00e1vel 18\/10, 304, 316, 410, 430, 420<br \/><strong>Log\u00f3tipo:<\/strong> Grava\u00e7\u00e3o a laser, impress\u00e3o serigr\u00e1fica, impress\u00e3o UV, impress\u00e3o por transfer\u00eancia t\u00e9rmica, grava\u00e7\u00e3o em relevo, etc.<br \/><strong>Embalagem:<\/strong> 4\/8\/12\/16\/20\/24\/45\/48\/72pcs set<br \/><strong>Acabamentos de superf\u00edcie:<\/strong> Polido com espelho, mate, polido com \u00e1gua, revestimento de tit\u00e2nio<br \/><strong>Embalagem:<\/strong> A granel, saco opp, caixa de cor, caixa de oferta, personalizado<\/p>","protected":false},"featured_media":1660,"template":"","meta":[],"product_brand":[],"product_cat":[23,38],"product_tag":[],"class_list":{"0":"post-1646","1":"product","2":"type-product","3":"status-publish","4":"has-post-thumbnail","6":"product_cat-wholesale-flatware","7":"product_cat-stainless-steel-spoons-wholesale","9":"first","10":"instock","11":"shipping-taxable","12":"product-type-simple"},"_links":{"self":[{"href":"https:\/\/www.mcallenflatware.com\/pt\/wp-json\/wp\/v2\/product\/1646","targetHints":{"allow":["GET"]}}],"collection":[{"href":"https:\/\/www.mcallenflatware.com\/pt\/wp-json\/wp\/v2\/product"}],"about":[{"href":"https:\/\/www.mcallenflatware.com\/pt\/wp-json\/wp\/v2\/types\/product"}],"wp:featuredmedia":[{"embeddable":true,"href":"https:\/\/www.mcallenflatware.com\/pt\/wp-json\/wp\/v2\/media\/1660"}],"wp:attachment":[{"href":"https:\/\/www.mcallenflatware.com\/pt\/wp-json\/wp\/v2\/media?parent=1646"}],"wp:term":[{"taxonomy":"product_brand","embeddable":true,"href":"https:\/\/www.mcallenflatware.com\/pt\/wp-json\/wp\/v2\/product_brand?post=1646"},{"taxonomy":"product_cat","embeddable":true,"href":"https:\/\/www.mcallenflatware.com\/pt\/wp-json\/wp\/v2\/product_cat?post=1646"},{"taxonomy":"product_tag","embeddable":true,"href":"https:\/\/www.mcallenflatware.com\/pt\/wp-json\/wp\/v2\/product_tag?post=1646"}],"curies":[{"name":"wp","href":"https:\/\/api.w.org\/{rel}","templated":true}]}}