{"id":1662,"date":"2025-03-26T04:00:48","date_gmt":"2025-03-26T04:00:48","guid":{"rendered":"https:\/\/www.mcallenflatware.com\/?post_type=product&#038;p=1662"},"modified":"2025-03-26T04:00:49","modified_gmt":"2025-03-26T04:00:49","slug":"wholesale-ice-tea-spoon","status":"publish","type":"product","link":"https:\/\/www.mcallenflatware.com\/pt\/product\/wholesale-ice-tea-spoon\/","title":{"rendered":"Colher de ch\u00e1 gelado por atacado, conjunto de colheres redondas a granel"},"content":{"rendered":"<div class=\"wp-block-columns is-layout-flex wp-container-core-columns-is-layout-9d6595d7 wp-block-columns-is-layout-flex\">\n<div class=\"wp-block-column is-layout-flow wp-block-column-is-layout-flow\">\n<h2 class=\"wp-block-heading\">Ice Tea Logo Carater\u00edsticas:<\/h2>\n\n\n\n<p><strong>Material de a\u00e7o inoxid\u00e1vel de alta qualidade: <\/strong>\u00c9 utilizado a\u00e7o inoxid\u00e1vel de qualidade alimentar para garantir a durabilidade e a resist\u00eancia \u00e0 corros\u00e3o da colher.<\/p>\n\n\n\n<p><strong>Design elegante e arredondado:<\/strong> A colher pequena redonda tem uma forma suave e redonda, que \u00e9 elegante e bonita, melhorando a experi\u00eancia gastron\u00f3mica.<\/p>\n\n\n\n<p><strong>Polimento e acabamento mate<\/strong>: A superf\u00edcie polida da colher \u00e9 combinada com um cabo mate, que \u00e9 f\u00e1cil de limpar e aumenta o toque do cabo<\/p>\n\n\n\n<p><strong>V\u00e1rias op\u00e7\u00f5es de cores:<\/strong> Est\u00e3o dispon\u00edveis em ouro cl\u00e1ssico, prata, preto moderno e ouro rosa<\/p>\n\n\n\n<p><strong>Diversos cen\u00e1rios de aplica\u00e7\u00e3o: <\/strong>As colheres de ch\u00e1 gelado s\u00e3o adequadas para refei\u00e7\u00f5es familiares di\u00e1rias e locais comerciais, como caf\u00e9s, casas de ch\u00e1 e restaurantes.<\/p>\n<\/div>\n\n\n\n<div class=\"wp-block-column is-layout-flow wp-block-column-is-layout-flow\">\n<figure class=\"wp-block-image size-full\"><img decoding=\"async\" width=\"800\" height=\"800\" src=\"https:\/\/www.mcallenflatware.com\/wp-content\/uploads\/2025\/02\/wholesale-ice-tea-spoon-round-spoon-4.webp\" alt=\"colher de ch\u00e1 gelado por atacado, colher redonda\" class=\"wp-image-1664\" srcset=\"https:\/\/www.mcallenflatware.com\/wp-content\/uploads\/2025\/02\/wholesale-ice-tea-spoon-round-spoon-4.webp 800w, https:\/\/www.mcallenflatware.com\/wp-content\/uploads\/2025\/02\/wholesale-ice-tea-spoon-round-spoon-4-150x150.webp 150w, https:\/\/www.mcallenflatware.com\/wp-content\/uploads\/2025\/02\/wholesale-ice-tea-spoon-round-spoon-4-768x768.webp 768w, https:\/\/www.mcallenflatware.com\/wp-content\/uploads\/2025\/02\/wholesale-ice-tea-spoon-round-spoon-4-12x12.webp 12w, https:\/\/www.mcallenflatware.com\/wp-content\/uploads\/2025\/02\/wholesale-ice-tea-spoon-round-spoon-4-600x600.webp 600w, https:\/\/www.mcallenflatware.com\/wp-content\/uploads\/2025\/02\/wholesale-ice-tea-spoon-round-spoon-4-300x300.webp 300w, https:\/\/www.mcallenflatware.com\/wp-content\/uploads\/2025\/02\/wholesale-ice-tea-spoon-round-spoon-4-100x100.webp 100w\" sizes=\"(max-width: 800px) 100vw, 800px\" \/><\/figure>\n<\/div>\n<\/div>","protected":false},"excerpt":{"rendered":"<p>Bem-vindo \u00e0s colheres de ch\u00e1 gelado por atacado e personalizadas, em a\u00e7o inoxid\u00e1vel de primeira qualidade, com um design redondo elegante, perfeitas para ch\u00e1 e sobremesas. Desfrute de descontos por grosso e op\u00e7\u00f5es personalizadas. Os nossos pre\u00e7os diretos de f\u00e1brica e o nosso servi\u00e7o excecional convidam-no a fazer o seu pedido hoje mesmo!<\/p>\n<h2>Colher de ch\u00e1 gelado Atributos:<\/h2>\n<p><strong>Nome da marca:<\/strong> Mcallen<br \/><strong>Material:<\/strong> A\u00e7o inoxid\u00e1vel<br \/><strong>Cor: <\/strong> Ouro, Prata, Preto, Ouro rosa<br \/><strong>Conce\u00e7\u00e3o:<\/strong> Espelho polido<br \/><strong>Prazo de entrega da amostra:<\/strong> No prazo de 3 dias<br \/><strong>OEM\/ODM:<\/strong> Dispon\u00edvel<\/p>\n<h2>Colher de ch\u00e1 gelado personalizada:<\/h2>\n<p><strong>A\u00e7o inoxid\u00e1vel:<\/strong> A\u00e7o inoxid\u00e1vel 18\/10, 304, 316, 410, 430, 420<br \/><strong>Log\u00f3tipo:<\/strong> Grava\u00e7\u00e3o a laser, impress\u00e3o serigr\u00e1fica, impress\u00e3o UV, impress\u00e3o por transfer\u00eancia t\u00e9rmica, grava\u00e7\u00e3o em relevo, etc.<br \/><strong>Embalagem:<\/strong> 4\/8\/12\/16\/20\/24\/45\/48\/72pcs set<br \/><strong>Acabamentos de superf\u00edcie:<\/strong> Polido com espelho, mate, polido com \u00e1gua, revestimento de tit\u00e2nio<br \/><strong>Embalagem:<\/strong> A granel, saco opp, caixa de cor, caixa de oferta, personalizado<\/p>","protected":false},"featured_media":1666,"template":"","meta":[],"product_brand":[],"product_cat":[23,38],"product_tag":[],"class_list":{"0":"post-1662","1":"product","2":"type-product","3":"status-publish","4":"has-post-thumbnail","6":"product_cat-wholesale-flatware","7":"product_cat-stainless-steel-spoons-wholesale","9":"first","10":"instock","11":"shipping-taxable","12":"product-type-simple"},"_links":{"self":[{"href":"https:\/\/www.mcallenflatware.com\/pt\/wp-json\/wp\/v2\/product\/1662","targetHints":{"allow":["GET"]}}],"collection":[{"href":"https:\/\/www.mcallenflatware.com\/pt\/wp-json\/wp\/v2\/product"}],"about":[{"href":"https:\/\/www.mcallenflatware.com\/pt\/wp-json\/wp\/v2\/types\/product"}],"wp:featuredmedia":[{"embeddable":true,"href":"https:\/\/www.mcallenflatware.com\/pt\/wp-json\/wp\/v2\/media\/1666"}],"wp:attachment":[{"href":"https:\/\/www.mcallenflatware.com\/pt\/wp-json\/wp\/v2\/media?parent=1662"}],"wp:term":[{"taxonomy":"product_brand","embeddable":true,"href":"https:\/\/www.mcallenflatware.com\/pt\/wp-json\/wp\/v2\/product_brand?post=1662"},{"taxonomy":"product_cat","embeddable":true,"href":"https:\/\/www.mcallenflatware.com\/pt\/wp-json\/wp\/v2\/product_cat?post=1662"},{"taxonomy":"product_tag","embeddable":true,"href":"https:\/\/www.mcallenflatware.com\/pt\/wp-json\/wp\/v2\/product_tag?post=1662"}],"curies":[{"name":"wp","href":"https:\/\/api.w.org\/{rel}","templated":true}]}}