{"id":1672,"date":"2025-04-10T04:05:41","date_gmt":"2025-04-10T04:05:41","guid":{"rendered":"https:\/\/www.mcallenflatware.com\/?post_type=product&#038;p=1672"},"modified":"2025-04-10T04:06:41","modified_gmt":"2025-04-10T04:06:41","slug":"wholesale-cute-spoon","status":"publish","type":"product","link":"https:\/\/www.mcallenflatware.com\/pt\/product\/wholesale-cute-spoon\/","title":{"rendered":"Colher Fofa com Pata de Gato, Colher de Sobremesa a granel"},"content":{"rendered":"<div class=\"wp-block-columns is-layout-flex wp-container-core-columns-is-layout-9d6595d7 wp-block-columns-is-layout-flex\">\n<div class=\"wp-block-column is-layout-flow wp-block-column-is-layout-flow\">\n<h2 class=\"wp-block-heading\">Colher gira Carater\u00edsticas:<\/h2>\n\n\n\n<p><strong>Apelo est\u00e9tico \u00fanico: <\/strong>O cabo da colher em forma de pata de gato \u00e9 irresistivelmente giro, especialmente para os consumidores que adoram gatos ou artigos tem\u00e1ticos engra\u00e7ados.<\/p>\n\n\n\n<p><strong>Materiais de alta qualidade: <\/strong>Estas colheres s\u00e3o feitas de a\u00e7o inoxid\u00e1vel de alta qualidade e s\u00e3o muito dur\u00e1veis. Podem suportar a utiliza\u00e7\u00e3o di\u00e1ria e resistir a riscos, amolgadelas e corros\u00e3o.<\/p>\n\n\n\n<p><strong>Higi\u00e9nico e seguro: <\/strong>O a\u00e7o inoxid\u00e1vel n\u00e3o \u00e9 poroso, o que significa que n\u00e3o reproduz bact\u00e9rias, bolor ou odores.<\/p>\n\n\n\n<p><strong>Versatilidade: <\/strong>Embora concebidas como uma colher, o seu tamanho e funcionalidade tamb\u00e9m as tornam adequadas para uma variedade de utiliza\u00e7\u00f5es, como colher gelados, iogurtes ou outras sobremesas.<\/p>\n<\/div>\n\n\n\n<div class=\"wp-block-column is-layout-flow wp-block-column-is-layout-flow\"><div class=\"wp-block-image\">\n<figure class=\"aligncenter size-full is-resized\"><img decoding=\"async\" width=\"800\" height=\"800\" src=\"https:\/\/www.mcallenflatware.com\/wp-content\/uploads\/2025\/02\/wholesale-Cute-Spoon.webp\" alt=\"Colher de sopa por atacado\" class=\"wp-image-1673\" style=\"object-fit:cover;width:372px;height:auto\" srcset=\"https:\/\/www.mcallenflatware.com\/wp-content\/uploads\/2025\/02\/wholesale-Cute-Spoon.webp 800w, https:\/\/www.mcallenflatware.com\/wp-content\/uploads\/2025\/02\/wholesale-Cute-Spoon-150x150.webp 150w, https:\/\/www.mcallenflatware.com\/wp-content\/uploads\/2025\/02\/wholesale-Cute-Spoon-768x768.webp 768w, https:\/\/www.mcallenflatware.com\/wp-content\/uploads\/2025\/02\/wholesale-Cute-Spoon-12x12.webp 12w, https:\/\/www.mcallenflatware.com\/wp-content\/uploads\/2025\/02\/wholesale-Cute-Spoon-600x600.webp 600w, https:\/\/www.mcallenflatware.com\/wp-content\/uploads\/2025\/02\/wholesale-Cute-Spoon-300x300.webp 300w, https:\/\/www.mcallenflatware.com\/wp-content\/uploads\/2025\/02\/wholesale-Cute-Spoon-100x100.webp 100w\" sizes=\"(max-width: 800px) 100vw, 800px\" \/><\/figure>\n<\/div><\/div>\n<\/div>\n\n\n\n<div class=\"wp-block-columns is-layout-flex wp-container-core-columns-is-layout-9d6595d7 wp-block-columns-is-layout-flex\">\n<div class=\"wp-block-column is-layout-flow wp-block-column-is-layout-flow\"><\/div>\n\n\n\n<div class=\"wp-block-column is-layout-flow wp-block-column-is-layout-flow\"><\/div>\n<\/div>","protected":false},"excerpt":{"rendered":"<p>Colher bonita por atacado com design de pata de gato, feita de a\u00e7o inoxid\u00e1vel de alta qualidade, adequada para sobremesas, gelados, etc. Desfrute de descontos a granel, pre\u00e7os de f\u00e1brica e servi\u00e7os personalizados. Bem-vindo a perguntar hoje!<\/p>\n<h2>Colher fofa Atributos:<\/h2>\n<p><strong>Nome da marca:<\/strong> Mcallen<br \/><strong>Material:<\/strong> A\u00e7o inoxid\u00e1vel<br \/><strong>Cor:<\/strong> Prata, ouro, ouro rosa, arco-\u00edris<br \/><strong>Conce\u00e7\u00e3o:<\/strong> Colher em forma de garra de gato<br \/><strong>Prazo de entrega da amostra:<\/strong> No prazo de 3 dias<br \/><strong>OEM\/ODM:<\/strong> Dispon\u00edvel<\/p>\n<h2>Colher personalizada e gira:<\/h2>\n<p><strong>A\u00e7o inoxid\u00e1vel:<\/strong> A\u00e7o inoxid\u00e1vel 18\/10, 304, 316, 410, 430, 420<br \/><strong>Log\u00f3tipo:<\/strong> Grava\u00e7\u00e3o a laser, impress\u00e3o serigr\u00e1fica, impress\u00e3o UV, impress\u00e3o por transfer\u00eancia t\u00e9rmica, grava\u00e7\u00e3o em relevo, etc.<br \/><strong>Embalagem:<\/strong> 4\/8\/12\/16\/20\/24\/45\/48\/72pcs set<br \/><strong>Acabamentos de superf\u00edcie:<\/strong> Polido com espelho, mate, polido com \u00e1gua, revestimento de tit\u00e2nio<br \/><strong>Embalagem:<\/strong> A granel, saco opp, caixa de cor, caixa de oferta, personalizado<\/p>","protected":false},"featured_media":1673,"template":"","meta":[],"product_brand":[],"product_cat":[23,38],"product_tag":[],"class_list":{"0":"post-1672","1":"product","2":"type-product","3":"status-publish","4":"has-post-thumbnail","6":"product_cat-wholesale-flatware","7":"product_cat-stainless-steel-spoons-wholesale","9":"first","10":"instock","11":"shipping-taxable","12":"product-type-simple"},"_links":{"self":[{"href":"https:\/\/www.mcallenflatware.com\/pt\/wp-json\/wp\/v2\/product\/1672","targetHints":{"allow":["GET"]}}],"collection":[{"href":"https:\/\/www.mcallenflatware.com\/pt\/wp-json\/wp\/v2\/product"}],"about":[{"href":"https:\/\/www.mcallenflatware.com\/pt\/wp-json\/wp\/v2\/types\/product"}],"wp:featuredmedia":[{"embeddable":true,"href":"https:\/\/www.mcallenflatware.com\/pt\/wp-json\/wp\/v2\/media\/1673"}],"wp:attachment":[{"href":"https:\/\/www.mcallenflatware.com\/pt\/wp-json\/wp\/v2\/media?parent=1672"}],"wp:term":[{"taxonomy":"product_brand","embeddable":true,"href":"https:\/\/www.mcallenflatware.com\/pt\/wp-json\/wp\/v2\/product_brand?post=1672"},{"taxonomy":"product_cat","embeddable":true,"href":"https:\/\/www.mcallenflatware.com\/pt\/wp-json\/wp\/v2\/product_cat?post=1672"},{"taxonomy":"product_tag","embeddable":true,"href":"https:\/\/www.mcallenflatware.com\/pt\/wp-json\/wp\/v2\/product_tag?post=1672"}],"curies":[{"name":"wp","href":"https:\/\/api.w.org\/{rel}","templated":true}]}}