{"id":1674,"date":"2025-03-12T11:42:56","date_gmt":"2025-03-12T11:42:56","guid":{"rendered":"https:\/\/www.mcallenflatware.com\/?post_type=product&#038;p=1674"},"modified":"2025-03-12T11:44:49","modified_gmt":"2025-03-12T11:44:49","slug":"wholesale-feather-spoon","status":"publish","type":"product","link":"https:\/\/www.mcallenflatware.com\/pt\/product\/wholesale-feather-spoon\/","title":{"rendered":"Colher de penas por atacado, Colheres de a\u00e7o inoxid\u00e1vel a granel"},"content":{"rendered":"<div class=\"wp-block-columns is-layout-flex wp-container-core-columns-is-layout-9d6595d7 wp-block-columns-is-layout-flex\">\n<div class=\"wp-block-column is-layout-flow wp-block-column-is-layout-flow\">\n<h2 class=\"wp-block-heading\">Colher de penas Carater\u00edsticas:<\/h2>\n\n\n\n<p><strong>Design \u00fanico: <\/strong>O design do cabo da colher em forma de pena confere \u00e0 colher uma beleza art\u00edstica e real\u00e7a o estilo da refei\u00e7\u00e3o.<\/p>\n\n\n\n<p><strong>Materiais de alta qualidade: <\/strong>Fabricada em a\u00e7o inoxid\u00e1vel de alta qualidade, a colher \u00e9 dur\u00e1vel e f\u00e1cil de limpar, mantendo-se brilhante e nova durante muito tempo.<\/p>\n\n\n\n<p><strong>Sensa\u00e7\u00e3o de leveza:<\/strong> O design do cabo da colher em forma de pena n\u00e3o \u00e9 apenas bonito, mas tamb\u00e9m leve e confort\u00e1vel de segurar.<\/p>\n\n\n\n<p><strong>Ampla aplicabilidade: <\/strong>S\u00e3o fornecidas colheres e garfos com o mesmo design, adequados para a vida familiar quotidiana, servi\u00e7o de restaurante, actividades de festa e outras ocasi\u00f5es, acrescentando divers\u00e3o \u00e0s refei\u00e7\u00f5es.<\/p>\n\n\n\n<p><strong>V\u00e1rias op\u00e7\u00f5es de cores: <\/strong>Oferecendo ouro e prata cl\u00e1ssicos, ouro rosa elegante, preto moderno e cores do arco-\u00edris galvanizadas, cores mais personalizadas s\u00e3o bem-vindas para serem personalizadas.<\/p>\n<\/div>\n\n\n\n<div class=\"wp-block-column is-layout-flow wp-block-column-is-layout-flow\"><div class=\"wp-block-image\">\n<figure class=\"aligncenter size-full\"><img decoding=\"async\" width=\"1000\" height=\"1000\" src=\"https:\/\/www.mcallenflatware.com\/wp-content\/uploads\/2025\/02\/wholesale-Feather-spoon.webp\" alt=\"Colher de penas por atacado\" class=\"wp-image-1675\" style=\"object-fit:cover\" srcset=\"https:\/\/www.mcallenflatware.com\/wp-content\/uploads\/2025\/02\/wholesale-Feather-spoon.webp 1000w, https:\/\/www.mcallenflatware.com\/wp-content\/uploads\/2025\/02\/wholesale-Feather-spoon-150x150.webp 150w, https:\/\/www.mcallenflatware.com\/wp-content\/uploads\/2025\/02\/wholesale-Feather-spoon-768x768.webp 768w, https:\/\/www.mcallenflatware.com\/wp-content\/uploads\/2025\/02\/wholesale-Feather-spoon-12x12.webp 12w, https:\/\/www.mcallenflatware.com\/wp-content\/uploads\/2025\/02\/wholesale-Feather-spoon-600x600.webp 600w, https:\/\/www.mcallenflatware.com\/wp-content\/uploads\/2025\/02\/wholesale-Feather-spoon-300x300.webp 300w, https:\/\/www.mcallenflatware.com\/wp-content\/uploads\/2025\/02\/wholesale-Feather-spoon-100x100.webp 100w\" sizes=\"(max-width: 1000px) 100vw, 1000px\" \/><\/figure>\n<\/div><\/div>\n<\/div>\n\n\n\n<div class=\"wp-block-columns is-layout-flex wp-container-core-columns-is-layout-9d6595d7 wp-block-columns-is-layout-flex\">\n<div class=\"wp-block-column is-layout-flow wp-block-column-is-layout-flow\"><\/div>\n\n\n\n<div class=\"wp-block-column is-layout-flow wp-block-column-is-layout-flow\"><\/div>\n<\/div>","protected":false},"excerpt":{"rendered":"<p>Bem-vindo \u00e0s colheres de penas por atacado, com uma variedade de op\u00e7\u00f5es de cores, elegantes e interessantes, podem ser usadas para gelados, sobremesas, frutas, etc. Personaliza\u00e7\u00e3o de suporte e descontos por volume! Bem-vindo ao pedido de amostras gr\u00e1tis!<\/p>\n<h2>Colher de penas Atributos<\/h2>\n<p><strong>Nome da marca:<\/strong> Mcallen<br \/><strong>Material:<\/strong> A\u00e7o inoxid\u00e1vel<br \/><strong>Cor:<\/strong> Ouro, prata, preto, ouro rosa, cor de arco-\u00edris<br \/><strong>Conce\u00e7\u00e3o:<\/strong> Forma de pena<br \/><strong>Prazo de entrega da amostra:<\/strong> No prazo de 3 dias<br \/><strong>OEM\/ODM:<\/strong> Dispon\u00edvel<\/p>\n<h2>Colher de penas personalizada:<\/h2>\n<p><strong>A\u00e7o inoxid\u00e1vel:<\/strong> A\u00e7o inoxid\u00e1vel 18\/10, 304, 316, 410, 430, 420<br \/><strong>Log\u00f3tipo:<\/strong> Grava\u00e7\u00e3o a laser, impress\u00e3o serigr\u00e1fica, impress\u00e3o UV, impress\u00e3o por transfer\u00eancia t\u00e9rmica, grava\u00e7\u00e3o em relevo, etc.<br \/><strong>Embalagem:<\/strong> 4\/8\/12\/16\/20\/24\/45\/48\/72pcs set<br \/><strong>Acabamentos de superf\u00edcie:<\/strong> Polido com espelho, mate, polido com \u00e1gua, revestimento de tit\u00e2nio<br \/><strong>Embalagem:<\/strong> A granel, saco opp, caixa de cor, caixa de oferta, personalizado<\/p>","protected":false},"featured_media":1675,"template":"","meta":[],"product_brand":[],"product_cat":[23,38],"product_tag":[],"class_list":{"0":"post-1674","1":"product","2":"type-product","3":"status-publish","4":"has-post-thumbnail","6":"product_cat-wholesale-flatware","7":"product_cat-stainless-steel-spoons-wholesale","9":"first","10":"instock","11":"shipping-taxable","12":"product-type-simple"},"_links":{"self":[{"href":"https:\/\/www.mcallenflatware.com\/pt\/wp-json\/wp\/v2\/product\/1674","targetHints":{"allow":["GET"]}}],"collection":[{"href":"https:\/\/www.mcallenflatware.com\/pt\/wp-json\/wp\/v2\/product"}],"about":[{"href":"https:\/\/www.mcallenflatware.com\/pt\/wp-json\/wp\/v2\/types\/product"}],"wp:featuredmedia":[{"embeddable":true,"href":"https:\/\/www.mcallenflatware.com\/pt\/wp-json\/wp\/v2\/media\/1675"}],"wp:attachment":[{"href":"https:\/\/www.mcallenflatware.com\/pt\/wp-json\/wp\/v2\/media?parent=1674"}],"wp:term":[{"taxonomy":"product_brand","embeddable":true,"href":"https:\/\/www.mcallenflatware.com\/pt\/wp-json\/wp\/v2\/product_brand?post=1674"},{"taxonomy":"product_cat","embeddable":true,"href":"https:\/\/www.mcallenflatware.com\/pt\/wp-json\/wp\/v2\/product_cat?post=1674"},{"taxonomy":"product_tag","embeddable":true,"href":"https:\/\/www.mcallenflatware.com\/pt\/wp-json\/wp\/v2\/product_tag?post=1674"}],"curies":[{"name":"wp","href":"https:\/\/api.w.org\/{rel}","templated":true}]}}