{"id":1676,"date":"2025-03-12T11:30:22","date_gmt":"2025-03-12T11:30:22","guid":{"rendered":"https:\/\/www.mcallenflatware.com\/?post_type=product&#038;p=1676"},"modified":"2025-03-12T11:45:37","modified_gmt":"2025-03-12T11:45:37","slug":"wholesale-cat-spoon","status":"publish","type":"product","link":"https:\/\/www.mcallenflatware.com\/pt\/product\/wholesale-cat-spoon\/","title":{"rendered":"Colher de gato por atacado, garfo de a\u00e7o inoxid\u00e1vel bonito a granel"},"content":{"rendered":"<div class=\"wp-block-columns is-layout-flex wp-container-core-columns-is-layout-9d6595d7 wp-block-columns-is-layout-flex\">\n<div class=\"wp-block-column is-layout-flow wp-block-column-is-layout-flow\">\n<h2 class=\"wp-block-heading\">Colher para gato Carater\u00edsticas:<\/h2>\n\n\n\n<p><strong>Design de pega de gato giro: <\/strong>O bonito design do cabo da colher de gato implica sorte e acrescenta divers\u00e3o \u00e0 refei\u00e7\u00e3o.<\/p>\n\n\n\n<p><strong>Op\u00e7\u00f5es de ouro e prata:<\/strong> O ouro e a prata cl\u00e1ssicos podem ser combinados com qualquer ocasi\u00e3o e s\u00e3o fornecidas op\u00e7\u00f5es personalizadas para satisfazer as necessidades da sua marca<\/p>\n\n\n\n<p><strong>Material em a\u00e7o inoxid\u00e1vel: <\/strong>Material de a\u00e7o inoxid\u00e1vel resistente ao desgaste, superf\u00edcie lisa e brilhante, dur\u00e1vel e brilhante como novo.<\/p>\n\n\n\n<p><strong>Sensa\u00e7\u00e3o de conforto:<\/strong> O design exclusivo do cabo da colher do gato da sorte n\u00e3o s\u00f3 \u00e9 bonito, como tamb\u00e9m proporciona uma experi\u00eancia de ader\u00eancia confort\u00e1vel, adequada para uma utiliza\u00e7\u00e3o a longo prazo.<\/p>\n\n\n\n<p><strong>Fun\u00e7\u00e3o multifuncional: <\/strong>Concebida como uma colher e um garfo, pode ser utilizada de forma flex\u00edvel para muitos outros fins, como colher sobremesas, gelados, frutas, etc.<\/p>\n<\/div>\n\n\n\n<div class=\"wp-block-column is-layout-flow wp-block-column-is-layout-flow\"><div class=\"wp-block-image\">\n<figure class=\"aligncenter size-full\"><img decoding=\"async\" width=\"750\" height=\"750\" src=\"https:\/\/www.mcallenflatware.com\/wp-content\/uploads\/2025\/02\/wholesale-cat-spoon.webp\" alt=\"colher para gatos por atacado\" class=\"wp-image-1677\" style=\"object-fit:cover\" srcset=\"https:\/\/www.mcallenflatware.com\/wp-content\/uploads\/2025\/02\/wholesale-cat-spoon.webp 750w, https:\/\/www.mcallenflatware.com\/wp-content\/uploads\/2025\/02\/wholesale-cat-spoon-150x150.webp 150w, https:\/\/www.mcallenflatware.com\/wp-content\/uploads\/2025\/02\/wholesale-cat-spoon-12x12.webp 12w, https:\/\/www.mcallenflatware.com\/wp-content\/uploads\/2025\/02\/wholesale-cat-spoon-600x600.webp 600w, https:\/\/www.mcallenflatware.com\/wp-content\/uploads\/2025\/02\/wholesale-cat-spoon-300x300.webp 300w, https:\/\/www.mcallenflatware.com\/wp-content\/uploads\/2025\/02\/wholesale-cat-spoon-100x100.webp 100w\" sizes=\"(max-width: 750px) 100vw, 750px\" \/><\/figure>\n<\/div><\/div>\n<\/div>\n\n\n\n<div class=\"wp-block-columns is-layout-flex wp-container-core-columns-is-layout-9d6595d7 wp-block-columns-is-layout-flex\">\n<div class=\"wp-block-column is-layout-flow wp-block-column-is-layout-flow\"><\/div>\n\n\n\n<div class=\"wp-block-column is-layout-flow wp-block-column-is-layout-flow\"><\/div>\n<\/div>","protected":false},"excerpt":{"rendered":"<p>Colher de gato por atacado, design bonito da al\u00e7a do gato, com op\u00e7\u00f5es de garfo correspondentes, divertido para atrair jovens consumidores. Desfrute de descontos a granel, pre\u00e7os diretos de f\u00e1brica e entrega r\u00e1pida. Informe-se agora para trazer boa sorte e fofura aos seus talheres!<\/p>\n<h2>Atributos da colher de gato<\/h2>\n<p><strong>Nome da marca:<\/strong> Mcallen<br \/><strong>Material:<\/strong> A\u00e7o inoxid\u00e1vel<br \/><strong>Cor:<\/strong> Prata, Ouro<br \/><strong>Conce\u00e7\u00e3o:<\/strong> Colher Lucky Cat<br \/><strong>Prazo de entrega da amostra:<\/strong> No prazo de 3 dias<br \/><strong>OEM\/ODM:<\/strong> Dispon\u00edvel<\/p>\n<h2>Colher para gato personalizada:<\/h2>\n<p><strong>A\u00e7o inoxid\u00e1vel:<\/strong> A\u00e7o inoxid\u00e1vel 18\/10, 304, 316, 410, 430, 420<br \/><strong>Log\u00f3tipo:<\/strong> Grava\u00e7\u00e3o a laser, impress\u00e3o serigr\u00e1fica, impress\u00e3o UV, impress\u00e3o por transfer\u00eancia t\u00e9rmica, grava\u00e7\u00e3o em relevo, etc.<br \/><strong>Embalagem:<\/strong> 4\/8\/12\/16\/20\/24\/45\/48\/72pcs set<br \/><strong>Acabamentos de superf\u00edcie:<\/strong> Polido com espelho, mate, polido com \u00e1gua, revestimento de tit\u00e2nio<br \/><strong>Embalagem:<\/strong> A granel, saco opp, caixa de cor, caixa de oferta, personalizado<\/p>","protected":false},"featured_media":1677,"template":"","meta":[],"product_brand":[],"product_cat":[23,38],"product_tag":[],"class_list":{"0":"post-1676","1":"product","2":"type-product","3":"status-publish","4":"has-post-thumbnail","6":"product_cat-wholesale-flatware","7":"product_cat-stainless-steel-spoons-wholesale","9":"first","10":"instock","11":"shipping-taxable","12":"product-type-simple"},"_links":{"self":[{"href":"https:\/\/www.mcallenflatware.com\/pt\/wp-json\/wp\/v2\/product\/1676","targetHints":{"allow":["GET"]}}],"collection":[{"href":"https:\/\/www.mcallenflatware.com\/pt\/wp-json\/wp\/v2\/product"}],"about":[{"href":"https:\/\/www.mcallenflatware.com\/pt\/wp-json\/wp\/v2\/types\/product"}],"wp:featuredmedia":[{"embeddable":true,"href":"https:\/\/www.mcallenflatware.com\/pt\/wp-json\/wp\/v2\/media\/1677"}],"wp:attachment":[{"href":"https:\/\/www.mcallenflatware.com\/pt\/wp-json\/wp\/v2\/media?parent=1676"}],"wp:term":[{"taxonomy":"product_brand","embeddable":true,"href":"https:\/\/www.mcallenflatware.com\/pt\/wp-json\/wp\/v2\/product_brand?post=1676"},{"taxonomy":"product_cat","embeddable":true,"href":"https:\/\/www.mcallenflatware.com\/pt\/wp-json\/wp\/v2\/product_cat?post=1676"},{"taxonomy":"product_tag","embeddable":true,"href":"https:\/\/www.mcallenflatware.com\/pt\/wp-json\/wp\/v2\/product_tag?post=1676"}],"curies":[{"name":"wp","href":"https:\/\/api.w.org\/{rel}","templated":true}]}}