{"id":1678,"date":"2025-03-12T11:19:24","date_gmt":"2025-03-12T11:19:24","guid":{"rendered":"https:\/\/www.mcallenflatware.com\/?post_type=product&#038;p=1678"},"modified":"2025-03-12T11:20:08","modified_gmt":"2025-03-12T11:20:08","slug":"wholesale-coffee-stirring-spoon","status":"publish","type":"product","link":"https:\/\/www.mcallenflatware.com\/pt\/product\/wholesale-coffee-stirring-spoon\/","title":{"rendered":"Colher para mexer caf\u00e9 por grosso em a\u00e7o inoxid\u00e1vel, garfo de fruta planet\u00e1rio personalizado"},"content":{"rendered":"<div class=\"wp-block-columns is-layout-flex wp-container-core-columns-is-layout-9d6595d7 wp-block-columns-is-layout-flex\">\n<div class=\"wp-block-column is-layout-flow wp-block-column-is-layout-flow\">\n<h2 class=\"wp-block-heading\">Colher para mexer caf\u00e9 Carater\u00edsticas:<\/h2>\n\n\n\n<p><strong>Design do cabo de uma colher de pau planet\u00e1rio: <\/strong>Pega criativa em forma de planeta, uma variedade de texturas coloridas, pega confort\u00e1vel, interessante e atractiva.<\/p>\n\n\n\n<p><strong>Forma leve: <\/strong>cantos arredondados, comprimento moderado, especialmente concebido para mexer caf\u00e9, f\u00e1cil de mexer.<\/p>\n\n\n\n<p><strong>Funcional e pr\u00e1tico:<\/strong> com op\u00e7\u00f5es de colher e garfo redondos, pode ser utilizado para caf\u00e9, ch\u00e1 e outras bebidas ou sobremesas de fruta.<\/p>\n\n\n\n<p><strong>Excelente material: <\/strong>a\u00e7o inoxid\u00e1vel de qualidade alimentar, dur\u00e1vel, f\u00e1cil de limpar, seguro e higi\u00e9nico.<\/p>\n<\/div>\n\n\n\n<div class=\"wp-block-column is-layout-flow wp-block-column-is-layout-flow\">\n<figure class=\"wp-block-image size-full is-resized\"><img decoding=\"async\" width=\"800\" height=\"800\" src=\"https:\/\/www.mcallenflatware.com\/wp-content\/uploads\/2025\/02\/wholesale-coffee-stirring-spoon-8.webp\" alt=\"colher de mexer caf\u00e9 por atacado\" class=\"wp-image-1682\" style=\"width:341px;height:auto\" srcset=\"https:\/\/www.mcallenflatware.com\/wp-content\/uploads\/2025\/02\/wholesale-coffee-stirring-spoon-8.webp 800w, https:\/\/www.mcallenflatware.com\/wp-content\/uploads\/2025\/02\/wholesale-coffee-stirring-spoon-8-150x150.webp 150w, https:\/\/www.mcallenflatware.com\/wp-content\/uploads\/2025\/02\/wholesale-coffee-stirring-spoon-8-768x768.webp 768w, https:\/\/www.mcallenflatware.com\/wp-content\/uploads\/2025\/02\/wholesale-coffee-stirring-spoon-8-12x12.webp 12w, https:\/\/www.mcallenflatware.com\/wp-content\/uploads\/2025\/02\/wholesale-coffee-stirring-spoon-8-600x600.webp 600w, https:\/\/www.mcallenflatware.com\/wp-content\/uploads\/2025\/02\/wholesale-coffee-stirring-spoon-8-300x300.webp 300w, https:\/\/www.mcallenflatware.com\/wp-content\/uploads\/2025\/02\/wholesale-coffee-stirring-spoon-8-100x100.webp 100w\" sizes=\"(max-width: 800px) 100vw, 800px\" \/><\/figure>\n<\/div>\n<\/div>\n\n\n\n<div class=\"wp-block-columns is-layout-flex wp-container-core-columns-is-layout-9d6595d7 wp-block-columns-is-layout-flex\">\n<div class=\"wp-block-column is-layout-flow wp-block-column-is-layout-flow\"><\/div>\n\n\n\n<div class=\"wp-block-column is-layout-flow wp-block-column-is-layout-flow\"><\/div>\n<\/div>","protected":false},"excerpt":{"rendered":"<p>Bem-vindo \u00e0 colher de caf\u00e9 e garfo de fruta por atacado, design de pega planet\u00e1ria, elegante e atrativo, feito de a\u00e7o inoxid\u00e1vel 304 de alta qualidade, perfeito para caf\u00e9s e restaurantes. Oferecemos servi\u00e7os personalizados e envio global a pre\u00e7os competitivos. Contacte-nos agora para obter uma amostra gr\u00e1tis!<\/p>\n<h2>Colher para mexer caf\u00e9 Atributos<\/h2>\n<p><strong>Nome da marca:<\/strong> Mcallen<br \/><strong>Material:<\/strong> A\u00e7o inoxid\u00e1vel<br \/><strong>Cor:<\/strong> Multicolor<br \/><strong>Conce\u00e7\u00e3o:<\/strong> Desenho de bast\u00e3o planet\u00e1rio<br \/><strong>Prazo de entrega da amostra:<\/strong> No prazo de 3 dias<br \/><strong>OEM\/ODM:<\/strong> Dispon\u00edvel<\/p>\n<h2>Colher para mexer caf\u00e9 personalizada:<\/h2>\n<p><strong>A\u00e7o inoxid\u00e1vel:<\/strong> A\u00e7o inoxid\u00e1vel 18\/10, 304, 316, 410, 430, 420<br \/><strong>Log\u00f3tipo:<\/strong> Grava\u00e7\u00e3o a laser, impress\u00e3o serigr\u00e1fica, impress\u00e3o UV, impress\u00e3o por transfer\u00eancia t\u00e9rmica, grava\u00e7\u00e3o em relevo, etc.<br \/><strong>Embalagem:<\/strong> 4\/8\/12\/16\/20\/24\/45\/48\/72pcs set<br \/><strong>Acabamentos de superf\u00edcie:<\/strong> Polido com espelho, mate, polido com \u00e1gua, revestimento de tit\u00e2nio<br \/><strong>Embalagem:<\/strong> A granel, saco opp, caixa de cor, caixa de oferta, personalizado<\/p>","protected":false},"featured_media":1685,"template":"","meta":[],"product_brand":[],"product_cat":[23,38],"product_tag":[],"class_list":{"0":"post-1678","1":"product","2":"type-product","3":"status-publish","4":"has-post-thumbnail","6":"product_cat-wholesale-flatware","7":"product_cat-stainless-steel-spoons-wholesale","9":"first","10":"instock","11":"shipping-taxable","12":"product-type-simple"},"_links":{"self":[{"href":"https:\/\/www.mcallenflatware.com\/pt\/wp-json\/wp\/v2\/product\/1678","targetHints":{"allow":["GET"]}}],"collection":[{"href":"https:\/\/www.mcallenflatware.com\/pt\/wp-json\/wp\/v2\/product"}],"about":[{"href":"https:\/\/www.mcallenflatware.com\/pt\/wp-json\/wp\/v2\/types\/product"}],"wp:featuredmedia":[{"embeddable":true,"href":"https:\/\/www.mcallenflatware.com\/pt\/wp-json\/wp\/v2\/media\/1685"}],"wp:attachment":[{"href":"https:\/\/www.mcallenflatware.com\/pt\/wp-json\/wp\/v2\/media?parent=1678"}],"wp:term":[{"taxonomy":"product_brand","embeddable":true,"href":"https:\/\/www.mcallenflatware.com\/pt\/wp-json\/wp\/v2\/product_brand?post=1678"},{"taxonomy":"product_cat","embeddable":true,"href":"https:\/\/www.mcallenflatware.com\/pt\/wp-json\/wp\/v2\/product_cat?post=1678"},{"taxonomy":"product_tag","embeddable":true,"href":"https:\/\/www.mcallenflatware.com\/pt\/wp-json\/wp\/v2\/product_tag?post=1678"}],"curies":[{"name":"wp","href":"https:\/\/api.w.org\/{rel}","templated":true}]}}