{"id":1757,"date":"2025-03-14T06:50:33","date_gmt":"2025-03-14T06:50:33","guid":{"rendered":"https:\/\/www.mcallenflatware.com\/?post_type=product&#038;p=1757"},"modified":"2025-03-15T02:43:45","modified_gmt":"2025-03-15T02:43:45","slug":"wholesale-childrens-cutlery","status":"publish","type":"product","link":"https:\/\/www.mcallenflatware.com\/pt\/product\/wholesale-childrens-cutlery\/","title":{"rendered":"Talheres para crian\u00e7as por atacado, talheres port\u00e1teis com cabo de silicone a granel"},"content":{"rendered":"<h2 class=\"wp-block-heading\">Talheres para crian\u00e7as Carater\u00edsticas:<\/h2>\n\n\n\n<div class=\"wp-block-columns is-layout-flex wp-container-core-columns-is-layout-9d6595d7 wp-block-columns-is-layout-flex\">\n<div class=\"wp-block-column is-layout-flow wp-block-column-is-layout-flow\" style=\"flex-basis:66.66%\">\n<p><strong>Material seguro:<\/strong> Fabricado em a\u00e7o inoxid\u00e1vel 304, \u00e9 resistente ao desgaste e pode ser utilizado durante muito tempo. A pega \u00e9 feita de silicone de qualidade alimentar, que \u00e9 seguro e n\u00e3o t\u00f3xico.<\/p>\n\n\n\n<p><strong>Design ergon\u00f3mico: <\/strong>O tamanho e a forma foram concebidos especificamente para as crian\u00e7as, e a pega de borracha \u00e9 antiderrapante, o que \u00e9 f\u00e1cil para as crian\u00e7as agarrarem e ajuda o beb\u00e9 a controlar melhor.<\/p>\n\n\n\n<p><strong>Borda redonda:<\/strong> O rebordo redondo \u00e9 polido para evitar arranhar o beb\u00e9.<\/p>\n\n\n\n<p><strong>Apar\u00eancia gira: <\/strong>Est\u00e3o dispon\u00edveis v\u00e1rias cores (laranja vibrante, verde, cor-de-rosa, etc.) para aumentar o interesse da refei\u00e7\u00e3o.<\/p>\n\n\n\n<p><strong>F\u00e1cil de limpar: <\/strong>A parte em a\u00e7o inoxid\u00e1vel brilhante \u00e9 lisa e n\u00e3o \u00e9 f\u00e1cil de manchar, podendo ser lavada na m\u00e1quina de lavar lou\u00e7a.<\/p>\n\n\n\n<p><strong>Com caixa de PVC port\u00e1til: <\/strong>Os talheres para crian\u00e7as com uma caixa de PVC transparente e uma combina\u00e7\u00e3o de faca, garfo e colher, adequados para campismo ao ar livre.<\/p>\n<\/div>\n\n\n\n<div class=\"wp-block-column is-layout-flow wp-block-column-is-layout-flow\" style=\"flex-basis:33.33%\">\n<figure class=\"wp-block-image size-full\"><img decoding=\"async\" src=\"https:\/\/www.mcallenflatware.com\/wp-content\/uploads\/2025\/03\/wholesale-childrens-cutlery-3.webp\" alt=\"talheres para crian\u00e7as por atacado\" class=\"wp-image-1780\"\/><\/figure>\n<\/div>\n<\/div>","protected":false},"excerpt":{"rendered":"<p>Os talheres para crian\u00e7as por grosso s\u00e3o feitos de material de qualidade alimentar e t\u00eam um cabo de silicone macio. Com cantos redondos e op\u00e7\u00f5es coloridas, atrai a aten\u00e7\u00e3o do beb\u00e9 e aumenta o interesse pela refei\u00e7\u00e3o. \u00c9 o servi\u00e7o de mesa para crian\u00e7as mais vendido. Bem-vindo a contactar-nos para encomendas a granel.<\/p>\n<h2>Atributos dos talheres para crian\u00e7as<\/h2>\n<p><strong>Nome da marca:<\/strong> Mcallen<br \/><strong>Material:<\/strong> A\u00e7o inoxid\u00e1vel<br \/><strong>Cor: <\/strong> Laranja, verde, cor-de-rosa<br \/><strong>Polimento:<\/strong> Espelho polido<br \/><strong>Conce\u00e7\u00e3o<\/strong><strong>:<\/strong> com uma pega de silicone<br \/><strong>Prazo de entrega da amostra:<\/strong> No prazo de 3 dias<br \/><strong>OEM\/ODM:<\/strong> Dispon\u00edvel<\/p>\n<h2>Talheres para crian\u00e7as personalizados:<\/h2>\n<p><strong>A\u00e7o inoxid\u00e1vel:<\/strong> A\u00e7o inoxid\u00e1vel 18\/10, 304, 316, 410, 430, 420<br \/><strong>Log\u00f3tipo:<\/strong> Grava\u00e7\u00e3o a laser, impress\u00e3o serigr\u00e1fica, impress\u00e3o UV, impress\u00e3o por transfer\u00eancia t\u00e9rmica, grava\u00e7\u00e3o em relevo, etc.<br \/><strong>Embalagem:<\/strong> 4\/8\/12\/16\/20\/24\/45\/48\/72pcs set<br \/><strong>Acabamentos de superf\u00edcie:<\/strong> Polido com espelho, mate, polido com \u00e1gua, revestimento de tit\u00e2nio<br \/><strong>Embalagem:<\/strong> A granel, saco opp, caixa de cor, caixa de oferta, personalizado<\/p>","protected":false},"featured_media":1788,"template":"","meta":[],"product_brand":[],"product_cat":[28,23],"product_tag":[],"class_list":{"0":"post-1757","1":"product","2":"type-product","3":"status-publish","4":"has-post-thumbnail","6":"product_cat-childrens-cutlery-set-wholesale","7":"product_cat-wholesale-flatware","9":"first","10":"instock","11":"shipping-taxable","12":"product-type-simple"},"_links":{"self":[{"href":"https:\/\/www.mcallenflatware.com\/pt\/wp-json\/wp\/v2\/product\/1757","targetHints":{"allow":["GET"]}}],"collection":[{"href":"https:\/\/www.mcallenflatware.com\/pt\/wp-json\/wp\/v2\/product"}],"about":[{"href":"https:\/\/www.mcallenflatware.com\/pt\/wp-json\/wp\/v2\/types\/product"}],"wp:featuredmedia":[{"embeddable":true,"href":"https:\/\/www.mcallenflatware.com\/pt\/wp-json\/wp\/v2\/media\/1788"}],"wp:attachment":[{"href":"https:\/\/www.mcallenflatware.com\/pt\/wp-json\/wp\/v2\/media?parent=1757"}],"wp:term":[{"taxonomy":"product_brand","embeddable":true,"href":"https:\/\/www.mcallenflatware.com\/pt\/wp-json\/wp\/v2\/product_brand?post=1757"},{"taxonomy":"product_cat","embeddable":true,"href":"https:\/\/www.mcallenflatware.com\/pt\/wp-json\/wp\/v2\/product_cat?post=1757"},{"taxonomy":"product_tag","embeddable":true,"href":"https:\/\/www.mcallenflatware.com\/pt\/wp-json\/wp\/v2\/product_tag?post=1757"}],"curies":[{"name":"wp","href":"https:\/\/api.w.org\/{rel}","templated":true}]}}