{"id":1763,"date":"2025-03-14T08:29:35","date_gmt":"2025-03-14T08:29:35","guid":{"rendered":"https:\/\/www.mcallenflatware.com\/?post_type=product&#038;p=1763"},"modified":"2025-03-14T12:06:12","modified_gmt":"2025-03-14T12:06:12","slug":"wholesale-kids-cutlery-2","status":"publish","type":"product","link":"https:\/\/www.mcallenflatware.com\/pt\/product\/wholesale-kids-cutlery-2\/","title":{"rendered":"Talheres para crian\u00e7as por atacado com cabo de silicone, facas, garfos, colheres a granel"},"content":{"rendered":"<h2 class=\"wp-block-heading\">Talheres para crian\u00e7as Carater\u00edsticas:<\/h2>\n\n\n\n<div class=\"wp-block-columns is-layout-flex wp-container-core-columns-is-layout-9d6595d7 wp-block-columns-is-layout-flex\">\n<div class=\"wp-block-column is-layout-flow wp-block-column-is-layout-flow\" style=\"flex-basis:66.66%\">\n<p><strong>A\u00e7o inoxid\u00e1vel de alta qualidade<\/strong>: Fabricado em a\u00e7o inoxid\u00e1vel 316 de qualidade alimentar, \u00e9 frequentemente utilizado em utens\u00edlios de cozinha topo de gama, seguro e saud\u00e1vel para as crian\u00e7as.<\/p>\n\n\n\n<p><strong>Pega de silicone<\/strong>: A pega \u00e9 feita de silicone macio de qualidade alimentar, confort\u00e1vel, antiderrapante e f\u00e1cil de segurar, leve e f\u00e1cil de utilizar.<\/p>\n\n\n\n<p><strong>Design de arestas arredondadas<\/strong>: Os bordos dos talheres para crian\u00e7as s\u00e3o suaves e arredondados para evitar arranh\u00f5es nas bocas e m\u00e3os delicadas das crian\u00e7as.<\/p>\n\n\n\n<p><strong>F\u00e1cil de limpar:<\/strong> O cabrito \u00e9 resistente a altas temperaturas e \u00e0 corros\u00e3o, podendo ser diretamente colocado na m\u00e1quina de lavar lou\u00e7a. A pega de silicone n\u00e3o \u00e9 f\u00e1cil de criar bact\u00e9rias.<\/p>\n\n\n\n<p><strong>Cores ricas:<\/strong> A pega de silicone fornece uma variedade de servi\u00e7os de personaliza\u00e7\u00e3o de cores brilhantes, suporta diferentes cores para satisfazer as diversas necessidades.<\/p>\n\n\n\n<p><strong>Port\u00e1til e pr\u00e1tico:<\/strong> O peso de uma \u00fanica pe\u00e7a de servi\u00e7o de mesa \u00e9 \u226450g, o que est\u00e1 de acordo com a gama de peso dos pulsos das crian\u00e7as. O conjunto de talheres para crian\u00e7as \u00e9 pequeno e port\u00e1til.<\/p>\n<\/div>\n\n\n\n<div class=\"wp-block-column is-layout-flow wp-block-column-is-layout-flow\" style=\"flex-basis:33.33%\"><div class=\"wp-block-image\">\n<figure class=\"aligncenter size-full\"><img decoding=\"async\" width=\"1200\" height=\"1657\" src=\"https:\/\/www.mcallenflatware.com\/wp-content\/uploads\/2025\/03\/wholesale-kids-cutlery-316-stainless-steel.webp\" alt=\"talheres para crian\u00e7as\" class=\"wp-image-1766\" style=\"object-fit:cover\" srcset=\"https:\/\/www.mcallenflatware.com\/wp-content\/uploads\/2025\/03\/wholesale-kids-cutlery-316-stainless-steel.webp 1200w, https:\/\/www.mcallenflatware.com\/wp-content\/uploads\/2025\/03\/wholesale-kids-cutlery-316-stainless-steel-768x1060.webp 768w, https:\/\/www.mcallenflatware.com\/wp-content\/uploads\/2025\/03\/wholesale-kids-cutlery-316-stainless-steel-9x12.webp 9w, https:\/\/www.mcallenflatware.com\/wp-content\/uploads\/2025\/03\/wholesale-kids-cutlery-316-stainless-steel-600x829.webp 600w\" sizes=\"(max-width: 1200px) 100vw, 1200px\" \/><\/figure>\n<\/div><\/div>\n<\/div>","protected":false},"excerpt":{"rendered":"<p>Bem-vindo \u00e0 personaliza\u00e7\u00e3o e venda por grosso de talheres para crian\u00e7as, o cabo de silicone \u00e9 seguro e macio para as crian\u00e7as usarem, com cores bonitas e um design pr\u00e1tico. \u00c9 a escolha ideal para o mercado de talheres infantis! Pre\u00e7o de f\u00e1brica, suporte \u00e0s vendas na Amazon, entre em contato conosco para consulta gratuita!<\/p>\n<h2>Atributos dos talheres para crian\u00e7as<\/h2>\n<p><strong>Nome da marca:<\/strong> Mcallen<br \/><strong>Material:<\/strong> A\u00e7o inoxid\u00e1vel<br \/><strong>Cor: <\/strong> Laranja, Verde<br \/><strong>Polimento:<\/strong> Espelho polido<br \/><strong>Conce\u00e7\u00e3o<\/strong><strong>:<\/strong> com pega de silicone<br \/><strong>Prazo de entrega da amostra:<\/strong> No prazo de 3 dias<br \/><strong>OEM\/ODM:<\/strong> Dispon\u00edvel<\/p>\n<h2>Talheres personalizados para crian\u00e7as:<\/h2>\n<p><strong>A\u00e7o inoxid\u00e1vel:<\/strong> A\u00e7o inoxid\u00e1vel 18\/10, 304, 316, 410, 430, 420<br \/><strong>Log\u00f3tipo:<\/strong> Grava\u00e7\u00e3o a laser, impress\u00e3o serigr\u00e1fica, impress\u00e3o UV, impress\u00e3o por transfer\u00eancia t\u00e9rmica, grava\u00e7\u00e3o em relevo, etc.<br \/><strong>Embalagem:<\/strong> 4\/8\/12\/16\/20\/24\/45\/48\/72pcs set<br \/><strong>Acabamentos de superf\u00edcie:<\/strong> Polido com espelho, mate, polido com \u00e1gua, revestimento de tit\u00e2nio<br \/><strong>Embalagem:<\/strong> A granel, saco opp, caixa de cor, caixa de oferta, personalizado<\/p>","protected":false},"featured_media":1765,"template":"","meta":[],"product_brand":[],"product_cat":[23,28],"product_tag":[],"class_list":{"0":"post-1763","1":"product","2":"type-product","3":"status-publish","4":"has-post-thumbnail","6":"product_cat-wholesale-flatware","7":"product_cat-childrens-cutlery-set-wholesale","9":"first","10":"instock","11":"shipping-taxable","12":"product-type-simple"},"_links":{"self":[{"href":"https:\/\/www.mcallenflatware.com\/pt\/wp-json\/wp\/v2\/product\/1763","targetHints":{"allow":["GET"]}}],"collection":[{"href":"https:\/\/www.mcallenflatware.com\/pt\/wp-json\/wp\/v2\/product"}],"about":[{"href":"https:\/\/www.mcallenflatware.com\/pt\/wp-json\/wp\/v2\/types\/product"}],"wp:featuredmedia":[{"embeddable":true,"href":"https:\/\/www.mcallenflatware.com\/pt\/wp-json\/wp\/v2\/media\/1765"}],"wp:attachment":[{"href":"https:\/\/www.mcallenflatware.com\/pt\/wp-json\/wp\/v2\/media?parent=1763"}],"wp:term":[{"taxonomy":"product_brand","embeddable":true,"href":"https:\/\/www.mcallenflatware.com\/pt\/wp-json\/wp\/v2\/product_brand?post=1763"},{"taxonomy":"product_cat","embeddable":true,"href":"https:\/\/www.mcallenflatware.com\/pt\/wp-json\/wp\/v2\/product_cat?post=1763"},{"taxonomy":"product_tag","embeddable":true,"href":"https:\/\/www.mcallenflatware.com\/pt\/wp-json\/wp\/v2\/product_tag?post=1763"}],"curies":[{"name":"wp","href":"https:\/\/api.w.org\/{rel}","templated":true}]}}