{"id":1768,"date":"2025-09-24T10:26:25","date_gmt":"2025-09-24T10:26:25","guid":{"rendered":"https:\/\/www.mcallenflatware.com\/?post_type=product&#038;p=1768"},"modified":"2025-09-24T10:39:33","modified_gmt":"2025-09-24T10:39:33","slug":"wholesale-hammered-flatware","status":"publish","type":"product","link":"https:\/\/www.mcallenflatware.com\/pt\/product\/wholesale-hammered-flatware\/","title":{"rendered":"Talheres martelados por atacado, Conjunto de talheres de ouro e prata a granel"},"content":{"rendered":"<div class=\"wp-block-columns is-layout-flex wp-container-core-columns-is-layout-9d6595d7 wp-block-columns-is-layout-flex\">\n<div class=\"wp-block-column is-layout-flow wp-block-column-is-layout-flow\">\n<h2 class=\"wp-block-heading\">Talheres martelados Carater\u00edsticas:<\/h2>\n\n\n\n<p><strong>A\u00e7o inoxid\u00e1vel de alta qualidade<\/strong>: Feito de a\u00e7o inoxid\u00e1vel 304\/316 de qualidade alimentar, seguro e n\u00e3o t\u00f3xico, \u00e0 prova de ferrugem e resistente \u00e0 corros\u00e3o, design espesso, robusto e dur\u00e1vel.<\/p>\n\n\n\n<p><strong>Desenho de padr\u00e3o de martelo<\/strong>: O design exclusivo do padr\u00e3o de martelo combina os estilos moderno e retro para melhorar a textura e a sensa\u00e7\u00e3o, \u00e9 elegante e bonito e melhora o grau e o prazer visual da mesa de jantar.<\/p>\n\n\n\n<p><strong>Design antiderrapante<\/strong>: A superf\u00edcie com padr\u00e3o de martelo proporciona uma melhor ader\u00eancia, anti-derrapante e anti-queda, e \u00e9 mais conveniente de utilizar.<\/p>\n\n\n\n<p><strong>Design ergon\u00f3mico<\/strong>: Peso moderado, design ergon\u00f3mico, bordos lisos sem riscar, confort\u00e1vel de segurar.<\/p>\n\n\n\n<p><strong>V\u00e1rias op\u00e7\u00f5es de cores<\/strong>: H\u00e1 uma variedade de cores, como ouro e prata, para escolher, e a personaliza\u00e7\u00e3o de cores \u00e9 suportada.<\/p>\n<\/div>\n\n\n\n<div class=\"wp-block-column is-layout-flow wp-block-column-is-layout-flow\"><div class=\"wp-block-image\">\n<figure class=\"aligncenter size-full\"><img decoding=\"async\" width=\"800\" height=\"800\" src=\"https:\/\/www.mcallenflatware.com\/wp-content\/uploads\/2025\/03\/wholesale-hammered-flatware-3.webp\" alt=\"talheres martelados por atacado 3\" class=\"wp-image-1772\" style=\"object-fit:cover\" srcset=\"https:\/\/www.mcallenflatware.com\/wp-content\/uploads\/2025\/03\/wholesale-hammered-flatware-3.webp 800w, https:\/\/www.mcallenflatware.com\/wp-content\/uploads\/2025\/03\/wholesale-hammered-flatware-3-150x150.webp 150w, https:\/\/www.mcallenflatware.com\/wp-content\/uploads\/2025\/03\/wholesale-hammered-flatware-3-768x768.webp 768w, https:\/\/www.mcallenflatware.com\/wp-content\/uploads\/2025\/03\/wholesale-hammered-flatware-3-12x12.webp 12w, https:\/\/www.mcallenflatware.com\/wp-content\/uploads\/2025\/03\/wholesale-hammered-flatware-3-600x600.webp 600w, https:\/\/www.mcallenflatware.com\/wp-content\/uploads\/2025\/03\/wholesale-hammered-flatware-3-300x300.webp 300w, https:\/\/www.mcallenflatware.com\/wp-content\/uploads\/2025\/03\/wholesale-hammered-flatware-3-100x100.webp 100w\" sizes=\"(max-width: 800px) 100vw, 800px\" \/><\/figure>\n<\/div><\/div>\n<\/div>\n\n\n\n<div class=\"wp-block-columns is-layout-flex wp-container-core-columns-is-layout-9d6595d7 wp-block-columns-is-layout-flex\">\n<div class=\"wp-block-column is-layout-flow wp-block-column-is-layout-flow\"><\/div>\n\n\n\n<div class=\"wp-block-column is-layout-flow wp-block-column-is-layout-flow\"><\/div>\n<\/div>","protected":false},"excerpt":{"rendered":"<p>Os nossos talheres martelados por atacado s\u00e3o feitos de a\u00e7o inoxid\u00e1vel de alta qualidade, e o design exclusivo aumenta o apelo visual e a experi\u00eancia do utilizador. Fabrica\u00e7\u00e3o de alta qualidade, descontos de personaliza\u00e7\u00e3o em massa! Bem-vindo a contactar-nos para obter a melhor solu\u00e7\u00e3o!<\/p>\n<h2>Talheres martelados Atributos<\/h2>\n<p><strong>Nome da marca:<\/strong> Mcallen<br \/><strong>Material:<\/strong> A\u00e7o inoxid\u00e1vel<br \/><strong>Cor:<\/strong> Ouro, Prata<br \/><strong>Conce\u00e7\u00e3o:<\/strong> Design martelado<br \/><strong>Prazo de entrega da amostra:<\/strong> No prazo de 3 dias<br \/><strong>OEM\/ODM:<\/strong> Dispon\u00edvel<\/p>\n<h2>Talheres martelados personalizados:<\/h2>\n<p><strong>A\u00e7o inoxid\u00e1vel:<\/strong> A\u00e7o inoxid\u00e1vel 18\/10, 304, 316, 410, 430, 420<br \/><strong>Log\u00f3tipo:<\/strong> Grava\u00e7\u00e3o a laser, impress\u00e3o serigr\u00e1fica, impress\u00e3o UV, impress\u00e3o por transfer\u00eancia t\u00e9rmica, grava\u00e7\u00e3o em relevo, etc.<br \/><strong>Embalagem:<\/strong> 4\/8\/12\/16\/20\/24\/45\/48\/72pcs set<br \/><strong>Acabamentos de superf\u00edcie:<\/strong> Polido com espelho, mate, polido com \u00e1gua, revestimento de tit\u00e2nio<br \/><strong>Embalagem:<\/strong> A granel, saco opp, caixa de cor, caixa de oferta, personalizado<\/p>","protected":false},"featured_media":1770,"template":"","meta":[],"product_brand":[],"product_cat":[23,29],"product_tag":[],"class_list":{"0":"post-1768","1":"product","2":"type-product","3":"status-publish","4":"has-post-thumbnail","6":"product_cat-wholesale-flatware","7":"product_cat-bulk-flatware","9":"first","10":"instock","11":"shipping-taxable","12":"product-type-simple"},"_links":{"self":[{"href":"https:\/\/www.mcallenflatware.com\/pt\/wp-json\/wp\/v2\/product\/1768","targetHints":{"allow":["GET"]}}],"collection":[{"href":"https:\/\/www.mcallenflatware.com\/pt\/wp-json\/wp\/v2\/product"}],"about":[{"href":"https:\/\/www.mcallenflatware.com\/pt\/wp-json\/wp\/v2\/types\/product"}],"wp:featuredmedia":[{"embeddable":true,"href":"https:\/\/www.mcallenflatware.com\/pt\/wp-json\/wp\/v2\/media\/1770"}],"wp:attachment":[{"href":"https:\/\/www.mcallenflatware.com\/pt\/wp-json\/wp\/v2\/media?parent=1768"}],"wp:term":[{"taxonomy":"product_brand","embeddable":true,"href":"https:\/\/www.mcallenflatware.com\/pt\/wp-json\/wp\/v2\/product_brand?post=1768"},{"taxonomy":"product_cat","embeddable":true,"href":"https:\/\/www.mcallenflatware.com\/pt\/wp-json\/wp\/v2\/product_cat?post=1768"},{"taxonomy":"product_tag","embeddable":true,"href":"https:\/\/www.mcallenflatware.com\/pt\/wp-json\/wp\/v2\/product_tag?post=1768"}],"curies":[{"name":"wp","href":"https:\/\/api.w.org\/{rel}","templated":true}]}}