{"id":1797,"date":"2025-03-20T01:33:53","date_gmt":"2025-03-20T01:33:53","guid":{"rendered":"https:\/\/www.mcallenflatware.com\/?post_type=product&#038;p=1797"},"modified":"2025-03-26T08:30:51","modified_gmt":"2025-03-26T08:30:51","slug":"custom-square-handle-flatware","status":"publish","type":"product","link":"https:\/\/www.mcallenflatware.com\/pt\/product\/custom-square-handle-flatware\/","title":{"rendered":"Talheres de cabo quadrado personalizados, talheres de ouro a granel"},"content":{"rendered":"<div class=\"wp-block-columns is-layout-flex wp-container-core-columns-is-layout-9d6595d7 wp-block-columns-is-layout-flex\">\n<div class=\"wp-block-column is-layout-flow wp-block-column-is-layout-flow\">\n<h2 class=\"wp-block-heading\">Talheres de cabo quadrado Carater\u00edsticas:<\/h2>\n\n\n\n<p><strong>Material de alta qualidade:<\/strong> Feito de a\u00e7o inoxid\u00e1vel de qualidade alimentar, \u00e0 prova de ferrugem e resistente \u00e0 corros\u00e3o, duradouro e dur\u00e1vel.<\/p>\n\n\n\n<p><strong>Revestimento dourado de luxo:<\/strong> Utilizando a tecnologia de revestimento a v\u00e1cuo, a cor \u00e9 uniforme e duradoura, resistente a riscos e ao desgaste.<\/p>\n\n\n\n<p><strong>Design de pega quadrada: <\/strong>Design de pega quadrada, simples e elegante, confort\u00e1vel de segurar.<\/p>\n\n\n\n<p><strong>Polimento de espelhos: <\/strong>A superf\u00edcie \u00e9 lisa e brilhante, f\u00e1cil de limpar, apresentando uma textura de alta qualidade.<\/p>\n\n\n\n<p><strong>V\u00e1rias op\u00e7\u00f5es de cores: <\/strong>Oferecendo ouro cl\u00e1ssico e prata, preto, ouro rosa elegante e v\u00e1rias cores, cores mais personalizadas s\u00e3o bem-vindas para serem personalizadas.<\/p>\n<\/div>\n\n\n\n<div class=\"wp-block-column is-layout-flow wp-block-column-is-layout-flow\"><div class=\"wp-block-image\">\n<figure class=\"aligncenter size-full\"><img decoding=\"async\" width=\"800\" height=\"800\" src=\"https:\/\/www.mcallenflatware.com\/wp-content\/uploads\/2025\/03\/Square-handle-flatware-bulk-2.webp\" alt=\"Talheres de cabo quadrado a granel (2)\" class=\"wp-image-1800\" style=\"aspect-ratio:1;object-fit:cover\" srcset=\"https:\/\/www.mcallenflatware.com\/wp-content\/uploads\/2025\/03\/Square-handle-flatware-bulk-2.webp 800w, https:\/\/www.mcallenflatware.com\/wp-content\/uploads\/2025\/03\/Square-handle-flatware-bulk-2-150x150.webp 150w, https:\/\/www.mcallenflatware.com\/wp-content\/uploads\/2025\/03\/Square-handle-flatware-bulk-2-768x768.webp 768w, https:\/\/www.mcallenflatware.com\/wp-content\/uploads\/2025\/03\/Square-handle-flatware-bulk-2-12x12.webp 12w, https:\/\/www.mcallenflatware.com\/wp-content\/uploads\/2025\/03\/Square-handle-flatware-bulk-2-600x600.webp 600w, https:\/\/www.mcallenflatware.com\/wp-content\/uploads\/2025\/03\/Square-handle-flatware-bulk-2-300x300.webp 300w, https:\/\/www.mcallenflatware.com\/wp-content\/uploads\/2025\/03\/Square-handle-flatware-bulk-2-100x100.webp 100w\" sizes=\"(max-width: 800px) 100vw, 800px\" \/><\/figure>\n<\/div><\/div>\n<\/div>","protected":false},"excerpt":{"rendered":"<p>Bem-vindo aos talheres de cabo quadrado personalizados e por atacado, feitos de a\u00e7o inoxid\u00e1vel de alta qualidade, com v\u00e1rias cores e apar\u00eancia mate moderna. Vendas diretas da f\u00e1brica, apoio OEM&amp;ODM! contacte-nos hoje para obter a melhor solu\u00e7\u00e3o!<\/p>\n<h2>Talheres de cabo quadrado Atributos:<\/h2>\n<p><strong>Nome da marca:<\/strong> Mcallen<br \/><strong>Material:<\/strong> A\u00e7o inoxid\u00e1vel<br \/><strong>Cor:<\/strong> Ouro, prata, preto, ouro rosa, cor de arco-\u00edris<br \/><strong>Conce\u00e7\u00e3o:<\/strong> Pega quadrada<br \/><strong>Prazo de entrega da amostra:<\/strong> No prazo de 3 dias<br \/><strong>OEM\/ODM:<\/strong> Dispon\u00edvel<\/p>\n<h2>Talheres de cabo quadrado personalizados<\/h2>\n<p><strong>A\u00e7o inoxid\u00e1vel:<\/strong> A\u00e7o inoxid\u00e1vel 18\/10, 304, 316, 410, 430, 420<br \/><strong>Log\u00f3tipo:<\/strong> Grava\u00e7\u00e3o a laser, impress\u00e3o serigr\u00e1fica, impress\u00e3o UV, impress\u00e3o por transfer\u00eancia t\u00e9rmica, grava\u00e7\u00e3o em relevo, etc.<br \/><strong>Embalagem:<\/strong> 4\/8\/12\/16\/20\/24\/45\/48\/72pcs set<br \/><strong>Acabamentos de superf\u00edcie:<\/strong> Polido com espelho, mate, polido com \u00e1gua, revestimento de tit\u00e2nio<br \/><strong>Embalagem:<\/strong> A granel, saco opp, caixa de cor, caixa de oferta, personalizado<\/p>","protected":false},"featured_media":1800,"template":"","meta":[],"product_brand":[],"product_cat":[23,29],"product_tag":[],"class_list":{"0":"post-1797","1":"product","2":"type-product","3":"status-publish","4":"has-post-thumbnail","6":"product_cat-wholesale-flatware","7":"product_cat-bulk-flatware","9":"first","10":"instock","11":"shipping-taxable","12":"product-type-simple"},"_links":{"self":[{"href":"https:\/\/www.mcallenflatware.com\/pt\/wp-json\/wp\/v2\/product\/1797","targetHints":{"allow":["GET"]}}],"collection":[{"href":"https:\/\/www.mcallenflatware.com\/pt\/wp-json\/wp\/v2\/product"}],"about":[{"href":"https:\/\/www.mcallenflatware.com\/pt\/wp-json\/wp\/v2\/types\/product"}],"wp:featuredmedia":[{"embeddable":true,"href":"https:\/\/www.mcallenflatware.com\/pt\/wp-json\/wp\/v2\/media\/1800"}],"wp:attachment":[{"href":"https:\/\/www.mcallenflatware.com\/pt\/wp-json\/wp\/v2\/media?parent=1797"}],"wp:term":[{"taxonomy":"product_brand","embeddable":true,"href":"https:\/\/www.mcallenflatware.com\/pt\/wp-json\/wp\/v2\/product_brand?post=1797"},{"taxonomy":"product_cat","embeddable":true,"href":"https:\/\/www.mcallenflatware.com\/pt\/wp-json\/wp\/v2\/product_cat?post=1797"},{"taxonomy":"product_tag","embeddable":true,"href":"https:\/\/www.mcallenflatware.com\/pt\/wp-json\/wp\/v2\/product_tag?post=1797"}],"curies":[{"name":"wp","href":"https:\/\/api.w.org\/{rel}","templated":true}]}}