{"id":1829,"date":"2025-03-26T08:24:09","date_gmt":"2025-03-26T08:24:09","guid":{"rendered":"https:\/\/www.mcallenflatware.com\/?post_type=product&#038;p=1829"},"modified":"2025-04-10T11:21:27","modified_gmt":"2025-04-10T11:21:27","slug":"bulk-flatware-for-wedding","status":"publish","type":"product","link":"https:\/\/www.mcallenflatware.com\/pt\/product\/bulk-flatware-for-wedding\/","title":{"rendered":"Faqueiro a granel para casamento, conjuntos de talheres de ouro e prata personalizados"},"content":{"rendered":"<div class=\"wp-block-columns is-layout-flex wp-container-core-columns-is-layout-9d6595d7 wp-block-columns-is-layout-flex\">\n<div class=\"wp-block-column is-layout-flow wp-block-column-is-layout-flow\">\n<h2 class=\"wp-block-heading\">Carater\u00edsticas dos talheres para casamento:<\/h2>\n\n\n\n<p><strong>Material em a\u00e7o inoxid\u00e1vel: <\/strong>Fabricado em a\u00e7o inoxid\u00e1vel de alta qualidade, seguro e n\u00e3o t\u00f3xico, pode ser utilizado a longo prazo como novo.<\/p>\n\n\n\n<p><strong>Polimento requintado:<\/strong> Cada pe\u00e7a de talher \u00e9 finamente polida, com uma superf\u00edcie lisa e arestas afiadas para garantir uma experi\u00eancia de corte.<\/p>\n\n\n\n<p><strong>Design moderno e minimalista: <\/strong>Linhas elegantes e bonitas, design minimalista brilhante, toque suave, acrescentando eleg\u00e2ncia e modernidade \u00e0 mesa, adequado para casamentos, restaurantes, etc.<\/p>\n\n\n\n<p><strong>Pega ergon\u00f3mica:<\/strong> O design da pega est\u00e1 em conformidade com os princ\u00edpios da ergonomia, \u00e9 confort\u00e1vel de segurar e f\u00e1cil de utilizar.<\/p>\n\n\n\n<p><strong>Servi\u00e7os de personaliza\u00e7\u00e3o diversificados: <\/strong>Apoiamos os servi\u00e7os OEM&amp;ODM e podemos conceber estilos espec\u00edficos, grava\u00e7\u00f5es, log\u00f3tipos de marcas, etc., de acordo com as necessidades do cliente.<\/p>\n<\/div>\n\n\n\n<div class=\"wp-block-column is-layout-flow wp-block-column-is-layout-flow\"><div class=\"wp-block-image\">\n<figure class=\"aligncenter size-full\"><img decoding=\"async\" width=\"1200\" height=\"1200\" src=\"https:\/\/www.mcallenflatware.com\/wp-content\/uploads\/2025\/03\/bulk-flatware-for-wedding\uff0cconjuntos de talheres em a\u00e7o inoxid\u00e1vel-prata-personalizados-1.webp\" alt=\"talheres a granel para casamento, conjuntos de talheres de prata em a\u00e7o inoxid\u00e1vel personalizados (1)\" class=\"wp-image-1835\" style=\"object-fit:cover\" srcset=\"\" sizes=\"(max-width: 1200px) 100vw, 1200px\" data-srcset=\"\" \/><\/figure>\n<\/div><\/div>\n<\/div>\n\n\n\n<div class=\"wp-block-columns is-layout-flex wp-container-core-columns-is-layout-9d6595d7 wp-block-columns-is-layout-flex\">\n<div class=\"wp-block-column is-layout-flow wp-block-column-is-layout-flow\">\n<figure class=\"wp-block-image size-full\"><img decoding=\"async\" width=\"800\" height=\"800\" src=\"https:\/\/www.mcallenflatware.com\/wp-content\/uploads\/2025\/04\/bulk-flatware-for-wedding\uff0c-stainless-steel-silver-cutlery-sets-custom-7.webp\" alt=\"talheres a granel para casamento, conjuntos de talheres de prata em a\u00e7o inoxid\u00e1vel personalizados (7)\" class=\"wp-image-1947\" srcset=\"https:\/\/www.mcallenflatware.com\/wp-content\/uploads\/2025\/04\/bulk-flatware-for-wedding\uff0c-stainless-steel-silver-cutlery-sets-custom-7.webp 800w, https:\/\/www.mcallenflatware.com\/wp-content\/uploads\/2025\/04\/bulk-flatware-for-wedding\uff0c-stainless-steel-silver-cutlery-sets-custom-7-150x150.webp 150w, https:\/\/www.mcallenflatware.com\/wp-content\/uploads\/2025\/04\/bulk-flatware-for-wedding\uff0c-stainless-steel-silver-cutlery-sets-custom-7-768x768.webp 768w, https:\/\/www.mcallenflatware.com\/wp-content\/uploads\/2025\/04\/bulk-flatware-for-wedding\uff0c-stainless-steel-silver-cutlery-sets-custom-7-12x12.webp 12w, https:\/\/www.mcallenflatware.com\/wp-content\/uploads\/2025\/04\/bulk-flatware-for-wedding\uff0c-stainless-steel-silver-cutlery-sets-custom-7-600x600.webp 600w, https:\/\/www.mcallenflatware.com\/wp-content\/uploads\/2025\/04\/bulk-flatware-for-wedding\uff0c-stainless-steel-silver-cutlery-sets-custom-7-300x300.webp 300w, https:\/\/www.mcallenflatware.com\/wp-content\/uploads\/2025\/04\/bulk-flatware-for-wedding\uff0c-stainless-steel-silver-cutlery-sets-custom-7-100x100.webp 100w\" sizes=\"(max-width: 800px) 100vw, 800px\" \/><\/figure>\n<\/div>\n\n\n\n<div class=\"wp-block-column is-layout-flow wp-block-column-is-layout-flow\">\n<figure class=\"wp-block-image size-full\"><img decoding=\"async\" width=\"800\" height=\"800\" src=\"https:\/\/www.mcallenflatware.com\/wp-content\/uploads\/2025\/04\/bulk-flatware-for-wedding\uff0c-stainless-steel-silver-cutlery-sets-custom-5.webp\" alt=\"talheres a granel para casamento, conjuntos de talheres de prata em a\u00e7o inoxid\u00e1vel personalizados (5)\" class=\"wp-image-1946\" srcset=\"https:\/\/www.mcallenflatware.com\/wp-content\/uploads\/2025\/04\/bulk-flatware-for-wedding\uff0c-stainless-steel-silver-cutlery-sets-custom-5.webp 800w, https:\/\/www.mcallenflatware.com\/wp-content\/uploads\/2025\/04\/bulk-flatware-for-wedding\uff0c-stainless-steel-silver-cutlery-sets-custom-5-150x150.webp 150w, https:\/\/www.mcallenflatware.com\/wp-content\/uploads\/2025\/04\/bulk-flatware-for-wedding\uff0c-stainless-steel-silver-cutlery-sets-custom-5-768x768.webp 768w, https:\/\/www.mcallenflatware.com\/wp-content\/uploads\/2025\/04\/bulk-flatware-for-wedding\uff0c-stainless-steel-silver-cutlery-sets-custom-5-12x12.webp 12w, https:\/\/www.mcallenflatware.com\/wp-content\/uploads\/2025\/04\/bulk-flatware-for-wedding\uff0c-stainless-steel-silver-cutlery-sets-custom-5-600x600.webp 600w, https:\/\/www.mcallenflatware.com\/wp-content\/uploads\/2025\/04\/bulk-flatware-for-wedding\uff0c-stainless-steel-silver-cutlery-sets-custom-5-300x300.webp 300w, https:\/\/www.mcallenflatware.com\/wp-content\/uploads\/2025\/04\/bulk-flatware-for-wedding\uff0c-stainless-steel-silver-cutlery-sets-custom-5-100x100.webp 100w\" sizes=\"(max-width: 800px) 100vw, 800px\" \/><\/figure>\n<\/div>\n\n\n\n<div class=\"wp-block-column is-layout-flow wp-block-column-is-layout-flow\">\n<figure class=\"wp-block-image size-full\"><img decoding=\"async\" width=\"800\" height=\"800\" src=\"https:\/\/www.mcallenflatware.com\/wp-content\/uploads\/2025\/04\/bulk-flatware-for-wedding\uff0c-stainless-steel-silver-cutlery-sets-custom-6.webp\" alt=\"talheres a granel para casamento, conjuntos de talheres de prata em a\u00e7o inoxid\u00e1vel personalizados (6)\" class=\"wp-image-1941\" srcset=\"https:\/\/www.mcallenflatware.com\/wp-content\/uploads\/2025\/04\/bulk-flatware-for-wedding\uff0c-stainless-steel-silver-cutlery-sets-custom-6.webp 800w, https:\/\/www.mcallenflatware.com\/wp-content\/uploads\/2025\/04\/bulk-flatware-for-wedding\uff0c-stainless-steel-silver-cutlery-sets-custom-6-150x150.webp 150w, https:\/\/www.mcallenflatware.com\/wp-content\/uploads\/2025\/04\/bulk-flatware-for-wedding\uff0c-stainless-steel-silver-cutlery-sets-custom-6-768x768.webp 768w, https:\/\/www.mcallenflatware.com\/wp-content\/uploads\/2025\/04\/bulk-flatware-for-wedding\uff0c-stainless-steel-silver-cutlery-sets-custom-6-12x12.webp 12w, https:\/\/www.mcallenflatware.com\/wp-content\/uploads\/2025\/04\/bulk-flatware-for-wedding\uff0c-stainless-steel-silver-cutlery-sets-custom-6-600x600.webp 600w, https:\/\/www.mcallenflatware.com\/wp-content\/uploads\/2025\/04\/bulk-flatware-for-wedding\uff0c-stainless-steel-silver-cutlery-sets-custom-6-300x300.webp 300w, https:\/\/www.mcallenflatware.com\/wp-content\/uploads\/2025\/04\/bulk-flatware-for-wedding\uff0c-stainless-steel-silver-cutlery-sets-custom-6-100x100.webp 100w\" sizes=\"(max-width: 800px) 100vw, 800px\" \/><\/figure>\n<\/div>\n<\/div>","protected":false},"excerpt":{"rendered":"<p>Talheres a granel para casamentos, fabricados em a\u00e7o inoxid\u00e1vel de alta qualidade, com uma superf\u00edcie lisa e brilhante e um design moderno e minimalista. \u00c9 adequado para casamentos, jantares di\u00e1rios, restaurantes de hotel e quaisquer ocasi\u00f5es. Apoiamos o conjunto de talheres personalizado e est\u00e1vel e o fornecimento a granel, por favor contacte-nos para uma cota\u00e7\u00e3o!<\/p>\n<h2 id=\"block-792b966c-c506-49fa-b3c8-9881ee38a4f5\" class=\"block-editor-rich-text__editable block-editor-block-list__block wp-block is-selected wp-block-heading rich-text\" role=\"document\" contenteditable=\"true\" aria-multiline=\"true\" aria-label=\"Bloco: T\u00edtulo\" data-block=\"792b966c-c506-49fa-b3c8-9881ee38a4f5\" data-type=\"core\/heading\" data-title=\"Heading\" data-wp-block-attribute-key=\"content\">Atributos dos talheres para casamento:<\/h2>\n<p><strong>Nome da marca:<\/strong> Mcallen<br \/><strong>Material:<\/strong> A\u00e7o inoxid\u00e1vel<br \/><strong>Cor:<\/strong>\u00a0 Prata, Ouro<br \/><strong>Conce\u00e7\u00e3o:<\/strong> Espelho polido<br \/><strong>Prazo de entrega da amostra:<\/strong> No prazo de 3 dias<br \/><strong>OEM\/ODM:<\/strong> Dispon\u00edvel<\/p>\n<h2>Conjuntos de talheres personalizados em a\u00e7o inoxid\u00e1vel:<\/h2>\n<p><strong>A\u00e7o inoxid\u00e1vel:<\/strong> A\u00e7o inoxid\u00e1vel 18\/10, 304, 316, 410, 430, 420<br \/><strong>Log\u00f3tipo:<\/strong> Grava\u00e7\u00e3o a laser, serigrafia\/UV\/impress\u00e3o por transfer\u00eancia t\u00e9rmica, grava\u00e7\u00e3o em relevo, etc.<br \/><strong>Embalagem:<\/strong> 4\/8\/12\/16\/20\/24\/45\/48\/72pcs set<br \/><strong>Acabamentos de superf\u00edcie:<\/strong> Polido com espelho, mate, polido com \u00e1gua, revestimento de tit\u00e2nio<br \/><strong>Embalagem:<\/strong> A granel, saco OPP, caixa de cor, caixa de oferta, personalizado<\/p>","protected":false},"featured_media":1835,"template":"","meta":[],"product_brand":[],"product_cat":[23,29],"product_tag":[],"class_list":{"0":"post-1829","1":"product","2":"type-product","3":"status-publish","4":"has-post-thumbnail","6":"product_cat-wholesale-flatware","7":"product_cat-bulk-flatware","9":"first","10":"instock","11":"shipping-taxable","12":"product-type-simple"},"_links":{"self":[{"href":"https:\/\/www.mcallenflatware.com\/pt\/wp-json\/wp\/v2\/product\/1829","targetHints":{"allow":["GET"]}}],"collection":[{"href":"https:\/\/www.mcallenflatware.com\/pt\/wp-json\/wp\/v2\/product"}],"about":[{"href":"https:\/\/www.mcallenflatware.com\/pt\/wp-json\/wp\/v2\/types\/product"}],"wp:featuredmedia":[{"embeddable":true,"href":"https:\/\/www.mcallenflatware.com\/pt\/wp-json\/wp\/v2\/media\/1835"}],"wp:attachment":[{"href":"https:\/\/www.mcallenflatware.com\/pt\/wp-json\/wp\/v2\/media?parent=1829"}],"wp:term":[{"taxonomy":"product_brand","embeddable":true,"href":"https:\/\/www.mcallenflatware.com\/pt\/wp-json\/wp\/v2\/product_brand?post=1829"},{"taxonomy":"product_cat","embeddable":true,"href":"https:\/\/www.mcallenflatware.com\/pt\/wp-json\/wp\/v2\/product_cat?post=1829"},{"taxonomy":"product_tag","embeddable":true,"href":"https:\/\/www.mcallenflatware.com\/pt\/wp-json\/wp\/v2\/product_tag?post=1829"}],"curies":[{"name":"wp","href":"https:\/\/api.w.org\/{rel}","templated":true}]}}