{"id":1853,"date":"2025-03-27T02:56:13","date_gmt":"2025-03-27T02:56:13","guid":{"rendered":"https:\/\/www.mcallenflatware.com\/?post_type=product&#038;p=1853"},"modified":"2025-04-19T10:55:16","modified_gmt":"2025-04-19T10:55:16","slug":"custom-gold-cutlery-set","status":"publish","type":"product","link":"https:\/\/www.mcallenflatware.com\/pt\/product\/custom-gold-cutlery-set\/","title":{"rendered":"Conjunto de talheres de ouro personalizado, talheres exclusivos por atacado"},"content":{"rendered":"<div class=\"wp-block-columns is-layout-flex wp-container-core-columns-is-layout-9d6595d7 wp-block-columns-is-layout-flex\">\n<div class=\"wp-block-column is-vertically-aligned-center is-layout-flow wp-block-column-is-layout-flow\">\n<h2 class=\"wp-block-heading\">Conjunto de talheres dourado Carater\u00edsticas:<\/h2>\n\n\n\n<p><strong>Design \u00fanico do cabo da espiga de trigo: <\/strong>A pega \u00e9 esculpida na forma de espigas de trigo, com tons dourados cl\u00e1ssicos, naturais e elegantes, adequados para ocasi\u00f5es de jantar de alta qualidade.<\/p>\n\n\n\n<p><strong>A\u00e7o inoxid\u00e1vel de alta qualidade: <\/strong>Feito de a\u00e7o inoxid\u00e1vel dur\u00e1vel e anti-oxida\u00e7\u00e3o, n\u00e3o enferruja nem descolora, adequado para uso di\u00e1rio e f\u00e1cil de limpar.<\/p>\n\n\n\n<p>M<strong>acabamento polido espelhado: <\/strong>A superf\u00edcie \u00e9 polida, a superf\u00edcie \u00e9 brilhante e lisa, e a textura do conjunto de talheres \u00e9 melhorada.<\/p>\n\n\n\n<p><strong>Servi\u00e7o personalizado:<\/strong> N\u00f3s fornecemos servi\u00e7os personalizados, e podemos personalizar a cor, tamanho, embalagem e outros detalhes do conjunto de talheres.<\/p>\n<\/div>\n\n\n\n<div class=\"wp-block-column is-layout-flow wp-block-column-is-layout-flow\">\n<figure class=\"wp-block-image size-full\"><img decoding=\"async\" width=\"750\" height=\"750\" src=\"https:\/\/www.mcallenflatware.com\/wp-content\/uploads\/2025\/03\/Custom-Gold-Cutlery-Set-Unique-Flatware-Wholesale-1.webp\" alt=\"Conjunto de talheres de ouro personalizados, talheres exclusivos por atacado (1)\" class=\"wp-image-1830\" style=\"object-fit:cover\" srcset=\"https:\/\/www.mcallenflatware.com\/wp-content\/uploads\/2025\/03\/Custom-Gold-Cutlery-Set-Unique-Flatware-Wholesale-1.webp 750w, https:\/\/www.mcallenflatware.com\/wp-content\/uploads\/2025\/03\/Custom-Gold-Cutlery-Set-Unique-Flatware-Wholesale-1-150x150.webp 150w, https:\/\/www.mcallenflatware.com\/wp-content\/uploads\/2025\/03\/Custom-Gold-Cutlery-Set-Unique-Flatware-Wholesale-1-12x12.webp 12w, https:\/\/www.mcallenflatware.com\/wp-content\/uploads\/2025\/03\/Custom-Gold-Cutlery-Set-Unique-Flatware-Wholesale-1-600x600.webp 600w, https:\/\/www.mcallenflatware.com\/wp-content\/uploads\/2025\/03\/Custom-Gold-Cutlery-Set-Unique-Flatware-Wholesale-1-300x300.webp 300w, https:\/\/www.mcallenflatware.com\/wp-content\/uploads\/2025\/03\/Custom-Gold-Cutlery-Set-Unique-Flatware-Wholesale-1-100x100.webp 100w\" sizes=\"(max-width: 750px) 100vw, 750px\" \/><\/figure>\n<\/div>\n<\/div>","protected":false},"excerpt":{"rendered":"<p>Bem-vindo ao atacado e personalizar o conjunto de talheres de ouro com al\u00e7as exclusivas de padr\u00e3o de espiga de trigo, a\u00e7o inoxid\u00e1vel de qualidade alimentar, liso e brilhante, adequado para locais de restaura\u00e7\u00e3o de alta qualidade. N\u00f3s fornecemos servi\u00e7os personalizados, como cor, tamanho e embalagem. Bem-vindo a perguntar e solicitar amostras gr\u00e1tis!<\/p>\n<h2 id=\"block-792b966c-c506-49fa-b3c8-9881ee38a4f5\" class=\"block-editor-rich-text__editable block-editor-block-list__block wp-block is-selected wp-block-heading rich-text\" role=\"document\" contenteditable=\"true\" aria-multiline=\"true\" aria-label=\"Bloco: T\u00edtulo\" data-block=\"792b966c-c506-49fa-b3c8-9881ee38a4f5\" data-type=\"core\/heading\" data-title=\"Heading\" data-wp-block-attribute-key=\"content\">Conjunto de talheres em ouro Atributos<\/h2>\n<p><strong>Nome da marca:<\/strong> Mcallen<br \/><strong>Material:<\/strong> A\u00e7o inoxid\u00e1vel<br \/><strong>Cor:<\/strong>\u00a0 Ouro<br \/><strong>Conce\u00e7\u00e3o:<\/strong> Cabo de trigo dourado<br \/><strong>Prazo de entrega da amostra:<\/strong> No prazo de 3 dias<br \/><strong>OEM\/ODM:<\/strong> Dispon\u00edvel<\/p>\n<h2>Conjunto de talheres dourados personalizados:<\/h2>\n<p><strong>A\u00e7o inoxid\u00e1vel:<\/strong> A\u00e7o inoxid\u00e1vel 18\/10, 304, 316, 410, 430, 420<br \/><strong>Log\u00f3tipo:<\/strong> Grava\u00e7\u00e3o a laser, serigrafia\/UV\/impress\u00e3o por transfer\u00eancia t\u00e9rmica, grava\u00e7\u00e3o em relevo, etc.<br \/><strong>Embalagem:<\/strong> 4\/8\/12\/16\/20\/24\/45\/48\/72pcs set<br \/><strong>Acabamentos de superf\u00edcie:<\/strong> Polido com espelho, mate, polido com \u00e1gua, revestimento de tit\u00e2nio<br \/><strong>Embalagem:<\/strong> A granel, saco opp, caixa de cor, caixa de oferta, personalizado<\/p>","protected":false},"featured_media":1830,"template":"","meta":[],"product_brand":[],"product_cat":[23,29],"product_tag":[],"class_list":{"0":"post-1853","1":"product","2":"type-product","3":"status-publish","4":"has-post-thumbnail","6":"product_cat-wholesale-flatware","7":"product_cat-bulk-flatware","9":"first","10":"instock","11":"shipping-taxable","12":"product-type-simple"},"_links":{"self":[{"href":"https:\/\/www.mcallenflatware.com\/pt\/wp-json\/wp\/v2\/product\/1853","targetHints":{"allow":["GET"]}}],"collection":[{"href":"https:\/\/www.mcallenflatware.com\/pt\/wp-json\/wp\/v2\/product"}],"about":[{"href":"https:\/\/www.mcallenflatware.com\/pt\/wp-json\/wp\/v2\/types\/product"}],"wp:featuredmedia":[{"embeddable":true,"href":"https:\/\/www.mcallenflatware.com\/pt\/wp-json\/wp\/v2\/media\/1830"}],"wp:attachment":[{"href":"https:\/\/www.mcallenflatware.com\/pt\/wp-json\/wp\/v2\/media?parent=1853"}],"wp:term":[{"taxonomy":"product_brand","embeddable":true,"href":"https:\/\/www.mcallenflatware.com\/pt\/wp-json\/wp\/v2\/product_brand?post=1853"},{"taxonomy":"product_cat","embeddable":true,"href":"https:\/\/www.mcallenflatware.com\/pt\/wp-json\/wp\/v2\/product_cat?post=1853"},{"taxonomy":"product_tag","embeddable":true,"href":"https:\/\/www.mcallenflatware.com\/pt\/wp-json\/wp\/v2\/product_tag?post=1853"}],"curies":[{"name":"wp","href":"https:\/\/api.w.org\/{rel}","templated":true}]}}