{"id":1855,"date":"2025-03-27T07:21:02","date_gmt":"2025-03-27T07:21:02","guid":{"rendered":"https:\/\/www.mcallenflatware.com\/?post_type=product&#038;p=1855"},"modified":"2025-04-21T02:18:49","modified_gmt":"2025-04-21T02:18:49","slug":"wholesale-high-end-flatware","status":"publish","type":"product","link":"https:\/\/www.mcallenflatware.com\/pt\/product\/wholesale-high-end-flatware\/","title":{"rendered":"Conjunto de talheres de prata e ouro preto por atacado a granel"},"content":{"rendered":"<div class=\"wp-block-columns is-layout-flex wp-container-core-columns-is-layout-9d6595d7 wp-block-columns-is-layout-flex\">\n<div class=\"wp-block-column is-vertically-aligned-center is-layout-flow wp-block-column-is-layout-flow\">\n<h2 class=\"wp-block-heading\">Talheres topo de gama Carater\u00edsticas:<\/h2>\n\n\n\n<p><strong>A\u00e7o inoxid\u00e1vel de alta qualidade: <\/strong>Fabricado em a\u00e7o inoxid\u00e1vel 304 de qualidade alimentar, seguro e n\u00e3o t\u00f3xico, design espessado, utiliza\u00e7\u00e3o a longo prazo como novo.<\/p>\n\n\n\n<p><strong>Desenho de dupla face em forma de serpente: <\/strong>A pega adopta um design \u00fanico de dupla face em forma de serpente, mostrando um fino sentido de arte e melhorando a ader\u00eancia<\/p>\n\n\n\n<p><strong>V\u00e1rias cores dispon\u00edveis: <\/strong>Oferecemos uma variedade de cores de superf\u00edcie \u00fanicas, como preto, ouro rosa, prata, cores do arco-\u00edris, etc.<\/p>\n\n\n\n<p><strong>M\u00faltiplos conjuntos de combina\u00e7\u00f5es:<\/strong> Fornece o mesmo design de faca, garfo, colher, colher de sopa, colher de servi\u00e7o, etc., adequado para diferentes necessidades de restaura\u00e7\u00e3o<\/p>\n\n\n\n<p><strong>Servi\u00e7o de personaliza\u00e7\u00e3o<\/strong>: Personaliza\u00e7\u00e3o de suporte, como LOGOTIPO da marca ou padr\u00e3o especial e design de embalagem, etc., o que pode melhorar ainda mais a imagem da marca e a singularidade dos talheres.<\/p>\n<\/div>\n\n\n\n<div class=\"wp-block-column is-layout-flow wp-block-column-is-layout-flow\"><div class=\"wp-block-image\">\n<figure class=\"aligncenter size-full\"><img decoding=\"async\" width=\"800\" height=\"800\" src=\"https:\/\/www.mcallenflatware.com\/wp-content\/uploads\/2025\/03\/Wholesale-High-end-Flatware-Black-Gold-Silver-Cutlery-Set-Bulk-1.webp\" alt=\"Conjunto de talheres de prata e ouro preto a granel (1)\" class=\"wp-image-1856\" style=\"object-fit:cover\" srcset=\"https:\/\/www.mcallenflatware.com\/wp-content\/uploads\/2025\/03\/Wholesale-High-end-Flatware-Black-Gold-Silver-Cutlery-Set-Bulk-1.webp 800w, https:\/\/www.mcallenflatware.com\/wp-content\/uploads\/2025\/03\/Wholesale-High-end-Flatware-Black-Gold-Silver-Cutlery-Set-Bulk-1-150x150.webp 150w, https:\/\/www.mcallenflatware.com\/wp-content\/uploads\/2025\/03\/Wholesale-High-end-Flatware-Black-Gold-Silver-Cutlery-Set-Bulk-1-768x768.webp 768w, https:\/\/www.mcallenflatware.com\/wp-content\/uploads\/2025\/03\/Wholesale-High-end-Flatware-Black-Gold-Silver-Cutlery-Set-Bulk-1-12x12.webp 12w, https:\/\/www.mcallenflatware.com\/wp-content\/uploads\/2025\/03\/Wholesale-High-end-Flatware-Black-Gold-Silver-Cutlery-Set-Bulk-1-600x600.webp 600w, https:\/\/www.mcallenflatware.com\/wp-content\/uploads\/2025\/03\/Wholesale-High-end-Flatware-Black-Gold-Silver-Cutlery-Set-Bulk-1-300x300.webp 300w, https:\/\/www.mcallenflatware.com\/wp-content\/uploads\/2025\/03\/Wholesale-High-end-Flatware-Black-Gold-Silver-Cutlery-Set-Bulk-1-100x100.webp 100w\" sizes=\"(max-width: 800px) 100vw, 800px\" \/><\/figure>\n<\/div><\/div>\n<\/div>","protected":false},"excerpt":{"rendered":"<p>Os nossos talheres de alta qualidade s\u00e3o feitos de a\u00e7o inoxid\u00e1vel de alta qualidade e as pegas t\u00eam um design de escala de cobra de dupla face para melhorar o apelo visual. Venda por grosso a granel, servi\u00e7o de log\u00edstica de com\u00e9rcio eletr\u00f3nico. Bem-vindo a contactar-nos para um or\u00e7amento!<\/p>\n<h2>Atributos dos talheres topo de gama<\/h2>\n<p><strong>Nome da marca:<\/strong> Mcallen<br \/><strong>Material:<\/strong> A\u00e7o inoxid\u00e1vel<br \/><strong>Cor:<\/strong> Preto, dourado, prateado, arco-\u00edris<br \/><strong>Conce\u00e7\u00e3o:\u00a0 <\/strong> Design da pega em forma de serpente\u00a0<br \/><strong>Prazo de entrega da amostra:<\/strong> No prazo de 3 dias<br \/><strong>OEM\/ODM:<\/strong> Dispon\u00edvel<\/p>\n<h2>Talheres de alta qualidade personalizados:<\/h2>\n<p><strong>A\u00e7o inoxid\u00e1vel:<\/strong> A\u00e7o inoxid\u00e1vel 18\/10, 304, 316, 410, 430, 420<br \/><strong>Log\u00f3tipo:<\/strong> Grava\u00e7\u00e3o a laser, impress\u00e3o serigr\u00e1fica, impress\u00e3o UV, impress\u00e3o por transfer\u00eancia t\u00e9rmica, grava\u00e7\u00e3o em relevo, etc.<br \/><strong>Embalagem:<\/strong> 4\/8\/12\/16\/20\/24\/45\/48\/72pcs set<br \/><strong>Acabamentos de superf\u00edcie:<\/strong> Polido com espelho, mate, polido com \u00e1gua, revestimento de tit\u00e2nio<br \/><strong>Embalagem:<\/strong> A granel, saco OPP, caixa de cor, caixa de oferta, personalizado<\/p>","protected":false},"featured_media":2035,"template":"","meta":[],"product_brand":[],"product_cat":[23,29],"product_tag":[],"class_list":{"0":"post-1855","1":"product","2":"type-product","3":"status-publish","4":"has-post-thumbnail","6":"product_cat-wholesale-flatware","7":"product_cat-bulk-flatware","9":"first","10":"instock","11":"shipping-taxable","12":"product-type-simple"},"_links":{"self":[{"href":"https:\/\/www.mcallenflatware.com\/pt\/wp-json\/wp\/v2\/product\/1855","targetHints":{"allow":["GET"]}}],"collection":[{"href":"https:\/\/www.mcallenflatware.com\/pt\/wp-json\/wp\/v2\/product"}],"about":[{"href":"https:\/\/www.mcallenflatware.com\/pt\/wp-json\/wp\/v2\/types\/product"}],"wp:featuredmedia":[{"embeddable":true,"href":"https:\/\/www.mcallenflatware.com\/pt\/wp-json\/wp\/v2\/media\/2035"}],"wp:attachment":[{"href":"https:\/\/www.mcallenflatware.com\/pt\/wp-json\/wp\/v2\/media?parent=1855"}],"wp:term":[{"taxonomy":"product_brand","embeddable":true,"href":"https:\/\/www.mcallenflatware.com\/pt\/wp-json\/wp\/v2\/product_brand?post=1855"},{"taxonomy":"product_cat","embeddable":true,"href":"https:\/\/www.mcallenflatware.com\/pt\/wp-json\/wp\/v2\/product_cat?post=1855"},{"taxonomy":"product_tag","embeddable":true,"href":"https:\/\/www.mcallenflatware.com\/pt\/wp-json\/wp\/v2\/product_tag?post=1855"}],"curies":[{"name":"wp","href":"https:\/\/api.w.org\/{rel}","templated":true}]}}