{"id":1863,"date":"2025-09-24T10:27:25","date_gmt":"2025-09-24T10:27:25","guid":{"rendered":"https:\/\/www.mcallenflatware.com\/?post_type=product&#038;p=1863"},"modified":"2025-09-24T10:39:24","modified_gmt":"2025-09-24T10:39:24","slug":"wholesale-flatware-for-restaurants","status":"publish","type":"product","link":"https:\/\/www.mcallenflatware.com\/pt\/product\/wholesale-flatware-for-restaurants\/","title":{"rendered":"Talheres por atacado para restaurantes, Conjunto de talheres de a\u00e7o inoxid\u00e1vel a granel"},"content":{"rendered":"<div class=\"wp-block-columns is-layout-flex wp-container-core-columns-is-layout-9d6595d7 wp-block-columns-is-layout-flex\">\n<div class=\"wp-block-column is-layout-flow wp-block-column-is-layout-flow\">\n<h2 class=\"wp-block-heading\">Carater\u00edsticas dos talheres para restaurantes:<\/h2>\n\n\n\n<p><strong>Material de a\u00e7o inoxid\u00e1vel de alta qualidade: <\/strong>Fabricados em a\u00e7o inoxid\u00e1vel 304 ou 316 de alta qualidade, os utens\u00edlios de mesa s\u00e3o dur\u00e1veis e resistentes ao desgaste, adequados para uma variedade de ambientes de refei\u00e7\u00f5es.<\/p>\n\n\n\n<p><strong>Design moderno e minimalista: <\/strong>Design minimalista de linhas finas e pega quadrada, arestas suaves, eleg\u00e2ncia moderna, muito utilizado numa variedade de estilos e temas de locais de restaura\u00e7\u00e3o<\/p>\n\n\n\n<p><strong>Conjunto de talheres rico em combina\u00e7\u00f5es: <\/strong>Cont\u00e9m o mesmo desenho de faca, garfo, colher, faca de manteiga, colher e garfo de sobremesa, etc.<\/p>\n\n\n\n<p><strong>Vasta gama de op\u00e7\u00f5es de cores:<\/strong> Incluindo ouro cl\u00e1ssico, prata, ouro rosa, preto e outras cores personalizadas para satisfazer o estilo da marca de diferentes restaurantes.<\/p>\n\n\n\n<p><strong>F\u00e1cil de limpar e manter<\/strong>: O tratamento de superf\u00edcie de alto brilho torna os utens\u00edlios de mesa mais resistentes \u00e0s n\u00f3doas e muito f\u00e1ceis de limpar. Adequado para locais comerciais com limpeza frequente.<\/p>\n\n\n\n<p><strong>Op\u00e7\u00f5es personaliz\u00e1veis: <\/strong>Est\u00e3o dispon\u00edveis encomendas a granel e op\u00e7\u00f5es de personaliza\u00e7\u00e3o da marca.<\/p>\n<\/div>\n\n\n\n<div class=\"wp-block-column is-layout-flow wp-block-column-is-layout-flow\"><div class=\"wp-block-image\">\n<figure class=\"aligncenter size-full\"><img decoding=\"async\" width=\"800\" height=\"800\" src=\"https:\/\/www.mcallenflatware.com\/wp-content\/uploads\/2025\/03\/Wholesale-Flatware-for-Restaurants-Stainless-Steel-Cutlery-Set-In-Bulk-4.webp\" alt=\"Talheres por atacado para restaurantes, Conjunto de talheres de a\u00e7o inoxid\u00e1vel a granel 4\" class=\"wp-image-1867\" style=\"object-fit:cover\" srcset=\"https:\/\/www.mcallenflatware.com\/wp-content\/uploads\/2025\/03\/Wholesale-Flatware-for-Restaurants-Stainless-Steel-Cutlery-Set-In-Bulk-4.webp 800w, https:\/\/www.mcallenflatware.com\/wp-content\/uploads\/2025\/03\/Wholesale-Flatware-for-Restaurants-Stainless-Steel-Cutlery-Set-In-Bulk-4-150x150.webp 150w, https:\/\/www.mcallenflatware.com\/wp-content\/uploads\/2025\/03\/Wholesale-Flatware-for-Restaurants-Stainless-Steel-Cutlery-Set-In-Bulk-4-768x768.webp 768w, https:\/\/www.mcallenflatware.com\/wp-content\/uploads\/2025\/03\/Wholesale-Flatware-for-Restaurants-Stainless-Steel-Cutlery-Set-In-Bulk-4-12x12.webp 12w, https:\/\/www.mcallenflatware.com\/wp-content\/uploads\/2025\/03\/Wholesale-Flatware-for-Restaurants-Stainless-Steel-Cutlery-Set-In-Bulk-4-600x600.webp 600w, https:\/\/www.mcallenflatware.com\/wp-content\/uploads\/2025\/03\/Wholesale-Flatware-for-Restaurants-Stainless-Steel-Cutlery-Set-In-Bulk-4-300x300.webp 300w, https:\/\/www.mcallenflatware.com\/wp-content\/uploads\/2025\/03\/Wholesale-Flatware-for-Restaurants-Stainless-Steel-Cutlery-Set-In-Bulk-4-100x100.webp 100w\" sizes=\"(max-width: 800px) 100vw, 800px\" \/><\/figure>\n<\/div><\/div>\n<\/div>","protected":false},"excerpt":{"rendered":"<p>Bem-vindo ao atacado de talheres para restaurantes com v\u00e1rias op\u00e7\u00f5es de cores, a\u00e7o inoxid\u00e1vel de alta qualidade, dur\u00e1vel e moderno, ideal para restaurantes e servi\u00e7os de catering. Fornecimento direto da f\u00e1brica, melhores descontos para encomendas personalizadas a granel, entrega r\u00e1pida. Bem-vindo a perguntar agora!<\/p>\n<h2 id=\"block-792b966c-c506-49fa-b3c8-9881ee38a4f5\" class=\"block-editor-rich-text__editable block-editor-block-list__block wp-block is-selected wp-block-heading rich-text\" role=\"document\" aria-label=\"Bloco: T\u00edtulo\" data-block=\"792b966c-c506-49fa-b3c8-9881ee38a4f5\" data-type=\"core\/heading\" data-title=\"Heading\" data-wp-block-attribute-key=\"content\">Atributos dos talheres para restaurantes<\/h2>\n<p><strong>Nome da marca:<\/strong> Mcallen<br \/><strong>Material:<\/strong> A\u00e7o inoxid\u00e1vel<br \/><strong>Cor:<\/strong>\u00a0 Prata, ouro, preto, ouro rosa, arco-\u00edris.<br \/><strong>Conce\u00e7\u00e3o: <\/strong>Pega quadrada moderna<br \/><strong>Prazo de entrega da amostra:<\/strong> No prazo de 3 dias<br \/><strong>OEM\/ODM:<\/strong> Dispon\u00edvel<\/p>\n<h2>Talheres para restaurantes personalizados:<\/h2>\n<p><strong>A\u00e7o inoxid\u00e1vel:<\/strong> A\u00e7o inoxid\u00e1vel 18\/10, 304, 316, 410, 430, 420<br \/><strong>Log\u00f3tipo:<\/strong> Grava\u00e7\u00e3o a laser, serigrafia\/UV\/impress\u00e3o por transfer\u00eancia t\u00e9rmica, grava\u00e7\u00e3o em relevo, etc.<br \/><strong>Embalagem:<\/strong> 4\/8\/12\/16\/20\/24\/45\/48\/72pcs set<br \/><strong>Acabamentos de superf\u00edcie:<\/strong> Polido com espelho, mate, polido com \u00e1gua, revestimento de tit\u00e2nio<br \/><strong>Embalagem:<\/strong> A granel, saco OPP, caixa de cor, caixa de oferta, personalizado<\/p>","protected":false},"featured_media":1865,"template":"","meta":[],"product_brand":[],"product_cat":[23,29],"product_tag":[],"class_list":{"0":"post-1863","1":"product","2":"type-product","3":"status-publish","4":"has-post-thumbnail","6":"product_cat-wholesale-flatware","7":"product_cat-bulk-flatware","9":"first","10":"instock","11":"shipping-taxable","12":"product-type-simple"},"_links":{"self":[{"href":"https:\/\/www.mcallenflatware.com\/pt\/wp-json\/wp\/v2\/product\/1863","targetHints":{"allow":["GET"]}}],"collection":[{"href":"https:\/\/www.mcallenflatware.com\/pt\/wp-json\/wp\/v2\/product"}],"about":[{"href":"https:\/\/www.mcallenflatware.com\/pt\/wp-json\/wp\/v2\/types\/product"}],"wp:featuredmedia":[{"embeddable":true,"href":"https:\/\/www.mcallenflatware.com\/pt\/wp-json\/wp\/v2\/media\/1865"}],"wp:attachment":[{"href":"https:\/\/www.mcallenflatware.com\/pt\/wp-json\/wp\/v2\/media?parent=1863"}],"wp:term":[{"taxonomy":"product_brand","embeddable":true,"href":"https:\/\/www.mcallenflatware.com\/pt\/wp-json\/wp\/v2\/product_brand?post=1863"},{"taxonomy":"product_cat","embeddable":true,"href":"https:\/\/www.mcallenflatware.com\/pt\/wp-json\/wp\/v2\/product_cat?post=1863"},{"taxonomy":"product_tag","embeddable":true,"href":"https:\/\/www.mcallenflatware.com\/pt\/wp-json\/wp\/v2\/product_tag?post=1863"}],"curies":[{"name":"wp","href":"https:\/\/api.w.org\/{rel}","templated":true}]}}