{"id":1874,"date":"2025-04-19T11:47:33","date_gmt":"2025-04-19T11:47:33","guid":{"rendered":"https:\/\/www.mcallenflatware.com\/?post_type=product&#038;p=1874"},"modified":"2025-04-19T11:47:35","modified_gmt":"2025-04-19T11:47:35","slug":"bulk-stainless-steel-flatware","status":"publish","type":"product","link":"https:\/\/www.mcallenflatware.com\/pt\/product\/bulk-stainless-steel-flatware\/","title":{"rendered":"Talheres de a\u00e7o inoxid\u00e1vel a granel, Conjunto de talheres de prata e ouro por atacado"},"content":{"rendered":"<div class=\"wp-block-columns is-layout-flex wp-container-core-columns-is-layout-9d6595d7 wp-block-columns-is-layout-flex\">\n<div class=\"wp-block-column is-layout-flow wp-block-column-is-layout-flow\">\n<h2 class=\"wp-block-heading\">Talheres de a\u00e7o inoxid\u00e1vel Carater\u00edsticas:<\/h2>\n\n\n\n<p><strong>Material de a\u00e7o inoxid\u00e1vel de alta qualidade: <\/strong>Fabricado em a\u00e7o inoxid\u00e1vel 304 ou 420 de qualidade alimentar, n\u00e3o \u00e9 f\u00e1cil de deformar, \u00e9 seguro e duradouro.<\/p>\n\n\n\n<p><strong>Processo de espelho polido: <\/strong>Com uma tecnologia de polimento requintada, a superf\u00edcie dos utens\u00edlios de mesa \u00e9 brilhante e lisa, o aspeto \u00e9 luxuoso e a textura dos talheres \u00e9 melhorada<\/p>\n\n\n\n<p><strong>Fus\u00e3o da est\u00e9tica moderna e real:<\/strong> A linha \u00fanica de escultura da pega torna o produto \u00fanico e moderno, retro, adequado para uma variedade de estilos de restaurantes<\/p>\n\n\n\n<p><strong>Pega confort\u00e1vel:<\/strong> Design ergon\u00f3mico de uma s\u00f3 pe\u00e7a, pega confort\u00e1vel, ideal para casamentos, hot\u00e9is, restaurantes e refei\u00e7\u00f5es em casa.<\/p>\n\n\n\n<p><strong>F\u00e1cil de limpar e manter<\/strong>: O tratamento de superf\u00edcie de alto brilho torna os utens\u00edlios de mesa mais resistentes \u00e0s n\u00f3doas e muito f\u00e1ceis de limpar. Adequado para locais comerciais com limpeza frequente.<\/p>\n\n\n\n<p><strong>Op\u00e7\u00f5es personaliz\u00e1veis: <\/strong>Est\u00e3o dispon\u00edveis encomendas a granel e op\u00e7\u00f5es de personaliza\u00e7\u00e3o da marca.<\/p>\n<\/div>\n\n\n\n<div class=\"wp-block-column is-layout-flow wp-block-column-is-layout-flow\">\n<figure class=\"wp-block-image size-full\"><img decoding=\"async\" width=\"790\" height=\"790\" src=\"https:\/\/www.mcallenflatware.com\/wp-content\/uploads\/2025\/04\/wholesale-gold-flatware-sets-for-restaurant-7-edited.webp\" alt=\"conjuntos de talheres de ouro para restaurante-7\" class=\"wp-image-2019\" style=\"object-fit:cover\" srcset=\"https:\/\/www.mcallenflatware.com\/wp-content\/uploads\/2025\/04\/wholesale-gold-flatware-sets-for-restaurant-7-edited.webp 790w, https:\/\/www.mcallenflatware.com\/wp-content\/uploads\/2025\/04\/wholesale-gold-flatware-sets-for-restaurant-7-edited-150x150.webp 150w, https:\/\/www.mcallenflatware.com\/wp-content\/uploads\/2025\/04\/wholesale-gold-flatware-sets-for-restaurant-7-edited-768x768.webp 768w, https:\/\/www.mcallenflatware.com\/wp-content\/uploads\/2025\/04\/wholesale-gold-flatware-sets-for-restaurant-7-edited-12x12.webp 12w, https:\/\/www.mcallenflatware.com\/wp-content\/uploads\/2025\/04\/wholesale-gold-flatware-sets-for-restaurant-7-edited-600x600.webp 600w, https:\/\/www.mcallenflatware.com\/wp-content\/uploads\/2025\/04\/wholesale-gold-flatware-sets-for-restaurant-7-edited-300x300.webp 300w, https:\/\/www.mcallenflatware.com\/wp-content\/uploads\/2025\/04\/wholesale-gold-flatware-sets-for-restaurant-7-edited-100x100.webp 100w\" sizes=\"(max-width: 790px) 100vw, 790px\" \/><\/figure>\n<\/div>\n<\/div>","protected":false},"excerpt":{"rendered":"<p>Talheres de a\u00e7o inoxid\u00e1vel a granel, design real moderno, adequados para qualquer local de refei\u00e7\u00f5es em restaurantes. Log\u00f3tipo, cor e embalagem personaliz\u00e1veis. Fornecimento est\u00e1vel da f\u00e1brica Mcallen, fornecendo pre\u00e7o de atacado para distribuidores, atacadistas, etc. Bem-vindo ao inqu\u00e9rito!<\/p>\n<h2 id=\"block-792b966c-c506-49fa-b3c8-9881ee38a4f5\" class=\"block-editor-rich-text__editable block-editor-block-list__block wp-block is-selected wp-block-heading rich-text\" role=\"document\" aria-label=\"Bloco: T\u00edtulo\" data-block=\"792b966c-c506-49fa-b3c8-9881ee38a4f5\" data-type=\"core\/heading\" data-title=\"Heading\" data-wp-block-attribute-key=\"content\">Talheres de a\u00e7o inoxid\u00e1vel Atributos:<\/h2>\n<p><strong>Nome da marca:<\/strong> Mcallen<br \/><strong>Material:<\/strong> A\u00e7o inoxid\u00e1vel<br \/><strong>Cor:<\/strong>\u00a0 Prata, Ouro<br \/><strong>Conce\u00e7\u00e3o:<\/strong>Pega moderna e real<br \/><strong>Prazo de entrega da amostra:<\/strong> No prazo de 3 dias<br \/><strong>OEM\/ODM:<\/strong> Dispon\u00edvel<\/p>\n<h2>Talheres de a\u00e7o inoxid\u00e1vel personalizados:<\/h2>\n<p><strong>A\u00e7o inoxid\u00e1vel:<\/strong> A\u00e7o inoxid\u00e1vel 18\/10, 304, 316, 410, 430, 420<br \/><strong>Log\u00f3tipo:<\/strong> Grava\u00e7\u00e3o a laser, serigrafia\/UV\/impress\u00e3o por transfer\u00eancia t\u00e9rmica, grava\u00e7\u00e3o em relevo, etc.<br \/><strong>Embalagem:<\/strong> 4\/8\/12\/16\/20\/24\/45\/48\/72pcs set<br \/><strong>Acabamentos de superf\u00edcie:<\/strong> Polido com espelho, mate, polido com \u00e1gua, revestimento de tit\u00e2nio<br \/><strong>Embalagem:<\/strong> A granel, saco OPP, caixa de cor, caixa de oferta, personalizado<\/p>","protected":false},"featured_media":2020,"template":"","meta":[],"product_brand":[],"product_cat":[23,29],"product_tag":[],"class_list":{"0":"post-1874","1":"product","2":"type-product","3":"status-publish","4":"has-post-thumbnail","6":"product_cat-wholesale-flatware","7":"product_cat-bulk-flatware","9":"first","10":"instock","11":"shipping-taxable","12":"product-type-simple"},"_links":{"self":[{"href":"https:\/\/www.mcallenflatware.com\/pt\/wp-json\/wp\/v2\/product\/1874","targetHints":{"allow":["GET"]}}],"collection":[{"href":"https:\/\/www.mcallenflatware.com\/pt\/wp-json\/wp\/v2\/product"}],"about":[{"href":"https:\/\/www.mcallenflatware.com\/pt\/wp-json\/wp\/v2\/types\/product"}],"wp:featuredmedia":[{"embeddable":true,"href":"https:\/\/www.mcallenflatware.com\/pt\/wp-json\/wp\/v2\/media\/2020"}],"wp:attachment":[{"href":"https:\/\/www.mcallenflatware.com\/pt\/wp-json\/wp\/v2\/media?parent=1874"}],"wp:term":[{"taxonomy":"product_brand","embeddable":true,"href":"https:\/\/www.mcallenflatware.com\/pt\/wp-json\/wp\/v2\/product_brand?post=1874"},{"taxonomy":"product_cat","embeddable":true,"href":"https:\/\/www.mcallenflatware.com\/pt\/wp-json\/wp\/v2\/product_cat?post=1874"},{"taxonomy":"product_tag","embeddable":true,"href":"https:\/\/www.mcallenflatware.com\/pt\/wp-json\/wp\/v2\/product_tag?post=1874"}],"curies":[{"name":"wp","href":"https:\/\/api.w.org\/{rel}","templated":true}]}}