{"id":1882,"date":"2025-04-24T16:24:57","date_gmt":"2025-04-24T16:24:57","guid":{"rendered":"https:\/\/www.mcallenflatware.com\/?post_type=product&#038;p=1882"},"modified":"2025-04-24T16:24:58","modified_gmt":"2025-04-24T16:24:58","slug":"wholesale-18-10-cutlery-set","status":"publish","type":"product","link":"https:\/\/www.mcallenflatware.com\/pt\/product\/wholesale-18-10-cutlery-set\/","title":{"rendered":"Conjunto de talheres de a\u00e7o inoxid\u00e1vel 18\/10 por atacado, Conjunto de talheres martelados para restaurante"},"content":{"rendered":"<div class=\"wp-block-columns is-layout-flex wp-container-core-columns-is-layout-9d6595d7 wp-block-columns-is-layout-flex\">\n<div class=\"wp-block-column is-layout-flow wp-block-column-is-layout-flow\">\n<h2 class=\"wp-block-heading\">Conjunto de talheres 18\/10 Carater\u00edsticas:<\/h2>\n\n\n\n<p><strong>Design vintage elegante<\/strong>: Os talheres apresentam um acabamento martelado e pegas de estilo barroco, acrescentando um toque de eleg\u00e2ncia antiga e sofistica\u00e7\u00e3o a qualquer ambiente de jantar.<\/p>\n\n\n\n<p><strong>Adequado para uma variedade de ocasi\u00f5es:<\/strong> Quer se trate de um banquete de alta qualidade, de uma celebra\u00e7\u00e3o de casamento, de uma festa tem\u00e1tica ou de uma prenda de luxo, esta loi\u00e7a de mesa pode ser facilmente utilizada e apresentar um estilo \u00fanico.<\/p>\n\n\n\n<p><strong>Material de alta qualidade<\/strong>l: Este conjunto de talheres martelados \u00e9 fabricado em a\u00e7o inoxid\u00e1vel 18\/10 de alta qualidade, garantindo durabilidade, seguran\u00e7a e um aspeto luxuoso, perfeito tanto para o uso quotidiano como para ocasi\u00f5es especiais.<\/p>\n\n\n\n<p><strong>Artesanato de precis\u00e3o<\/strong>: Cada pe\u00e7a \u00e9 meticulosamente trabalhada com uma superf\u00edcie polida para uma limpeza f\u00e1cil e um brilho duradouro, garantindo funcionalidade e estilo.<\/p>\n\n\n\n<p><strong>Op\u00e7\u00f5es personaliz\u00e1veis: <\/strong>Est\u00e3o dispon\u00edveis encomendas a granel e op\u00e7\u00f5es de personaliza\u00e7\u00e3o da marca.<\/p>\n<\/div>\n\n\n\n<div class=\"wp-block-column is-layout-flow wp-block-column-is-layout-flow\"><div class=\"wp-block-image\">\n<figure class=\"aligncenter size-full\"><img decoding=\"async\" width=\"1400\" height=\"1322\" src=\"https:\/\/www.mcallenflatware.com\/wp-content\/uploads\/2025\/04\/bespoken-hammered-silverware-set-for-wedding-3.webp\" alt=\"conjunto de talheres de prata para casamento-3\" class=\"wp-image-1885\" style=\"object-fit:cover\" srcset=\"https:\/\/www.mcallenflatware.com\/wp-content\/uploads\/2025\/04\/bespoken-hammered-silverware-set-for-wedding-3.webp 1400w, https:\/\/www.mcallenflatware.com\/wp-content\/uploads\/2025\/04\/bespoken-hammered-silverware-set-for-wedding-3-768x725.webp 768w, https:\/\/www.mcallenflatware.com\/wp-content\/uploads\/2025\/04\/bespoken-hammered-silverware-set-for-wedding-3-13x12.webp 13w, https:\/\/www.mcallenflatware.com\/wp-content\/uploads\/2025\/04\/bespoken-hammered-silverware-set-for-wedding-3-1200x1133.webp 1200w, https:\/\/www.mcallenflatware.com\/wp-content\/uploads\/2025\/04\/bespoken-hammered-silverware-set-for-wedding-3-600x567.webp 600w\" sizes=\"(max-width: 1400px) 100vw, 1400px\" \/><\/figure>\n<\/div><\/div>\n<\/div>","protected":false},"excerpt":{"rendered":"<p>Conjunto de talheres 18\/10 por atacado com cabo martelado exclusivo, luxuoso e decorativo, adequado para casamentos de alta qualidade, restaurantes, presentes, etc. Fornecemos servi\u00e7os personalizados por atacado para ajudar os clientes de com\u00e9rcio eletr\u00f3nico da Amazon a criar rapidamente produtos de marca. Bem-vindo a perguntar agora!<\/p>\n<h2 id=\"block-792b966c-c506-49fa-b3c8-9881ee38a4f5\" class=\"block-editor-rich-text__editable block-editor-block-list__block wp-block is-selected wp-block-heading rich-text\" role=\"document\" aria-label=\"Bloco: T\u00edtulo\" data-block=\"792b966c-c506-49fa-b3c8-9881ee38a4f5\" data-type=\"core\/heading\" data-title=\"Heading\" data-wp-block-attribute-key=\"content\">Conjunto de talheres 18\/10 Atributos:<\/h2>\n<p><strong>Nome da marca:<\/strong> Mcallen<br \/><strong>Material:<\/strong> A\u00e7o inoxid\u00e1vel<br \/><strong>Cor:<\/strong>\u00a0 Prata, Ouro<br \/><strong>Conce\u00e7\u00e3o: <\/strong>com cabo martelado<br \/><strong>Prazo de entrega da amostra:<\/strong> No prazo de 3 dias<br \/><strong>OEM\/ODM:<\/strong> Dispon\u00edvel<\/p>\n<h2>Conjunto de talheres 18\/10 personalizado:<\/h2>\n<p><strong>A\u00e7o inoxid\u00e1vel:<\/strong> A\u00e7o inoxid\u00e1vel 18\/10, 304, 316, 410, 430, 420<br \/><strong>Log\u00f3tipo:<\/strong> Grava\u00e7\u00e3o a laser, serigrafia\/UV\/impress\u00e3o por transfer\u00eancia t\u00e9rmica, grava\u00e7\u00e3o em relevo, etc.<br \/><strong>Embalagem:<\/strong> 4\/8\/12\/16\/20\/24\/45\/48\/72pcs set<br \/><strong>Acabamentos de superf\u00edcie:<\/strong> Polido com espelho, mate, polido com \u00e1gua, revestimento de tit\u00e2nio<br \/><strong>Embalagem:<\/strong> A granel, saco OPP, caixa de cor, caixa de oferta, personalizado<\/p>","protected":false},"featured_media":1883,"template":"","meta":[],"product_brand":[],"product_cat":[23,29],"product_tag":[],"class_list":{"0":"post-1882","1":"product","2":"type-product","3":"status-publish","4":"has-post-thumbnail","6":"product_cat-wholesale-flatware","7":"product_cat-bulk-flatware","9":"first","10":"instock","11":"shipping-taxable","12":"product-type-simple"},"_links":{"self":[{"href":"https:\/\/www.mcallenflatware.com\/pt\/wp-json\/wp\/v2\/product\/1882","targetHints":{"allow":["GET"]}}],"collection":[{"href":"https:\/\/www.mcallenflatware.com\/pt\/wp-json\/wp\/v2\/product"}],"about":[{"href":"https:\/\/www.mcallenflatware.com\/pt\/wp-json\/wp\/v2\/types\/product"}],"wp:featuredmedia":[{"embeddable":true,"href":"https:\/\/www.mcallenflatware.com\/pt\/wp-json\/wp\/v2\/media\/1883"}],"wp:attachment":[{"href":"https:\/\/www.mcallenflatware.com\/pt\/wp-json\/wp\/v2\/media?parent=1882"}],"wp:term":[{"taxonomy":"product_brand","embeddable":true,"href":"https:\/\/www.mcallenflatware.com\/pt\/wp-json\/wp\/v2\/product_brand?post=1882"},{"taxonomy":"product_cat","embeddable":true,"href":"https:\/\/www.mcallenflatware.com\/pt\/wp-json\/wp\/v2\/product_cat?post=1882"},{"taxonomy":"product_tag","embeddable":true,"href":"https:\/\/www.mcallenflatware.com\/pt\/wp-json\/wp\/v2\/product_tag?post=1882"}],"curies":[{"name":"wp","href":"https:\/\/api.w.org\/{rel}","templated":true}]}}