{"id":1904,"date":"2025-04-06T03:25:58","date_gmt":"2025-04-06T03:25:58","guid":{"rendered":"https:\/\/www.mcallenflatware.com\/?post_type=product&#038;p=1904"},"modified":"2025-04-24T16:04:24","modified_gmt":"2025-04-24T16:04:24","slug":"bulk-cheese-knife-set","status":"publish","type":"product","link":"https:\/\/www.mcallenflatware.com\/pt\/product\/bulk-cheese-knife-set\/","title":{"rendered":"Conjunto de facas para queijo com cabo de bambu e facas de a\u00e7o inoxid\u00e1vel por atacado"},"content":{"rendered":"<div class=\"wp-block-columns is-layout-flex wp-container-core-columns-is-layout-9d6595d7 wp-block-columns-is-layout-flex\">\n<div class=\"wp-block-column is-layout-flow wp-block-column-is-layout-flow\">\n<h2 class=\"wp-block-heading\">Conjunto de facas para queijo Carater\u00edsticas:<\/h2>\n\n\n\n<p><strong>Cabo de bambu amigo do ambiente:<\/strong> A pega \u00e9 feita de bambu natural, com um aspeto natural e \u00fanico, transmitindo o conceito de prote\u00e7\u00e3o ambiental.<\/p>\n\n\n\n<p><strong>A\u00e7o inoxid\u00e1vel de alta qualidade: <\/strong>A l\u00e2mina \u00e9 feita de a\u00e7o inoxid\u00e1vel de qualidade alimentar, que \u00e9 dur\u00e1vel e adequado para uma utiliza\u00e7\u00e3o a longo prazo.<\/p>\n\n\n\n<p><strong>Processo de polimento:<\/strong> Cada faca e garfo \u00e9 polido, liso e sem rebarbas, garantindo uma utiliza\u00e7\u00e3o segura e uma experi\u00eancia de corte de alta qualidade.<\/p>\n\n\n\n<p><strong>Combina\u00e7\u00e3o funcional de cinco pe\u00e7as<\/strong>: O conjunto inclui um cortador, uma faca para lascas, uma esp\u00e1tula, um garfo e uma faca para furos, que satisfazem as v\u00e1rias necessidades de processamento de queijos moles e duros, flex\u00edveis e c\u00f3modos.<\/p>\n\n\n\n<p><strong>Aplica\u00e7\u00e3o multi-cena<\/strong>: Este conjunto de faca e garfo \u00e9 adequado para queijo, bem como para v\u00e1rios ingredientes macios, como manteiga, chocolate, nozes, etc. <\/p>\n\n\n\n<p><strong>Design port\u00e1til<\/strong>: Cada ferramenta foi concebida para ser leve e f\u00e1cil de segurar, adequada para utiliza\u00e7\u00e3o di\u00e1ria e para transportar em viagem.<\/p>\n<\/div>\n\n\n\n<div class=\"wp-block-column is-layout-flow wp-block-column-is-layout-flow\">\n<figure class=\"wp-block-image size-full\"><img decoding=\"async\" width=\"800\" height=\"800\" src=\"https:\/\/www.mcallenflatware.com\/wp-content\/uploads\/2025\/04\/Custom-Cheese-Knives-with-Natural-Bamboo-Handle-Stainless-Steel-Cutlery-Set-Wholesale-4.webp\" alt=\"Facas para queijo personalizadas com cabo de bambu natural Conjunto de talheres de a\u00e7o inoxid\u00e1vel por atacado (4)\" class=\"wp-image-1913\" srcset=\"https:\/\/www.mcallenflatware.com\/wp-content\/uploads\/2025\/04\/Custom-Cheese-Knives-with-Natural-Bamboo-Handle-Stainless-Steel-Cutlery-Set-Wholesale-4.webp 800w, https:\/\/www.mcallenflatware.com\/wp-content\/uploads\/2025\/04\/Custom-Cheese-Knives-with-Natural-Bamboo-Handle-Stainless-Steel-Cutlery-Set-Wholesale-4-150x150.webp 150w, https:\/\/www.mcallenflatware.com\/wp-content\/uploads\/2025\/04\/Custom-Cheese-Knives-with-Natural-Bamboo-Handle-Stainless-Steel-Cutlery-Set-Wholesale-4-768x768.webp 768w, https:\/\/www.mcallenflatware.com\/wp-content\/uploads\/2025\/04\/Custom-Cheese-Knives-with-Natural-Bamboo-Handle-Stainless-Steel-Cutlery-Set-Wholesale-4-12x12.webp 12w, https:\/\/www.mcallenflatware.com\/wp-content\/uploads\/2025\/04\/Custom-Cheese-Knives-with-Natural-Bamboo-Handle-Stainless-Steel-Cutlery-Set-Wholesale-4-600x600.webp 600w, https:\/\/www.mcallenflatware.com\/wp-content\/uploads\/2025\/04\/Custom-Cheese-Knives-with-Natural-Bamboo-Handle-Stainless-Steel-Cutlery-Set-Wholesale-4-300x300.webp 300w, https:\/\/www.mcallenflatware.com\/wp-content\/uploads\/2025\/04\/Custom-Cheese-Knives-with-Natural-Bamboo-Handle-Stainless-Steel-Cutlery-Set-Wholesale-4-100x100.webp 100w\" sizes=\"(max-width: 800px) 100vw, 800px\" \/><\/figure>\n<\/div>\n<\/div>","protected":false},"excerpt":{"rendered":"<p>Conjunto de facas de queijo por atacado a granel com cabo de bambu, combina\u00e7\u00e3o de a\u00e7o inoxid\u00e1vel e material de bambu, dur\u00e1vel e bonito. Combina\u00e7\u00e3o ecol\u00f3gica de v\u00e1rias facas, adequada para uso dom\u00e9stico, restaurante e hotel. Direto da f\u00e1brica, fornecer servi\u00e7os personalizados, apoiar as vendas da Amazon. Bem-vindo a contactar-nos para consultas!<\/p>\n<h2>Conjunto de facas para queijo Atributos:<\/h2>\n<p><strong>Nome da marca:<\/strong> Mcallen<br \/><strong>Material:<\/strong> Bambu, a\u00e7o inoxid\u00e1vel<br \/><strong>Cor:<\/strong> Prata<br \/><strong>Polimento:<\/strong> Espelho polido<br \/><strong>Prazo de entrega da amostra:<\/strong> No prazo de 3 dias<br \/><strong>OEM\/ODM:<\/strong> Dispon\u00edvel<\/p>\n<h2>Conjunto de facas para queijo personalizadas:<\/h2>\n<p><strong>A\u00e7o inoxid\u00e1vel:<\/strong> A\u00e7o inoxid\u00e1vel 18\/10, 304, 316, 410, 430, 420<br \/><strong>Log\u00f3tipo:<\/strong> Grava\u00e7\u00e3o a laser, impress\u00e3o serigr\u00e1fica, impress\u00e3o UV, impress\u00e3o por transfer\u00eancia t\u00e9rmica, grava\u00e7\u00e3o em relevo, etc.<br \/><strong>Acabamentos de superf\u00edcie:<\/strong> Espelho polido, mate.<br \/><strong>Embalagem:<\/strong> A granel, saco OPP, caixa de cor, caixa de oferta, personalizado<\/p>","protected":false},"featured_media":1914,"template":"","meta":[],"product_brand":[],"product_cat":[24,31],"product_tag":[],"class_list":{"0":"post-1904","1":"product","2":"type-product","3":"status-publish","4":"has-post-thumbnail","6":"product_cat-wholesale-kitchen-utensils","7":"product_cat-wholesale-serving-utensils","9":"first","10":"instock","11":"shipping-taxable","12":"product-type-simple"},"_links":{"self":[{"href":"https:\/\/www.mcallenflatware.com\/pt\/wp-json\/wp\/v2\/product\/1904","targetHints":{"allow":["GET"]}}],"collection":[{"href":"https:\/\/www.mcallenflatware.com\/pt\/wp-json\/wp\/v2\/product"}],"about":[{"href":"https:\/\/www.mcallenflatware.com\/pt\/wp-json\/wp\/v2\/types\/product"}],"wp:featuredmedia":[{"embeddable":true,"href":"https:\/\/www.mcallenflatware.com\/pt\/wp-json\/wp\/v2\/media\/1914"}],"wp:attachment":[{"href":"https:\/\/www.mcallenflatware.com\/pt\/wp-json\/wp\/v2\/media?parent=1904"}],"wp:term":[{"taxonomy":"product_brand","embeddable":true,"href":"https:\/\/www.mcallenflatware.com\/pt\/wp-json\/wp\/v2\/product_brand?post=1904"},{"taxonomy":"product_cat","embeddable":true,"href":"https:\/\/www.mcallenflatware.com\/pt\/wp-json\/wp\/v2\/product_cat?post=1904"},{"taxonomy":"product_tag","embeddable":true,"href":"https:\/\/www.mcallenflatware.com\/pt\/wp-json\/wp\/v2\/product_tag?post=1904"}],"curies":[{"name":"wp","href":"https:\/\/api.w.org\/{rel}","templated":true}]}}