{"id":1905,"date":"2025-04-06T07:18:13","date_gmt":"2025-04-06T07:18:13","guid":{"rendered":"https:\/\/www.mcallenflatware.com\/?post_type=product&#038;p=1905"},"modified":"2025-04-24T16:16:41","modified_gmt":"2025-04-24T16:16:41","slug":"wholesale-quality-flatware","status":"publish","type":"product","link":"https:\/\/www.mcallenflatware.com\/pt\/product\/wholesale-quality-flatware\/","title":{"rendered":"Talheres de qualidade por atacado, conjunto de talheres modernos de a\u00e7o inoxid\u00e1vel personalizado"},"content":{"rendered":"<div class=\"wp-block-columns is-layout-flex wp-container-core-columns-is-layout-9d6595d7 wp-block-columns-is-layout-flex\">\n<div class=\"wp-block-column is-layout-flow wp-block-column-is-layout-flow\">\n<h2 class=\"wp-block-heading\">Talheres de qualidade Carater\u00edsticas:<\/h2>\n\n\n\n<p><strong>Design moderno e minimalista: <\/strong>design de pega elegante e esguio, pega confort\u00e1vel e aspeto bonito.<\/p>\n\n\n\n<p><strong>A\u00e7o inoxid\u00e1vel 304: <\/strong>a\u00e7o inoxid\u00e1vel de qualidade alimentar, resistente ao desgaste e anti-oxida\u00e7\u00e3o, em conformidade com as normas internacionais de seguran\u00e7a da restaura\u00e7\u00e3o.<\/p>\n\n\n\n<p><strong>Acabamento polido espelhado:<\/strong> polimento geral em espelho, brilhante e suave, proporcionando uma textura visual de alta qualidade.<\/p>\n\n\n\n<p><strong>Fornecer uma variedade de op\u00e7\u00f5es de cores:<\/strong> ouro, prata, preto, cobre, arco-\u00edris, vermelho e verde, desde tons cl\u00e1ssicos e luxuosos a op\u00e7\u00f5es de cores personalizadas e \u00fanicas, e suporte \u00e0 personaliza\u00e7\u00e3o<\/p>\n\n\n\n<p><strong>Fornecer solu\u00e7\u00f5es de embalagem: <\/strong>Apoiamos o LOGOTIPO personalizado (grava\u00e7\u00e3o a laser, grava\u00e7\u00e3o em relevo e outros processos), fornecemos caixas de cor, papel kraft, sacos OPP e outras solu\u00e7\u00f5es de embalagem para satisfazer as necessidades de promo\u00e7\u00e3o da marca, oferta de presentes ou exporta\u00e7\u00e3o.<\/p>\n\n\n\n<p><strong>Fornecimento direto por grosso, fornecimento est\u00e1vel: <\/strong>f\u00e1brica pr\u00f3pria, apoio a encomendas de grande volume, ciclo de entrega est\u00e1vel, pre\u00e7o preferencial, adequado para estabelecer uma coopera\u00e7\u00e3o a longo prazo com propriet\u00e1rios de marcas, distribuidores e grossistas.<\/p>\n<\/div>\n\n\n\n<div class=\"wp-block-column is-layout-flow wp-block-column-is-layout-flow\"><div class=\"wp-block-image\">\n<figure class=\"aligncenter size-full\"><img decoding=\"async\" width=\"800\" height=\"800\" src=\"https:\/\/www.mcallenflatware.com\/wp-content\/uploads\/2025\/04\/wholesale-quality-flatwarestainless-steel-cutlery-set-custom-4.webp\" alt=\"talheres de qualidade por atacado, conjunto de talheres de a\u00e7o inoxid\u00e1vel personalizado (4)\" class=\"wp-image-1911\" srcset=\"https:\/\/www.mcallenflatware.com\/wp-content\/uploads\/2025\/04\/wholesale-quality-flatwarestainless-steel-cutlery-set-custom-4.webp 800w, https:\/\/www.mcallenflatware.com\/wp-content\/uploads\/2025\/04\/wholesale-quality-flatwarestainless-steel-cutlery-set-custom-4-150x150.webp 150w, https:\/\/www.mcallenflatware.com\/wp-content\/uploads\/2025\/04\/wholesale-quality-flatwarestainless-steel-cutlery-set-custom-4-768x768.webp 768w, https:\/\/www.mcallenflatware.com\/wp-content\/uploads\/2025\/04\/wholesale-quality-flatwarestainless-steel-cutlery-set-custom-4-12x12.webp 12w, https:\/\/www.mcallenflatware.com\/wp-content\/uploads\/2025\/04\/wholesale-quality-flatwarestainless-steel-cutlery-set-custom-4-600x600.webp 600w, https:\/\/www.mcallenflatware.com\/wp-content\/uploads\/2025\/04\/wholesale-quality-flatwarestainless-steel-cutlery-set-custom-4-300x300.webp 300w, https:\/\/www.mcallenflatware.com\/wp-content\/uploads\/2025\/04\/wholesale-quality-flatwarestainless-steel-cutlery-set-custom-4-100x100.webp 100w\" sizes=\"(max-width: 800px) 100vw, 800px\" \/><\/figure>\n<\/div><\/div>\n<\/div>","protected":false},"excerpt":{"rendered":"<p>Conjunto de talheres de a\u00e7o inoxid\u00e1vel de qualidade por atacado, polido espelhado, forma moderna e aerodin\u00e2mica com v\u00e1rias op\u00e7\u00f5es de cores, adequado para v\u00e1rios cen\u00e1rios de restaura\u00e7\u00e3o. Suporta a personaliza\u00e7\u00e3o do LOGOTIPO e da embalagem. Fornecimento direto da f\u00e1brica, entre em contacto connosco para obter uma cota\u00e7\u00e3o!<\/p>\n<h2 id=\"block-792b966c-c506-49fa-b3c8-9881ee38a4f5\" class=\"block-editor-rich-text__editable block-editor-block-list__block wp-block is-selected wp-block-heading rich-text\" role=\"document\" aria-label=\"Bloco: T\u00edtulo\" data-block=\"792b966c-c506-49fa-b3c8-9881ee38a4f5\" data-type=\"core\/heading\" data-title=\"Heading\" data-wp-block-attribute-key=\"content\">Talheres de qualidade Atributos :<\/h2>\n<p><strong>Nome da marca:<\/strong> Mcallen<br \/><strong>Material:<\/strong> A\u00e7o inoxid\u00e1vel<br \/><strong>Cor:<\/strong>\u00a0 Prata, ouro, preto, cobre, arco-\u00edris, vermelho e verde<br \/><strong>Conce\u00e7\u00e3o: <\/strong> Moderno e com acabamento polido espelhado<br \/><strong>Prazo de entrega da amostra:<\/strong> No prazo de 3 dias<br \/><strong>OEM\/ODM:<\/strong> Dispon\u00edvel<\/p>\n<h2>Talheres de qualidade personalizada:<\/h2>\n<p><strong>A\u00e7o inoxid\u00e1vel:<\/strong> A\u00e7o inoxid\u00e1vel 18\/10, 304, 316, 410, 430, 420<br \/><strong>Log\u00f3tipo:<\/strong> Grava\u00e7\u00e3o a laser, serigrafia\/UV\/impress\u00e3o por transfer\u00eancia t\u00e9rmica, grava\u00e7\u00e3o em relevo, etc.<br \/><strong>Embalagem:<\/strong> 4\/8\/12\/16\/20\/24\/45\/48\/72pcs set<br \/><strong>Acabamentos de superf\u00edcie:<\/strong> Polido com espelho, mate, polido com \u00e1gua, revestimento de tit\u00e2nio<br \/><strong>Embalagem:<\/strong> A granel, saco OPP, caixa de cor, caixa de oferta, personalizado<\/p>","protected":false},"featured_media":1908,"template":"","meta":[],"product_brand":[],"product_cat":[23,29],"product_tag":[],"class_list":{"0":"post-1905","1":"product","2":"type-product","3":"status-publish","4":"has-post-thumbnail","6":"product_cat-wholesale-flatware","7":"product_cat-bulk-flatware","9":"first","10":"instock","11":"shipping-taxable","12":"product-type-simple"},"_links":{"self":[{"href":"https:\/\/www.mcallenflatware.com\/pt\/wp-json\/wp\/v2\/product\/1905","targetHints":{"allow":["GET"]}}],"collection":[{"href":"https:\/\/www.mcallenflatware.com\/pt\/wp-json\/wp\/v2\/product"}],"about":[{"href":"https:\/\/www.mcallenflatware.com\/pt\/wp-json\/wp\/v2\/types\/product"}],"wp:featuredmedia":[{"embeddable":true,"href":"https:\/\/www.mcallenflatware.com\/pt\/wp-json\/wp\/v2\/media\/1908"}],"wp:attachment":[{"href":"https:\/\/www.mcallenflatware.com\/pt\/wp-json\/wp\/v2\/media?parent=1905"}],"wp:term":[{"taxonomy":"product_brand","embeddable":true,"href":"https:\/\/www.mcallenflatware.com\/pt\/wp-json\/wp\/v2\/product_brand?post=1905"},{"taxonomy":"product_cat","embeddable":true,"href":"https:\/\/www.mcallenflatware.com\/pt\/wp-json\/wp\/v2\/product_cat?post=1905"},{"taxonomy":"product_tag","embeddable":true,"href":"https:\/\/www.mcallenflatware.com\/pt\/wp-json\/wp\/v2\/product_tag?post=1905"}],"curies":[{"name":"wp","href":"https:\/\/api.w.org\/{rel}","templated":true}]}}