{"id":1985,"date":"2025-04-19T10:11:54","date_gmt":"2025-04-19T10:11:54","guid":{"rendered":"https:\/\/www.mcallenflatware.com\/?post_type=product&#038;p=1985"},"modified":"2025-04-19T10:11:55","modified_gmt":"2025-04-19T10:11:55","slug":"wholesale-luxury-cutlery-set","status":"publish","type":"product","link":"https:\/\/www.mcallenflatware.com\/pt\/product\/wholesale-luxury-cutlery-set\/","title":{"rendered":"Conjunto de talheres de luxo por atacado, talheres de a\u00e7o inoxid\u00e1vel personalizados"},"content":{"rendered":"<div class=\"wp-block-columns is-layout-flex wp-container-core-columns-is-layout-9d6595d7 wp-block-columns-is-layout-flex\">\n<div class=\"wp-block-column is-layout-flow wp-block-column-is-layout-flow\">\n<div class=\"wp-block-columns is-layout-flex wp-container-core-columns-is-layout-9d6595d7 wp-block-columns-is-layout-flex\">\n<div class=\"wp-block-column is-layout-flow wp-block-column-is-layout-flow\">\n<h2 class=\"wp-block-heading\">Conjunto de talheres de luxo Carater\u00edsticas:<\/h2>\n\n\n\n<p><strong>Design luxuoso de grava\u00e7\u00e3o: <\/strong>O cabo \u00e9 requintadamente gravado com linhas luxuosas, com revestimento dourado e ornamenta\u00e7\u00e3o de padr\u00f5es, tornando o conjunto de talheres mais luxuoso e sofisticado.<\/p>\n\n\n\n<p><strong>Material de a\u00e7o inoxid\u00e1vel de qualidade alimentar: <\/strong>Fabricado em a\u00e7o inoxid\u00e1vel 304, tem uma excelente resist\u00eancia \u00e0 corros\u00e3o e \u00e0 oxida\u00e7\u00e3o e cumpre as normas internacionais de seguran\u00e7a na restaura\u00e7\u00e3o.<\/p>\n\n\n\n<p><strong>Polimento de espelhos:<\/strong> A superf\u00edcie geral \u00e9 polida como um espelho, a superf\u00edcie brilhante \u00e9 lisa e proporciona uma textura visual de alta qualidade.<\/p>\n\n\n\n<p><strong>Op\u00e7\u00f5es cl\u00e1ssicas em ouro e prata: <\/strong>Com op\u00e7\u00f5es de ouro luxuoso e prata moderna, \u00e9 adequado para v\u00e1rias ocasi\u00f5es de catering tem\u00e1ticas.<\/p>\n\n\n\n<p><strong>Servi\u00e7os personalizados OEM e ODM: <\/strong>Apoiar LOGOTIPO personalizado (grava\u00e7\u00e3o a laser, grava\u00e7\u00e3o em relevo, etc.), fornecer caixas de cor, papel kraft, sacos OPP e outras solu\u00e7\u00f5es de embalagem para satisfazer as necessidades de promo\u00e7\u00e3o da marca, oferta de presentes ou exporta\u00e7\u00e3o.<\/p>\n\n\n\n<p><strong>Fornecimento direto por atacado, tempo de entrega est\u00e1vel: <\/strong>Com a sua pr\u00f3pria f\u00e1brica, suporta encomendas de grande volume, ciclo de entrega est\u00e1vel, pre\u00e7o competitivo, adequado para coopera\u00e7\u00e3o a longo prazo com marcas, distribuidores e grossistas.<\/p>\n<\/div>\n\n\n\n<div class=\"wp-block-column is-layout-flow wp-block-column-is-layout-flow\">\n<figure class=\"wp-block-image size-full\"><img decoding=\"async\" width=\"1200\" height=\"1362\" src=\"https:\/\/www.mcallenflatware.com\/wp-content\/uploads\/2025\/04\/Wholasale-Luxury-Stainless-Steel-Gold-Silverware-Bulk-1.webp\" alt=\"Wholasale-Luxury-Stainless-Steel-Gold-Silverware-Bulk-1\" class=\"wp-image-1986\" srcset=\"https:\/\/www.mcallenflatware.com\/wp-content\/uploads\/2025\/04\/Wholasale-Luxury-Stainless-Steel-Gold-Silverware-Bulk-1.webp 1200w, https:\/\/www.mcallenflatware.com\/wp-content\/uploads\/2025\/04\/Wholasale-Luxury-Stainless-Steel-Gold-Silverware-Bulk-1-768x872.webp 768w, https:\/\/www.mcallenflatware.com\/wp-content\/uploads\/2025\/04\/Wholasale-Luxury-Stainless-Steel-Gold-Silverware-Bulk-1-11x12.webp 11w, https:\/\/www.mcallenflatware.com\/wp-content\/uploads\/2025\/04\/Wholasale-Luxury-Stainless-Steel-Gold-Silverware-Bulk-1-600x681.webp 600w\" sizes=\"(max-width: 1200px) 100vw, 1200px\" \/><\/figure>\n<\/div>\n<\/div>\n\n\n\n<div class=\"wp-block-columns is-layout-flex wp-container-core-columns-is-layout-9d6595d7 wp-block-columns-is-layout-flex\">\n<div class=\"wp-block-column is-layout-flow wp-block-column-is-layout-flow\">\n<figure class=\"wp-block-image size-full\"><img decoding=\"async\" width=\"1200\" height=\"1136\" src=\"https:\/\/www.mcallenflatware.com\/wp-content\/uploads\/2025\/04\/Wholasale-Luxury-Stainless-Steel-Gold-Silverware-Bulk-9.webp\" alt=\"Wholasale-Luxury-Stainless-Steel-Gold-Silverware-Bulk-9\" class=\"wp-image-1993\" style=\"aspect-ratio:1;object-fit:cover\" srcset=\"https:\/\/www.mcallenflatware.com\/wp-content\/uploads\/2025\/04\/Wholasale-Luxury-Stainless-Steel-Gold-Silverware-Bulk-9.webp 1200w, https:\/\/www.mcallenflatware.com\/wp-content\/uploads\/2025\/04\/Wholasale-Luxury-Stainless-Steel-Gold-Silverware-Bulk-9-768x727.webp 768w, https:\/\/www.mcallenflatware.com\/wp-content\/uploads\/2025\/04\/Wholasale-Luxury-Stainless-Steel-Gold-Silverware-Bulk-9-13x12.webp 13w, https:\/\/www.mcallenflatware.com\/wp-content\/uploads\/2025\/04\/Wholasale-Luxury-Stainless-Steel-Gold-Silverware-Bulk-9-600x568.webp 600w\" sizes=\"(max-width: 1200px) 100vw, 1200px\" \/><\/figure>\n<\/div>\n\n\n\n<div class=\"wp-block-column is-layout-flow wp-block-column-is-layout-flow\">\n<figure class=\"wp-block-image size-full\"><img decoding=\"async\" width=\"1200\" height=\"1200\" src=\"https:\/\/www.mcallenflatware.com\/wp-content\/uploads\/2025\/04\/Wholasale-Luxury-Stainless-Steel-Gold-Silverware-Bulk-2.webp\" alt=\"Wholasale-Luxury-Stainless-Steel-Gold-Silverware-Bulk-2\" class=\"wp-image-1987\" srcset=\"https:\/\/www.mcallenflatware.com\/wp-content\/uploads\/2025\/04\/Wholasale-Luxury-Stainless-Steel-Gold-Silverware-Bulk-2.webp 1200w, https:\/\/www.mcallenflatware.com\/wp-content\/uploads\/2025\/04\/Wholasale-Luxury-Stainless-Steel-Gold-Silverware-Bulk-2-150x150.webp 150w, https:\/\/www.mcallenflatware.com\/wp-content\/uploads\/2025\/04\/Wholasale-Luxury-Stainless-Steel-Gold-Silverware-Bulk-2-768x768.webp 768w, https:\/\/www.mcallenflatware.com\/wp-content\/uploads\/2025\/04\/Wholasale-Luxury-Stainless-Steel-Gold-Silverware-Bulk-2-12x12.webp 12w, https:\/\/www.mcallenflatware.com\/wp-content\/uploads\/2025\/04\/Wholasale-Luxury-Stainless-Steel-Gold-Silverware-Bulk-2-600x600.webp 600w, https:\/\/www.mcallenflatware.com\/wp-content\/uploads\/2025\/04\/Wholasale-Luxury-Stainless-Steel-Gold-Silverware-Bulk-2-300x300.webp 300w, https:\/\/www.mcallenflatware.com\/wp-content\/uploads\/2025\/04\/Wholasale-Luxury-Stainless-Steel-Gold-Silverware-Bulk-2-100x100.webp 100w\" sizes=\"(max-width: 1200px) 100vw, 1200px\" \/><\/figure>\n<\/div>\n\n\n\n<div class=\"wp-block-column is-layout-flow wp-block-column-is-layout-flow\">\n<figure class=\"wp-block-image size-full\"><img decoding=\"async\" width=\"1200\" height=\"1152\" src=\"https:\/\/www.mcallenflatware.com\/wp-content\/uploads\/2025\/04\/Wholasale-Luxury-Stainless-Steel-Gold-Silverware-Bulk-5.webp\" alt=\"Wholasale-Luxury-Stainless-Steel-Gold-Silverware-Bulk-5\" class=\"wp-image-1990\" style=\"aspect-ratio:1;object-fit:cover\" srcset=\"https:\/\/www.mcallenflatware.com\/wp-content\/uploads\/2025\/04\/Wholasale-Luxury-Stainless-Steel-Gold-Silverware-Bulk-5.webp 1200w, https:\/\/www.mcallenflatware.com\/wp-content\/uploads\/2025\/04\/Wholasale-Luxury-Stainless-Steel-Gold-Silverware-Bulk-5-768x737.webp 768w, https:\/\/www.mcallenflatware.com\/wp-content\/uploads\/2025\/04\/Wholasale-Luxury-Stainless-Steel-Gold-Silverware-Bulk-5-13x12.webp 13w, https:\/\/www.mcallenflatware.com\/wp-content\/uploads\/2025\/04\/Wholasale-Luxury-Stainless-Steel-Gold-Silverware-Bulk-5-600x576.webp 600w\" sizes=\"(max-width: 1200px) 100vw, 1200px\" \/><\/figure>\n<\/div>\n<\/div>\n<\/div>\n<\/div>","protected":false},"excerpt":{"rendered":"<p>Bem-vindo \u00e0 venda por atacado e personaliza\u00e7\u00e3o de conjuntos de talheres de luxo, com design de linha exclusivo, op\u00e7\u00f5es de ouro e prata, adequados para restaurantes, hot\u00e9is, uso dom\u00e9stico, etc. Apoie o LOGOTIPO personalizado e a embalagem para melhorar a personaliza\u00e7\u00e3o da marca. Vendas diretas da f\u00e1brica, fornecimento global, bem-vindo a contactar-nos para uma cota\u00e7\u00e3o.<\/p>\n<h2 id=\"block-792b966c-c506-49fa-b3c8-9881ee38a4f5\" class=\"block-editor-rich-text__editable block-editor-block-list__block wp-block is-selected wp-block-heading rich-text\" role=\"document\" aria-label=\"Bloco: T\u00edtulo\" data-block=\"792b966c-c506-49fa-b3c8-9881ee38a4f5\" data-type=\"core\/heading\" data-title=\"Heading\" data-wp-block-attribute-key=\"content\">Conjunto de talheres de luxo Atributos :<\/h2>\n<p><strong>Nome da marca:<\/strong> Mcallen<br \/><strong>Material:<\/strong> A\u00e7o inoxid\u00e1vel<br \/><strong>Cor:<\/strong>\u00a0 Prata, Ouro<br \/><strong>Prazo de entrega da amostra:<\/strong> No prazo de 3 dias<br \/><strong>OEM\/ODM:<\/strong> Dispon\u00edvel<\/p>\n<h2>Conjunto de talheres de luxo personalizado:<\/h2>\n<p><strong>A\u00e7o inoxid\u00e1vel:<\/strong> A\u00e7o inoxid\u00e1vel 18\/10, 304, 316, 410, 430, 420<br \/><strong>Log\u00f3tipo:<\/strong> Grava\u00e7\u00e3o a laser, serigrafia\/UV\/impress\u00e3o por transfer\u00eancia t\u00e9rmica, grava\u00e7\u00e3o em relevo, etc.<br \/><strong>Embalagem:<\/strong> 4\/8\/12\/16\/20\/24\/45\/48\/72pcs set<br \/><strong>Acabamentos de superf\u00edcie:<\/strong> Polido com espelho, mate, polido com \u00e1gua, revestimento de tit\u00e2nio<br \/><strong>Embalagem:<\/strong> A granel, saco OPP, caixa de cor, caixa de oferta, personalizado<\/p>","protected":false},"featured_media":1987,"template":"","meta":[],"product_brand":[],"product_cat":[23,29],"product_tag":[],"class_list":{"0":"post-1985","1":"product","2":"type-product","3":"status-publish","4":"has-post-thumbnail","6":"product_cat-wholesale-flatware","7":"product_cat-bulk-flatware","9":"first","10":"instock","11":"shipping-taxable","12":"product-type-simple"},"_links":{"self":[{"href":"https:\/\/www.mcallenflatware.com\/pt\/wp-json\/wp\/v2\/product\/1985","targetHints":{"allow":["GET"]}}],"collection":[{"href":"https:\/\/www.mcallenflatware.com\/pt\/wp-json\/wp\/v2\/product"}],"about":[{"href":"https:\/\/www.mcallenflatware.com\/pt\/wp-json\/wp\/v2\/types\/product"}],"wp:featuredmedia":[{"embeddable":true,"href":"https:\/\/www.mcallenflatware.com\/pt\/wp-json\/wp\/v2\/media\/1987"}],"wp:attachment":[{"href":"https:\/\/www.mcallenflatware.com\/pt\/wp-json\/wp\/v2\/media?parent=1985"}],"wp:term":[{"taxonomy":"product_brand","embeddable":true,"href":"https:\/\/www.mcallenflatware.com\/pt\/wp-json\/wp\/v2\/product_brand?post=1985"},{"taxonomy":"product_cat","embeddable":true,"href":"https:\/\/www.mcallenflatware.com\/pt\/wp-json\/wp\/v2\/product_cat?post=1985"},{"taxonomy":"product_tag","embeddable":true,"href":"https:\/\/www.mcallenflatware.com\/pt\/wp-json\/wp\/v2\/product_tag?post=1985"}],"curies":[{"name":"wp","href":"https:\/\/api.w.org\/{rel}","templated":true}]}}