{"id":2118,"date":"2025-06-03T06:15:20","date_gmt":"2025-06-03T06:15:20","guid":{"rendered":"https:\/\/www.mcallenflatware.com\/?post_type=product&#038;p=2118"},"modified":"2025-11-24T04:08:29","modified_gmt":"2025-11-24T04:08:29","slug":"wholesale-measuring-spoons","status":"publish","type":"product","link":"https:\/\/www.mcallenflatware.com\/pt\/product\/wholesale-measuring-spoons\/","title":{"rendered":"Colheres de medi\u00e7\u00e3o por atacado 304 a\u00e7o inoxid\u00e1vel ouro prata 6 tamanhos personalizados"},"content":{"rendered":"<h2 class=\"wp-block-heading\">Colheres de medi\u00e7\u00e3o Carater\u00edsticas:<\/h2>\n\n\n\n<div class=\"wp-block-columns is-layout-flex wp-container-core-columns-is-layout-9d6595d7 wp-block-columns-is-layout-flex\">\n<div class=\"wp-block-column is-layout-flow wp-block-column-is-layout-flow\" style=\"flex-basis:66.66%\">\n<p><strong>Material de a\u00e7o inoxid\u00e1vel de alta qualidade<\/strong>l: Fabricado em a\u00e7o inoxid\u00e1vel de qualidade alimentar, \u00e9 seguro, resistente \u00e0 corros\u00e3o e n\u00e3o enferruja facilmente, sendo adequado para uma utiliza\u00e7\u00e3o a longo prazo.<\/p>\n\n\n\n<p><strong>Design de pega espessa<\/strong>n: O cabo \u00e9 mais espesso, \u00e9 est\u00e1vel, evita a flex\u00e3o e a deforma\u00e7\u00e3o e aumenta a durabilidade e o profissionalismo.<\/p>\n\n\n\n<p><strong>Polimento de espelhos<\/strong>: A superf\u00edcie \u00e9 lisa e brilhante, muito texturada, f\u00e1cil de limpar e n\u00e3o deixa res\u00edduos e odores.<\/p>\n\n\n\n<p><strong>Seis especifica\u00e7\u00f5es exactas<\/strong>: Cont\u00e9m 6 especifica\u00e7\u00f5es habitualmente utilizadas (como 1 colher de sopa a 2 colheres de sopa), que satisfazem as necessidades de medi\u00e7\u00e3o exacta de temperos, pastelaria ou caf\u00e9.<\/p>\n\n\n\n<p><strong>Processo de moldagem de uma s\u00f3 pe\u00e7a<\/strong>: Sem folgas de soldadura, robusto e dur\u00e1vel, n\u00e3o esconde a sujidade e cumpre as elevadas normas de higiene.<\/p>\n\n\n\n<p><strong>Design de armazenamento aninhado<\/strong>: Pode ser empilhado para armazenamento, poupando espa\u00e7o, adequado para cozinhas comerciais, cozinhas dom\u00e9sticas e distribui\u00e7\u00e3o e venda por grosso.<\/p>\n\n\n\n<p><strong>Aplic\u00e1vel a v\u00e1rios cen\u00e1rios<\/strong>: Adequado para caf\u00e9s, padarias e cozinhas de catering, etc., suportando a personaliza\u00e7\u00e3o em massa e servi\u00e7os OEM\/ODM.<\/p>\n<\/div>\n\n\n\n<div class=\"wp-block-column is-layout-flow wp-block-column-is-layout-flow\" style=\"flex-basis:33.33%\">\n<figure class=\"wp-block-image size-full\"><img decoding=\"async\" width=\"800\" height=\"800\" src=\"https:\/\/www.mcallenflatware.com\/wp-content\/uploads\/2025\/06\/Wholesale-Measuring-Spoons-304-Stainless-Steel-Glod-Sliver-6-Size-Custom-5.webp\" alt=\"Colheres de medi\u00e7\u00e3o por atacado 304 a\u00e7o inoxid\u00e1vel Glod Sliver 6 Tamanho personalizado (5)\" class=\"wp-image-2123\" srcset=\"https:\/\/www.mcallenflatware.com\/wp-content\/uploads\/2025\/06\/Wholesale-Measuring-Spoons-304-Stainless-Steel-Glod-Sliver-6-Size-Custom-5.webp 800w, https:\/\/www.mcallenflatware.com\/wp-content\/uploads\/2025\/06\/Wholesale-Measuring-Spoons-304-Stainless-Steel-Glod-Sliver-6-Size-Custom-5-150x150.webp 150w, https:\/\/www.mcallenflatware.com\/wp-content\/uploads\/2025\/06\/Wholesale-Measuring-Spoons-304-Stainless-Steel-Glod-Sliver-6-Size-Custom-5-768x768.webp 768w, https:\/\/www.mcallenflatware.com\/wp-content\/uploads\/2025\/06\/Wholesale-Measuring-Spoons-304-Stainless-Steel-Glod-Sliver-6-Size-Custom-5-12x12.webp 12w, https:\/\/www.mcallenflatware.com\/wp-content\/uploads\/2025\/06\/Wholesale-Measuring-Spoons-304-Stainless-Steel-Glod-Sliver-6-Size-Custom-5-600x600.webp 600w, https:\/\/www.mcallenflatware.com\/wp-content\/uploads\/2025\/06\/Wholesale-Measuring-Spoons-304-Stainless-Steel-Glod-Sliver-6-Size-Custom-5-300x300.webp 300w, https:\/\/www.mcallenflatware.com\/wp-content\/uploads\/2025\/06\/Wholesale-Measuring-Spoons-304-Stainless-Steel-Glod-Sliver-6-Size-Custom-5-100x100.webp 100w\" sizes=\"(max-width: 800px) 100vw, 800px\" \/><\/figure>\n<\/div>\n<\/div>","protected":false},"excerpt":{"rendered":"<p>Conjunto de colheres de medi\u00e7\u00e3o por atacado, feito de a\u00e7o inoxid\u00e1vel de qualidade alimentar, espelho polido, seis especifica\u00e7\u00f5es comuns, adequado para cozinha, caf\u00e9, panifica\u00e7\u00e3o, etc. Oferecer o melhor desconto para encomendas a granel. Bem-vindo ao inqu\u00e9rito!<\/p>\n<h2>Colheres de medi\u00e7\u00e3o Atributos<\/h2>\n<p><strong>Nome da marca:<\/strong> Mcallen<br \/><strong>Material:<\/strong> A\u00e7o inoxid\u00e1vel<br \/><strong>Cor:<\/strong> Ouro, prata ou personalizado<br \/><strong>Polimento:<\/strong> Espelho polido<br \/><strong>Prazo de entrega da amostra:<\/strong> No prazo de 3 dias<br \/><strong>OEM\/ODM:<\/strong> Dispon\u00edvel<\/p>\n<h2>Colheres de medi\u00e7\u00e3o personalizadas:<\/h2>\n<p><strong>A\u00e7o inoxid\u00e1vel:<\/strong> A\u00e7o inoxid\u00e1vel 18\/10, 304, 316, 410, 430, 420<br \/><strong>Log\u00f3tipo:<\/strong> Grava\u00e7\u00e3o a laser, impress\u00e3o serigr\u00e1fica, impress\u00e3o UV, impress\u00e3o por transfer\u00eancia t\u00e9rmica, grava\u00e7\u00e3o em relevo, etc.<br \/><strong>Acabamentos de superf\u00edcie:<\/strong> Espelho polido, mate.<br \/><strong>Embalagem:<\/strong> A granel, saco opp, caixa de cor, caixa de oferta, personalizado<\/p>","protected":false},"featured_media":2119,"template":"","meta":[],"product_brand":[],"product_cat":[24,32],"product_tag":[],"class_list":{"0":"post-2118","1":"product","2":"type-product","3":"status-publish","4":"has-post-thumbnail","6":"product_cat-wholesale-kitchen-utensils","7":"product_cat-custom-baking-tools-utensils","9":"first","10":"instock","11":"shipping-taxable","12":"product-type-simple"},"_links":{"self":[{"href":"https:\/\/www.mcallenflatware.com\/pt\/wp-json\/wp\/v2\/product\/2118","targetHints":{"allow":["GET"]}}],"collection":[{"href":"https:\/\/www.mcallenflatware.com\/pt\/wp-json\/wp\/v2\/product"}],"about":[{"href":"https:\/\/www.mcallenflatware.com\/pt\/wp-json\/wp\/v2\/types\/product"}],"wp:featuredmedia":[{"embeddable":true,"href":"https:\/\/www.mcallenflatware.com\/pt\/wp-json\/wp\/v2\/media\/2119"}],"wp:attachment":[{"href":"https:\/\/www.mcallenflatware.com\/pt\/wp-json\/wp\/v2\/media?parent=2118"}],"wp:term":[{"taxonomy":"product_brand","embeddable":true,"href":"https:\/\/www.mcallenflatware.com\/pt\/wp-json\/wp\/v2\/product_brand?post=2118"},{"taxonomy":"product_cat","embeddable":true,"href":"https:\/\/www.mcallenflatware.com\/pt\/wp-json\/wp\/v2\/product_cat?post=2118"},{"taxonomy":"product_tag","embeddable":true,"href":"https:\/\/www.mcallenflatware.com\/pt\/wp-json\/wp\/v2\/product_tag?post=2118"}],"curies":[{"name":"wp","href":"https:\/\/api.w.org\/{rel}","templated":true}]}}