{"id":2124,"date":"2025-06-03T06:40:18","date_gmt":"2025-06-03T06:40:18","guid":{"rendered":"https:\/\/www.mcallenflatware.com\/?post_type=product&#038;p=2124"},"modified":"2025-06-21T01:48:34","modified_gmt":"2025-06-21T01:48:34","slug":"custom-measuring-spoons","status":"publish","type":"product","link":"https:\/\/www.mcallenflatware.com\/pt\/product\/custom-measuring-spoons\/","title":{"rendered":"Colheres de medi\u00e7\u00e3o personalizadas quadradas em a\u00e7o inoxid\u00e1vel polido com espelho a granel"},"content":{"rendered":"<h2 class=\"wp-block-heading\">Colher de medi\u00e7\u00e3o quadrada Carater\u00edsticas:<\/h2>\n\n\n\n<div class=\"wp-block-columns is-layout-flex wp-container-core-columns-is-layout-9d6595d7 wp-block-columns-is-layout-flex\">\n<div class=\"wp-block-column is-layout-flow wp-block-column-is-layout-flow\" style=\"flex-basis:66.66%\">\n<p><strong>Material de alta qualidade<\/strong>: Feito de a\u00e7o inoxid\u00e1vel de qualidade alimentar, \u00e9 resistente \u00e0 corros\u00e3o, \u00e0 prova de ferrugem, dur\u00e1vel, seguro e inodoro, adequado para todos os tipos de cenas de cozinha.<\/p>\n\n\n\n<p><strong>Cabe\u00e7a de colher quadrada<\/strong>Forma \u00fanica, f\u00e1cil de retirar os ingredientes do frasco de tempero, mais econ\u00f3mico em termos de espa\u00e7o, f\u00e1cil de raspar os ingredientes em p\u00f3.<\/p>\n\n\n\n<p><strong>Polimento de espelhos<\/strong>A textura de alto brilho, f\u00e1cil de limpar sem deixar res\u00edduos, melhora o sentido visual geral da cozinha.<\/p>\n\n\n\n<p><strong>Pega moldada numa pe\u00e7a \u00fanica e espessa<\/strong>: toque s\u00f3lido, ergon\u00f3mico, n\u00e3o \u00e9 f\u00e1cil de dobrar ou deformar e permite uma utiliza\u00e7\u00e3o mais econ\u00f3mica.<\/p>\n\n\n\n<p><strong>Combina\u00e7\u00e3o de conjuntos multi-especifica\u00e7\u00e3o:<\/strong> Capacidade convencional, como 1 colher de sopa (15 ml), 1 colher de ch\u00e1 (5 ml), 1\/2 colher de ch\u00e1 (2,5 ml), etc., medi\u00e7\u00e3o exacta para satisfazer diferentes necessidades de medi\u00e7\u00e3o.<\/p>\n\n\n\n<p><strong>Balan\u00e7a laser<\/strong>: Cada colher de medida tem uma marca de escala laser clara, marcando a capacidade em unidades duplas de mililitros\/ml e colheres de ch\u00e1\/tsp, que continua a ser clara e leg\u00edvel ap\u00f3s uma utiliza\u00e7\u00e3o prolongada.<\/p>\n\n\n\n<p><strong>Uma variedade<\/strong><em><strong>t<\/strong><\/em><strong>y de cores dispon\u00edveis<\/strong>: ouro, preto, ouro rosa, prata e outras cores de galvanoplastia para satisfazer os diferentes estilos de marca.<\/p>\n<\/div>\n\n\n\n<div class=\"wp-block-column is-layout-flow wp-block-column-is-layout-flow\" style=\"flex-basis:33.33%\">\n<figure class=\"wp-block-image size-full\"><img decoding=\"async\" width=\"800\" height=\"800\" src=\"https:\/\/www.mcallenflatware.com\/wp-content\/uploads\/2025\/06\/Custom-Measuring-Spoons-Square-Stainless-Steel-Mirror-Polish-in-Bulk-4.webp\" alt=\"Colheres de medi\u00e7\u00e3o personalizadas quadradas em a\u00e7o inoxid\u00e1vel polido com espelho a granel (4)\" class=\"wp-image-2128\" srcset=\"https:\/\/www.mcallenflatware.com\/wp-content\/uploads\/2025\/06\/Custom-Measuring-Spoons-Square-Stainless-Steel-Mirror-Polish-in-Bulk-4.webp 800w, https:\/\/www.mcallenflatware.com\/wp-content\/uploads\/2025\/06\/Custom-Measuring-Spoons-Square-Stainless-Steel-Mirror-Polish-in-Bulk-4-150x150.webp 150w, https:\/\/www.mcallenflatware.com\/wp-content\/uploads\/2025\/06\/Custom-Measuring-Spoons-Square-Stainless-Steel-Mirror-Polish-in-Bulk-4-768x768.webp 768w, https:\/\/www.mcallenflatware.com\/wp-content\/uploads\/2025\/06\/Custom-Measuring-Spoons-Square-Stainless-Steel-Mirror-Polish-in-Bulk-4-12x12.webp 12w, https:\/\/www.mcallenflatware.com\/wp-content\/uploads\/2025\/06\/Custom-Measuring-Spoons-Square-Stainless-Steel-Mirror-Polish-in-Bulk-4-600x600.webp 600w, https:\/\/www.mcallenflatware.com\/wp-content\/uploads\/2025\/06\/Custom-Measuring-Spoons-Square-Stainless-Steel-Mirror-Polish-in-Bulk-4-300x300.webp 300w, https:\/\/www.mcallenflatware.com\/wp-content\/uploads\/2025\/06\/Custom-Measuring-Spoons-Square-Stainless-Steel-Mirror-Polish-in-Bulk-4-100x100.webp 100w\" sizes=\"(max-width: 800px) 100vw, 800px\" \/><\/figure>\n<\/div>\n<\/div>","protected":false},"excerpt":{"rendered":"<p>Colheres de medi\u00e7\u00e3o personalizadas, designs de cabe\u00e7a de colher quadrada, v\u00e1rias especifica\u00e7\u00f5es e cores est\u00e3o dispon\u00edveis, amplamente utilizadas em panifica\u00e7\u00e3o, temperos, caf\u00e9 e outras necessidades de medi\u00e7\u00e3o precisas. Fornecimento direto da f\u00e1brica, bem-vindo para obter cota\u00e7\u00f5es gratuitas.<\/p>\n<h2>Colher de medi\u00e7\u00e3o quadrada Atributos:<\/h2>\n<p><strong>Nome da marca:<\/strong> Mcallen<br \/><strong>Material:<\/strong> A\u00e7o inoxid\u00e1vel<br \/><strong>Cor:<\/strong> Prata, ouro, preto, ouro rosa, etc.<br \/><strong>Polimento:<\/strong> Espelho polido<br \/><strong>Tamanho:<\/strong> 0,63 ml, 1,25 ml, 2,5 ml, 3,75 ml, 5 ml, 15 ml<br \/><strong>Prazo de entrega da amostra:<\/strong> No prazo de 3 dias<br \/><strong>OEM\/ODM:<\/strong> Dispon\u00edvel<\/p>\n<h2>Colher de medi\u00e7\u00e3o quadrada personalizada:<\/h2>\n<p><strong>A\u00e7o inoxid\u00e1vel:<\/strong> A\u00e7o inoxid\u00e1vel 18\/10, 304, 316, 410, 430, 420<br \/><strong>Log\u00f3tipo:<\/strong> Grava\u00e7\u00e3o a laser, impress\u00e3o serigr\u00e1fica, impress\u00e3o UV, impress\u00e3o por transfer\u00eancia t\u00e9rmica, grava\u00e7\u00e3o em relevo, etc.<br \/><strong>Cor:<\/strong> Ouro, prata ou personalizado<br \/><strong>Embalagem:<\/strong> A granel, saco OPP, caixa de cor, caixa de oferta, personalizado<\/p>","protected":false},"featured_media":2126,"template":"","meta":[],"product_brand":[],"product_cat":[24,32],"product_tag":[],"class_list":{"0":"post-2124","1":"product","2":"type-product","3":"status-publish","4":"has-post-thumbnail","6":"product_cat-wholesale-kitchen-utensils","7":"product_cat-custom-baking-tools-utensils","9":"first","10":"instock","11":"shipping-taxable","12":"product-type-simple"},"_links":{"self":[{"href":"https:\/\/www.mcallenflatware.com\/pt\/wp-json\/wp\/v2\/product\/2124","targetHints":{"allow":["GET"]}}],"collection":[{"href":"https:\/\/www.mcallenflatware.com\/pt\/wp-json\/wp\/v2\/product"}],"about":[{"href":"https:\/\/www.mcallenflatware.com\/pt\/wp-json\/wp\/v2\/types\/product"}],"wp:featuredmedia":[{"embeddable":true,"href":"https:\/\/www.mcallenflatware.com\/pt\/wp-json\/wp\/v2\/media\/2126"}],"wp:attachment":[{"href":"https:\/\/www.mcallenflatware.com\/pt\/wp-json\/wp\/v2\/media?parent=2124"}],"wp:term":[{"taxonomy":"product_brand","embeddable":true,"href":"https:\/\/www.mcallenflatware.com\/pt\/wp-json\/wp\/v2\/product_brand?post=2124"},{"taxonomy":"product_cat","embeddable":true,"href":"https:\/\/www.mcallenflatware.com\/pt\/wp-json\/wp\/v2\/product_cat?post=2124"},{"taxonomy":"product_tag","embeddable":true,"href":"https:\/\/www.mcallenflatware.com\/pt\/wp-json\/wp\/v2\/product_tag?post=2124"}],"curies":[{"name":"wp","href":"https:\/\/api.w.org\/{rel}","templated":true}]}}