{"id":2142,"date":"2025-06-10T06:26:20","date_gmt":"2025-06-10T06:26:20","guid":{"rendered":"https:\/\/www.mcallenflatware.com\/?post_type=product&#038;p=2142"},"modified":"2025-06-21T01:54:50","modified_gmt":"2025-06-21T01:54:50","slug":"wholesale-childrens-flatware","status":"publish","type":"product","link":"https:\/\/www.mcallenflatware.com\/pt\/product\/wholesale-childrens-flatware\/","title":{"rendered":"Talheres para crian\u00e7as por atacado com cabo de silicone e caixa a granel"},"content":{"rendered":"<h2 class=\"wp-block-heading\">Talheres para crian\u00e7as Carater\u00edsticas:<\/h2>\n\n\n\n<div class=\"wp-block-columns is-layout-flex wp-container-core-columns-is-layout-9d6595d7 wp-block-columns-is-layout-flex\">\n<div class=\"wp-block-column is-layout-flow wp-block-column-is-layout-flow\" style=\"flex-basis:66.66%\">\n<p><strong>A\u00e7o inoxid\u00e1vel 316 de alta qualidade<\/strong><br>\u00c9 fabricado em a\u00e7o inoxid\u00e1vel 316 de qualidade alimentar, que \u00e9 mais resistente \u00e0 corros\u00e3o e mais seguro para uma utiliza\u00e7\u00e3o a longo prazo. Foi especialmente concebido para utens\u00edlios de mesa para beb\u00e9s.<\/p>\n\n\n\n<p><strong>Pega de silicone suave e antiderrapante<\/strong><br>A pega \u00e9 revestida de silicone macio, que \u00e9 antiderrapante e n\u00e3o escorrega. Adapta-se \u00e0s m\u00e3os pequenas do beb\u00e9 e \u00e9 mais f\u00e1cil de agarrar, o que ajuda o beb\u00e9 a desenvolver a sua capacidade de comer de forma independente.<\/p>\n\n\n\n<p><strong>O design com cantos arredondados \u00e9 mais seguro<\/strong><br>Todas as arestas s\u00e3o polidas e arredondadas sem cantos afiados para evitar que o beb\u00e9 arranhe a boca ou as gengivas durante as refei\u00e7\u00f5es.<\/p>\n\n\n\n<p><strong>Um bonito design a condizer com as cores atrai os beb\u00e9s<\/strong><br>As cores vivas e as formas ao estilo dos desenhos animados estimulam o interesse do beb\u00e9 pela alimenta\u00e7\u00e3o e tornam as refei\u00e7\u00f5es mais interessantes.<\/p>\n\n\n\n<p><strong>F\u00e1cil de limpar e pode ser lavado na m\u00e1quina de lavar lou\u00e7a<\/strong><br>A superf\u00edcie de a\u00e7o inoxid\u00e1vel \u00e9 lisa e n\u00e3o \u00e9 suscet\u00edvel de enferrujar. A pega de silicone \u00e9 resistente ao calor e f\u00e1cil de limpar. Pode ser diretamente colocada na m\u00e1quina de lavar lou\u00e7a para limpeza, poupando preocupa\u00e7\u00f5es e esfor\u00e7o.<\/p>\n\n\n\n<p><strong>Suporte a servi\u00e7os personalizados OEM\/ODM<\/strong><br>O LOGOTIPO, a cor, o padr\u00e3o e a embalagem podem ser personalizados de acordo com as necessidades do cliente, adequados para muitos tipos de clientes, como marcas materno-infantis, plataformas de com\u00e9rcio eletr\u00f3nico, canais de supermercados, etc.<\/p>\n<\/div>\n\n\n\n<div class=\"wp-block-column is-layout-flow wp-block-column-is-layout-flow\" style=\"flex-basis:33.33%\">\n<figure class=\"wp-block-image size-full\"><img decoding=\"async\" width=\"700\" height=\"700\" src=\"https:\/\/www.mcallenflatware.com\/wp-content\/uploads\/2025\/06\/Wholesale-Childrens-Cutlery-Gift-Set-Stainless-Steel-with-Silicone-Handle-3.webp\" alt=\"Conjunto de talheres para crian\u00e7as em a\u00e7o inoxid\u00e1vel com cabo de silicone (3)\" class=\"wp-image-2145\" srcset=\"https:\/\/www.mcallenflatware.com\/wp-content\/uploads\/2025\/06\/Wholesale-Childrens-Cutlery-Gift-Set-Stainless-Steel-with-Silicone-Handle-3.webp 700w, https:\/\/www.mcallenflatware.com\/wp-content\/uploads\/2025\/06\/Wholesale-Childrens-Cutlery-Gift-Set-Stainless-Steel-with-Silicone-Handle-3-150x150.webp 150w, https:\/\/www.mcallenflatware.com\/wp-content\/uploads\/2025\/06\/Wholesale-Childrens-Cutlery-Gift-Set-Stainless-Steel-with-Silicone-Handle-3-12x12.webp 12w, https:\/\/www.mcallenflatware.com\/wp-content\/uploads\/2025\/06\/Wholesale-Childrens-Cutlery-Gift-Set-Stainless-Steel-with-Silicone-Handle-3-600x600.webp 600w, https:\/\/www.mcallenflatware.com\/wp-content\/uploads\/2025\/06\/Wholesale-Childrens-Cutlery-Gift-Set-Stainless-Steel-with-Silicone-Handle-3-300x300.webp 300w, https:\/\/www.mcallenflatware.com\/wp-content\/uploads\/2025\/06\/Wholesale-Childrens-Cutlery-Gift-Set-Stainless-Steel-with-Silicone-Handle-3-100x100.webp 100w\" sizes=\"(max-width: 700px) 100vw, 700px\" \/><\/figure>\n<\/div>\n<\/div>","protected":false},"excerpt":{"rendered":"<p>Bem-vindo ao grossista de talheres para crian\u00e7as, utilizando a\u00e7o inoxid\u00e1vel 316 de qualidade alimentar e pegas de silicone, seguro e dur\u00e1vel. Com cores ricas, \u00e9 um produto de venda quente no mercado de talheres infantis. Vendas diretas da f\u00e1brica, qualidade confi\u00e1vel, pre\u00e7o de atacado, personaliza\u00e7\u00e3o de suporte, entre em contato conosco para consultas\uff01<\/p>\n<h2>Talheres para crian\u00e7as Atributos<\/h2>\n<p><strong>Nome da marca:<\/strong> Mcallen<br \/><strong>Material:<\/strong> A\u00e7o inoxid\u00e1vel<br \/><strong>Cor:<\/strong> Verde, laranja, cabo colorido<br \/><strong>Polimento:<\/strong> Espelho polido<br \/><strong>Conce\u00e7\u00e3o:<\/strong> Pega de blocos de constru\u00e7\u00e3o gira<br \/><strong>Prazo de entrega da amostra:<\/strong> No prazo de 3 dias<br \/><strong>OEM\/ODM:<\/strong> Dispon\u00edvel<\/p>\n<h2>Talheres personalizados para crian\u00e7as:<\/h2>\n<p><strong>A\u00e7o inoxid\u00e1vel:<\/strong> A\u00e7o inoxid\u00e1vel 18\/10, 304, 316, 410, 430, 420<br \/><strong>Log\u00f3tipo:<\/strong> Grava\u00e7\u00e3o a laser, impress\u00e3o serigr\u00e1fica, impress\u00e3o UV, impress\u00e3o por transfer\u00eancia t\u00e9rmica, grava\u00e7\u00e3o em relevo, etc.<br \/><strong>Embalagem:<\/strong> 4\/8\/12\/16\/20\/24\/45\/48\/72pcs set<br \/><strong>Acabamentos de superf\u00edcie:<\/strong> Polido com espelho, mate, polido com \u00e1gua, revestimento de tit\u00e2nio<br \/><strong>Embalagem:<\/strong> A granel, saco opp, caixa de cor, caixa de oferta, personalizado<\/p>","protected":false},"featured_media":2143,"template":"","meta":[],"product_brand":[],"product_cat":[23,28],"product_tag":[],"class_list":{"0":"post-2142","1":"product","2":"type-product","3":"status-publish","4":"has-post-thumbnail","6":"product_cat-wholesale-flatware","7":"product_cat-childrens-cutlery-set-wholesale","9":"first","10":"instock","11":"shipping-taxable","12":"product-type-simple"},"_links":{"self":[{"href":"https:\/\/www.mcallenflatware.com\/pt\/wp-json\/wp\/v2\/product\/2142","targetHints":{"allow":["GET"]}}],"collection":[{"href":"https:\/\/www.mcallenflatware.com\/pt\/wp-json\/wp\/v2\/product"}],"about":[{"href":"https:\/\/www.mcallenflatware.com\/pt\/wp-json\/wp\/v2\/types\/product"}],"wp:featuredmedia":[{"embeddable":true,"href":"https:\/\/www.mcallenflatware.com\/pt\/wp-json\/wp\/v2\/media\/2143"}],"wp:attachment":[{"href":"https:\/\/www.mcallenflatware.com\/pt\/wp-json\/wp\/v2\/media?parent=2142"}],"wp:term":[{"taxonomy":"product_brand","embeddable":true,"href":"https:\/\/www.mcallenflatware.com\/pt\/wp-json\/wp\/v2\/product_brand?post=2142"},{"taxonomy":"product_cat","embeddable":true,"href":"https:\/\/www.mcallenflatware.com\/pt\/wp-json\/wp\/v2\/product_cat?post=2142"},{"taxonomy":"product_tag","embeddable":true,"href":"https:\/\/www.mcallenflatware.com\/pt\/wp-json\/wp\/v2\/product_tag?post=2142"}],"curies":[{"name":"wp","href":"https:\/\/api.w.org\/{rel}","templated":true}]}}