{"id":2154,"date":"2025-06-16T06:27:27","date_gmt":"2025-06-16T06:27:27","guid":{"rendered":"https:\/\/www.mcallenflatware.com\/?post_type=product&#038;p=2154"},"modified":"2025-11-24T04:12:40","modified_gmt":"2025-11-24T04:12:40","slug":"wholesale-kids-cutlery-set","status":"publish","type":"product","link":"https:\/\/www.mcallenflatware.com\/pt\/product\/wholesale-kids-cutlery-set\/","title":{"rendered":"Conjunto de talheres para crian\u00e7as por atacado em a\u00e7o inoxid\u00e1vel, talheres para crian\u00e7as com cabo de silicone personalizado"},"content":{"rendered":"<h2 class=\"wp-block-heading\">Conjunto de talheres para crian\u00e7as Carater\u00edsticas:<\/h2>\n\n\n\n<div class=\"wp-block-columns is-layout-flex wp-container-core-columns-is-layout-9d6595d7 wp-block-columns-is-layout-flex\">\n<div class=\"wp-block-column is-layout-flow wp-block-column-is-layout-flow\" style=\"flex-basis:66.66%\">\n<p><strong>Material em a\u00e7o inoxid\u00e1vel de qualidade alimentar<\/strong>: A\u00e7o inoxid\u00e1vel 304 de alta qualidade, n\u00e3o enferruja facilmente, resistente aos \u00e1cidos, adequado para utiliza\u00e7\u00e3o di\u00e1ria por beb\u00e9s e crian\u00e7as, garantindo sa\u00fade e paz de esp\u00edrito.<\/p>\n\n\n\n<p><strong>Pega de silicone antiderrapante e espessa<\/strong>: design ergon\u00f3mico, a pega \u00e9 macia e grossa, adapta-se \u00e0s m\u00e3os das crian\u00e7as, \u00e9 antiderrapante e n\u00e3o escama, ajuda os beb\u00e9s a comerem de forma independente e melhora o conforto.<\/p>\n\n\n\n<p><strong>Arestas arredondadas<\/strong>: Os bordos das facas, garfos e colheres s\u00e3o arredondados, sem rebarbas nem riscos, o que torna a sua utiliza\u00e7\u00e3o mais segura e evita que os beb\u00e9s arranhem a boca ou as gengivas.<\/p>\n\n\n\n<p><strong>Cores suaves e apelativas: <\/strong>uma variedade de combina\u00e7\u00f5es de cores suaves, como o verde azeitona e o laranja quente, t\u00eam uma<strong> <\/strong>forte afinidade visual, s\u00e3o mais f\u00e1ceis de atrair a aten\u00e7\u00e3o do beb\u00e9 e melhoram a experi\u00eancia gastron\u00f3mica.<\/p>\n\n\n\n<p><strong>Caixa port\u00e1til de pl\u00e1stico amiga do ambiente<\/strong>: Cada conjunto de talheres para crian\u00e7as est\u00e1 equipado com uma caixa de armazenamento de pl\u00e1stico PP de qualidade alimentar, que \u00e9 conveniente para viagens e para o jardim de inf\u00e2ncia, limpa e higi\u00e9nica.<\/p>\n\n\n\n<p><strong>Personaliza\u00e7\u00e3o do suporte<\/strong>: Fornecer servi\u00e7os OEM\/ODM, e personalizar cores, padr\u00f5es, LOGO e embalagens de caixa de presente de acordo com as necessidades do cliente, etc., adequado para marcas materno-infantis, plataformas de com\u00e9rcio eletr\u00f3nico, clientes de presentes e outros canais.<\/p>\n<\/div>\n\n\n\n<div class=\"wp-block-column is-layout-flow wp-block-column-is-layout-flow\" style=\"flex-basis:33.33%\"><div class=\"wp-block-image\">\n<figure class=\"aligncenter size-full\"><img decoding=\"async\" width=\"800\" height=\"800\" src=\"https:\/\/www.mcallenflatware.com\/wp-content\/uploads\/2025\/06\/Wholesale-Kids-Cutlery-Set-Stainless-Steel-3.webp\" alt=\"Conjunto de talheres para crian\u00e7as em a\u00e7o inoxid\u00e1vel (3)\" class=\"wp-image-2155\" style=\"object-fit:cover\" srcset=\"https:\/\/www.mcallenflatware.com\/wp-content\/uploads\/2025\/06\/Wholesale-Kids-Cutlery-Set-Stainless-Steel-3.webp 800w, https:\/\/www.mcallenflatware.com\/wp-content\/uploads\/2025\/06\/Wholesale-Kids-Cutlery-Set-Stainless-Steel-3-150x150.webp 150w, https:\/\/www.mcallenflatware.com\/wp-content\/uploads\/2025\/06\/Wholesale-Kids-Cutlery-Set-Stainless-Steel-3-768x768.webp 768w, https:\/\/www.mcallenflatware.com\/wp-content\/uploads\/2025\/06\/Wholesale-Kids-Cutlery-Set-Stainless-Steel-3-12x12.webp 12w, https:\/\/www.mcallenflatware.com\/wp-content\/uploads\/2025\/06\/Wholesale-Kids-Cutlery-Set-Stainless-Steel-3-600x600.webp 600w, https:\/\/www.mcallenflatware.com\/wp-content\/uploads\/2025\/06\/Wholesale-Kids-Cutlery-Set-Stainless-Steel-3-300x300.webp 300w, https:\/\/www.mcallenflatware.com\/wp-content\/uploads\/2025\/06\/Wholesale-Kids-Cutlery-Set-Stainless-Steel-3-100x100.webp 100w\" sizes=\"(max-width: 800px) 100vw, 800px\" \/><\/figure>\n<\/div><\/div>\n<\/div>","protected":false},"excerpt":{"rendered":"<p>O conjunto de talheres para crian\u00e7as, em a\u00e7o inoxid\u00e1vel 304 com pegas de silicone macio, cantos arredondados seguros e design port\u00e1til, \u00e9 a escolha ideal para o mercado de talheres para crian\u00e7as. Suporta personaliza\u00e7\u00e3o, perguntas bem-vindas!<\/p>\n<h2>Conjunto de talheres para crian\u00e7as Atributos<\/h2>\n<p><strong>Nome da marca:<\/strong> Mcallen<br \/><strong>Material:<\/strong> A\u00e7o inoxid\u00e1vel<br \/><strong>Cor: <\/strong> Cor de laranja, verde e creme<br \/><strong>Polimento:<\/strong> Espelho polido<br \/><strong>Conce\u00e7\u00e3o<\/strong><strong>:<\/strong> com pega de silicone<br \/><strong>Prazo de entrega da amostra:<\/strong> No prazo de 3 dias<br \/><strong>OEM\/ODM:<\/strong> Dispon\u00edvel<\/p>\n<h2>Conjunto de talheres personalizados para crian\u00e7as:<\/h2>\n<p><strong>A\u00e7o inoxid\u00e1vel:<\/strong> A\u00e7o inoxid\u00e1vel 18\/10, 304, 316, 410, 430, 420<br \/><strong>Log\u00f3tipo:<\/strong> Grava\u00e7\u00e3o a laser, impress\u00e3o serigr\u00e1fica, impress\u00e3o UV, impress\u00e3o por transfer\u00eancia t\u00e9rmica, grava\u00e7\u00e3o em relevo, etc.<br \/><strong>Embalagem:<\/strong> 4\/8\/12\/16\/20\/24\/45\/48\/72pcs set<br \/><strong>Acabamentos de superf\u00edcie:<\/strong> Polido com espelho, mate, polido com \u00e1gua, revestimento de tit\u00e2nio<br \/><strong>Embalagem:<\/strong> A granel, saco OPP, caixa de cor, caixa de oferta, personalizado<\/p>","protected":false},"featured_media":2161,"template":"","meta":[],"product_brand":[],"product_cat":[23,28],"product_tag":[],"class_list":{"0":"post-2154","1":"product","2":"type-product","3":"status-publish","4":"has-post-thumbnail","6":"product_cat-wholesale-flatware","7":"product_cat-childrens-cutlery-set-wholesale","9":"first","10":"instock","11":"shipping-taxable","12":"product-type-simple"},"_links":{"self":[{"href":"https:\/\/www.mcallenflatware.com\/pt\/wp-json\/wp\/v2\/product\/2154","targetHints":{"allow":["GET"]}}],"collection":[{"href":"https:\/\/www.mcallenflatware.com\/pt\/wp-json\/wp\/v2\/product"}],"about":[{"href":"https:\/\/www.mcallenflatware.com\/pt\/wp-json\/wp\/v2\/types\/product"}],"wp:featuredmedia":[{"embeddable":true,"href":"https:\/\/www.mcallenflatware.com\/pt\/wp-json\/wp\/v2\/media\/2161"}],"wp:attachment":[{"href":"https:\/\/www.mcallenflatware.com\/pt\/wp-json\/wp\/v2\/media?parent=2154"}],"wp:term":[{"taxonomy":"product_brand","embeddable":true,"href":"https:\/\/www.mcallenflatware.com\/pt\/wp-json\/wp\/v2\/product_brand?post=2154"},{"taxonomy":"product_cat","embeddable":true,"href":"https:\/\/www.mcallenflatware.com\/pt\/wp-json\/wp\/v2\/product_cat?post=2154"},{"taxonomy":"product_tag","embeddable":true,"href":"https:\/\/www.mcallenflatware.com\/pt\/wp-json\/wp\/v2\/product_tag?post=2154"}],"curies":[{"name":"wp","href":"https:\/\/api.w.org\/{rel}","templated":true}]}}