{"id":2163,"date":"2025-06-16T06:46:54","date_gmt":"2025-06-16T06:46:54","guid":{"rendered":"https:\/\/www.mcallenflatware.com\/?post_type=product&#038;p=2163"},"modified":"2025-06-21T02:08:42","modified_gmt":"2025-06-21T02:08:42","slug":"bulk-flatware-sets","status":"publish","type":"product","link":"https:\/\/www.mcallenflatware.com\/pt\/product\/bulk-flatware-sets\/","title":{"rendered":"Conjunto de talheres com cabo quadrado, conjunto de talheres de a\u00e7o inoxid\u00e1vel por atacado"},"content":{"rendered":"<div class=\"wp-block-columns is-layout-flex wp-container-core-columns-is-layout-9d6595d7 wp-block-columns-is-layout-flex\">\n<div class=\"wp-block-column is-layout-flow wp-block-column-is-layout-flow\">\n<h2 class=\"wp-block-heading\">Conjuntos de talheres Carater\u00edsticas:<\/h2>\n\n\n\n<p><strong>Estilo minimalista na moda<\/strong>: linhas simples e cuidadas, cores modernas e vers\u00e1teis, adequadas para restaurantes modernos ou casas de estilo minimalista.<\/p>\n\n\n\n<p><strong>Material de alta qualidade<\/strong>: Fabricado em a\u00e7o inoxid\u00e1vel 304 de qualidade alimentar, seguro e n\u00e3o t\u00f3xico, com forte resist\u00eancia \u00e0 corros\u00e3o, adequado para utiliza\u00e7\u00e3o a longo prazo.<\/p>\n\n\n\n<p><strong>Tecnologia de superf\u00edcie avan\u00e7ada<\/strong>: tratamento escovado cl\u00e1ssico, textura de alta qualidade, n\u00e3o \u00e9 f\u00e1cil de deixar impress\u00f5es digitais, real\u00e7ando o estilo de luxo discreto.<\/p>\n\n\n\n<p><strong>Design ergon\u00f3mico<\/strong>A faca, o garfo e a colher t\u00eam linhas suaves, propor\u00e7\u00f5es coordenadas, pegas confort\u00e1veis e f\u00e1ceis de utilizar.<\/p>\n\n\n\n<p><strong>Aplic\u00e1vel a v\u00e1rias cenas<\/strong>: \u00c9 ideal para a vida familiar quotidiana, restaurantes de luxo, hot\u00e9is com estrelas, personaliza\u00e7\u00e3o de banquetes de casamento, presentes de neg\u00f3cios e outros cen\u00e1rios.<\/p>\n\n\n\n<p><strong>F\u00e1cil de limpar<\/strong>: A superf\u00edcie lisa n\u00e3o \u00e9 f\u00e1cil de esconder a sujidade e permite a lavagem \u00e0 m\u00e3o e na m\u00e1quina de lavar lou\u00e7a, o que \u00e9 c\u00f3modo e sem preocupa\u00e7\u00f5es.<\/p>\n\n\n\n<p><strong>Personaliza\u00e7\u00e3o do suporte<\/strong>: O LOGOTIPO, a embalagem, a cor e a combina\u00e7\u00e3o podem ser personalizados de acordo com as necessidades para satisfazer as diversas necessidades das marcas de restaura\u00e7\u00e3o, distribui\u00e7\u00e3o, etc.<\/p>\n<\/div>\n\n\n\n<div class=\"wp-block-column is-layout-flow wp-block-column-is-layout-flow\"><div class=\"wp-block-image\">\n<figure class=\"aligncenter size-full\"><img decoding=\"async\" width=\"800\" height=\"800\" src=\"https:\/\/www.mcallenflatware.com\/wp-content\/uploads\/2025\/06\/Wholesale-Square-Handle-Flatware-Stainless-Steel-Silver-Plate-Flatware-Bulk.webp\" alt=\"Talheres de cabo quadrado por atacado, talheres de chapa de prata de a\u00e7o inoxid\u00e1vel a granel\" class=\"wp-image-2169\" style=\"aspect-ratio:1;object-fit:cover\" srcset=\"https:\/\/www.mcallenflatware.com\/wp-content\/uploads\/2025\/06\/Wholesale-Square-Handle-Flatware-Stainless-Steel-Silver-Plate-Flatware-Bulk.webp 800w, https:\/\/www.mcallenflatware.com\/wp-content\/uploads\/2025\/06\/Wholesale-Square-Handle-Flatware-Stainless-Steel-Silver-Plate-Flatware-Bulk-150x150.webp 150w, https:\/\/www.mcallenflatware.com\/wp-content\/uploads\/2025\/06\/Wholesale-Square-Handle-Flatware-Stainless-Steel-Silver-Plate-Flatware-Bulk-768x768.webp 768w, https:\/\/www.mcallenflatware.com\/wp-content\/uploads\/2025\/06\/Wholesale-Square-Handle-Flatware-Stainless-Steel-Silver-Plate-Flatware-Bulk-12x12.webp 12w, https:\/\/www.mcallenflatware.com\/wp-content\/uploads\/2025\/06\/Wholesale-Square-Handle-Flatware-Stainless-Steel-Silver-Plate-Flatware-Bulk-600x600.webp 600w, https:\/\/www.mcallenflatware.com\/wp-content\/uploads\/2025\/06\/Wholesale-Square-Handle-Flatware-Stainless-Steel-Silver-Plate-Flatware-Bulk-300x300.webp 300w, https:\/\/www.mcallenflatware.com\/wp-content\/uploads\/2025\/06\/Wholesale-Square-Handle-Flatware-Stainless-Steel-Silver-Plate-Flatware-Bulk-100x100.webp 100w\" sizes=\"(max-width: 800px) 100vw, 800px\" \/><\/figure>\n<\/div><\/div>\n<\/div>","protected":false},"excerpt":{"rendered":"<p>Bem-vindo aos conjuntos de talheres por atacado com pegas quadradas, material de a\u00e7o inoxid\u00e1vel, design moderno polido, dispon\u00edvel em ouro, prata, preto e outras op\u00e7\u00f5es, adequado para v\u00e1rias ocasi\u00f5es de jantar. Fornecimento de f\u00e1brica, suporte OEM\/ODM! Contacte-nos hoje para obter a melhor solu\u00e7\u00e3o!<\/p>\n<h2>Conjuntos de talheres Atributos:<\/h2>\n<p><strong>Nome da marca:<\/strong> Mcallen<br \/><strong>Material:<\/strong> A\u00e7o inoxid\u00e1vel<br \/><strong>Cor:<\/strong> Ouro, prata, preto, ouro rosa, etc.<br \/><strong>Conce\u00e7\u00e3o:<\/strong> Pega quadrada<br \/><strong>Prazo de entrega da amostra:<\/strong> No prazo de 3 dias<br \/><strong>OEM\/ODM:<\/strong> Dispon\u00edvel<\/p>\n<h2>Conjuntos de talheres personalizados<\/h2>\n<p><strong>A\u00e7o inoxid\u00e1vel:<\/strong> A\u00e7o inoxid\u00e1vel 18\/10, 304, 316, 410, 430, 420<br \/><strong>Log\u00f3tipo:<\/strong> Grava\u00e7\u00e3o a laser, impress\u00e3o serigr\u00e1fica, impress\u00e3o UV, impress\u00e3o por transfer\u00eancia t\u00e9rmica, grava\u00e7\u00e3o em relevo, etc.<br \/><strong>Embalagem:<\/strong> 4\/8\/12\/16\/20\/24\/45\/48\/72pcs set<br \/><strong>Acabamentos de superf\u00edcie:<\/strong> Polido com espelho, mate, polido com \u00e1gua, revestimento de tit\u00e2nio<br \/><strong>Embalagem:<\/strong> A granel, saco OPP, caixa de cor, caixa de oferta, personalizado<\/p>","protected":false},"featured_media":2169,"template":"","meta":[],"product_brand":[],"product_cat":[23,29],"product_tag":[],"class_list":{"0":"post-2163","1":"product","2":"type-product","3":"status-publish","4":"has-post-thumbnail","6":"product_cat-wholesale-flatware","7":"product_cat-bulk-flatware","9":"first","10":"instock","11":"shipping-taxable","12":"product-type-simple"},"_links":{"self":[{"href":"https:\/\/www.mcallenflatware.com\/pt\/wp-json\/wp\/v2\/product\/2163","targetHints":{"allow":["GET"]}}],"collection":[{"href":"https:\/\/www.mcallenflatware.com\/pt\/wp-json\/wp\/v2\/product"}],"about":[{"href":"https:\/\/www.mcallenflatware.com\/pt\/wp-json\/wp\/v2\/types\/product"}],"wp:featuredmedia":[{"embeddable":true,"href":"https:\/\/www.mcallenflatware.com\/pt\/wp-json\/wp\/v2\/media\/2169"}],"wp:attachment":[{"href":"https:\/\/www.mcallenflatware.com\/pt\/wp-json\/wp\/v2\/media?parent=2163"}],"wp:term":[{"taxonomy":"product_brand","embeddable":true,"href":"https:\/\/www.mcallenflatware.com\/pt\/wp-json\/wp\/v2\/product_brand?post=2163"},{"taxonomy":"product_cat","embeddable":true,"href":"https:\/\/www.mcallenflatware.com\/pt\/wp-json\/wp\/v2\/product_cat?post=2163"},{"taxonomy":"product_tag","embeddable":true,"href":"https:\/\/www.mcallenflatware.com\/pt\/wp-json\/wp\/v2\/product_tag?post=2163"}],"curies":[{"name":"wp","href":"https:\/\/api.w.org\/{rel}","templated":true}]}}