{"id":2426,"date":"2025-10-24T03:48:19","date_gmt":"2025-10-24T03:48:19","guid":{"rendered":"https:\/\/www.mcallenflatware.com\/?post_type=product&#038;p=2426"},"modified":"2025-10-24T03:48:21","modified_gmt":"2025-10-24T03:48:21","slug":"bulk-measuring-spoons","status":"publish","type":"product","link":"https:\/\/www.mcallenflatware.com\/pt\/product\/bulk-measuring-spoons\/","title":{"rendered":"Colheres de medi\u00e7\u00e3o a granel 20ml, Conjunto de colheres de a\u00e7o inoxid\u00e1vel coloridas personalizadas"},"content":{"rendered":"<div class=\"wp-block-columns is-layout-flex wp-container-core-columns-is-layout-9d6595d7 wp-block-columns-is-layout-flex\">\n<div class=\"wp-block-column is-layout-flow wp-block-column-is-layout-flow\">\n<h2 class=\"wp-block-heading\">Colher de medi\u00e7\u00e3o Carater\u00edsticas:<\/h2>\n\n\n\n<p><strong>Materiais seguros de qualidade alimentar:<\/strong> Fabricado em a\u00e7o inoxid\u00e1vel 304 de alta qualidade, \u00e9 dur\u00e1vel, resistente \u00e0 corros\u00e3o e \u00e0 ferrugem, cumprindo integralmente as normas de seguran\u00e7a em contacto com alimentos para uma utiliza\u00e7\u00e3o segura.<\/p>\n\n\n\n<p><strong>V\u00e1rias op\u00e7\u00f5es de cores: <\/strong>prata, castanho, roxo, azul, amarelo, verde, etc. est\u00e3o dispon\u00edveis para quebrar o estilo tradicional, tornando-o mais vivo e interessante e aumentando o atrativo do produto<\/p>\n\n\n\n<p><strong>Capacidade exacta de 20 ml: <\/strong>Capacidade precisa de 20 ml com um erro de medi\u00e7\u00e3o m\u00ednimo, perfeito para cozer, cozinhar e trabalhar em laborat\u00f3rio.<\/p>\n\n\n\n<p><strong>Colher com design arredondado: <\/strong>A forma suave e arredondada da colher facilita a recolha de ingredientes em p\u00f3 (como a farinha e o a\u00e7\u00facar) ou pegajosos (como o mel e os molhos), simplificando tamb\u00e9m o ato de verter e limpar.<\/p>\n\n\n\n<p><strong>F\u00e1cil de limpar: <\/strong>O processo de moldagem numa s\u00f3 pe\u00e7a (superf\u00edcie finamente polida) garante uma superf\u00edcie lisa que resiste \u00e0s manchas. Pode ser lavado diretamente ou na m\u00e1quina de lavar lou\u00e7a para uma utiliza\u00e7\u00e3o duradoura.<\/p>\n\n\n\n<p><strong>Fornecimento a granel e personaliza\u00e7\u00e3o flex\u00edvel: <\/strong>Como fabricante profissional, apoiamos compras de grandes volumes e oferecemos pre\u00e7os altamente competitivos. Tamb\u00e9m oferecemos servi\u00e7os de personaliza\u00e7\u00e3o OEM\/ODM (como a impress\u00e3o de log\u00f3tipos) para satisfazer as suas diversas necessidades comerciais.<\/p>\n<\/div>\n\n\n\n<div class=\"wp-block-column is-layout-flow wp-block-column-is-layout-flow\">\n<figure class=\"wp-block-image size-full\"><img decoding=\"async\" width=\"1000\" height=\"1000\" src=\"https:\/\/www.mcallenflatware.com\/wp-content\/uploads\/2025\/09\/Custom-Measuring-Spoons-4.webp\" alt=\"Colheres de medi\u00e7\u00e3o personalizadas a granel\" class=\"wp-image-2431\" srcset=\"https:\/\/www.mcallenflatware.com\/wp-content\/uploads\/2025\/09\/Custom-Measuring-Spoons-4.webp 1000w, https:\/\/www.mcallenflatware.com\/wp-content\/uploads\/2025\/09\/Custom-Measuring-Spoons-4-150x150.webp 150w, https:\/\/www.mcallenflatware.com\/wp-content\/uploads\/2025\/09\/Custom-Measuring-Spoons-4-768x768.webp 768w, https:\/\/www.mcallenflatware.com\/wp-content\/uploads\/2025\/09\/Custom-Measuring-Spoons-4-12x12.webp 12w, https:\/\/www.mcallenflatware.com\/wp-content\/uploads\/2025\/09\/Custom-Measuring-Spoons-4-600x600.webp 600w, https:\/\/www.mcallenflatware.com\/wp-content\/uploads\/2025\/09\/Custom-Measuring-Spoons-4-300x300.webp 300w, https:\/\/www.mcallenflatware.com\/wp-content\/uploads\/2025\/09\/Custom-Measuring-Spoons-4-100x100.webp 100w\" sizes=\"(max-width: 1000px) 100vw, 1000px\" \/><\/figure>\n<\/div>\n<\/div>","protected":false},"excerpt":{"rendered":"<p id=\"tw-target-text\" class=\"tw-data-text tw-text-large tw-ta\" dir=\"ltr\" role=\"text\" data-placeholder=\"\u7ffb\u8bd1\" data-ved=\"2ahUKEwiyhqC54PWPAxUs1jQHHZXjJswQ3ewLegQIFBAW\" aria-label=\"\u8bd1\u6587\uff1aEsta colher medidora de a\u00e7o inoxid\u00e1vel de 20 ml \u00e9 um dos nossos produtos estrela, concebido para aqueles que valorizam a precis\u00e3o e a conveni\u00eancia. Feita de a\u00e7o inoxid\u00e1vel 304 de alta qualidade e grau aliment\u00edcio, \u00e9 dur\u00e1vel, segura e higi\u00e9nica. A sua capacidade precisa de 20 ml e o seu design arredondado exclusivo permitem-lhe medir facilmente os ingredientes de pastelaria, preparar bebidas e efetuar outras medi\u00e7\u00f5es precisas, evitando derrames. Oferecemos descontos para compras a granel e apoiamos a personaliza\u00e7\u00e3o flex\u00edvel.\">As colheres de medi\u00e7\u00e3o a granel, dispon\u00edveis numa variedade de cores, s\u00e3o feitas de a\u00e7o inoxid\u00e1vel polido para um acabamento suave e f\u00e1cil de limpar. Este atraente conjunto de colheres de medida \u00e9 perfeito para cozer, cozinhar, preparar alimentos e muito mais. Direto da f\u00e1brica, oferecemos op\u00e7\u00f5es de personaliza\u00e7\u00e3o a pre\u00e7os de atacado. Pedido de informa\u00e7\u00e3o agora!<\/p>\n<p><strong>Nome da marca:<\/strong> Mcallen<br \/><strong>Material:<\/strong> A\u00e7o inoxid\u00e1vel<br \/><strong>Cor:<\/strong> Prata, castanho, roxo, azul, amarelo, verde, etc.<br \/><strong>Tamanho:<\/strong> 20ML<br \/><strong>Prazo de entrega da amostra:<\/strong> No prazo de 3 dias<br \/><strong>OEM\/ODM:<\/strong> Dispon\u00edvel<\/p>\n<h2>Colher de medi\u00e7\u00e3o personalizada:<\/h2>\n<p><strong>A\u00e7o inoxid\u00e1vel:<\/strong> A\u00e7o inoxid\u00e1vel 18\/10, 304, 316, 410, 430, 420<br \/><strong>Log\u00f3tipo:<\/strong> Grava\u00e7\u00e3o a laser, impress\u00e3o serigr\u00e1fica, impress\u00e3o UV, impress\u00e3o por transfer\u00eancia t\u00e9rmica, grava\u00e7\u00e3o em relevo, etc.<br \/><strong>Cor:<\/strong> Ouro, prata ou personalizado<br \/><strong>Embalagem:<\/strong> A granel, saco OPP, caixa de cor, caixa de oferta, personalizado<\/p>","protected":false},"featured_media":2427,"template":"","meta":[],"product_brand":[],"product_cat":[24,32],"product_tag":[],"class_list":{"0":"post-2426","1":"product","2":"type-product","3":"status-publish","4":"has-post-thumbnail","6":"product_cat-wholesale-kitchen-utensils","7":"product_cat-custom-baking-tools-utensils","9":"first","10":"instock","11":"shipping-taxable","12":"product-type-simple"},"_links":{"self":[{"href":"https:\/\/www.mcallenflatware.com\/pt\/wp-json\/wp\/v2\/product\/2426","targetHints":{"allow":["GET"]}}],"collection":[{"href":"https:\/\/www.mcallenflatware.com\/pt\/wp-json\/wp\/v2\/product"}],"about":[{"href":"https:\/\/www.mcallenflatware.com\/pt\/wp-json\/wp\/v2\/types\/product"}],"wp:featuredmedia":[{"embeddable":true,"href":"https:\/\/www.mcallenflatware.com\/pt\/wp-json\/wp\/v2\/media\/2427"}],"wp:attachment":[{"href":"https:\/\/www.mcallenflatware.com\/pt\/wp-json\/wp\/v2\/media?parent=2426"}],"wp:term":[{"taxonomy":"product_brand","embeddable":true,"href":"https:\/\/www.mcallenflatware.com\/pt\/wp-json\/wp\/v2\/product_brand?post=2426"},{"taxonomy":"product_cat","embeddable":true,"href":"https:\/\/www.mcallenflatware.com\/pt\/wp-json\/wp\/v2\/product_cat?post=2426"},{"taxonomy":"product_tag","embeddable":true,"href":"https:\/\/www.mcallenflatware.com\/pt\/wp-json\/wp\/v2\/product_tag?post=2426"}],"curies":[{"name":"wp","href":"https:\/\/api.w.org\/{rel}","templated":true}]}}