{"id":2451,"date":"2025-10-24T04:05:30","date_gmt":"2025-10-24T04:05:30","guid":{"rendered":"https:\/\/www.mcallenflatware.com\/?post_type=product&#038;p=2451"},"modified":"2025-10-24T04:06:49","modified_gmt":"2025-10-24T04:06:49","slug":"measuring-spoons-bulk","status":"publish","type":"product","link":"https:\/\/www.mcallenflatware.com\/pt\/product\/measuring-spoons-bulk\/","title":{"rendered":"Colheres de medi\u00e7\u00e3o de cabo redondo a granel, conjunto de colheres de medi\u00e7\u00e3o de a\u00e7o inoxid\u00e1vel personalizado"},"content":{"rendered":"<div class=\"wp-block-columns is-layout-flex wp-container-core-columns-is-layout-9d6595d7 wp-block-columns-is-layout-flex\">\n<div class=\"wp-block-column is-layout-flow wp-block-column-is-layout-flow\">\n<h2 class=\"wp-block-heading\">Colher de medi\u00e7\u00e3o com cabo redondo Carater\u00edsticas:<\/h2>\n\n\n\n<p><strong>A\u00e7o inoxid\u00e1vel 304 de qualidade alimentar:<\/strong> Fabricado em a\u00e7o inoxid\u00e1vel 304 de alta qualidade (a\u00e7o inoxid\u00e1vel 18\/8), \u00e9 dur\u00e1vel, resistente \u00e0 ferrugem e \u00e0 corros\u00e3o, cumprindo as normas de seguran\u00e7a alimentar. N\u00e3o tem cheiro e \u00e9 f\u00e1cil de limpar e desinfetar.<\/p>\n\n\n\n<p><strong>Pega redonda:<\/strong> A pega redonda elegante e pr\u00e1tica oferece uma ader\u00eancia confort\u00e1vel e segura, tornando-a f\u00e1cil de utilizar.<\/p>\n\n\n\n<p><strong>Liga\u00e7\u00e3o circular: <\/strong>O design circular \u00fanico permite que as colheres de medida sejam facilmente encadeadas, empilhadas ou guardadas de forma organizada, poupando espa\u00e7o e mantendo a sua cozinha ou bancada arrumada e organizada.<\/p>\n\n\n\n<p><strong>Escala de medi\u00e7\u00e3o precisa: <\/strong>A balan\u00e7a apresenta tamanhos comuns e \u00e9 f\u00e1cil de ler, garantindo medi\u00e7\u00f5es precisas para cozer, cozinhar e preparar refei\u00e7\u00f5es<\/p>\n\n\n\n<p><strong>Vantagem da venda por grosso a granel:<\/strong> Oferecemos uma op\u00e7\u00e3o de compra a granel para satisfazer as necessidades de restaurantes, padarias, caf\u00e9s, personaliza\u00e7\u00e3o de presentes e distribuidores, oferecendo uma boa rela\u00e7\u00e3o custo-benef\u00edcio e um fornecimento est\u00e1vel.<\/p>\n\n\n\n<figure class=\"wp-block-image size-full\"><img decoding=\"async\" width=\"1500\" height=\"1500\" src=\"https:\/\/www.mcallenflatware.com\/wp-content\/uploads\/2025\/10\/Wholesale-Round-handle-Measuring-Spoon-5.webp\" alt=\"Colheres de medi\u00e7\u00e3o de cabo redondo por atacado\" class=\"wp-image-2456\" srcset=\"https:\/\/www.mcallenflatware.com\/wp-content\/uploads\/2025\/10\/Wholesale-Round-handle-Measuring-Spoon-5.webp 1500w, https:\/\/www.mcallenflatware.com\/wp-content\/uploads\/2025\/10\/Wholesale-Round-handle-Measuring-Spoon-5-150x150.webp 150w, https:\/\/www.mcallenflatware.com\/wp-content\/uploads\/2025\/10\/Wholesale-Round-handle-Measuring-Spoon-5-768x768.webp 768w, https:\/\/www.mcallenflatware.com\/wp-content\/uploads\/2025\/10\/Wholesale-Round-handle-Measuring-Spoon-5-12x12.webp 12w, https:\/\/www.mcallenflatware.com\/wp-content\/uploads\/2025\/10\/Wholesale-Round-handle-Measuring-Spoon-5-1200x1200.webp 1200w, https:\/\/www.mcallenflatware.com\/wp-content\/uploads\/2025\/10\/Wholesale-Round-handle-Measuring-Spoon-5-600x600.webp 600w, https:\/\/www.mcallenflatware.com\/wp-content\/uploads\/2025\/10\/Wholesale-Round-handle-Measuring-Spoon-5-300x300.webp 300w, https:\/\/www.mcallenflatware.com\/wp-content\/uploads\/2025\/10\/Wholesale-Round-handle-Measuring-Spoon-5-100x100.webp 100w\" sizes=\"(max-width: 1500px) 100vw, 1500px\" \/><\/figure>\n<\/div>\n\n\n\n<div class=\"wp-block-column is-layout-flow wp-block-column-is-layout-flow\">\n<figure class=\"wp-block-image size-full\"><img decoding=\"async\" width=\"750\" height=\"1360\" src=\"https:\/\/www.mcallenflatware.com\/wp-content\/uploads\/2025\/10\/Wholesale-Round-handle-Measuring-Spoon-15.webp\" alt=\"\" class=\"wp-image-2466\" srcset=\"https:\/\/www.mcallenflatware.com\/wp-content\/uploads\/2025\/10\/Wholesale-Round-handle-Measuring-Spoon-15.webp 750w, https:\/\/www.mcallenflatware.com\/wp-content\/uploads\/2025\/10\/Wholesale-Round-handle-Measuring-Spoon-15-7x12.webp 7w, https:\/\/www.mcallenflatware.com\/wp-content\/uploads\/2025\/10\/Wholesale-Round-handle-Measuring-Spoon-15-600x1088.webp 600w\" sizes=\"(max-width: 750px) 100vw, 750px\" \/><\/figure>\n<\/div>\n<\/div>","protected":false},"excerpt":{"rendered":"<p class=\"tw-data-text tw-text-large tw-ta\" dir=\"ltr\" role=\"text\" data-placeholder=\"\u7ffb\u8bd1\" data-ved=\"2ahUKEwiyhqC54PWPAxUs1jQHHZXjJswQ3ewLegQIFBAW\" aria-label=\"\u8bd1\u6587\uff1aEsta colher medidora de a\u00e7o inoxid\u00e1vel de 20 ml \u00e9 um dos nossos produtos estrela, concebido para aqueles que valorizam a precis\u00e3o e a conveni\u00eancia. Feita de a\u00e7o inoxid\u00e1vel 304 de alta qualidade e grau aliment\u00edcio, \u00e9 dur\u00e1vel, segura e higi\u00e9nica. A sua capacidade precisa de 20 ml e o seu design arredondado exclusivo permitem-lhe medir facilmente os ingredientes de pastelaria, preparar bebidas e efetuar outras medi\u00e7\u00f5es precisas, evitando derrames. Oferecemos descontos para compras a granel e apoiamos a personaliza\u00e7\u00e3o flex\u00edvel.\">Colheres de medi\u00e7\u00e3o personalizadas a granel. Fabricadas em a\u00e7o inoxid\u00e1vel de qualidade alimentar, com cabo redondo e gradua\u00e7\u00f5es precisas em v\u00e1rios tamanhos, s\u00e3o perfeitas para cozer e cozinhar. Oferecemos uma sele\u00e7\u00e3o por grosso a pre\u00e7os competitivos. Contacte-nos agora!<\/p>\n<p><strong>Nome da marca:<\/strong> Mcallen<br \/><strong>Material:<\/strong> A\u00e7o inoxid\u00e1vel<br \/><strong>Cor:<\/strong> Prata, ouro, preto, ouro rosa, etc.<br \/><strong>Tamanho:<\/strong> 5ML,10ML,15ML,20ML,25ML,30ML<br \/><strong>Prazo de entrega da amostra:<\/strong> No prazo de 3 dias<br \/><strong>OEM\/ODM:<\/strong> Dispon\u00edvel<\/p>\n<h2>Colheres de medi\u00e7\u00e3o personalizadas:<\/h2>\n<p><strong>A\u00e7o inoxid\u00e1vel:<\/strong> A\u00e7o inoxid\u00e1vel 18\/10, 304, 316, 410, 430, 420<br \/><strong>Log\u00f3tipo:<\/strong> Grava\u00e7\u00e3o a laser, impress\u00e3o serigr\u00e1fica, impress\u00e3o UV, impress\u00e3o por transfer\u00eancia t\u00e9rmica, grava\u00e7\u00e3o em relevo, etc.<br \/><strong>Cor:<\/strong> Ouro, prata ou personalizado<br \/><strong>Embalagem:<\/strong> A granel, saco OPP, caixa de cor, caixa de oferta, personalizado<\/p>","protected":false},"featured_media":2460,"template":"","meta":[],"product_brand":[],"product_cat":[24,32],"product_tag":[],"class_list":{"0":"post-2451","1":"product","2":"type-product","3":"status-publish","4":"has-post-thumbnail","6":"product_cat-wholesale-kitchen-utensils","7":"product_cat-custom-baking-tools-utensils","9":"first","10":"instock","11":"shipping-taxable","12":"product-type-simple"},"_links":{"self":[{"href":"https:\/\/www.mcallenflatware.com\/pt\/wp-json\/wp\/v2\/product\/2451","targetHints":{"allow":["GET"]}}],"collection":[{"href":"https:\/\/www.mcallenflatware.com\/pt\/wp-json\/wp\/v2\/product"}],"about":[{"href":"https:\/\/www.mcallenflatware.com\/pt\/wp-json\/wp\/v2\/types\/product"}],"wp:featuredmedia":[{"embeddable":true,"href":"https:\/\/www.mcallenflatware.com\/pt\/wp-json\/wp\/v2\/media\/2460"}],"wp:attachment":[{"href":"https:\/\/www.mcallenflatware.com\/pt\/wp-json\/wp\/v2\/media?parent=2451"}],"wp:term":[{"taxonomy":"product_brand","embeddable":true,"href":"https:\/\/www.mcallenflatware.com\/pt\/wp-json\/wp\/v2\/product_brand?post=2451"},{"taxonomy":"product_cat","embeddable":true,"href":"https:\/\/www.mcallenflatware.com\/pt\/wp-json\/wp\/v2\/product_cat?post=2451"},{"taxonomy":"product_tag","embeddable":true,"href":"https:\/\/www.mcallenflatware.com\/pt\/wp-json\/wp\/v2\/product_tag?post=2451"}],"curies":[{"name":"wp","href":"https:\/\/api.w.org\/{rel}","templated":true}]}}