{"id":2585,"date":"2025-12-20T02:45:49","date_gmt":"2025-12-20T02:45:49","guid":{"rendered":"https:\/\/www.mcallenflatware.com\/?post_type=product&#038;p=2585"},"modified":"2025-12-20T03:04:53","modified_gmt":"2025-12-20T03:04:53","slug":"wholesale-flatware-set-modern","status":"publish","type":"product","link":"https:\/\/www.mcallenflatware.com\/pt\/product\/wholesale-flatware-set-modern\/","title":{"rendered":"Conjunto de talheres por atacado Conjunto de talheres modernos em a\u00e7o inoxid\u00e1vel Polido espelhado"},"content":{"rendered":"<h2 class=\"wp-block-heading\">Conjunto de talheres modernos Caracter\u00edsticas:<\/h2>\n\n\n\n<div class=\"wp-block-columns is-layout-flex wp-container-core-columns-is-layout-9d6595d7 wp-block-columns-is-layout-flex\">\n<div class=\"wp-block-column is-layout-flow wp-block-column-is-layout-flow\" style=\"flex-basis:66.66%\">\n<p><strong>Apar\u00eancia requintada:<\/strong> Uma fus\u00e3o magistral entre a eleg\u00e2ncia cl\u00e1ssica e a est\u00e9tica minimalista moderna. Os detalhes decorativos \u00fanicos e as curvas fluidas nas pegas representam uma combina\u00e7\u00e3o perfeita entre funcionalidade e arte.<\/p>\n\n\n\n<p><strong>Materiais de qualidade superior:<\/strong> Fabricado em a\u00e7o inoxid\u00e1vel 304 de alta qualidade, garantindo que os utens\u00edlios de mesa sejam dur\u00e1veis, resistentes \u00e0 corros\u00e3o e \u00e0 ferrugem, resistindo ao teste do tempo.<\/p>\n\n\n\n<p><strong>Polimento espelhado: <\/strong>Utilizando um processo de polimento espelhado de alta qualidade, a superf\u00edcie \u00e9 t\u00e3o lisa quanto um espelho, apresentando um brilho prateado-branco puro e cintilante. Cada utiliza\u00e7\u00e3o reflete a atmosfera refinada da mesa de jantar, exibindo um estilo elegante.<\/p>\n\n\n\n<p><strong>Artesanato meticuloso: <\/strong>As bordas e juntas de cada pe\u00e7a de lou\u00e7a s\u00e3o meticulosamente polidas, resultando numa superf\u00edcie lisa e sem rebarbas, para uma experi\u00eancia de utiliza\u00e7\u00e3o segura e confort\u00e1vel.<\/p>\n\n\n\n<p><strong>Pega ergon\u00f3mica: <\/strong>Os cabos s\u00e3o ergonomicamente projetados para uma pegada confort\u00e1vel e est\u00e1vel, tornando-os f\u00e1ceis de usar tanto para refei\u00e7\u00f5es di\u00e1rias quanto para ocasi\u00f5es formais.<\/p>\n\n\n\n<p><strong>Conjunto completo de talheres: <\/strong>Inclui v\u00e1rios tipos de talheres, como facas, garfos, colheres de sopa e colheres de sobremesa, com tamanhos cientificamente combinados. Quer sejam usados individualmente ou expostos como um conjunto, criam uma est\u00e9tica visual harmoniosa e unificada.<\/p>\n\n\n\n<p><strong>Multifuncional e adequado para v\u00e1rios cen\u00e1rios de refei\u00e7\u00f5es<\/strong>, desde refei\u00e7\u00f5es principais e sopas a sobremesas e saladas, \u00e9 a escolha ideal para melhorar a qualidade das refei\u00e7\u00f5es di\u00e1rias em fam\u00edlia e organizar encontros acolhedores.<\/p>\n<\/div>\n\n\n\n<div class=\"wp-block-column is-layout-flow wp-block-column-is-layout-flow\" style=\"flex-basis:33.33%\">\n<figure class=\"wp-block-image size-full\"><img decoding=\"async\" width=\"560\" height=\"560\" src=\"https:\/\/www.mcallenflatware.com\/wp-content\/uploads\/2025\/12\/wholesale-flatware-set-modern-stainless-steel-cutlery-set-mirror-polished-custom-4.webp\" alt=\"conjunto de talheres por atacado conjunto moderno de talheres de a\u00e7o inoxid\u00e1vel polido espelhado personalizado (4)\" class=\"wp-image-2594\" srcset=\"https:\/\/www.mcallenflatware.com\/wp-content\/uploads\/2025\/12\/wholesale-flatware-set-modern-stainless-steel-cutlery-set-mirror-polished-custom-4.webp 560w, https:\/\/www.mcallenflatware.com\/wp-content\/uploads\/2025\/12\/wholesale-flatware-set-modern-stainless-steel-cutlery-set-mirror-polished-custom-4-150x150.webp 150w, https:\/\/www.mcallenflatware.com\/wp-content\/uploads\/2025\/12\/wholesale-flatware-set-modern-stainless-steel-cutlery-set-mirror-polished-custom-4-12x12.webp 12w, https:\/\/www.mcallenflatware.com\/wp-content\/uploads\/2025\/12\/wholesale-flatware-set-modern-stainless-steel-cutlery-set-mirror-polished-custom-4-300x300.webp 300w, https:\/\/www.mcallenflatware.com\/wp-content\/uploads\/2025\/12\/wholesale-flatware-set-modern-stainless-steel-cutlery-set-mirror-polished-custom-4-100x100.webp 100w\" sizes=\"(max-width: 560px) 100vw, 560px\" \/><\/figure>\n<\/div>\n<\/div>\n\n\n\n<div class=\"wp-block-columns is-layout-flex wp-container-core-columns-is-layout-9d6595d7 wp-block-columns-is-layout-flex\">\n<div class=\"wp-block-column is-layout-flow wp-block-column-is-layout-flow\">\n<figure class=\"wp-block-image size-full\"><img decoding=\"async\" width=\"560\" height=\"560\" src=\"https:\/\/www.mcallenflatware.com\/wp-content\/uploads\/2025\/12\/wholesale-flatware-set-modern-mirror-polished-stainless-steel-cutlery-set-custom-4.webp\" alt=\"conjunto de talheres por atacado conjunto de talheres modernos em a\u00e7o inoxid\u00e1vel polido espelhado personalizado (4)\" class=\"wp-image-2589\" srcset=\"https:\/\/www.mcallenflatware.com\/wp-content\/uploads\/2025\/12\/wholesale-flatware-set-modern-mirror-polished-stainless-steel-cutlery-set-custom-4.webp 560w, https:\/\/www.mcallenflatware.com\/wp-content\/uploads\/2025\/12\/wholesale-flatware-set-modern-mirror-polished-stainless-steel-cutlery-set-custom-4-150x150.webp 150w, https:\/\/www.mcallenflatware.com\/wp-content\/uploads\/2025\/12\/wholesale-flatware-set-modern-mirror-polished-stainless-steel-cutlery-set-custom-4-12x12.webp 12w, https:\/\/www.mcallenflatware.com\/wp-content\/uploads\/2025\/12\/wholesale-flatware-set-modern-mirror-polished-stainless-steel-cutlery-set-custom-4-300x300.webp 300w, https:\/\/www.mcallenflatware.com\/wp-content\/uploads\/2025\/12\/wholesale-flatware-set-modern-mirror-polished-stainless-steel-cutlery-set-custom-4-100x100.webp 100w\" sizes=\"(max-width: 560px) 100vw, 560px\" \/><\/figure>\n<\/div>\n\n\n\n<div class=\"wp-block-column is-layout-flow wp-block-column-is-layout-flow\">\n<figure class=\"wp-block-image size-full\"><img decoding=\"async\" width=\"560\" height=\"560\" src=\"https:\/\/www.mcallenflatware.com\/wp-content\/uploads\/2025\/12\/wholesale-flatware-set-modern-mirror-polished-stainless-steel-cutlery-set-custom-3.webp\" alt=\"conjunto de talheres por atacado conjunto de talheres modernos em a\u00e7o inoxid\u00e1vel polido espelhado personalizado (3)\" class=\"wp-image-2588\" srcset=\"https:\/\/www.mcallenflatware.com\/wp-content\/uploads\/2025\/12\/wholesale-flatware-set-modern-mirror-polished-stainless-steel-cutlery-set-custom-3.webp 560w, https:\/\/www.mcallenflatware.com\/wp-content\/uploads\/2025\/12\/wholesale-flatware-set-modern-mirror-polished-stainless-steel-cutlery-set-custom-3-150x150.webp 150w, https:\/\/www.mcallenflatware.com\/wp-content\/uploads\/2025\/12\/wholesale-flatware-set-modern-mirror-polished-stainless-steel-cutlery-set-custom-3-12x12.webp 12w, https:\/\/www.mcallenflatware.com\/wp-content\/uploads\/2025\/12\/wholesale-flatware-set-modern-mirror-polished-stainless-steel-cutlery-set-custom-3-300x300.webp 300w, https:\/\/www.mcallenflatware.com\/wp-content\/uploads\/2025\/12\/wholesale-flatware-set-modern-mirror-polished-stainless-steel-cutlery-set-custom-3-100x100.webp 100w\" sizes=\"(max-width: 560px) 100vw, 560px\" \/><\/figure>\n<\/div>\n<\/div>\n\n\n\n<p><\/p>","protected":false},"excerpt":{"rendered":"<p>Conjunto de talheres modernos para revenda, em a\u00e7o inoxid\u00e1vel, com acabamento polido espelhado, composto por 6 pe\u00e7as. Fornecimento direto do fabricante Mcallen, oferecendo personaliza\u00e7\u00e3o com boa rela\u00e7\u00e3o custo-benef\u00edcio. Entre em contacto connosco para obter um or\u00e7amento agora mesmo!<\/p>\n<h2>Conjunto de talheres modernos Atributos<\/h2>\n<p><strong>Nome da marca:<\/strong> Mcallen<br \/><strong>Material:<\/strong> A\u00e7o inoxid\u00e1vel<br \/><strong>Cor:<\/strong>\u00a0 Prata, ouro, preto fosco, ouro rosa ou personalizado<br \/><strong>Polimento:<\/strong> Espelho polido<br \/><strong>Estilo de design:<\/strong> Luxo moderno<br \/><strong>Prazo de entrega da amostra:<\/strong> No prazo de 3 dias<br \/><strong>OEM\/ODM:<\/strong> Dispon\u00edvel<\/p>\n<h2>Conjunto de talheres personalizado moderno:<\/h2>\n<p><strong>A\u00e7o inoxid\u00e1vel:<\/strong> A\u00e7o inoxid\u00e1vel 18\/10, 304, 316, 410, 430, 420<br \/><strong>Log\u00f3tipo:<\/strong> Grava\u00e7\u00e3o a laser, impress\u00e3o serigr\u00e1fica, impress\u00e3o UV, impress\u00e3o por transfer\u00eancia t\u00e9rmica, grava\u00e7\u00e3o em relevo, etc.<br \/><strong>Embalagem:<\/strong> 4\/8\/12\/16\/20\/24\/45\/48\/72pcs set<br \/><strong>Acabamentos de superf\u00edcie:<\/strong> Polido com espelho, mate, polido com \u00e1gua, revestimento de tit\u00e2nio<br \/><strong>Embalagem:<\/strong> A granel, saco opp, caixa de cor, caixa de oferta, personalizado<\/p>","protected":false},"featured_media":2592,"template":"","meta":[],"product_brand":[],"product_cat":[23,29],"product_tag":[],"class_list":{"0":"post-2585","1":"product","2":"type-product","3":"status-publish","4":"has-post-thumbnail","6":"product_cat-wholesale-flatware","7":"product_cat-bulk-flatware","9":"first","10":"instock","11":"shipping-taxable","12":"product-type-simple"},"_links":{"self":[{"href":"https:\/\/www.mcallenflatware.com\/pt\/wp-json\/wp\/v2\/product\/2585","targetHints":{"allow":["GET"]}}],"collection":[{"href":"https:\/\/www.mcallenflatware.com\/pt\/wp-json\/wp\/v2\/product"}],"about":[{"href":"https:\/\/www.mcallenflatware.com\/pt\/wp-json\/wp\/v2\/types\/product"}],"wp:featuredmedia":[{"embeddable":true,"href":"https:\/\/www.mcallenflatware.com\/pt\/wp-json\/wp\/v2\/media\/2592"}],"wp:attachment":[{"href":"https:\/\/www.mcallenflatware.com\/pt\/wp-json\/wp\/v2\/media?parent=2585"}],"wp:term":[{"taxonomy":"product_brand","embeddable":true,"href":"https:\/\/www.mcallenflatware.com\/pt\/wp-json\/wp\/v2\/product_brand?post=2585"},{"taxonomy":"product_cat","embeddable":true,"href":"https:\/\/www.mcallenflatware.com\/pt\/wp-json\/wp\/v2\/product_cat?post=2585"},{"taxonomy":"product_tag","embeddable":true,"href":"https:\/\/www.mcallenflatware.com\/pt\/wp-json\/wp\/v2\/product_tag?post=2585"}],"curies":[{"name":"wp","href":"https:\/\/api.w.org\/{rel}","templated":true}]}}