{"id":2842,"date":"2026-02-05T02:04:40","date_gmt":"2026-02-05T02:04:40","guid":{"rendered":"https:\/\/www.mcallenflatware.com\/?post_type=product&#038;p=2842"},"modified":"2026-02-05T03:05:55","modified_gmt":"2026-02-05T03:05:55","slug":"custom-hammered-flatware","status":"publish","type":"product","link":"https:\/\/www.mcallenflatware.com\/pt\/product\/custom-hammered-flatware\/","title":{"rendered":"Talheres martelados personalizados, Conjunto de talheres de a\u00e7o inoxid\u00e1vel com polimento Morror Fornecedor"},"content":{"rendered":"<div class=\"wp-block-columns is-layout-flex wp-container-core-columns-is-layout-9d6595d7 wp-block-columns-is-layout-flex\">\n<div class=\"wp-block-column is-layout-flow wp-block-column-is-layout-flow\">\n<h2 class=\"wp-block-heading\">Talheres martelados Carater\u00edsticas:<\/h2>\n\n\n\n<p><strong>Cabo ergon\u00f3mico martelado:<\/strong> O acabamento martelado texturizado proporciona uma ader\u00eancia confort\u00e1vel e antiderrapante, enquanto o polimento elegante e refletor acrescenta um toque de luxo moderno a qualquer ambiente de mesa.<\/p>\n\n\n\n<p><strong>Material de seguran\u00e7a alimentar<\/strong>l: Fabricado em a\u00e7o inoxid\u00e1vel de qualidade alimentar, resistente \u00e0 corros\u00e3o e sem BPA, garantindo uma utiliza\u00e7\u00e3o segura e duradoura em ambientes comerciais e dom\u00e9sticos.<\/p>\n\n\n\n<p><strong>Constru\u00e7\u00e3o forjada numa s\u00f3 pe\u00e7a:<\/strong> Um design espesso e sem costuras elimina as armadilhas de sujidade ocultas, tornando a limpeza sem esfor\u00e7o e resistindo \u00e0 flex\u00e3o ou quebra mesmo com uma utiliza\u00e7\u00e3o di\u00e1ria pesada.<\/p>\n\n\n\n<p><strong>Design de faca serrilhada profissional<\/strong>: A l\u00e2mina afiada e de dentes grandes corta bifes e carnes duras sem problemas, melhorando a experi\u00eancia gastron\u00f3mica dos seus clientes.<\/p>\n\n\n\n<p><strong>Acabamento polido espelhado<\/strong>: A superf\u00edcie de alto brilho e resistente a impress\u00f5es digitais mant\u00e9m-se brilhante durante anos, mantendo um aspeto de primeira qualidade que impressiona os convidados.<\/p>\n\n\n\n<p><strong>Flex\u00edvel MOQ:<\/strong> Suporta ensaios de pequenos lotes e encomendas em massa de grande volume para se adaptar ao seu plano de invent\u00e1rio.<\/p>\n<\/div>\n\n\n\n<div class=\"wp-block-column is-layout-flow wp-block-column-is-layout-flow\"><div class=\"wp-block-image\">\n<figure class=\"aligncenter size-full\"><img decoding=\"async\" width=\"800\" height=\"800\" src=\"https:\/\/www.mcallenflatware.com\/wp-content\/uploads\/2026\/02\/custom-hammered-flatware-stainless-steel-cutlery-set-2.webp\" alt=\"conjunto de talheres de a\u00e7o inoxid\u00e1vel martelado personalizado (2)\" class=\"wp-image-2844\" style=\"object-fit:cover\" srcset=\"https:\/\/www.mcallenflatware.com\/wp-content\/uploads\/2026\/02\/custom-hammered-flatware-stainless-steel-cutlery-set-2.webp 800w, https:\/\/www.mcallenflatware.com\/wp-content\/uploads\/2026\/02\/custom-hammered-flatware-stainless-steel-cutlery-set-2-150x150.webp 150w, https:\/\/www.mcallenflatware.com\/wp-content\/uploads\/2026\/02\/custom-hammered-flatware-stainless-steel-cutlery-set-2-768x768.webp 768w, https:\/\/www.mcallenflatware.com\/wp-content\/uploads\/2026\/02\/custom-hammered-flatware-stainless-steel-cutlery-set-2-12x12.webp 12w, https:\/\/www.mcallenflatware.com\/wp-content\/uploads\/2026\/02\/custom-hammered-flatware-stainless-steel-cutlery-set-2-600x600.webp 600w, https:\/\/www.mcallenflatware.com\/wp-content\/uploads\/2026\/02\/custom-hammered-flatware-stainless-steel-cutlery-set-2-300x300.webp 300w, https:\/\/www.mcallenflatware.com\/wp-content\/uploads\/2026\/02\/custom-hammered-flatware-stainless-steel-cutlery-set-2-100x100.webp 100w\" sizes=\"(max-width: 800px) 100vw, 800px\" \/><\/figure>\n<\/div><\/div>\n<\/div>\n\n\n\n<div class=\"wp-block-columns is-layout-flex wp-container-core-columns-is-layout-9d6595d7 wp-block-columns-is-layout-flex\">\n<div class=\"wp-block-column is-layout-flow wp-block-column-is-layout-flow\"><\/div>\n\n\n\n<div class=\"wp-block-column is-layout-flow wp-block-column-is-layout-flow\"><\/div>\n<\/div>","protected":false},"excerpt":{"rendered":"<p>O nosso conjunto personalizado de talheres martelados, fabricado em a\u00e7o inoxid\u00e1vel seguro para alimentos, apresenta um design \u00fanico de pega martelada para uma ader\u00eancia superior e um estilo intemporal. Perfeito para restaurantes, hot\u00e9is, casamentos ou conjuntos de oferta de marca. Oferecemos personaliza\u00e7\u00e3o total para corresponder \u00e0 identidade da sua marca. Contacte-nos para obter mais produtos!<\/p>\n<h2>Talheres martelados Atributos<\/h2>\n<p><strong>Nome da marca:<\/strong> Mcallen<br \/><strong>Material:<\/strong> A\u00e7o inoxid\u00e1vel<br \/><strong>Cor:<\/strong> Ouro, Prata<br \/><strong>Conce\u00e7\u00e3o:<\/strong> Design martelado<br \/><strong>Prazo de entrega da amostra:<\/strong> No prazo de 3 dias<br \/><strong>OEM\/ODM:<\/strong> Dispon\u00edvel<\/p>\n<h2>Talheres martelados personalizados:<\/h2>\n<p><strong>A\u00e7o inoxid\u00e1vel:<\/strong> A\u00e7o inoxid\u00e1vel 18\/10, 304, 316, 410, 430, 420<br \/><strong>Log\u00f3tipo:<\/strong> Grava\u00e7\u00e3o a laser, impress\u00e3o serigr\u00e1fica, impress\u00e3o UV, impress\u00e3o por transfer\u00eancia t\u00e9rmica, grava\u00e7\u00e3o em relevo, etc.<br \/><strong>Embalagem:<\/strong> 4\/8\/12\/16\/20\/24\/45\/48\/72pcs set<br \/><strong>Acabamentos de superf\u00edcie:<\/strong> Polido com espelho, mate, polido com \u00e1gua, revestimento de tit\u00e2nio<br \/><strong>Embalagem:<\/strong> A granel, saco opp, caixa de cor, caixa de oferta, personalizado<\/p>","protected":false},"featured_media":2846,"template":"","meta":[],"product_brand":[],"product_cat":[23,29],"product_tag":[],"class_list":{"0":"post-2842","1":"product","2":"type-product","3":"status-publish","4":"has-post-thumbnail","6":"product_cat-wholesale-flatware","7":"product_cat-bulk-flatware","9":"first","10":"instock","11":"shipping-taxable","12":"product-type-simple"},"_links":{"self":[{"href":"https:\/\/www.mcallenflatware.com\/pt\/wp-json\/wp\/v2\/product\/2842","targetHints":{"allow":["GET"]}}],"collection":[{"href":"https:\/\/www.mcallenflatware.com\/pt\/wp-json\/wp\/v2\/product"}],"about":[{"href":"https:\/\/www.mcallenflatware.com\/pt\/wp-json\/wp\/v2\/types\/product"}],"wp:featuredmedia":[{"embeddable":true,"href":"https:\/\/www.mcallenflatware.com\/pt\/wp-json\/wp\/v2\/media\/2846"}],"wp:attachment":[{"href":"https:\/\/www.mcallenflatware.com\/pt\/wp-json\/wp\/v2\/media?parent=2842"}],"wp:term":[{"taxonomy":"product_brand","embeddable":true,"href":"https:\/\/www.mcallenflatware.com\/pt\/wp-json\/wp\/v2\/product_brand?post=2842"},{"taxonomy":"product_cat","embeddable":true,"href":"https:\/\/www.mcallenflatware.com\/pt\/wp-json\/wp\/v2\/product_cat?post=2842"},{"taxonomy":"product_tag","embeddable":true,"href":"https:\/\/www.mcallenflatware.com\/pt\/wp-json\/wp\/v2\/product_tag?post=2842"}],"curies":[{"name":"wp","href":"https:\/\/api.w.org\/{rel}","templated":true}]}}