{"id":2883,"date":"2026-02-26T09:38:26","date_gmt":"2026-02-26T09:38:26","guid":{"rendered":"https:\/\/www.mcallenflatware.com\/?post_type=product&#038;p=2883"},"modified":"2026-02-26T10:10:26","modified_gmt":"2026-02-26T10:10:26","slug":"wholesale-hammered-stainless-flatware","status":"publish","type":"product","link":"https:\/\/www.mcallenflatware.com\/pt\/product\/wholesale-hammered-stainless-flatware\/","title":{"rendered":"Talheres de a\u00e7o inoxid\u00e1vel martelado por atacado, Conjunto de talheres modernos de 4 pe\u00e7as Fornecedor"},"content":{"rendered":"<div class=\"wp-block-columns is-layout-flex wp-container-core-columns-is-layout-9d6595d7 wp-block-columns-is-layout-flex\">\n<div class=\"wp-block-column is-layout-flow wp-block-column-is-layout-flow\">\n<h2 class=\"wp-block-heading\">Talheres em a\u00e7o inoxid\u00e1vel martelado Carater\u00edsticas:<\/h2>\n\n\n\n<p><strong>Artesanato martelado artesanal:<\/strong> A textura \u00fanica e irregular martelada na pega confere um toque de eleg\u00e2ncia industrial e evita que escorregue durante a utiliza\u00e7\u00e3o.<\/p>\n\n\n\n<p><strong>A\u00e7o inoxid\u00e1vel de qualidade alimentar:<\/strong> Utilizando material de a\u00e7o inoxid\u00e1vel 18\/10, resistente \u00e0 ferrugem, \u00e0 corros\u00e3o e constru\u00eddo para durar - muito superior aos talheres normais 18\/0.<\/p>\n\n\n\n<p><strong>Peso equilibrado e resistente:<\/strong> Maquinados com precis\u00e3o para um equil\u00edbrio perfeito e para evitar a queda dos pratos.<\/p>\n\n\n\n<p><strong>Polimento de espelhos: <\/strong>Acabamento espelhado ultra-brilhante e resistente a riscos; a faca serrilhada afiada para bifes corta a carne sem esfor\u00e7o e sem rasgar.<\/p>\n\n\n\n<p><strong>Seguro para m\u00e1quina de lavar lou\u00e7a<\/strong>: Mant\u00e9m o seu brilho e textura mesmo ap\u00f3s centenas de lavagens - n\u00e3o \u00e9 necess\u00e1rio lavar \u00e0 m\u00e3o.<\/p>\n\n\n\n<p><strong>Adaptar-se a ocasi\u00f5es vers\u00e1teis<\/strong>: Conjunto cl\u00e1ssico de 4 pe\u00e7as, transita sem problemas de jantares familiares casuais para eventos formais, casamentos e servi\u00e7os de catering.<\/p>\n<\/div>\n\n\n\n<div class=\"wp-block-column is-layout-flow wp-block-column-is-layout-flow\"><div class=\"wp-block-image\">\n<figure class=\"aligncenter size-full\"><img decoding=\"async\" width=\"800\" height=\"800\" src=\"https:\/\/www.mcallenflatware.com\/wp-content\/uploads\/2026\/02\/wholesale-hammered-stainless-flatware-2.webp\" alt=\"talheres de a\u00e7o inoxid\u00e1vel martelado por atacado (2)\" class=\"wp-image-2885\" style=\"object-fit:cover\" srcset=\"https:\/\/www.mcallenflatware.com\/wp-content\/uploads\/2026\/02\/wholesale-hammered-stainless-flatware-2.webp 800w, https:\/\/www.mcallenflatware.com\/wp-content\/uploads\/2026\/02\/wholesale-hammered-stainless-flatware-2-150x150.webp 150w, https:\/\/www.mcallenflatware.com\/wp-content\/uploads\/2026\/02\/wholesale-hammered-stainless-flatware-2-768x768.webp 768w, https:\/\/www.mcallenflatware.com\/wp-content\/uploads\/2026\/02\/wholesale-hammered-stainless-flatware-2-12x12.webp 12w, https:\/\/www.mcallenflatware.com\/wp-content\/uploads\/2026\/02\/wholesale-hammered-stainless-flatware-2-600x600.webp 600w, https:\/\/www.mcallenflatware.com\/wp-content\/uploads\/2026\/02\/wholesale-hammered-stainless-flatware-2-300x300.webp 300w, https:\/\/www.mcallenflatware.com\/wp-content\/uploads\/2026\/02\/wholesale-hammered-stainless-flatware-2-100x100.webp 100w\" sizes=\"(max-width: 800px) 100vw, 800px\" \/><\/figure>\n<\/div><\/div>\n<\/div>","protected":false},"excerpt":{"rendered":"<p>Eleve a mesa com o nosso conjunto de talheres de a\u00e7o inoxid\u00e1vel martelado por atacado. Pegas texturadas, acabamento espelhado, faca afiada para bifes, lav\u00e1vel na m\u00e1quina de lavar lou\u00e7a, ergon\u00f3mico, design de 4 pe\u00e7as, perfeito para uso di\u00e1rio ou refei\u00e7\u00f5es comerciais. Fornecimento direto da f\u00e1brica Mcallen. Contacte-nos para or\u00e7amentos por grosso e personalizados.<\/p>\n<h2 id=\"block-792b966c-c506-49fa-b3c8-9881ee38a4f5\" class=\"block-editor-rich-text__editable block-editor-block-list__block wp-block is-selected wp-block-heading rich-text\" role=\"document\" aria-label=\"Bloco: T\u00edtulo\" data-block=\"792b966c-c506-49fa-b3c8-9881ee38a4f5\" data-type=\"core\/heading\" data-title=\"Heading\" data-wp-block-attribute-key=\"content\">Talheres de a\u00e7o inoxid\u00e1vel martelado Atributos:<\/h2>\n<p><strong>Nome da marca:<\/strong> Mcallen<br \/><strong>Material:<\/strong> A\u00e7o inoxid\u00e1vel<br \/><strong>Cor:<\/strong>\u00a0 Prata, ouro, preto, ouro rosa, arco-\u00edris.<br \/><strong>Conce\u00e7\u00e3o: <\/strong>Pega quadrada moderna<br \/><strong>Prazo de entrega da amostra:<\/strong> No prazo de 3 dias<br \/><strong>OEM\/ODM:<\/strong> Dispon\u00edvel<\/p>\n<h2>Talheres para restaurantes personalizados:<\/h2>\n<p><strong>A\u00e7o inoxid\u00e1vel:<\/strong> A\u00e7o inoxid\u00e1vel 18\/10, 304, 316, 410, 430, 420<br \/><strong>Log\u00f3tipo:<\/strong> Grava\u00e7\u00e3o a laser, serigrafia\/UV\/impress\u00e3o por transfer\u00eancia t\u00e9rmica, grava\u00e7\u00e3o em relevo, etc.<br \/><strong>Embalagem:<\/strong> 4\/8\/12\/16\/20\/24\/45\/48\/72pcs set<br \/><strong>Acabamentos de superf\u00edcie:<\/strong> Polido com espelho, mate, polido com \u00e1gua, revestimento de tit\u00e2nio<br \/><strong>Embalagem:<\/strong> A granel, saco OPP, caixa de cor, caixa de oferta, personalizado<\/p>","protected":false},"featured_media":2891,"template":"","meta":[],"product_brand":[],"product_cat":[23,29],"product_tag":[],"class_list":{"0":"post-2883","1":"product","2":"type-product","3":"status-publish","4":"has-post-thumbnail","6":"product_cat-wholesale-flatware","7":"product_cat-bulk-flatware","9":"first","10":"instock","11":"shipping-taxable","12":"product-type-simple"},"_links":{"self":[{"href":"https:\/\/www.mcallenflatware.com\/pt\/wp-json\/wp\/v2\/product\/2883","targetHints":{"allow":["GET"]}}],"collection":[{"href":"https:\/\/www.mcallenflatware.com\/pt\/wp-json\/wp\/v2\/product"}],"about":[{"href":"https:\/\/www.mcallenflatware.com\/pt\/wp-json\/wp\/v2\/types\/product"}],"wp:featuredmedia":[{"embeddable":true,"href":"https:\/\/www.mcallenflatware.com\/pt\/wp-json\/wp\/v2\/media\/2891"}],"wp:attachment":[{"href":"https:\/\/www.mcallenflatware.com\/pt\/wp-json\/wp\/v2\/media?parent=2883"}],"wp:term":[{"taxonomy":"product_brand","embeddable":true,"href":"https:\/\/www.mcallenflatware.com\/pt\/wp-json\/wp\/v2\/product_brand?post=2883"},{"taxonomy":"product_cat","embeddable":true,"href":"https:\/\/www.mcallenflatware.com\/pt\/wp-json\/wp\/v2\/product_cat?post=2883"},{"taxonomy":"product_tag","embeddable":true,"href":"https:\/\/www.mcallenflatware.com\/pt\/wp-json\/wp\/v2\/product_tag?post=2883"}],"curies":[{"name":"wp","href":"https:\/\/api.w.org\/{rel}","templated":true}]}}