{"id":2893,"date":"2026-03-04T07:07:09","date_gmt":"2026-03-04T07:07:09","guid":{"rendered":"https:\/\/www.mcallenflatware.com\/?post_type=product&#038;p=2893"},"modified":"2026-03-04T07:20:00","modified_gmt":"2026-03-04T07:20:00","slug":"wholesale-modern-cutlery-set","status":"publish","type":"product","link":"https:\/\/www.mcallenflatware.com\/pt\/product\/wholesale-modern-cutlery-set\/","title":{"rendered":"Conjunto de talheres modernos por atacado, talheres de cabo quadrado, espelho de prata polon\u00eas personalizado"},"content":{"rendered":"<div class=\"wp-block-columns is-layout-flex wp-container-core-columns-is-layout-9d6595d7 wp-block-columns-is-layout-flex\">\n<div class=\"wp-block-column is-layout-flow wp-block-column-is-layout-flow\">\n<h2 class=\"wp-block-heading\"> Conjunto de talheres moderno Carater\u00edsticas:<\/h2>\n\n\n\n<p><strong>Design moderno da pega quadrada: <\/strong>Uma pega geom\u00e9trica quadrada \u00fanica oferece um aspeto elegante e contempor\u00e2neo e uma ader\u00eancia confort\u00e1vel, perfeita para ambientes de mesa modernos.<\/p>\n\n\n\n<p><strong>Acabamento polido espelhado de qualidade superior:<\/strong> A requintada superf\u00edcie polida espelhada proporciona um aspeto elegante e brilhante que real\u00e7a qualquer experi\u00eancia gastron\u00f3mica e \u00e9 f\u00e1cil de limpar.<\/p>\n\n\n\n<p><strong>Material dur\u00e1vel de alta qualidade<\/strong>: Fabricado em a\u00e7o inoxid\u00e1vel de qualidade alimentar, resistente \u00e0 ferrugem, robusto e dur\u00e1vel para utiliza\u00e7\u00e3o di\u00e1ria, hot\u00e9is, restaurantes e catering.<\/p>\n\n\n\n<p><strong>Venda por grosso e personaliz\u00e1vel:<\/strong> Apoiamos encomendas em massa e aceitamos log\u00f3tipos, cores e embalagens personalizados para satisfazer as necessidades da sua empresa e da sua marca.<\/p>\n\n\n\n<p><strong>Conjunto de talheres modernos para todos os fins:<\/strong> Conjunto de talheres completo e funcional, ideal para casa, casamentos, banquetes e ocasi\u00f5es de restaura\u00e7\u00e3o comercial.<\/p>\n<\/div>\n\n\n\n<div class=\"wp-block-column is-layout-flow wp-block-column-is-layout-flow\"><div class=\"wp-block-image\">\n<figure class=\"aligncenter size-full\"><img decoding=\"async\" width=\"800\" height=\"800\" src=\"https:\/\/www.mcallenflatware.com\/wp-content\/uploads\/2026\/03\/Wholesale-Modern-Cutlery-Set\uff0cModern-Square-Handle-Flatware-Mirror-Polish-Custom-2.webp\" alt=\"Conjunto de talheres modernos por atacado, talheres modernos de cabo quadrado com polimento espelhado personalizado (2)\" class=\"wp-image-2895\" style=\"object-fit:cover\" srcset=\"https:\/\/www.mcallenflatware.com\/wp-content\/uploads\/2026\/03\/Wholesale-Modern-Cutlery-Set\uff0cModern-Square-Handle-Flatware-Mirror-Polish-Custom-2.webp 800w, https:\/\/www.mcallenflatware.com\/wp-content\/uploads\/2026\/03\/Wholesale-Modern-Cutlery-Set\uff0cModern-Square-Handle-Flatware-Mirror-Polish-Custom-2-150x150.webp 150w, https:\/\/www.mcallenflatware.com\/wp-content\/uploads\/2026\/03\/Wholesale-Modern-Cutlery-Set\uff0cModern-Square-Handle-Flatware-Mirror-Polish-Custom-2-768x768.webp 768w, https:\/\/www.mcallenflatware.com\/wp-content\/uploads\/2026\/03\/Wholesale-Modern-Cutlery-Set\uff0cModern-Square-Handle-Flatware-Mirror-Polish-Custom-2-12x12.webp 12w, https:\/\/www.mcallenflatware.com\/wp-content\/uploads\/2026\/03\/Wholesale-Modern-Cutlery-Set\uff0cModern-Square-Handle-Flatware-Mirror-Polish-Custom-2-600x600.webp 600w, https:\/\/www.mcallenflatware.com\/wp-content\/uploads\/2026\/03\/Wholesale-Modern-Cutlery-Set\uff0cModern-Square-Handle-Flatware-Mirror-Polish-Custom-2-300x300.webp 300w, https:\/\/www.mcallenflatware.com\/wp-content\/uploads\/2026\/03\/Wholesale-Modern-Cutlery-Set\uff0cModern-Square-Handle-Flatware-Mirror-Polish-Custom-2-100x100.webp 100w\" sizes=\"(max-width: 800px) 100vw, 800px\" \/><\/figure>\n<\/div><\/div>\n<\/div>","protected":false},"excerpt":{"rendered":"<div>O conjunto de talheres modernos por atacado com pegas quadradas apresenta um acabamento polido espelhado de primeira qualidade e \u00e9 fabricado em a\u00e7o inoxid\u00e1vel de qualidade alimentar, ideal para elevar as configura\u00e7\u00f5es de mesa em hot\u00e9is, banquetes e refei\u00e7\u00f5es di\u00e1rias. Apoiamos encomendas por atacado a granel e op\u00e7\u00f5es totalmente personaliz\u00e1veis, incluindo log\u00f3tipos, cores e embalagens. Contacte-nos agora!<\/div>\n<h2 id=\"block-792b966c-c506-49fa-b3c8-9881ee38a4f5\" class=\"block-editor-rich-text__editable block-editor-block-list__block wp-block is-selected wp-block-heading rich-text\" role=\"document\" aria-label=\"Bloco: T\u00edtulo\" data-block=\"792b966c-c506-49fa-b3c8-9881ee38a4f5\" data-type=\"core\/heading\" data-title=\"Heading\" data-wp-block-attribute-key=\"content\">\u00a0Conjunto de talheres moderno Atributos:<\/h2>\n<p><strong>Nome da marca:<\/strong> Mcallen<br \/><strong>Material:<\/strong> A\u00e7o inoxid\u00e1vel<br \/><strong>Cor:<\/strong>\u00a0 Prata, ouro, preto, ouro rosa, arco-\u00edris.<br \/><strong>Conce\u00e7\u00e3o: <\/strong>Pega quadrada moderna<br \/><strong>Prazo de entrega da amostra:<\/strong> No prazo de 3 dias<br \/><strong>OEM\/ODM:<\/strong> Dispon\u00edvel<\/p>\n<h2>Talheres para restaurantes personalizados:<\/h2>\n<p><strong>A\u00e7o inoxid\u00e1vel:<\/strong> A\u00e7o inoxid\u00e1vel 18\/10, 304, 316, 410, 430, 420<br \/><strong>Log\u00f3tipo:<\/strong> Grava\u00e7\u00e3o a laser, serigrafia\/UV\/impress\u00e3o por transfer\u00eancia t\u00e9rmica, grava\u00e7\u00e3o em relevo, etc.<br \/><strong>Embalagem:<\/strong> 4\/8\/12\/16\/20\/24\/45\/48\/72pcs set<br \/><strong>Acabamentos de superf\u00edcie:<\/strong> Polido com espelho, mate, polido com \u00e1gua, revestimento de tit\u00e2nio<br \/><strong>Embalagem:<\/strong> A granel, saco OPP, caixa de cor, caixa de oferta, personalizado<\/p>","protected":false},"featured_media":2896,"template":"","meta":[],"product_brand":[],"product_cat":[23,29],"product_tag":[],"class_list":{"0":"post-2893","1":"product","2":"type-product","3":"status-publish","4":"has-post-thumbnail","6":"product_cat-wholesale-flatware","7":"product_cat-bulk-flatware","9":"first","10":"instock","11":"shipping-taxable","12":"product-type-simple"},"_links":{"self":[{"href":"https:\/\/www.mcallenflatware.com\/pt\/wp-json\/wp\/v2\/product\/2893","targetHints":{"allow":["GET"]}}],"collection":[{"href":"https:\/\/www.mcallenflatware.com\/pt\/wp-json\/wp\/v2\/product"}],"about":[{"href":"https:\/\/www.mcallenflatware.com\/pt\/wp-json\/wp\/v2\/types\/product"}],"wp:featuredmedia":[{"embeddable":true,"href":"https:\/\/www.mcallenflatware.com\/pt\/wp-json\/wp\/v2\/media\/2896"}],"wp:attachment":[{"href":"https:\/\/www.mcallenflatware.com\/pt\/wp-json\/wp\/v2\/media?parent=2893"}],"wp:term":[{"taxonomy":"product_brand","embeddable":true,"href":"https:\/\/www.mcallenflatware.com\/pt\/wp-json\/wp\/v2\/product_brand?post=2893"},{"taxonomy":"product_cat","embeddable":true,"href":"https:\/\/www.mcallenflatware.com\/pt\/wp-json\/wp\/v2\/product_cat?post=2893"},{"taxonomy":"product_tag","embeddable":true,"href":"https:\/\/www.mcallenflatware.com\/pt\/wp-json\/wp\/v2\/product_tag?post=2893"}],"curies":[{"name":"wp","href":"https:\/\/api.w.org\/{rel}","templated":true}]}}