{"id":2899,"date":"2026-03-04T07:41:50","date_gmt":"2026-03-04T07:41:50","guid":{"rendered":"https:\/\/www.mcallenflatware.com\/?post_type=product&#038;p=2899"},"modified":"2026-03-04T08:07:30","modified_gmt":"2026-03-04T08:07:30","slug":"wholesale-heavy-flatware","status":"publish","type":"product","link":"https:\/\/www.mcallenflatware.com\/pt\/product\/wholesale-heavy-flatware\/","title":{"rendered":"Conjunto de talheres pesados de a\u00e7o inoxid\u00e1vel com cabo de diamante por atacado e personalizado"},"content":{"rendered":"<div class=\"wp-block-columns is-layout-flex wp-container-core-columns-is-layout-9d6595d7 wp-block-columns-is-layout-flex\">\n<div class=\"wp-block-column is-layout-flow wp-block-column-is-layout-flow\">\n<h2 class=\"wp-block-heading\">Talheres pesados Carater\u00edsticas:<\/h2>\n\n\n\n<p><strong>Ergonomia do cabo em diamante:<\/strong> A pega \u00fanica com padr\u00e3o de diamante torcido proporciona uma ader\u00eancia segura e antiderrapante, ao mesmo tempo que eleva a est\u00e9tica da mesa, ideal para refei\u00e7\u00f5es comerciais modernas.<\/p>\n\n\n\n<p><strong>Durabilidade de calibre pesado:<\/strong> Fabricado em a\u00e7o inoxid\u00e1vel de primeira qualidade com um peso substancial para uma sensa\u00e7\u00e3o s\u00f3lida e de primeira qualidade que resiste \u00e0 flex\u00e3o e \u00e0 deforma\u00e7\u00e3o.<\/p>\n\n\n\n<p><strong>Precis\u00e3o do polimento de espelhos<\/strong>: O acabamento espelhado impec\u00e1vel reflecte a luz para um aspeto luxuoso, com arestas suaves e arredondadas e uma faca de bife serrilhada para um corte sem esfor\u00e7o.<\/p>\n\n\n\n<p><strong>Fornecimento direto da f\u00e1brica:<\/strong> Pre\u00e7os a granel dispon\u00edveis para restaurantes, empresas de catering e organizadores de eventos de McAllen; log\u00f3tipos, cores e embalagens personalizados para se alinharem com a sua marca.<\/p>\n\n\n\n<p><strong>Versatilidade para todas as ocasi\u00f5es:<\/strong> Transita sem problemas de banquetes de refei\u00e7\u00f5es requintadas para caf\u00e9s casuais, com uma constru\u00e7\u00e3o segura para a m\u00e1quina de lavar loi\u00e7a para uma utiliza\u00e7\u00e3o comercial de baixa manuten\u00e7\u00e3o.<\/p>\n<\/div>\n\n\n\n<div class=\"wp-block-column is-layout-flow wp-block-column-is-layout-flow\"><div class=\"wp-block-image\">\n<figure class=\"aligncenter size-full\"><img decoding=\"async\" width=\"800\" height=\"800\" src=\"https:\/\/www.mcallenflatware.com\/wp-content\/uploads\/2026\/03\/Wholesale-Heavy-Flatware-Diamond-Handle-Stainless-Steel-Cutlery-Set.webp\" alt=\"Conjunto de talheres de a\u00e7o inoxid\u00e1vel com cabo de diamante por atacado\" class=\"wp-image-2903\" style=\"object-fit:cover\" srcset=\"https:\/\/www.mcallenflatware.com\/wp-content\/uploads\/2026\/03\/Wholesale-Heavy-Flatware-Diamond-Handle-Stainless-Steel-Cutlery-Set.webp 800w, https:\/\/www.mcallenflatware.com\/wp-content\/uploads\/2026\/03\/Wholesale-Heavy-Flatware-Diamond-Handle-Stainless-Steel-Cutlery-Set-150x150.webp 150w, https:\/\/www.mcallenflatware.com\/wp-content\/uploads\/2026\/03\/Wholesale-Heavy-Flatware-Diamond-Handle-Stainless-Steel-Cutlery-Set-768x768.webp 768w, https:\/\/www.mcallenflatware.com\/wp-content\/uploads\/2026\/03\/Wholesale-Heavy-Flatware-Diamond-Handle-Stainless-Steel-Cutlery-Set-12x12.webp 12w, https:\/\/www.mcallenflatware.com\/wp-content\/uploads\/2026\/03\/Wholesale-Heavy-Flatware-Diamond-Handle-Stainless-Steel-Cutlery-Set-600x600.webp 600w, https:\/\/www.mcallenflatware.com\/wp-content\/uploads\/2026\/03\/Wholesale-Heavy-Flatware-Diamond-Handle-Stainless-Steel-Cutlery-Set-300x300.webp 300w, https:\/\/www.mcallenflatware.com\/wp-content\/uploads\/2026\/03\/Wholesale-Heavy-Flatware-Diamond-Handle-Stainless-Steel-Cutlery-Set-100x100.webp 100w\" sizes=\"(max-width: 800px) 100vw, 800px\" \/><\/figure>\n<\/div><\/div>\n<\/div>","protected":false},"excerpt":{"rendered":"<p>Os nossos talheres pesados por atacado apresentam um cabo de diamante torcido \u00fanico, a\u00e7o inoxid\u00e1vel de calibre pesado e um acabamento polido espelhado para um aspeto de primeira qualidade. Ideal para elevar as mesas comerciais. Oferecemos pre\u00e7os exclusivos por grosso e solu\u00e7\u00f5es personalizadas para a sua empresa. Contacte-nos para obter um or\u00e7amento e amostras!<\/p>\n<h2 id=\"block-792b966c-c506-49fa-b3c8-9881ee38a4f5\" class=\"block-editor-rich-text__editable block-editor-block-list__block wp-block is-selected wp-block-heading rich-text\" role=\"document\" aria-label=\"Bloco: T\u00edtulo\" data-block=\"792b966c-c506-49fa-b3c8-9881ee38a4f5\" data-type=\"core\/heading\" data-title=\"Heading\" data-wp-block-attribute-key=\"content\">Talheres pesados Atributos:<\/h2>\n<p><strong>Nome da marca:<\/strong> Mcallen<br \/><strong>Material:<\/strong> A\u00e7o inoxid\u00e1vel<br \/><strong>Cor:<\/strong>\u00a0 Prata, ouro, preto, ouro rosa, arco-\u00edris.<br \/><strong>Conce\u00e7\u00e3o: <\/strong>Pega quadrada moderna<br \/><strong>Prazo de entrega da amostra:<\/strong> No prazo de 3 dias<br \/><strong>OEM\/ODM:<\/strong> Dispon\u00edvel<\/p>\n<h2>Talheres para restaurantes personalizados:<\/h2>\n<p><strong>A\u00e7o inoxid\u00e1vel:<\/strong> A\u00e7o inoxid\u00e1vel 18\/10, 304, 316, 410, 430, 420<br \/><strong>Log\u00f3tipo:<\/strong> Grava\u00e7\u00e3o a laser, serigrafia\/UV\/impress\u00e3o por transfer\u00eancia t\u00e9rmica, grava\u00e7\u00e3o em relevo, etc.<br \/><strong>Embalagem:<\/strong> 4\/8\/12\/16\/20\/24\/45\/48\/72pcs set<br \/><strong>Acabamentos de superf\u00edcie:<\/strong> Polido com espelho, mate, polido com \u00e1gua, revestimento de tit\u00e2nio<br \/><strong>Embalagem:<\/strong> A granel, saco OPP, caixa de cor, caixa de oferta, personalizado<\/p>","protected":false},"featured_media":2901,"template":"","meta":[],"product_brand":[],"product_cat":[23,29],"product_tag":[],"class_list":{"0":"post-2899","1":"product","2":"type-product","3":"status-publish","4":"has-post-thumbnail","6":"product_cat-wholesale-flatware","7":"product_cat-bulk-flatware","9":"first","10":"instock","11":"shipping-taxable","12":"product-type-simple"},"_links":{"self":[{"href":"https:\/\/www.mcallenflatware.com\/pt\/wp-json\/wp\/v2\/product\/2899","targetHints":{"allow":["GET"]}}],"collection":[{"href":"https:\/\/www.mcallenflatware.com\/pt\/wp-json\/wp\/v2\/product"}],"about":[{"href":"https:\/\/www.mcallenflatware.com\/pt\/wp-json\/wp\/v2\/types\/product"}],"wp:featuredmedia":[{"embeddable":true,"href":"https:\/\/www.mcallenflatware.com\/pt\/wp-json\/wp\/v2\/media\/2901"}],"wp:attachment":[{"href":"https:\/\/www.mcallenflatware.com\/pt\/wp-json\/wp\/v2\/media?parent=2899"}],"wp:term":[{"taxonomy":"product_brand","embeddable":true,"href":"https:\/\/www.mcallenflatware.com\/pt\/wp-json\/wp\/v2\/product_brand?post=2899"},{"taxonomy":"product_cat","embeddable":true,"href":"https:\/\/www.mcallenflatware.com\/pt\/wp-json\/wp\/v2\/product_cat?post=2899"},{"taxonomy":"product_tag","embeddable":true,"href":"https:\/\/www.mcallenflatware.com\/pt\/wp-json\/wp\/v2\/product_tag?post=2899"}],"curies":[{"name":"wp","href":"https:\/\/api.w.org\/{rel}","templated":true}]}}