{"id":2906,"date":"2026-03-04T08:30:25","date_gmt":"2026-03-04T08:30:25","guid":{"rendered":"https:\/\/www.mcallenflatware.com\/?post_type=product&#038;p=2906"},"modified":"2026-03-04T08:52:33","modified_gmt":"2026-03-04T08:52:33","slug":"wholesale-modernist-flatware","status":"publish","type":"product","link":"https:\/\/www.mcallenflatware.com\/pt\/product\/wholesale-modernist-flatware\/","title":{"rendered":"Talheres modernistas por atacado, talheres geom\u00e9tricos de prata com pega quadrada e personalizados em a\u00e7o inoxid\u00e1vel"},"content":{"rendered":"<div class=\"wp-block-columns is-layout-flex wp-container-core-columns-is-layout-9d6595d7 wp-block-columns-is-layout-flex\">\n<div class=\"wp-block-column is-layout-flow wp-block-column-is-layout-flow\">\n<h2 class=\"wp-block-heading\">Talheres modernistas Carater\u00edsticas:<\/h2>\n\n\n\n<p><strong>Pega quadrada geom\u00e9trica moderna<\/strong>: Pega quadrada \u00fanica com linhas geom\u00e9tricas simples para um ambiente de mesa contempor\u00e2neo.<\/p>\n\n\n\n<p><strong>A\u00e7o inoxid\u00e1vel de qualidade alimentar<\/strong>: Seguro, resistente \u00e0 ferrugem e duradouro para uma utiliza\u00e7\u00e3o quotidiana a longo prazo.<\/p>\n\n\n\n<p><strong>Espelho polido e pega confort\u00e1vel<\/strong>: Superf\u00edcie lisa e polida com design ergon\u00f3mico para um manuseamento confort\u00e1vel.<\/p>\n\n\n\n<p><strong>Seguro para m\u00e1quina de lavar lou\u00e7a e resistente<\/strong>: F\u00e1cil de limpar e constru\u00eddo para resistir a uma utiliza\u00e7\u00e3o comercial de alta frequ\u00eancia.<\/p>\n\n\n\n<p><strong>Vers\u00e1til para v\u00e1rios cen\u00e1rios<\/strong>: Perfeito para hot\u00e9is, restaurantes, casamentos, catering e refei\u00e7\u00f5es em casa.<\/p>\n\n\n\n<p><strong>Conjunto de talheres de 5 pe\u00e7as em a\u00e7o inoxid\u00e1vel<\/strong>: Configura\u00e7\u00e3o completa, estilo unificado, dur\u00e1vel e f\u00e1cil de manter, melhorando a experi\u00eancia gastron\u00f3mica, adequado para compras a granel e necessidades de personaliza\u00e7\u00e3o de hot\u00e9is e cen\u00e1rios de restaura\u00e7\u00e3o.<\/p>\n<\/div>\n\n\n\n<div class=\"wp-block-column is-layout-flow wp-block-column-is-layout-flow\"><div class=\"wp-block-image\">\n<figure class=\"aligncenter size-full\"><img decoding=\"async\" width=\"1600\" height=\"1600\" src=\"https:\/\/www.mcallenflatware.com\/wp-content\/uploads\/2026\/03\/wholesale-modernist-flatware-geometric-square-handle-silverware-2.webp\" alt=\"talheres modernistas por atacado talheres geom\u00e9tricos de cabo quadrado (2)\" class=\"wp-image-2912\" style=\"object-fit:cover\" srcset=\"https:\/\/www.mcallenflatware.com\/wp-content\/uploads\/2026\/03\/wholesale-modernist-flatware-geometric-square-handle-silverware-2.webp 1600w, https:\/\/www.mcallenflatware.com\/wp-content\/uploads\/2026\/03\/wholesale-modernist-flatware-geometric-square-handle-silverware-2-150x150.webp 150w, https:\/\/www.mcallenflatware.com\/wp-content\/uploads\/2026\/03\/wholesale-modernist-flatware-geometric-square-handle-silverware-2-768x768.webp 768w, https:\/\/www.mcallenflatware.com\/wp-content\/uploads\/2026\/03\/wholesale-modernist-flatware-geometric-square-handle-silverware-2-12x12.webp 12w, https:\/\/www.mcallenflatware.com\/wp-content\/uploads\/2026\/03\/wholesale-modernist-flatware-geometric-square-handle-silverware-2-1200x1200.webp 1200w, https:\/\/www.mcallenflatware.com\/wp-content\/uploads\/2026\/03\/wholesale-modernist-flatware-geometric-square-handle-silverware-2-600x600.webp 600w, https:\/\/www.mcallenflatware.com\/wp-content\/uploads\/2026\/03\/wholesale-modernist-flatware-geometric-square-handle-silverware-2-300x300.webp 300w, https:\/\/www.mcallenflatware.com\/wp-content\/uploads\/2026\/03\/wholesale-modernist-flatware-geometric-square-handle-silverware-2-100x100.webp 100w\" sizes=\"(max-width: 1600px) 100vw, 1600px\" \/><\/figure>\n<\/div><\/div>\n<\/div>\n\n\n\n<div class=\"wp-block-columns is-layout-flex wp-container-core-columns-is-layout-9d6595d7 wp-block-columns-is-layout-flex\">\n<div class=\"wp-block-column is-layout-flow wp-block-column-is-layout-flow\"><\/div>\n\n\n\n<div class=\"wp-block-column is-layout-flow wp-block-column-is-layout-flow\"><\/div>\n<\/div>","protected":false},"excerpt":{"rendered":"<p>Os talheres modernistas por grosso apresentam um design geom\u00e9trico moderno de pega quadrada com linhas simples, um acabamento polido espelhado, pega ergon\u00f3mica e um conjunto pr\u00e1tico de 5 pe\u00e7as para cenas de refei\u00e7\u00f5es comerciais. Fornecimento direto da f\u00e1brica Mcallen. Contacte-nos para solu\u00e7\u00f5es por atacado e personalizadas.<\/p>\n<h2>Atributos dos talheres modernistas<\/h2>\n<p><strong>Nome da marca:<\/strong> Mcallen<br \/><strong>Material:<\/strong> A\u00e7o inoxid\u00e1vel<br \/><strong>Cor:<\/strong> Ouro, Prata<br \/><strong>Conce\u00e7\u00e3o:<\/strong> Design martelado<br \/><strong>Prazo de entrega da amostra:<\/strong> No prazo de 3 dias<br \/><strong>OEM\/ODM:<\/strong> Dispon\u00edvel<\/p>\n<h2>Talheres martelados personalizados:<\/h2>\n<p><strong>A\u00e7o inoxid\u00e1vel:<\/strong> A\u00e7o inoxid\u00e1vel 18\/10, 304, 316, 410, 430, 420<br \/><strong>Log\u00f3tipo:<\/strong> Grava\u00e7\u00e3o a laser, impress\u00e3o serigr\u00e1fica, impress\u00e3o UV, impress\u00e3o por transfer\u00eancia t\u00e9rmica, grava\u00e7\u00e3o em relevo, etc.<br \/><strong>Embalagem:<\/strong> 4\/8\/12\/16\/20\/24\/45\/48\/72pcs set<br \/><strong>Acabamentos de superf\u00edcie:<\/strong> Polido com espelho, mate, polido com \u00e1gua, revestimento de tit\u00e2nio<br \/><strong>Embalagem:<\/strong> A granel, saco opp, caixa de cor, caixa de oferta, personalizado<\/p>","protected":false},"featured_media":2915,"template":"","meta":[],"product_brand":[],"product_cat":[23,29],"product_tag":[],"class_list":{"0":"post-2906","1":"product","2":"type-product","3":"status-publish","4":"has-post-thumbnail","6":"product_cat-wholesale-flatware","7":"product_cat-bulk-flatware","9":"first","10":"instock","11":"shipping-taxable","12":"product-type-simple"},"_links":{"self":[{"href":"https:\/\/www.mcallenflatware.com\/pt\/wp-json\/wp\/v2\/product\/2906","targetHints":{"allow":["GET"]}}],"collection":[{"href":"https:\/\/www.mcallenflatware.com\/pt\/wp-json\/wp\/v2\/product"}],"about":[{"href":"https:\/\/www.mcallenflatware.com\/pt\/wp-json\/wp\/v2\/types\/product"}],"wp:featuredmedia":[{"embeddable":true,"href":"https:\/\/www.mcallenflatware.com\/pt\/wp-json\/wp\/v2\/media\/2915"}],"wp:attachment":[{"href":"https:\/\/www.mcallenflatware.com\/pt\/wp-json\/wp\/v2\/media?parent=2906"}],"wp:term":[{"taxonomy":"product_brand","embeddable":true,"href":"https:\/\/www.mcallenflatware.com\/pt\/wp-json\/wp\/v2\/product_brand?post=2906"},{"taxonomy":"product_cat","embeddable":true,"href":"https:\/\/www.mcallenflatware.com\/pt\/wp-json\/wp\/v2\/product_cat?post=2906"},{"taxonomy":"product_tag","embeddable":true,"href":"https:\/\/www.mcallenflatware.com\/pt\/wp-json\/wp\/v2\/product_tag?post=2906"}],"curies":[{"name":"wp","href":"https:\/\/api.w.org\/{rel}","templated":true}]}}