{"id":2944,"date":"2026-03-16T07:29:22","date_gmt":"2026-03-16T07:29:22","guid":{"rendered":"https:\/\/www.mcallenflatware.com\/?post_type=product&#038;p=2944"},"modified":"2026-03-16T08:18:53","modified_gmt":"2026-03-16T08:18:53","slug":"modern-flatware-set-wholesale","status":"publish","type":"product","link":"https:\/\/www.mcallenflatware.com\/pt\/product\/modern-flatware-set-wholesale\/","title":{"rendered":"Conjunto de talheres modernos por atacado com cabo elegante Espelho polido para restaurante"},"content":{"rendered":"<div class=\"wp-block-columns is-layout-flex wp-container-core-columns-is-layout-9d6595d7 wp-block-columns-is-layout-flex\">\n<div class=\"wp-block-column is-layout-flow wp-block-column-is-layout-flow\">\n<h2 class=\"wp-block-heading\">Conjunto de talheres moderno Carater\u00edsticas:<\/h2>\n\n\n\n<p><strong>Design elegante da pega em forma de l\u00e1grima:<\/strong> Forma moderna e minimalista, elegante e vers\u00e1til para restaurantes, hot\u00e9is e eventos.<\/p>\n\n\n\n<p><strong>Pe\u00e7a \u00fanica de conforma\u00e7\u00e3o:<\/strong> Sem costuras, dur\u00e1vel e n\u00e3o \u00e9 f\u00e1cil de partir, garantindo uma utiliza\u00e7\u00e3o comercial duradoura.<\/p>\n\n\n\n<p><strong>Punho ergon\u00f3mico de conforto:<\/strong> Pega bem equilibrada para uma fixa\u00e7\u00e3o est\u00e1vel, confort\u00e1vel para uma utiliza\u00e7\u00e3o di\u00e1ria e prolongada.<\/p>\n\n\n\n<p><strong>A\u00e7o inoxid\u00e1vel de qualidade alimentar e polimento espelhado<\/strong>: Resistente \u00e0 ferrugem, com acabamento brilhante, f\u00e1cil de limpar e lav\u00e1vel na m\u00e1quina de lavar lou\u00e7a.<\/p>\n\n\n\n<p><strong>Servi\u00e7os de personaliza\u00e7\u00e3o:<\/strong> A Mcallen suporta a personaliza\u00e7\u00e3o OEM\/ODM, incluindo a grava\u00e7\u00e3o do log\u00f3tipo, textura da pega, tamanho e espessura, tratamento de superf\u00edcie e design de embalagem exclusivo, para o ajudar a desenvolver produtos que satisfa\u00e7am as exig\u00eancias do mercado.<\/p>\n<\/div>\n\n\n\n<div class=\"wp-block-column is-layout-flow wp-block-column-is-layout-flow\"><div class=\"wp-block-image\">\n<figure class=\"aligncenter size-full\"><img decoding=\"async\" width=\"800\" height=\"800\" src=\"https:\/\/www.mcallenflatware.com\/wp-content\/uploads\/2026\/03\/modern-flatware-set-wholesale-high-quality-cutlery-set-custom.webp\" alt=\"conjunto de talheres moderno por atacado conjunto de talheres de alta qualidade personalizado\" class=\"wp-image-2947\" style=\"object-fit:cover\" srcset=\"https:\/\/www.mcallenflatware.com\/wp-content\/uploads\/2026\/03\/modern-flatware-set-wholesale-high-quality-cutlery-set-custom.webp 800w, https:\/\/www.mcallenflatware.com\/wp-content\/uploads\/2026\/03\/modern-flatware-set-wholesale-high-quality-cutlery-set-custom-150x150.webp 150w, https:\/\/www.mcallenflatware.com\/wp-content\/uploads\/2026\/03\/modern-flatware-set-wholesale-high-quality-cutlery-set-custom-768x768.webp 768w, https:\/\/www.mcallenflatware.com\/wp-content\/uploads\/2026\/03\/modern-flatware-set-wholesale-high-quality-cutlery-set-custom-12x12.webp 12w, https:\/\/www.mcallenflatware.com\/wp-content\/uploads\/2026\/03\/modern-flatware-set-wholesale-high-quality-cutlery-set-custom-600x600.webp 600w, https:\/\/www.mcallenflatware.com\/wp-content\/uploads\/2026\/03\/modern-flatware-set-wholesale-high-quality-cutlery-set-custom-300x300.webp 300w, https:\/\/www.mcallenflatware.com\/wp-content\/uploads\/2026\/03\/modern-flatware-set-wholesale-high-quality-cutlery-set-custom-100x100.webp 100w\" sizes=\"(max-width: 800px) 100vw, 800px\" \/><\/figure>\n<\/div><\/div>\n<\/div>\n\n\n\n<div class=\"wp-block-columns is-layout-flex wp-container-core-columns-is-layout-9d6595d7 wp-block-columns-is-layout-flex\">\n<div class=\"wp-block-column is-layout-flow wp-block-column-is-layout-flow\"><\/div>\n\n\n\n<div class=\"wp-block-column is-layout-flow wp-block-column-is-layout-flow\"><\/div>\n<\/div>","protected":false},"excerpt":{"rendered":"<p>O conjunto de talheres modernos Mcallen por atacado apresenta uma pega elegante e uma constru\u00e7\u00e3o de pe\u00e7a \u00fanica sem costuras, polimento espelhado. Perfeito para restaurantes, hot\u00e9is e banquetes. Est\u00e3o dispon\u00edveis op\u00e7\u00f5es personalizadas OEM\/ODM. Contacte-nos para obter pre\u00e7os a granel e detalhes do produto.<\/p>\n<h2>Conjunto de talheres modernos Atributos<\/h2>\n<p><strong>Nome da marca:<\/strong> Mcallen<br \/><strong>Material:<\/strong> A\u00e7o inoxid\u00e1vel<br \/><strong>Cor:<\/strong> Ouro, Prata<br \/><strong>Conce\u00e7\u00e3o:<\/strong> Design martelado<br \/><strong>Prazo de entrega da amostra:<\/strong> No prazo de 3 dias<br \/><strong>OEM\/ODM:<\/strong> Dispon\u00edvel<\/p>\n<h2>Talheres martelados personalizados:<\/h2>\n<p><strong>A\u00e7o inoxid\u00e1vel:<\/strong> A\u00e7o inoxid\u00e1vel 18\/10, 304, 316, 410, 430, 420<br \/><strong>Log\u00f3tipo:<\/strong> Grava\u00e7\u00e3o a laser, impress\u00e3o serigr\u00e1fica, impress\u00e3o UV, impress\u00e3o por transfer\u00eancia t\u00e9rmica, grava\u00e7\u00e3o em relevo, etc.<br \/><strong>Embalagem:<\/strong> 4\/8\/12\/16\/20\/24\/45\/48\/72pcs set<br \/><strong>Acabamentos de superf\u00edcie:<\/strong> Polido com espelho, mate, polido com \u00e1gua, revestimento de tit\u00e2nio<br \/><strong>Embalagem:<\/strong> A granel, saco opp, caixa de cor, caixa de oferta, personalizado<\/p>","protected":false},"featured_media":2951,"template":"","meta":[],"product_brand":[],"product_cat":[23,29],"product_tag":[],"class_list":{"0":"post-2944","1":"product","2":"type-product","3":"status-publish","4":"has-post-thumbnail","6":"product_cat-wholesale-flatware","7":"product_cat-bulk-flatware","9":"first","10":"instock","11":"shipping-taxable","12":"product-type-simple"},"_links":{"self":[{"href":"https:\/\/www.mcallenflatware.com\/pt\/wp-json\/wp\/v2\/product\/2944","targetHints":{"allow":["GET"]}}],"collection":[{"href":"https:\/\/www.mcallenflatware.com\/pt\/wp-json\/wp\/v2\/product"}],"about":[{"href":"https:\/\/www.mcallenflatware.com\/pt\/wp-json\/wp\/v2\/types\/product"}],"wp:featuredmedia":[{"embeddable":true,"href":"https:\/\/www.mcallenflatware.com\/pt\/wp-json\/wp\/v2\/media\/2951"}],"wp:attachment":[{"href":"https:\/\/www.mcallenflatware.com\/pt\/wp-json\/wp\/v2\/media?parent=2944"}],"wp:term":[{"taxonomy":"product_brand","embeddable":true,"href":"https:\/\/www.mcallenflatware.com\/pt\/wp-json\/wp\/v2\/product_brand?post=2944"},{"taxonomy":"product_cat","embeddable":true,"href":"https:\/\/www.mcallenflatware.com\/pt\/wp-json\/wp\/v2\/product_cat?post=2944"},{"taxonomy":"product_tag","embeddable":true,"href":"https:\/\/www.mcallenflatware.com\/pt\/wp-json\/wp\/v2\/product_tag?post=2944"}],"curies":[{"name":"wp","href":"https:\/\/api.w.org\/{rel}","templated":true}]}}