{"id":3020,"date":"2026-04-11T07:17:19","date_gmt":"2026-04-11T07:17:19","guid":{"rendered":"https:\/\/www.mcallenflatware.com\/?post_type=product&#038;p=3020"},"modified":"2026-04-11T07:41:52","modified_gmt":"2026-04-11T07:41:52","slug":"wholesale-18-10-flatware","status":"publish","type":"product","link":"https:\/\/www.mcallenflatware.com\/pt\/product\/wholesale-18-10-flatware\/","title":{"rendered":"Conjunto de talheres de luxo de 5 pe\u00e7as por atacado 18\/10 com relevo para fornecedores de hotelaria de alto n\u00edvel"},"content":{"rendered":"<div class=\"wp-block-columns is-layout-flex wp-container-core-columns-is-layout-9d6595d7 wp-block-columns-is-layout-flex\">\n<div class=\"wp-block-column is-layout-flow wp-block-column-is-layout-flow\">\n<h2 class=\"wp-block-heading\">Faqueiro 18\/10 Carater\u00edsticas:<\/h2>\n\n\n\n<p><strong>Design decorativo com rebordo em relevo 3D<\/strong>: Apresenta um rebordo em relevo profundo, finamente trabalhado, com texturas geom\u00e9tricas densas, criando um forte efeito tridimensional que eleva a est\u00e9tica cl\u00e1ssica europeia com um toque de luxo. <\/p>\n\n\n\n<p><strong>Acabamento de polimento espelhado em 12 etapas<\/strong>: Criado atrav\u00e9s de 12 fases de polimento manual fino para obter um verdadeiro reflexo espelhado, melhorando o brilho visual, resistindo \u00e0s impress\u00f5es digitais e mantendo um aspeto de primeira qualidade. <\/p>\n\n\n\n<p><strong>Estrutura anti-deforma\u00e7\u00e3o espessada<\/strong>: Forjado com a\u00e7o inoxid\u00e1vel s\u00f3lido e espessado para proporcionar um peso equilibrado e assegurar uma resist\u00eancia a longo prazo \u00e0 flex\u00e3o ou a danos, mesmo em caso de utiliza\u00e7\u00e3o frequente na m\u00e1quina de lavar lou\u00e7a comercial. <\/p>\n\n\n\n<p><strong>Tecnologia de precis\u00e3o de l\u00e2minas cortadas a laser<\/strong>: Os bordos das facas s\u00e3o cortados a laser com uma curvatura optimizada para cortar carnes sem esfor\u00e7o, melhorando a efici\u00eancia das refei\u00e7\u00f5es e a experi\u00eancia geral dos clientes. <\/p>\n\n\n\n<p><strong>Conformidade com a norma alimentar FDA &amp; LFGB<\/strong>: Fabricado em a\u00e7o inoxid\u00e1vel resistente \u00e0 corros\u00e3o de alta qualidade, sem revestimentos nocivos, garantindo a seguran\u00e7a e a estabilidade em v\u00e1rios ambientes alimentares, protegendo simultaneamente a reputa\u00e7\u00e3o da marca. <\/p>\n\n\n\n<p><strong>Suporte para fabrico e personaliza\u00e7\u00e3o de processos completos<\/strong>: Apoiada por capacidades de produ\u00e7\u00e3o de ponta a ponta, desde o r\u00e1pido desenvolvimento de moldes 3D at\u00e9 ao polimento automatizado, oferecendo pre\u00e7os de f\u00e1brica competitivos, MOQ a partir de 500 conjuntos, personaliza\u00e7\u00e3o do log\u00f3tipo OEM e apoio global de dropshipping para uma rota\u00e7\u00e3o eficiente do invent\u00e1rio.<\/p>\n<\/div>\n\n\n\n<div class=\"wp-block-column is-layout-flow wp-block-column-is-layout-flow\"><div class=\"wp-block-image\">\n<figure class=\"aligncenter size-full\"><img decoding=\"async\" width=\"800\" height=\"800\" src=\"https:\/\/www.mcallenflatware.com\/wp-content\/uploads\/2026\/04\/Wholesale-1810-Flatware-Embossed-Gold-Luxury-Stainless-Steel-Cutlery-Set-for-High-End-Hospitality-Supplier.webp\" alt=\"Conjunto de talheres de a\u00e7o inoxid\u00e1vel de luxo por atacado 18\/10 com relevo, ouro para fornecedores de hotelaria de alto n\u00edvel\" class=\"wp-image-3027\" style=\"object-fit:cover\" srcset=\"https:\/\/www.mcallenflatware.com\/wp-content\/uploads\/2026\/04\/Wholesale-1810-Flatware-Embossed-Gold-Luxury-Stainless-Steel-Cutlery-Set-for-High-End-Hospitality-Supplier.webp 800w, https:\/\/www.mcallenflatware.com\/wp-content\/uploads\/2026\/04\/Wholesale-1810-Flatware-Embossed-Gold-Luxury-Stainless-Steel-Cutlery-Set-for-High-End-Hospitality-Supplier-150x150.webp 150w, https:\/\/www.mcallenflatware.com\/wp-content\/uploads\/2026\/04\/Wholesale-1810-Flatware-Embossed-Gold-Luxury-Stainless-Steel-Cutlery-Set-for-High-End-Hospitality-Supplier-768x768.webp 768w, https:\/\/www.mcallenflatware.com\/wp-content\/uploads\/2026\/04\/Wholesale-1810-Flatware-Embossed-Gold-Luxury-Stainless-Steel-Cutlery-Set-for-High-End-Hospitality-Supplier-12x12.webp 12w, https:\/\/www.mcallenflatware.com\/wp-content\/uploads\/2026\/04\/Wholesale-1810-Flatware-Embossed-Gold-Luxury-Stainless-Steel-Cutlery-Set-for-High-End-Hospitality-Supplier-600x600.webp 600w, https:\/\/www.mcallenflatware.com\/wp-content\/uploads\/2026\/04\/Wholesale-1810-Flatware-Embossed-Gold-Luxury-Stainless-Steel-Cutlery-Set-for-High-End-Hospitality-Supplier-300x300.webp 300w, https:\/\/www.mcallenflatware.com\/wp-content\/uploads\/2026\/04\/Wholesale-1810-Flatware-Embossed-Gold-Luxury-Stainless-Steel-Cutlery-Set-for-High-End-Hospitality-Supplier-100x100.webp 100w\" sizes=\"(max-width: 800px) 100vw, 800px\" \/><\/figure>\n<\/div><\/div>\n<\/div>\n\n\n\n<div class=\"wp-block-columns is-layout-flex wp-container-core-columns-is-layout-9d6595d7 wp-block-columns-is-layout-flex\">\n<div class=\"wp-block-column is-layout-flow wp-block-column-is-layout-flow\"><\/div>\n\n\n\n<div class=\"wp-block-column is-layout-flow wp-block-column-is-layout-flow\"><\/div>\n<\/div>","protected":false},"excerpt":{"rendered":"<p>Os talheres Wholesale 18\/10 apresentam pormenores profundos em relevo 3D, a\u00e7o inoxid\u00e1vel polido espelhado e uma estrutura espessa para maior durabilidade e um toque de qualidade superior. Concebido para restaurantes, hot\u00e9is e compradores a granel, garante um desempenho duradouro e uma apresenta\u00e7\u00e3o elegante. Fornecimento da f\u00e1brica Mcallen. Contacte-nos para encomendas a granel e personaliza\u00e7\u00e3o OEM\/ODM.<\/p>\n<h2>Conjunto de talheres 18\/10 Atributos<\/h2>\n<p><strong>Nome da marca:<\/strong> Mcallen<br \/><strong>Material:<\/strong> A\u00e7o inoxid\u00e1vel<br \/><strong>Cor:<\/strong> Ouro, Prata, Preto<br \/><strong>Conce\u00e7\u00e3o:<\/strong> Desenho em relevo<br \/><strong>Prazo de entrega da amostra:<\/strong> No prazo de 3 dias<br \/><strong>OEM\/ODM:<\/strong> Dispon\u00edvel<\/p>\n<h2>Faqueiro 18\/10 personalizado:<\/h2>\n<p><strong>A\u00e7o inoxid\u00e1vel:<\/strong> A\u00e7o inoxid\u00e1vel 18\/10, 304, 316, 410, 430, 420<br \/><strong>Log\u00f3tipo:<\/strong> Grava\u00e7\u00e3o a laser, impress\u00e3o serigr\u00e1fica, impress\u00e3o UV, impress\u00e3o por transfer\u00eancia t\u00e9rmica, grava\u00e7\u00e3o em relevo, etc.<br \/><strong>Embalagem:<\/strong> 4\/8\/12\/16\/20\/24\/45\/48\/72pcs set<br \/><strong>Acabamentos de superf\u00edcie:<\/strong> Polido com espelho, mate, polido com \u00e1gua, revestimento de tit\u00e2nio<br \/><strong>Embalagem:<\/strong> A granel, saco opp, caixa de cor, caixa de oferta, personalizado<\/p>","protected":false},"featured_media":3028,"template":"","meta":[],"product_brand":[],"product_cat":[23,29],"product_tag":[],"class_list":{"0":"post-3020","1":"product","2":"type-product","3":"status-publish","4":"has-post-thumbnail","6":"product_cat-wholesale-flatware","7":"product_cat-bulk-flatware","9":"first","10":"instock","11":"shipping-taxable","12":"product-type-simple"},"_links":{"self":[{"href":"https:\/\/www.mcallenflatware.com\/pt\/wp-json\/wp\/v2\/product\/3020","targetHints":{"allow":["GET"]}}],"collection":[{"href":"https:\/\/www.mcallenflatware.com\/pt\/wp-json\/wp\/v2\/product"}],"about":[{"href":"https:\/\/www.mcallenflatware.com\/pt\/wp-json\/wp\/v2\/types\/product"}],"wp:featuredmedia":[{"embeddable":true,"href":"https:\/\/www.mcallenflatware.com\/pt\/wp-json\/wp\/v2\/media\/3028"}],"wp:attachment":[{"href":"https:\/\/www.mcallenflatware.com\/pt\/wp-json\/wp\/v2\/media?parent=3020"}],"wp:term":[{"taxonomy":"product_brand","embeddable":true,"href":"https:\/\/www.mcallenflatware.com\/pt\/wp-json\/wp\/v2\/product_brand?post=3020"},{"taxonomy":"product_cat","embeddable":true,"href":"https:\/\/www.mcallenflatware.com\/pt\/wp-json\/wp\/v2\/product_cat?post=3020"},{"taxonomy":"product_tag","embeddable":true,"href":"https:\/\/www.mcallenflatware.com\/pt\/wp-json\/wp\/v2\/product_tag?post=3020"}],"curies":[{"name":"wp","href":"https:\/\/api.w.org\/{rel}","templated":true}]}}