{"id":3029,"date":"2026-04-11T07:58:25","date_gmt":"2026-04-11T07:58:25","guid":{"rendered":"https:\/\/www.mcallenflatware.com\/?post_type=product&#038;p=3029"},"modified":"2026-04-11T08:34:19","modified_gmt":"2026-04-11T08:34:19","slug":"custom-flatware-set-hammered","status":"publish","type":"product","link":"https:\/\/www.mcallenflatware.com\/pt\/product\/custom-flatware-set-hammered\/","title":{"rendered":"Conjunto de talheres personalizado Conjunto de talheres martelado, polido espelhado Prata para jantares finos a granel"},"content":{"rendered":"<div class=\"wp-block-columns is-layout-flex wp-container-core-columns-is-layout-9d6595d7 wp-block-columns-is-layout-flex\">\n<div class=\"wp-block-column is-layout-flow wp-block-column-is-layout-flow\">\n<h2 class=\"wp-block-heading\">Conjunto de talheres Martelados Carater\u00edsticas:<\/h2>\n\n\n\n<p><strong>Design artesanal com textura martelada<\/strong>: Apresenta um acabamento martelado cl\u00e1ssico inspirado no artesanato japon\u00eas, oferecendo um aspeto artesanal requintado e melhorando a ader\u00eancia antiderrapante e reduzindo as impress\u00f5es digitais. <\/p>\n\n\n\n<p><strong>Forma elegante da pega em forma de l\u00e1grima<\/strong>: Concebida com contornos suaves em forma de l\u00e1grima e uma estrutura s\u00f3lida espessada, garante um peso equilibrado e uma ader\u00eancia confort\u00e1vel e ergon\u00f3mica. <\/p>\n\n\n\n<p><strong>Op\u00e7\u00f5es de conjunto completo para o fornecimento \u00fanico<\/strong>: Dispon\u00edvel numa vasta gama de configura\u00e7\u00f5es - desde garfos de sobremesa e colheres de ch\u00e1 a facas para bifes e colheres de jantar - suportando conjuntos de 24 pe\u00e7as, 30 pe\u00e7as ou totalmente personalizados para diversas necessidades gastron\u00f3micas. <\/p>\n\n\n\n<p><strong>A\u00e7o inoxid\u00e1vel de qualidade alimentar<\/strong>: Fabricado em a\u00e7o inoxid\u00e1vel de alta qualidade com excelente resist\u00eancia \u00e0 corros\u00e3o, ferrugem e desgaste di\u00e1rio, garantindo uma durabilidade a longo prazo e uma utiliza\u00e7\u00e3o segura. <\/p>\n\n\n\n<p><strong>Lav\u00e1vel na m\u00e1quina de lavar lou\u00e7a e de f\u00e1cil manuten\u00e7\u00e3o<\/strong>: A superf\u00edcie lisa e o acabamento duradouro permitem uma limpeza f\u00e1cil, mantendo o brilho e o desempenho mesmo em caso de lavagens comerciais frequentes.<\/p>\n<\/div>\n\n\n\n<div class=\"wp-block-column is-layout-flow wp-block-column-is-layout-flow\"><div class=\"wp-block-image\">\n<figure class=\"aligncenter size-full\"><img decoding=\"async\" width=\"800\" height=\"800\" src=\"https:\/\/www.mcallenflatware.com\/wp-content\/uploads\/2026\/04\/Custom-Flatware-Set-Hammered-Mirror-Polished-Cutlery-Set-Silver-for-Fine-Dining-in-Bulk-8.webp\" alt=\"Faqueiro personalizado Conjunto de talheres martelado, polido espelhado Conjunto de talheres de prata para jantares finos a granel (8)\" class=\"wp-image-3037\" style=\"object-fit:cover\" srcset=\"https:\/\/www.mcallenflatware.com\/wp-content\/uploads\/2026\/04\/Custom-Flatware-Set-Hammered-Mirror-Polished-Cutlery-Set-Silver-for-Fine-Dining-in-Bulk-8.webp 800w, https:\/\/www.mcallenflatware.com\/wp-content\/uploads\/2026\/04\/Custom-Flatware-Set-Hammered-Mirror-Polished-Cutlery-Set-Silver-for-Fine-Dining-in-Bulk-8-150x150.webp 150w, https:\/\/www.mcallenflatware.com\/wp-content\/uploads\/2026\/04\/Custom-Flatware-Set-Hammered-Mirror-Polished-Cutlery-Set-Silver-for-Fine-Dining-in-Bulk-8-768x768.webp 768w, https:\/\/www.mcallenflatware.com\/wp-content\/uploads\/2026\/04\/Custom-Flatware-Set-Hammered-Mirror-Polished-Cutlery-Set-Silver-for-Fine-Dining-in-Bulk-8-12x12.webp 12w, https:\/\/www.mcallenflatware.com\/wp-content\/uploads\/2026\/04\/Custom-Flatware-Set-Hammered-Mirror-Polished-Cutlery-Set-Silver-for-Fine-Dining-in-Bulk-8-600x600.webp 600w, https:\/\/www.mcallenflatware.com\/wp-content\/uploads\/2026\/04\/Custom-Flatware-Set-Hammered-Mirror-Polished-Cutlery-Set-Silver-for-Fine-Dining-in-Bulk-8-300x300.webp 300w, https:\/\/www.mcallenflatware.com\/wp-content\/uploads\/2026\/04\/Custom-Flatware-Set-Hammered-Mirror-Polished-Cutlery-Set-Silver-for-Fine-Dining-in-Bulk-8-100x100.webp 100w\" sizes=\"(max-width: 800px) 100vw, 800px\" \/><\/figure>\n<\/div><\/div>\n<\/div>\n\n\n\n<div class=\"wp-block-columns is-layout-flex wp-container-core-columns-is-layout-9d6595d7 wp-block-columns-is-layout-flex\">\n<div class=\"wp-block-column is-layout-flow wp-block-column-is-layout-flow\"><\/div>\n\n\n\n<div class=\"wp-block-column is-layout-flow wp-block-column-is-layout-flow\"><\/div>\n<\/div>","protected":false},"excerpt":{"rendered":"<p>O conjunto de talheres personalizado martelado apresenta uma textura martelada artesanal e um design ergon\u00f3mico ponderado para uma experi\u00eancia gastron\u00f3mica requintada e duradoura. Concebido para hot\u00e9is e restaurantes, garante um desempenho duradouro em condi\u00e7\u00f5es de utiliza\u00e7\u00e3o intensiva. Fornecemos op\u00e7\u00f5es de conjuntos completos para um abastecimento \u00fanico. Contacte-nos para obter pre\u00e7os por grosso e solu\u00e7\u00f5es personalizadas de conjuntos de talheres.<\/p>\n<h2>Conjunto de talheres Atributos martelados<\/h2>\n<p><strong>Nome da marca:<\/strong> Mcallen<br \/><strong>Material:<\/strong> A\u00e7o inoxid\u00e1vel<br \/><strong>Cor:<\/strong> Ouro, Prata, Preto<br \/><strong>Conce\u00e7\u00e3o:<\/strong> Desenho em relevo<br \/><strong>Prazo de entrega da amostra:<\/strong> No prazo de 3 dias<br \/><strong>OEM\/ODM:<\/strong> Dispon\u00edvel<\/p>\n<h2>Servi\u00e7o de talheres personalizado martelado:<\/h2>\n<p><strong>A\u00e7o inoxid\u00e1vel:<\/strong> A\u00e7o inoxid\u00e1vel 18\/10, 304, 316, 410, 430, 420<br \/><strong>Log\u00f3tipo:<\/strong> Grava\u00e7\u00e3o a laser, impress\u00e3o serigr\u00e1fica, impress\u00e3o UV, impress\u00e3o por transfer\u00eancia t\u00e9rmica, grava\u00e7\u00e3o em relevo, etc.<br \/><strong>Embalagem:<\/strong> 4\/8\/12\/16\/20\/24\/45\/48\/72pcs set<br \/><strong>Acabamentos de superf\u00edcie:<\/strong> Polido com espelho, mate, polido com \u00e1gua, revestimento de tit\u00e2nio<br \/><strong>Embalagem:<\/strong> A granel, saco opp, caixa de cor, caixa de oferta, personalizado<\/p>","protected":false},"featured_media":3030,"template":"","meta":[],"product_brand":[],"product_cat":[23,29],"product_tag":[],"class_list":{"0":"post-3029","1":"product","2":"type-product","3":"status-publish","4":"has-post-thumbnail","6":"product_cat-wholesale-flatware","7":"product_cat-bulk-flatware","9":"first","10":"instock","11":"shipping-taxable","12":"product-type-simple"},"_links":{"self":[{"href":"https:\/\/www.mcallenflatware.com\/pt\/wp-json\/wp\/v2\/product\/3029","targetHints":{"allow":["GET"]}}],"collection":[{"href":"https:\/\/www.mcallenflatware.com\/pt\/wp-json\/wp\/v2\/product"}],"about":[{"href":"https:\/\/www.mcallenflatware.com\/pt\/wp-json\/wp\/v2\/types\/product"}],"wp:featuredmedia":[{"embeddable":true,"href":"https:\/\/www.mcallenflatware.com\/pt\/wp-json\/wp\/v2\/media\/3030"}],"wp:attachment":[{"href":"https:\/\/www.mcallenflatware.com\/pt\/wp-json\/wp\/v2\/media?parent=3029"}],"wp:term":[{"taxonomy":"product_brand","embeddable":true,"href":"https:\/\/www.mcallenflatware.com\/pt\/wp-json\/wp\/v2\/product_brand?post=3029"},{"taxonomy":"product_cat","embeddable":true,"href":"https:\/\/www.mcallenflatware.com\/pt\/wp-json\/wp\/v2\/product_cat?post=3029"},{"taxonomy":"product_tag","embeddable":true,"href":"https:\/\/www.mcallenflatware.com\/pt\/wp-json\/wp\/v2\/product_tag?post=3029"}],"curies":[{"name":"wp","href":"https:\/\/api.w.org\/{rel}","templated":true}]}}