{"id":3055,"date":"2026-04-11T09:43:33","date_gmt":"2026-04-11T09:43:33","guid":{"rendered":"https:\/\/www.mcallenflatware.com\/?post_type=product&#038;p=3055"},"modified":"2026-04-11T10:11:14","modified_gmt":"2026-04-11T10:11:14","slug":"wholesale-modern-flatware-sets","status":"publish","type":"product","link":"https:\/\/www.mcallenflatware.com\/pt\/product\/wholesale-modern-flatware-sets\/","title":{"rendered":"Conjuntos de talheres modernos por atacado, conjunto de talheres banhados a prata para presentear executivos personalizados"},"content":{"rendered":"<div class=\"wp-block-columns is-layout-flex wp-container-core-columns-is-layout-9d6595d7 wp-block-columns-is-layout-flex\">\n<div class=\"wp-block-column is-layout-flow wp-block-column-is-layout-flow\">\n<h2 class=\"wp-block-heading\">Conjuntos de talheres modernos Carater\u00edsticas:<\/h2>\n\n\n\n<p><strong>Design minimalista moderno e aerodin\u00e2mico<\/strong>: Silhuetas limpas e fluidas com curvas de pega elegantes permitem uma integra\u00e7\u00e3o perfeita em ambientes de mesa n\u00f3rdicos, industriais e modernos de luxo. <\/p>\n\n\n\n<p><strong>Constru\u00e7\u00e3o em a\u00e7o inoxid\u00e1vel forjado numa s\u00f3 pe\u00e7a<\/strong>: Fabricado em a\u00e7o inoxid\u00e1vel de qualidade superior engrossado numa estrutura s\u00f3lida de uma s\u00f3 pe\u00e7a, garantindo uma excelente durabilidade, estabilidade e resist\u00eancia \u00e0 deforma\u00e7\u00e3o em caso de utiliza\u00e7\u00e3o frequente. <\/p>\n\n\n\n<p><strong>Acabamento de polimento espelhado de alto brilho<\/strong>: V\u00e1rias fases de polimento manual fino proporcionam um brilho espelhado profundo, melhorando a eleg\u00e2ncia visual e tornando a superf\u00edcie mais f\u00e1cil de limpar e menos propensa \u00e0 acumula\u00e7\u00e3o de res\u00edduos. <\/p>\n\n\n\n<p><strong>Design ergon\u00f3mico de punho equilibrado<\/strong>: A pega em forma de l\u00e1grima termina com uma estrutura espessa que se adapta naturalmente \u00e0 palma da m\u00e3o, proporcionando uma experi\u00eancia de refei\u00e7\u00e3o est\u00e1vel, confort\u00e1vel e equilibrada. <\/p>\n\n\n\n<p><strong>Qualidade certificada para estabilidade de fornecimento B2B<\/strong>: Cada lote \u00e9 rastre\u00e1vel desde a mat\u00e9ria-prima at\u00e9 ao produto acabado e testado segundo as normas internacionais (SGS\/T\u00dcV), garantindo uma dureza, brilho e resist\u00eancia \u00e0 corros\u00e3o consistentes. <\/p>\n\n\n\n<p><strong>Embalagem flex\u00edvel e solu\u00e7\u00e3o pronta para com\u00e9rcio eletr\u00f3nico<\/strong>: Suporta op\u00e7\u00f5es de embalagem personalizadas, incluindo caixas de oferta anti-choque concebidas para a log\u00edstica do com\u00e9rcio eletr\u00f3nico, reduzindo os danos na expedi\u00e7\u00e3o e melhorando a satisfa\u00e7\u00e3o do cliente final.<\/p>\n<\/div>\n\n\n\n<div class=\"wp-block-column is-layout-flow wp-block-column-is-layout-flow\"><div class=\"wp-block-image\">\n<figure class=\"aligncenter size-full\"><img decoding=\"async\" width=\"800\" height=\"800\" src=\"https:\/\/www.mcallenflatware.com\/wp-content\/uploads\/2026\/04\/Wholesale-Modern-Flatware-Sets-Silver-Plated-Cutlery-Set-for-Executive-Gifting-Custom-3.webp\" alt=\"Conjunto de talheres modernos por atacado, Conjunto de talheres banhados a prata para presentear executivos personalizado (3)\" class=\"wp-image-3058\" style=\"object-fit:cover\" srcset=\"https:\/\/www.mcallenflatware.com\/wp-content\/uploads\/2026\/04\/Wholesale-Modern-Flatware-Sets-Silver-Plated-Cutlery-Set-for-Executive-Gifting-Custom-3.webp 800w, https:\/\/www.mcallenflatware.com\/wp-content\/uploads\/2026\/04\/Wholesale-Modern-Flatware-Sets-Silver-Plated-Cutlery-Set-for-Executive-Gifting-Custom-3-150x150.webp 150w, https:\/\/www.mcallenflatware.com\/wp-content\/uploads\/2026\/04\/Wholesale-Modern-Flatware-Sets-Silver-Plated-Cutlery-Set-for-Executive-Gifting-Custom-3-768x768.webp 768w, https:\/\/www.mcallenflatware.com\/wp-content\/uploads\/2026\/04\/Wholesale-Modern-Flatware-Sets-Silver-Plated-Cutlery-Set-for-Executive-Gifting-Custom-3-12x12.webp 12w, https:\/\/www.mcallenflatware.com\/wp-content\/uploads\/2026\/04\/Wholesale-Modern-Flatware-Sets-Silver-Plated-Cutlery-Set-for-Executive-Gifting-Custom-3-600x600.webp 600w, https:\/\/www.mcallenflatware.com\/wp-content\/uploads\/2026\/04\/Wholesale-Modern-Flatware-Sets-Silver-Plated-Cutlery-Set-for-Executive-Gifting-Custom-3-300x300.webp 300w, https:\/\/www.mcallenflatware.com\/wp-content\/uploads\/2026\/04\/Wholesale-Modern-Flatware-Sets-Silver-Plated-Cutlery-Set-for-Executive-Gifting-Custom-3-100x100.webp 100w\" sizes=\"(max-width: 800px) 100vw, 800px\" \/><\/figure>\n<\/div><\/div>\n<\/div>\n\n\n\n<div class=\"wp-block-columns is-layout-flex wp-container-core-columns-is-layout-9d6595d7 wp-block-columns-is-layout-flex\">\n<div class=\"wp-block-column is-layout-flow wp-block-column-is-layout-flow\"><\/div>\n\n\n\n<div class=\"wp-block-column is-layout-flow wp-block-column-is-layout-flow\"><\/div>\n<\/div>","protected":false},"excerpt":{"rendered":"<p>Os conjuntos de talheres modernos por grosso apresentam um design minimalista e aerodin\u00e2mico, uma constru\u00e7\u00e3o em a\u00e7o inoxid\u00e1vel forjado numa s\u00f3 pe\u00e7a e um acabamento espelhado de alto brilho para um aspeto limpo e contempor\u00e2neo. Projetados para hot\u00e9is, restaurantes e compradores a granel, eles oferecem durabilidade e conforto para o uso comercial di\u00e1rio. Mcallen fornece qualidade certificada para fornecimento B2B. Bem-vindo a contactar-nos para or\u00e7amentos!<\/p>\n<h2>Conjuntos de talheres modernos Atributos<\/h2>\n<p><strong>Nome da marca:<\/strong> Mcallen<br \/><strong>Material:<\/strong> A\u00e7o inoxid\u00e1vel<br \/><strong>Cor:<\/strong> Prata, ouro, preto<br \/><strong>Conce\u00e7\u00e3o:<\/strong> Desenho em relevo<br \/><strong>Prazo de entrega da amostra:<\/strong> No prazo de 3 dias<br \/><strong>OEM\/ODM:<\/strong> Dispon\u00edvel<\/p>\n<h2>Conjuntos de talheres modernos personalizados:<\/h2>\n<p><strong>A\u00e7o inoxid\u00e1vel:<\/strong> A\u00e7o inoxid\u00e1vel 18\/10, 304, 316, 410, 430, 420<br \/><strong>Log\u00f3tipo:<\/strong> Grava\u00e7\u00e3o a laser, impress\u00e3o serigr\u00e1fica, impress\u00e3o UV, impress\u00e3o por transfer\u00eancia t\u00e9rmica, grava\u00e7\u00e3o em relevo, etc.<br \/><strong>Embalagem:<\/strong> 4\/8\/12\/16\/20\/24\/45\/48\/72pcs set<br \/><strong>Acabamentos de superf\u00edcie:<\/strong> Polido com espelho, mate, polido com \u00e1gua, revestimento de tit\u00e2nio<br \/><strong>Embalagem:<\/strong> A granel, saco opp, caixa de cor, caixa de oferta, personalizado<\/p>","protected":false},"featured_media":3056,"template":"","meta":[],"product_brand":[],"product_cat":[23,29],"product_tag":[],"class_list":{"0":"post-3055","1":"product","2":"type-product","3":"status-publish","4":"has-post-thumbnail","6":"product_cat-wholesale-flatware","7":"product_cat-bulk-flatware","9":"first","10":"instock","11":"shipping-taxable","12":"product-type-simple"},"_links":{"self":[{"href":"https:\/\/www.mcallenflatware.com\/pt\/wp-json\/wp\/v2\/product\/3055","targetHints":{"allow":["GET"]}}],"collection":[{"href":"https:\/\/www.mcallenflatware.com\/pt\/wp-json\/wp\/v2\/product"}],"about":[{"href":"https:\/\/www.mcallenflatware.com\/pt\/wp-json\/wp\/v2\/types\/product"}],"wp:featuredmedia":[{"embeddable":true,"href":"https:\/\/www.mcallenflatware.com\/pt\/wp-json\/wp\/v2\/media\/3056"}],"wp:attachment":[{"href":"https:\/\/www.mcallenflatware.com\/pt\/wp-json\/wp\/v2\/media?parent=3055"}],"wp:term":[{"taxonomy":"product_brand","embeddable":true,"href":"https:\/\/www.mcallenflatware.com\/pt\/wp-json\/wp\/v2\/product_brand?post=3055"},{"taxonomy":"product_cat","embeddable":true,"href":"https:\/\/www.mcallenflatware.com\/pt\/wp-json\/wp\/v2\/product_cat?post=3055"},{"taxonomy":"product_tag","embeddable":true,"href":"https:\/\/www.mcallenflatware.com\/pt\/wp-json\/wp\/v2\/product_tag?post=3055"}],"curies":[{"name":"wp","href":"https:\/\/api.w.org\/{rel}","templated":true}]}}