{"id":3063,"date":"2026-04-13T02:56:50","date_gmt":"2026-04-13T02:56:50","guid":{"rendered":"https:\/\/www.mcallenflatware.com\/?post_type=product&#038;p=3063"},"modified":"2026-04-13T03:39:41","modified_gmt":"2026-04-13T03:39:41","slug":"wholesale-flatware-vintage","status":"publish","type":"product","link":"https:\/\/www.mcallenflatware.com\/pt\/product\/wholesale-flatware-vintage\/","title":{"rendered":"Talheres de a\u00e7o inoxid\u00e1vel vintage por atacado, conjunto de talheres elegantes para casamento de luxo personalizado"},"content":{"rendered":"<div class=\"wp-block-columns is-layout-flex wp-container-core-columns-is-layout-9d6595d7 wp-block-columns-is-layout-flex\">\n<div class=\"wp-block-column is-layout-flow wp-block-column-is-layout-flow\">\n<h2 class=\"wp-block-heading\">Talheres Vintage Carater\u00edsticas:<\/h2>\n\n\n\n<p><strong>Acabamento de polimento espelhado de alto brilho<\/strong>: Fabricado com tecnologia de polimento de precis\u00e3o para obter uma superf\u00edcie espelhada impec\u00e1vel, aumentando a eleg\u00e2ncia visual e real\u00e7ando a beleza natural do a\u00e7o inoxid\u00e1vel.<\/p>\n\n\n\n<p><strong>Constru\u00e7\u00e3o de uma s\u00f3 pe\u00e7a sem costuras<\/strong>: Forjado com um molde integrado para eliminar as juntas fracas, garantindo uma durabilidade superior e mantendo uma superf\u00edcie lisa e higi\u00e9nica sem cantos escondidos.<\/p>\n\n\n\n<p><strong>Design ergon\u00f3mico de punho equilibrado<\/strong>: Concebida com uma distribui\u00e7\u00e3o de peso optimizada e curvas suaves, oferece uma ader\u00eancia confort\u00e1vel e est\u00e1vel que melhora a experi\u00eancia gastron\u00f3mica em geral.<\/p>\n\n\n\n<p><strong>A\u00e7o inoxid\u00e1vel espessado para utiliza\u00e7\u00e3o intensiva<\/strong>: Fabricado em a\u00e7o inoxid\u00e1vel espessado de qualidade alimentar com uma forte resist\u00eancia \u00e0 corros\u00e3o e \u00e0 ferrugem, mantendo um brilho duradouro mesmo em caso de lavagens comerciais frequentes.<\/p>\n\n\n\n<p><strong>Design est\u00e9tico vintage moderno<\/strong>: Combina detalhes em relevo, forma de pega em forma de l\u00e1grima e linhas refinadas de inspira\u00e7\u00e3o barroca para criar um estilo intemporal de \u201cluxo leve\u201d adequado para ambientes de jantar de luxo e casamentos de luxo.<\/p>\n<\/div>\n\n\n\n<div class=\"wp-block-column is-layout-flow wp-block-column-is-layout-flow\"><div class=\"wp-block-image\">\n<figure class=\"aligncenter size-full\"><img decoding=\"async\" width=\"800\" height=\"800\" src=\"https:\/\/www.mcallenflatware.com\/wp-content\/uploads\/2026\/04\/wholesale-flatware-vintage-stainless-steel-3.webp\" alt=\"talheres de a\u00e7o inoxid\u00e1vel vintage por atacado (3)\" class=\"wp-image-3066\" style=\"object-fit:cover\" srcset=\"https:\/\/www.mcallenflatware.com\/wp-content\/uploads\/2026\/04\/wholesale-flatware-vintage-stainless-steel-3.webp 800w, https:\/\/www.mcallenflatware.com\/wp-content\/uploads\/2026\/04\/wholesale-flatware-vintage-stainless-steel-3-150x150.webp 150w, https:\/\/www.mcallenflatware.com\/wp-content\/uploads\/2026\/04\/wholesale-flatware-vintage-stainless-steel-3-768x768.webp 768w, https:\/\/www.mcallenflatware.com\/wp-content\/uploads\/2026\/04\/wholesale-flatware-vintage-stainless-steel-3-12x12.webp 12w, https:\/\/www.mcallenflatware.com\/wp-content\/uploads\/2026\/04\/wholesale-flatware-vintage-stainless-steel-3-600x600.webp 600w, https:\/\/www.mcallenflatware.com\/wp-content\/uploads\/2026\/04\/wholesale-flatware-vintage-stainless-steel-3-300x300.webp 300w, https:\/\/www.mcallenflatware.com\/wp-content\/uploads\/2026\/04\/wholesale-flatware-vintage-stainless-steel-3-100x100.webp 100w\" sizes=\"(max-width: 800px) 100vw, 800px\" \/><\/figure>\n<\/div><\/div>\n<\/div>\n\n\n\n<div class=\"wp-block-columns is-layout-flex wp-container-core-columns-is-layout-9d6595d7 wp-block-columns-is-layout-flex\">\n<div class=\"wp-block-column is-layout-flow wp-block-column-is-layout-flow\"><\/div>\n\n\n\n<div class=\"wp-block-column is-layout-flow wp-block-column-is-layout-flow\"><\/div>\n<\/div>","protected":false},"excerpt":{"rendered":"<p>Talheres vintage por atacado com elegantes detalhes em relevo, a\u00e7o inoxid\u00e1vel polido espelhado e um design ergon\u00f3mico equilibrado para um ambiente de mesa refinado e cl\u00e1ssico. Concebido para hot\u00e9is, restaurantes e compradores a granel. Contacte-nos para personaliza\u00e7\u00e3o OEM\/ODM de conjuntos de talheres em a\u00e7o inoxid\u00e1vel.<\/p>\n<h2>Talheres Atributos Vintage<\/h2>\n<p><strong>Nome da marca:<\/strong> Mcallen<br \/><strong>Material:<\/strong> A\u00e7o inoxid\u00e1vel<br \/><strong>Cor:<\/strong> Prata, ouro, preto<br \/><strong>Conce\u00e7\u00e3o:<\/strong> Desenho em relevo<br \/><strong>Prazo de entrega da amostra:<\/strong> No prazo de 3 dias<br \/><strong>OEM\/ODM:<\/strong> Dispon\u00edvel<\/p>\n<h2>Talheres personalizados Vintage:<\/h2>\n<p><strong>A\u00e7o inoxid\u00e1vel:<\/strong> A\u00e7o inoxid\u00e1vel 18\/10, 304, 316, 410, 430, 420<br \/><strong>Log\u00f3tipo:<\/strong> Grava\u00e7\u00e3o a laser, impress\u00e3o serigr\u00e1fica, impress\u00e3o UV, impress\u00e3o por transfer\u00eancia t\u00e9rmica, grava\u00e7\u00e3o em relevo, etc.<br \/><strong>Embalagem:<\/strong> 4\/8\/12\/16\/20\/24\/45\/48\/72pcs set<br \/><strong>Acabamentos de superf\u00edcie:<\/strong> Polido com espelho, mate, polido com \u00e1gua, revestimento de tit\u00e2nio<br \/><strong>Embalagem:<\/strong> A granel, saco opp, caixa de cor, caixa de oferta, personalizado<\/p>","protected":false},"featured_media":3068,"template":"","meta":[],"product_brand":[],"product_cat":[23,29],"product_tag":[],"class_list":{"0":"post-3063","1":"product","2":"type-product","3":"status-publish","4":"has-post-thumbnail","6":"product_cat-wholesale-flatware","7":"product_cat-bulk-flatware","9":"first","10":"instock","11":"shipping-taxable","12":"product-type-simple"},"_links":{"self":[{"href":"https:\/\/www.mcallenflatware.com\/pt\/wp-json\/wp\/v2\/product\/3063","targetHints":{"allow":["GET"]}}],"collection":[{"href":"https:\/\/www.mcallenflatware.com\/pt\/wp-json\/wp\/v2\/product"}],"about":[{"href":"https:\/\/www.mcallenflatware.com\/pt\/wp-json\/wp\/v2\/types\/product"}],"wp:featuredmedia":[{"embeddable":true,"href":"https:\/\/www.mcallenflatware.com\/pt\/wp-json\/wp\/v2\/media\/3068"}],"wp:attachment":[{"href":"https:\/\/www.mcallenflatware.com\/pt\/wp-json\/wp\/v2\/media?parent=3063"}],"wp:term":[{"taxonomy":"product_brand","embeddable":true,"href":"https:\/\/www.mcallenflatware.com\/pt\/wp-json\/wp\/v2\/product_brand?post=3063"},{"taxonomy":"product_cat","embeddable":true,"href":"https:\/\/www.mcallenflatware.com\/pt\/wp-json\/wp\/v2\/product_cat?post=3063"},{"taxonomy":"product_tag","embeddable":true,"href":"https:\/\/www.mcallenflatware.com\/pt\/wp-json\/wp\/v2\/product_tag?post=3063"}],"curies":[{"name":"wp","href":"https:\/\/api.w.org\/{rel}","templated":true}]}}