{"id":3153,"date":"2026-05-11T08:47:44","date_gmt":"2026-05-11T08:47:44","guid":{"rendered":"https:\/\/www.mcallenflatware.com\/?post_type=product&#038;p=3153"},"modified":"2026-05-12T01:22:05","modified_gmt":"2026-05-12T01:22:05","slug":"wholesale-18-10-stainless-steel-flatware","status":"publish","type":"product","link":"https:\/\/www.mcallenflatware.com\/pt\/product\/wholesale-18-10-stainless-steel-flatware\/","title":{"rendered":"Talheres de a\u00e7o inoxid\u00e1vel 18\/10 por atacado, talheres de textura tran\u00e7ada estilo ocidental personalizado"},"content":{"rendered":"<div class=\"wp-block-columns is-layout-flex wp-container-core-columns-is-layout-9d6595d7 wp-block-columns-is-layout-flex\">\n<div class=\"wp-block-column is-layout-flow wp-block-column-is-layout-flow\">\n<h2 class=\"wp-block-heading\">Faqueiro em a\u00e7o inoxid\u00e1vel 18\/10 Carater\u00edsticas:<\/h2>\n\n\n\n<p><strong>Design exclusivo da pega com textura tecida<\/strong>: A textura de precis\u00e3o em tecido de diamante cria um aspeto de luxo vintage, melhorando simultaneamente o conforto de ader\u00eancia. A superf\u00edcie texturada tamb\u00e9m ajuda a reduzir as impress\u00f5es digitais vis\u00edveis durante a utiliza\u00e7\u00e3o di\u00e1ria.<\/p>\n\n\n\n<p><strong>Constru\u00e7\u00e3o em a\u00e7o inoxid\u00e1vel 18\/10 de alta qualidade<\/strong>: Fabricado em a\u00e7o inoxid\u00e1vel de alta qualidade, seguro para alimentos, com excelente resist\u00eancia \u00e0 corros\u00e3o e \u00e0 ferrugem. A estrutura espessa da pega garante uma durabilidade a longo prazo em ambientes comerciais de m\u00e1quina de lavar lou\u00e7a.<\/p>\n\n\n\n<p><strong>Acabamento premium polido em espelho<\/strong>: M\u00faltiplos processos de polimento manual criam um brilho espelhado profundo que melhora a apresenta\u00e7\u00e3o de uma mesa de luxo. Mant\u00e9m um brilho duradouro mesmo com uma utiliza\u00e7\u00e3o frequente.<\/p>\n\n\n\n<p><strong>Configura\u00e7\u00e3o completa de talheres<\/strong>: Inclui facas de jantar, garfos, colheres, utens\u00edlios de sobremesa e colheres de mexer para aplica\u00e7\u00f5es gastron\u00f3micas vers\u00e1teis. Ideal para hot\u00e9is, casamentos, restaurantes e servi\u00e7os de banquetes.<\/p>\n\n\n\n<p><strong>Conformidade com a seguran\u00e7a alimentar global<\/strong>: Em conformidade com as normas da FDA, LFGB e da UE relativas ao contacto com alimentos, com testes de qualidade rigorosos e rastreabilidade dos materiais. Apoia a distribui\u00e7\u00e3o grossista global e os projectos de aquisi\u00e7\u00e3o comercial.<\/p>\n<\/div>\n\n\n\n<div class=\"wp-block-column is-layout-flow wp-block-column-is-layout-flow\"><div class=\"wp-block-image\">\n<figure class=\"aligncenter size-full\"><img decoding=\"async\" width=\"800\" height=\"800\" src=\"https:\/\/www.mcallenflatware.com\/wp-content\/uploads\/2026\/05\/Wholesale-1810-Stainless-Steel-Flatware-Braided-Texture-Mirror-Polished-Cutlery-for-Hotels-Custom.webp\" alt=\"Talheres de a\u00e7o inoxid\u00e1vel 1810 por atacado, talheres de textura tran\u00e7ada com polimento espelhado para hot\u00e9is personalizados\" class=\"wp-image-3158\" style=\"object-fit:cover\" srcset=\"https:\/\/www.mcallenflatware.com\/wp-content\/uploads\/2026\/05\/Wholesale-1810-Stainless-Steel-Flatware-Braided-Texture-Mirror-Polished-Cutlery-for-Hotels-Custom.webp 800w, https:\/\/www.mcallenflatware.com\/wp-content\/uploads\/2026\/05\/Wholesale-1810-Stainless-Steel-Flatware-Braided-Texture-Mirror-Polished-Cutlery-for-Hotels-Custom-150x150.webp 150w, https:\/\/www.mcallenflatware.com\/wp-content\/uploads\/2026\/05\/Wholesale-1810-Stainless-Steel-Flatware-Braided-Texture-Mirror-Polished-Cutlery-for-Hotels-Custom-768x768.webp 768w, https:\/\/www.mcallenflatware.com\/wp-content\/uploads\/2026\/05\/Wholesale-1810-Stainless-Steel-Flatware-Braided-Texture-Mirror-Polished-Cutlery-for-Hotels-Custom-12x12.webp 12w, https:\/\/www.mcallenflatware.com\/wp-content\/uploads\/2026\/05\/Wholesale-1810-Stainless-Steel-Flatware-Braided-Texture-Mirror-Polished-Cutlery-for-Hotels-Custom-600x600.webp 600w, https:\/\/www.mcallenflatware.com\/wp-content\/uploads\/2026\/05\/Wholesale-1810-Stainless-Steel-Flatware-Braided-Texture-Mirror-Polished-Cutlery-for-Hotels-Custom-300x300.webp 300w, https:\/\/www.mcallenflatware.com\/wp-content\/uploads\/2026\/05\/Wholesale-1810-Stainless-Steel-Flatware-Braided-Texture-Mirror-Polished-Cutlery-for-Hotels-Custom-100x100.webp 100w\" sizes=\"(max-width: 800px) 100vw, 800px\" \/><\/figure>\n<\/div><\/div>\n<\/div>\n\n\n\n<div class=\"wp-block-columns is-layout-flex wp-container-core-columns-is-layout-9d6595d7 wp-block-columns-is-layout-flex\">\n<div class=\"wp-block-column is-layout-flow wp-block-column-is-layout-flow\"><\/div>\n\n\n\n<div class=\"wp-block-column is-layout-flow wp-block-column-is-layout-flow\"><\/div>\n<\/div>","protected":false},"excerpt":{"rendered":"<p>Os talheres de a\u00e7o inoxid\u00e1vel 18\/10 por atacado oferecem durabilidade de n\u00edvel comercial, um acabamento polido espelhado e pegas texturizadas elegantes, ideais para restaurantes, hot\u00e9is e projectos de catering. O suporte OEM\/ODM direto da f\u00e1brica garante um fornecimento consistente a granel. Contacte-nos para obter o seu or\u00e7amento por grosso!<\/p>\n<h2>Talheres de a\u00e7o inoxid\u00e1vel 18\/10 Atributos<\/h2>\n<p><strong>Nome da marca:<\/strong> Mcallen<br \/><strong>Material:<\/strong> A\u00e7o inoxid\u00e1vel<br \/><strong>Cor:<\/strong> Ouro, Prata<br \/><strong>Conce\u00e7\u00e3o:<\/strong> Desenho em relevo<br \/><strong>Prazo de entrega da amostra:<\/strong> No prazo de 3 dias<br \/><strong>OEM\/ODM:<\/strong> Dispon\u00edvel<\/p>\n<h2>Talheres personalizados em a\u00e7o inoxid\u00e1vel 18\/10:<\/h2>\n<p><strong>A\u00e7o inoxid\u00e1vel:<\/strong> A\u00e7o inoxid\u00e1vel 18\/10, 304, 316, 410, 430, 420<br \/><strong>Log\u00f3tipo:<\/strong> Grava\u00e7\u00e3o a laser, impress\u00e3o serigr\u00e1fica, impress\u00e3o UV, impress\u00e3o por transfer\u00eancia t\u00e9rmica, grava\u00e7\u00e3o em relevo, etc.<br \/><strong>Embalagem:<\/strong> 4\/8\/12\/16\/20\/24\/45\/48\/72pcs set<br \/><strong>Acabamentos de superf\u00edcie:<\/strong> Polido com espelho, mate, polido com \u00e1gua, revestimento de tit\u00e2nio<br \/><strong>Embalagem:<\/strong> A granel, saco opp, caixa de cor, caixa de oferta, personalizado<\/p>","protected":false},"featured_media":3159,"template":"","meta":[],"product_brand":[],"product_cat":[23,29],"product_tag":[],"class_list":{"0":"post-3153","1":"product","2":"type-product","3":"status-publish","4":"has-post-thumbnail","6":"product_cat-wholesale-flatware","7":"product_cat-bulk-flatware","9":"first","10":"instock","11":"shipping-taxable","12":"product-type-simple"},"_links":{"self":[{"href":"https:\/\/www.mcallenflatware.com\/pt\/wp-json\/wp\/v2\/product\/3153","targetHints":{"allow":["GET"]}}],"collection":[{"href":"https:\/\/www.mcallenflatware.com\/pt\/wp-json\/wp\/v2\/product"}],"about":[{"href":"https:\/\/www.mcallenflatware.com\/pt\/wp-json\/wp\/v2\/types\/product"}],"wp:featuredmedia":[{"embeddable":true,"href":"https:\/\/www.mcallenflatware.com\/pt\/wp-json\/wp\/v2\/media\/3159"}],"wp:attachment":[{"href":"https:\/\/www.mcallenflatware.com\/pt\/wp-json\/wp\/v2\/media?parent=3153"}],"wp:term":[{"taxonomy":"product_brand","embeddable":true,"href":"https:\/\/www.mcallenflatware.com\/pt\/wp-json\/wp\/v2\/product_brand?post=3153"},{"taxonomy":"product_cat","embeddable":true,"href":"https:\/\/www.mcallenflatware.com\/pt\/wp-json\/wp\/v2\/product_cat?post=3153"},{"taxonomy":"product_tag","embeddable":true,"href":"https:\/\/www.mcallenflatware.com\/pt\/wp-json\/wp\/v2\/product_tag?post=3153"}],"curies":[{"name":"wp","href":"https:\/\/api.w.org\/{rel}","templated":true}]}}