{"id":3160,"date":"2026-05-11T09:51:47","date_gmt":"2026-05-11T09:51:47","guid":{"rendered":"https:\/\/www.mcallenflatware.com\/?post_type=product&#038;p=3160"},"modified":"2026-05-11T10:41:14","modified_gmt":"2026-05-11T10:41:14","slug":"custom-high-end-flatware","status":"publish","type":"product","link":"https:\/\/www.mcallenflatware.com\/pt\/product\/custom-high-end-flatware\/","title":{"rendered":"Faqueiro personalizado de alta qualidade Conjunto de talheres em a\u00e7o inoxid\u00e1vel ergon\u00f3mico e elegante a granel"},"content":{"rendered":"<div class=\"wp-block-columns is-layout-flex wp-container-core-columns-is-layout-9d6595d7 wp-block-columns-is-layout-flex\">\n<div class=\"wp-block-column is-layout-flow wp-block-column-is-layout-flow\">\n<h2 class=\"wp-block-heading\">Talheres topo de gama Carater\u00edsticas:<\/h2>\n\n\n\n<p><strong>Design aerodin\u00e2mico e biomim\u00e9tico do punho<\/strong>: Inspirada nas curvas fluidas, a pega combina uma est\u00e9tica moderna com um conforto ergon\u00f3mico. O punho espessado e alargado garante um peso equilibrado e uma sensa\u00e7\u00e3o de m\u00e3o de primeira qualidade.<\/p>\n\n\n\n<p><strong>Acabamento de polimento espelhado de grau m\u00e9dico<\/strong>: O polimento manual em v\u00e1rias fases cria uma superf\u00edcie espelhada lisa e de alto brilho com uma forte resist\u00eancia \u00e0s manchas e \u00e0 oxida\u00e7\u00e3o. F\u00e1cil de limpar e ideal para ambientes comerciais de refei\u00e7\u00f5es intensivas.<\/p>\n\n\n\n<p><strong>Estrutura em a\u00e7o inoxid\u00e1vel forjado numa s\u00f3 pe\u00e7a<\/strong>: Fabricado em a\u00e7o inoxid\u00e1vel de qualidade alimentar de primeira qualidade com durabilidade refor\u00e7ada para uma utiliza\u00e7\u00e3o frequente. Totalmente lav\u00e1vel na m\u00e1quina de lavar lou\u00e7a sem dobrar ou danificar a superf\u00edcie.<\/p>\n\n\n\n<p><strong>Pormenores refinados centrados na seguran\u00e7a<\/strong>: As pontas dos garfos, os bordos das colheres e as l\u00e2minas das facas s\u00e3o cuidadosamente polidos para uma utiliza\u00e7\u00e3o suave e segura. Combina uma apar\u00eancia elegante com um desempenho fi\u00e1vel ao cortar e servir.<\/p>\n\n\n\n<p><strong>Controlo de qualidade rigoroso e conformidade internacional<\/strong>: A produ\u00e7\u00e3o normalizada inclui a inspe\u00e7\u00e3o de mat\u00e9rias-primas e v\u00e1rias verifica\u00e7\u00f5es de controlo de qualidade antes do envio. Totalmente em conformidade com as normas de seguran\u00e7a em contacto com alimentos da FDA e LFGB para os mercados globais.<\/p>\n<\/div>\n\n\n\n<div class=\"wp-block-column is-layout-flow wp-block-column-is-layout-flow\"><div class=\"wp-block-image\">\n<figure class=\"aligncenter size-full\"><img decoding=\"async\" width=\"800\" height=\"800\" src=\"https:\/\/www.mcallenflatware.com\/wp-content\/uploads\/2026\/05\/Custom-High-End-Flatware-Silver-Sleek-Ergonomic-Stainless-Steel-Cutlery-Set-in-Bulk-6.webp\" alt=\"Faqueiro personalizado de alta qualidade Conjunto de talheres de a\u00e7o inoxid\u00e1vel ergon\u00f3mico e elegante a granel (6)\" class=\"wp-image-3166\" style=\"object-fit:cover\" srcset=\"https:\/\/www.mcallenflatware.com\/wp-content\/uploads\/2026\/05\/Custom-High-End-Flatware-Silver-Sleek-Ergonomic-Stainless-Steel-Cutlery-Set-in-Bulk-6.webp 800w, https:\/\/www.mcallenflatware.com\/wp-content\/uploads\/2026\/05\/Custom-High-End-Flatware-Silver-Sleek-Ergonomic-Stainless-Steel-Cutlery-Set-in-Bulk-6-150x150.webp 150w, https:\/\/www.mcallenflatware.com\/wp-content\/uploads\/2026\/05\/Custom-High-End-Flatware-Silver-Sleek-Ergonomic-Stainless-Steel-Cutlery-Set-in-Bulk-6-768x768.webp 768w, https:\/\/www.mcallenflatware.com\/wp-content\/uploads\/2026\/05\/Custom-High-End-Flatware-Silver-Sleek-Ergonomic-Stainless-Steel-Cutlery-Set-in-Bulk-6-12x12.webp 12w, https:\/\/www.mcallenflatware.com\/wp-content\/uploads\/2026\/05\/Custom-High-End-Flatware-Silver-Sleek-Ergonomic-Stainless-Steel-Cutlery-Set-in-Bulk-6-600x600.webp 600w, https:\/\/www.mcallenflatware.com\/wp-content\/uploads\/2026\/05\/Custom-High-End-Flatware-Silver-Sleek-Ergonomic-Stainless-Steel-Cutlery-Set-in-Bulk-6-300x300.webp 300w, https:\/\/www.mcallenflatware.com\/wp-content\/uploads\/2026\/05\/Custom-High-End-Flatware-Silver-Sleek-Ergonomic-Stainless-Steel-Cutlery-Set-in-Bulk-6-100x100.webp 100w\" sizes=\"(max-width: 800px) 100vw, 800px\" \/><\/figure>\n<\/div><\/div>\n<\/div>\n\n\n\n<div class=\"wp-block-columns is-layout-flex wp-container-core-columns-is-layout-9d6595d7 wp-block-columns-is-layout-flex\">\n<div class=\"wp-block-column is-layout-flow wp-block-column-is-layout-flow\"><\/div>\n\n\n\n<div class=\"wp-block-column is-layout-flow wp-block-column-is-layout-flow\"><\/div>\n<\/div>","protected":false},"excerpt":{"rendered":"<p>Os talheres personalizados de topo de gama apresentam a\u00e7o inoxid\u00e1vel 18\/10 de primeira qualidade, um acabamento polido espelhado e um design ergon\u00f3mico de luxo, ideal para hot\u00e9is, restaurantes e eventos de banquetes. Fornecemos uma personaliza\u00e7\u00e3o completa OEM\/ODM para ajudar a criar a sua cole\u00e7\u00e3o exclusiva de utens\u00edlios de mesa. Contacte-nos para obter or\u00e7amentos por grosso!<\/p>\n<h2>Atributos dos talheres topo de gama<\/h2>\n<p><strong>Nome da marca:<\/strong> Mcallen<br \/><strong>Material:<\/strong> A\u00e7o inoxid\u00e1vel<br \/><strong>Cor:<\/strong> Prata, ouro, preto<br \/><strong>Conce\u00e7\u00e3o:<\/strong> Design moderno<br \/><strong>Prazo de entrega da amostra:<\/strong> No prazo de 3 dias<br \/><strong>OEM\/ODM:<\/strong> Dispon\u00edvel<\/p>\n<h2>Talheres personalizados de alta qualidade:<\/h2>\n<p><strong>A\u00e7o inoxid\u00e1vel:<\/strong> A\u00e7o inoxid\u00e1vel 18\/10, 304, 316, 410, 430, 420<br \/><strong>Log\u00f3tipo:<\/strong> Grava\u00e7\u00e3o a laser, impress\u00e3o serigr\u00e1fica, impress\u00e3o UV, impress\u00e3o por transfer\u00eancia t\u00e9rmica, grava\u00e7\u00e3o em relevo, etc.<br \/><strong>Embalagem:<\/strong> 4\/8\/12\/16\/20\/24\/45\/48\/72pcs set<br \/><strong>Acabamentos de superf\u00edcie:<\/strong> Polido com espelho, mate, polido com \u00e1gua, revestimento de tit\u00e2nio<br \/><strong>Embalagem:<\/strong> A granel, saco opp, caixa de cor, caixa de oferta, personalizado<\/p>","protected":false},"featured_media":3161,"template":"","meta":[],"product_brand":[],"product_cat":[23,29],"product_tag":[],"class_list":{"0":"post-3160","1":"product","2":"type-product","3":"status-publish","4":"has-post-thumbnail","6":"product_cat-wholesale-flatware","7":"product_cat-bulk-flatware","9":"first","10":"instock","11":"shipping-taxable","12":"product-type-simple"},"_links":{"self":[{"href":"https:\/\/www.mcallenflatware.com\/pt\/wp-json\/wp\/v2\/product\/3160","targetHints":{"allow":["GET"]}}],"collection":[{"href":"https:\/\/www.mcallenflatware.com\/pt\/wp-json\/wp\/v2\/product"}],"about":[{"href":"https:\/\/www.mcallenflatware.com\/pt\/wp-json\/wp\/v2\/types\/product"}],"wp:featuredmedia":[{"embeddable":true,"href":"https:\/\/www.mcallenflatware.com\/pt\/wp-json\/wp\/v2\/media\/3161"}],"wp:attachment":[{"href":"https:\/\/www.mcallenflatware.com\/pt\/wp-json\/wp\/v2\/media?parent=3160"}],"wp:term":[{"taxonomy":"product_brand","embeddable":true,"href":"https:\/\/www.mcallenflatware.com\/pt\/wp-json\/wp\/v2\/product_brand?post=3160"},{"taxonomy":"product_cat","embeddable":true,"href":"https:\/\/www.mcallenflatware.com\/pt\/wp-json\/wp\/v2\/product_cat?post=3160"},{"taxonomy":"product_tag","embeddable":true,"href":"https:\/\/www.mcallenflatware.com\/pt\/wp-json\/wp\/v2\/product_tag?post=3160"}],"curies":[{"name":"wp","href":"https:\/\/api.w.org\/{rel}","templated":true}]}}