{"id":866,"date":"2024-11-11T09:47:51","date_gmt":"2024-11-11T09:47:51","guid":{"rendered":"https:\/\/www.mcallenflatware.com\/?post_type=product&#038;p=866"},"modified":"2024-11-12T18:22:18","modified_gmt":"2024-11-12T18:22:18","slug":"wholesale-stainless-steel-flatware-set","status":"publish","type":"product","link":"https:\/\/www.mcallenflatware.com\/pt\/product\/wholesale-stainless-steel-flatware-set\/","title":{"rendered":"Conjunto de talheres de a\u00e7o inoxid\u00e1vel por atacado Decara\u00e7\u00e3o de manchas portuguesas"},"content":{"rendered":"<h2 class=\"wp-block-heading\">Conjunto de talheres em a\u00e7o inoxid\u00e1vel Carater\u00edsticas:<\/h2>\n\n\n\n<div class=\"wp-block-columns is-layout-flex wp-container-core-columns-is-layout-9d6595d7 wp-block-columns-is-layout-flex\">\n<div class=\"wp-block-column is-layout-flow wp-block-column-is-layout-flow\" style=\"flex-basis:66.66%\">\n<p><strong>Material em a\u00e7o inoxid\u00e1vel<\/strong><br>A\u00e7o inoxid\u00e1vel de qualidade alimentar 18\/10, superf\u00edcie finamente polida, bonita, dur\u00e1vel e f\u00e1cil de limpar.<\/p>\n\n\n\n<p><strong>Design \u00fanico da pega portuguesa<\/strong><br>Design popular de estilo portugu\u00eas fino, manchas douradas brancas e verdes decoram a pega, elegante e bonita<\/p>\n\n\n\n<p><strong>Adequado para v\u00e1rias ocasi\u00f5es<\/strong><br>Quer se trate de um banquete de casamento, de um banquete de neg\u00f3cios ou de um jantar de fam\u00edlia, este conjunto de talheres pode ser adequado para v\u00e1rias actividades de estilo tem\u00e1tico.<\/p>\n<\/div>\n\n\n\n<div class=\"wp-block-column is-layout-flow wp-block-column-is-layout-flow\" style=\"flex-basis:33.33%\">\n<figure class=\"wp-block-image size-full\"><img decoding=\"async\" width=\"800\" height=\"800\" src=\"https:\/\/www.mcallenflatware.com\/wp-content\/uploads\/2024\/11\/Wholesale-Stainless-Steel-Flatware-Set-3.webp\" alt=\"Conjunto de talheres de a\u00e7o inoxid\u00e1vel por atacado 3\" class=\"wp-image-869\" srcset=\"https:\/\/www.mcallenflatware.com\/wp-content\/uploads\/2024\/11\/Wholesale-Stainless-Steel-Flatware-Set-3.webp 800w, https:\/\/www.mcallenflatware.com\/wp-content\/uploads\/2024\/11\/Wholesale-Stainless-Steel-Flatware-Set-3-150x150.webp 150w, https:\/\/www.mcallenflatware.com\/wp-content\/uploads\/2024\/11\/Wholesale-Stainless-Steel-Flatware-Set-3-768x768.webp 768w, https:\/\/www.mcallenflatware.com\/wp-content\/uploads\/2024\/11\/Wholesale-Stainless-Steel-Flatware-Set-3-600x600.webp 600w, https:\/\/www.mcallenflatware.com\/wp-content\/uploads\/2024\/11\/Wholesale-Stainless-Steel-Flatware-Set-3-300x300.webp 300w, https:\/\/www.mcallenflatware.com\/wp-content\/uploads\/2024\/11\/Wholesale-Stainless-Steel-Flatware-Set-3-100x100.webp 100w\" sizes=\"(max-width: 800px) 100vw, 800px\" \/><\/figure>\n<\/div>\n<\/div>","protected":false},"excerpt":{"rendered":"<p>Conjunto de talheres de a\u00e7o inoxid\u00e1vel de estilo portugu\u00eas por atacado direto da f\u00e1brica, conjunto de talheres de design bonito e elegante. A f\u00e1brica da Macllen oferece op\u00e7\u00f5es de personaliza\u00e7\u00e3o de log\u00f3tipo e cor, e suporta plataformas de com\u00e9rcio eletr\u00f3nico como a Amazon e a Shopee. N\u00e3o hesite em contactar-nos para consulta!<\/p>\n<h2>Conjunto de talheres de a\u00e7o inoxid\u00e1vel Atributos<\/h2>\n<p><strong>Nome da marca:<\/strong> Mcallen<br \/><strong>Material:<\/strong> A\u00e7o inoxid\u00e1vel<br \/><strong>Cor:<\/strong> Branco, verde, dourado ou personalizado<br \/><strong>Polimento:<\/strong> Espelho polido<br \/><strong>Estilo de design:<\/strong>\u00a0 Estilo portugu\u00eas<br \/><strong>Prazo de entrega da amostra:<\/strong> No prazo de 3 dias<br \/><strong>OEM\/ODM:<\/strong> Dispon\u00edvel<\/p>\n<h2>Talheres de a\u00e7o inoxid\u00e1vel personalizados:<\/h2>\n<p><strong>A\u00e7o inoxid\u00e1vel:<\/strong> A\u00e7o inoxid\u00e1vel 18\/10, 304, 316, 410, 430, 420<br \/><strong>Log\u00f3tipo:<\/strong> Grava\u00e7\u00e3o a laser, impress\u00e3o serigr\u00e1fica, impress\u00e3o UV, impress\u00e3o por transfer\u00eancia t\u00e9rmica, grava\u00e7\u00e3o em relevo, etc.<br \/><strong>Embalagem:<\/strong> 4\/8\/12\/16\/20\/24\/45\/48\/72pcs set<br \/><strong>Acabamentos de superf\u00edcie:<\/strong> Polido com espelho, mate, polido com \u00e1gua, revestimento de tit\u00e2nio<br \/><strong>Embalagem:<\/strong> A granel, saco opp, caixa de cor, caixa de oferta, personalizado<\/p>","protected":false},"featured_media":871,"template":"","meta":[],"product_brand":[],"product_cat":[23,29],"product_tag":[],"class_list":{"0":"post-866","1":"product","2":"type-product","3":"status-publish","4":"has-post-thumbnail","6":"product_cat-wholesale-flatware","7":"product_cat-bulk-flatware","9":"first","10":"instock","11":"shipping-taxable","12":"product-type-simple"},"_links":{"self":[{"href":"https:\/\/www.mcallenflatware.com\/pt\/wp-json\/wp\/v2\/product\/866","targetHints":{"allow":["GET"]}}],"collection":[{"href":"https:\/\/www.mcallenflatware.com\/pt\/wp-json\/wp\/v2\/product"}],"about":[{"href":"https:\/\/www.mcallenflatware.com\/pt\/wp-json\/wp\/v2\/types\/product"}],"wp:featuredmedia":[{"embeddable":true,"href":"https:\/\/www.mcallenflatware.com\/pt\/wp-json\/wp\/v2\/media\/871"}],"wp:attachment":[{"href":"https:\/\/www.mcallenflatware.com\/pt\/wp-json\/wp\/v2\/media?parent=866"}],"wp:term":[{"taxonomy":"product_brand","embeddable":true,"href":"https:\/\/www.mcallenflatware.com\/pt\/wp-json\/wp\/v2\/product_brand?post=866"},{"taxonomy":"product_cat","embeddable":true,"href":"https:\/\/www.mcallenflatware.com\/pt\/wp-json\/wp\/v2\/product_cat?post=866"},{"taxonomy":"product_tag","embeddable":true,"href":"https:\/\/www.mcallenflatware.com\/pt\/wp-json\/wp\/v2\/product_tag?post=866"}],"curies":[{"name":"wp","href":"https:\/\/api.w.org\/{rel}","templated":true}]}}