{"id":873,"date":"2024-11-11T09:10:11","date_gmt":"2024-11-11T09:10:11","guid":{"rendered":"https:\/\/www.mcallenflatware.com\/?post_type=product&#038;p=873"},"modified":"2024-11-12T18:20:57","modified_gmt":"2024-11-12T18:20:57","slug":"hammered-flatware-wholesale","status":"publish","type":"product","link":"https:\/\/www.mcallenflatware.com\/pt\/product\/hammered-flatware-wholesale\/","title":{"rendered":"Faqueiro martelado personalizado A\u00e7o inoxid\u00e1vel Portugu\u00eas"},"content":{"rendered":"<h2 class=\"wp-block-heading\">Talheres martelados Carater\u00edsticas:<\/h2>\n\n\n\n<div class=\"wp-block-columns is-layout-flex wp-container-core-columns-is-layout-9d6595d7 wp-block-columns-is-layout-flex\">\n<div class=\"wp-block-column is-layout-flow wp-block-column-is-layout-flow\" style=\"flex-basis:66.66%\">\n<p><strong>Materiais de alta qualidade<\/strong><br>Os nossos talheres martelados polidos s\u00e3o feitos de a\u00e7o inoxid\u00e1vel de alta qualidade. \u00c9 dur\u00e1vel e resistente \u00e0 corros\u00e3o, tornando-o perfeito para utiliza\u00e7\u00e3o frequente em festas de casamento, restaurantes e mesmo em casa.<\/p>\n\n\n\n<p><strong>Design exclusivo martelado<\/strong><br>O requintado acabamento martelado e a textura de pedra combinados com o polimento espelhado conferem ao conjunto de talheres de estilo portugu\u00eas um design luxuoso que impressionar\u00e1 os seus convidados.<\/p>\n\n\n\n<p><strong>F\u00e1cil de limpar, eco-sustent\u00e1vel<\/strong><br>O design da superf\u00edcie lisa torna estes talheres f\u00e1ceis de limpar, amigos do ambiente e reutiliz\u00e1veis.<\/p>\n\n\n\n<p><strong>Op\u00e7\u00f5es personalizadas<\/strong><br>As encomendas OEM\/ODM s\u00e3o bem-vindas; tamb\u00e9m podemos permitir a impress\u00e3o de log\u00f3tipos personalizados, op\u00e7\u00f5es de cores m\u00faltiplas e apoio \u00e0 personaliza\u00e7\u00e3o.<\/p>\n<\/div>\n\n\n\n<div class=\"wp-block-column is-layout-flow wp-block-column-is-layout-flow\" style=\"flex-basis:33.33%\">\n<figure class=\"wp-block-image size-full\"><img decoding=\"async\" width=\"1024\" height=\"1024\" src=\"https:\/\/www.mcallenflatware.com\/wp-content\/uploads\/2024\/11\/Wholesale-Hammered-Flatware-3.webp\" alt=\"Talheres martelados por atacado 3\" class=\"wp-image-876\" srcset=\"https:\/\/www.mcallenflatware.com\/wp-content\/uploads\/2024\/11\/Wholesale-Hammered-Flatware-3.webp 1024w, https:\/\/www.mcallenflatware.com\/wp-content\/uploads\/2024\/11\/Wholesale-Hammered-Flatware-3-150x150.webp 150w, https:\/\/www.mcallenflatware.com\/wp-content\/uploads\/2024\/11\/Wholesale-Hammered-Flatware-3-768x768.webp 768w, https:\/\/www.mcallenflatware.com\/wp-content\/uploads\/2024\/11\/Wholesale-Hammered-Flatware-3-600x600.webp 600w, https:\/\/www.mcallenflatware.com\/wp-content\/uploads\/2024\/11\/Wholesale-Hammered-Flatware-3-300x300.webp 300w, https:\/\/www.mcallenflatware.com\/wp-content\/uploads\/2024\/11\/Wholesale-Hammered-Flatware-3-100x100.webp 100w\" sizes=\"(max-width: 1024px) 100vw, 1024px\" \/><\/figure>\n<\/div>\n<\/div>","protected":false},"excerpt":{"rendered":"<p>Talheres martelados personalizados por atacado, conjunto de talheres de a\u00e7o inoxid\u00e1vel estilo portugu\u00eas, design de al\u00e7a de textura de pedra, espelho polido, moderno e elegante. O fabricante de talheres Mcallen fornece servi\u00e7os personalizados econ\u00f3micos, bem-vindo ao inqu\u00e9rito!<\/p>\n<h2>Talheres martelados Atributos<\/h2>\n<p><strong>Nome da marca:<\/strong> Mcallen<br \/><strong>Material:<\/strong> A\u00e7o inoxid\u00e1vel<br \/><strong>Cor:<\/strong>\u00a0 Prata\/dourado rosa\/dourado\/preto ou personalizado<br \/><strong>Polimento:<\/strong> Espelho polido<br \/><strong>Estilo de design:<\/strong>\u00a0 Estilo portugu\u00eas<br \/><strong>Prazo de entrega da amostra:<\/strong> No prazo de 3 dias<br \/><strong>OEM\/ODM:<\/strong> Dispon\u00edvel<\/p>\n<h2>Talheres de a\u00e7o inoxid\u00e1vel personalizados:<\/h2>\n<p><strong>A\u00e7o inoxid\u00e1vel:<\/strong> A\u00e7o inoxid\u00e1vel 18\/10, 304, 316, 410, 430, 420<br \/><strong>Log\u00f3tipo:<\/strong> Grava\u00e7\u00e3o a laser, impress\u00e3o serigr\u00e1fica, impress\u00e3o UV, impress\u00e3o por transfer\u00eancia t\u00e9rmica, grava\u00e7\u00e3o em relevo, etc.<br \/><strong>Embalagem:<\/strong> 4\/8\/12\/16\/20\/24\/45\/48\/72pcs set<br \/><strong>Acabamentos de superf\u00edcie:<\/strong> Polido com espelho, mate, polido com \u00e1gua, revestimento de tit\u00e2nio<br \/><strong>Embalagem:<\/strong> A granel, saco opp, caixa de cor, caixa de oferta, personalizado<\/p>","protected":false},"featured_media":877,"template":"","meta":[],"product_brand":[],"product_cat":[23,29],"product_tag":[],"class_list":{"0":"post-873","1":"product","2":"type-product","3":"status-publish","4":"has-post-thumbnail","6":"product_cat-wholesale-flatware","7":"product_cat-bulk-flatware","9":"first","10":"instock","11":"shipping-taxable","12":"product-type-simple"},"_links":{"self":[{"href":"https:\/\/www.mcallenflatware.com\/pt\/wp-json\/wp\/v2\/product\/873","targetHints":{"allow":["GET"]}}],"collection":[{"href":"https:\/\/www.mcallenflatware.com\/pt\/wp-json\/wp\/v2\/product"}],"about":[{"href":"https:\/\/www.mcallenflatware.com\/pt\/wp-json\/wp\/v2\/types\/product"}],"wp:featuredmedia":[{"embeddable":true,"href":"https:\/\/www.mcallenflatware.com\/pt\/wp-json\/wp\/v2\/media\/877"}],"wp:attachment":[{"href":"https:\/\/www.mcallenflatware.com\/pt\/wp-json\/wp\/v2\/media?parent=873"}],"wp:term":[{"taxonomy":"product_brand","embeddable":true,"href":"https:\/\/www.mcallenflatware.com\/pt\/wp-json\/wp\/v2\/product_brand?post=873"},{"taxonomy":"product_cat","embeddable":true,"href":"https:\/\/www.mcallenflatware.com\/pt\/wp-json\/wp\/v2\/product_cat?post=873"},{"taxonomy":"product_tag","embeddable":true,"href":"https:\/\/www.mcallenflatware.com\/pt\/wp-json\/wp\/v2\/product_tag?post=873"}],"curies":[{"name":"wp","href":"https:\/\/api.w.org\/{rel}","templated":true}]}}