{"id":880,"date":"2025-09-24T10:29:25","date_gmt":"2025-09-24T10:29:25","guid":{"rendered":"https:\/\/www.mcallenflatware.com\/?post_type=product&#038;p=880"},"modified":"2025-09-24T10:29:25","modified_gmt":"2025-09-24T10:29:25","slug":"bulk-vintage-flatware","status":"publish","type":"product","link":"https:\/\/www.mcallenflatware.com\/pt\/product\/bulk-vintage-flatware\/","title":{"rendered":"Talheres vintage a granel em a\u00e7o inoxid\u00e1vel, ouro, prata, luxo, estilo real"},"content":{"rendered":"<h2 class=\"wp-block-heading\">Talheres vintage Carater\u00edsticas:<\/h2>\n\n\n\n<div class=\"wp-block-columns is-layout-flex wp-container-core-columns-is-layout-9d6595d7 wp-block-columns-is-layout-flex\">\n<div class=\"wp-block-column is-layout-flow wp-block-column-is-layout-flow\" style=\"flex-basis:66.66%\">\n<p><strong>Design cl\u00e1ssico retro<\/strong><br>Design \u00fanico de pega real, uma fus\u00e3o de estilo retro e modernidade luxuosa, muito adequado para ocasi\u00f5es e banquetes de alta qualidade.<\/p>\n\n\n\n<p><strong>A\u00e7o inoxid\u00e1vel de alta qualidade<\/strong><br>Feito de a\u00e7o inoxid\u00e1vel de alta qualidade de qualidade alimentar, n\u00e3o \u00e9 f\u00e1cil de corroer e dur\u00e1vel, acabamento polido espelhado bonito e f\u00e1cil de limpar.<\/p>\n\n\n\n<p><strong>Ouro e prata deslumbrantes<\/strong><br>Dispon\u00edvel em dourado, prateado ou em ambos, \u00e9 deslumbrante e \u00fanico. Ao mesmo tempo, suporta a personaliza\u00e7\u00e3o de cores diferentes.<\/p>\n\n\n\n<p><strong>Real\u00e7ar o sabor da mesa<\/strong><br>Este conjunto de utens\u00edlios de mesa \u00e9 feito de todos os materiais de alta qualidade e bem concebido, adequado para qualquer mesa, tornando a experi\u00eancia de jantar mais bonita e aristocr\u00e1tica.<\/p>\n\n\n\n<p><strong>Sa\u00fade e seguran\u00e7a<\/strong><br>Utilizando materiais de a\u00e7o inoxid\u00e1vel amigos do ambiente e compat\u00edveis com a seguran\u00e7a alimentar para garantir uma utiliza\u00e7\u00e3o segura e saud\u00e1vel, adequados para o contacto com todos os tipos de alimentos.<\/p>\n<\/div>\n\n\n\n<div class=\"wp-block-column is-layout-flow wp-block-column-is-layout-flow\" style=\"flex-basis:33.33%\">\n<figure class=\"wp-block-image size-full\"><img decoding=\"async\" width=\"1000\" height=\"1000\" src=\"https:\/\/www.mcallenflatware.com\/wp-content\/uploads\/2024\/11\/Bulk-Vintage-Flatware-4.webp\" alt=\"Talheres vintage a granel 4\" class=\"wp-image-885\" srcset=\"https:\/\/www.mcallenflatware.com\/wp-content\/uploads\/2024\/11\/Bulk-Vintage-Flatware-4.webp 1000w, https:\/\/www.mcallenflatware.com\/wp-content\/uploads\/2024\/11\/Bulk-Vintage-Flatware-4-150x150.webp 150w, https:\/\/www.mcallenflatware.com\/wp-content\/uploads\/2024\/11\/Bulk-Vintage-Flatware-4-768x768.webp 768w, https:\/\/www.mcallenflatware.com\/wp-content\/uploads\/2024\/11\/Bulk-Vintage-Flatware-4-600x600.webp 600w, https:\/\/www.mcallenflatware.com\/wp-content\/uploads\/2024\/11\/Bulk-Vintage-Flatware-4-300x300.webp 300w, https:\/\/www.mcallenflatware.com\/wp-content\/uploads\/2024\/11\/Bulk-Vintage-Flatware-4-100x100.webp 100w\" sizes=\"(max-width: 1000px) 100vw, 1000px\" \/><\/figure>\n<\/div>\n<\/div>","protected":false},"excerpt":{"rendered":"<p>Talheres vintage personalizados a granel t\u00eam um design luxuoso de al\u00e7a real, adequado para restaurantes sofisticados. O fabricante Mcallen oferece o melhor desconto para pedidos por atacado, bem-vindo para nos consultar!<\/p>\n<h2>Atributos dos talheres vintage<\/h2>\n<p><strong>Nome da marca:<\/strong> Mcallen<br \/><strong>Material:<\/strong> A\u00e7o inoxid\u00e1vel<br \/><strong>Cor:<\/strong>\u00a0 Prata, ouro ou personalizado<br \/><strong>Polimento:<\/strong> Espelho polido<br \/><strong>Estilo de design:<\/strong> Luxo ao estilo real<br \/><strong>Prazo de entrega da amostra:<\/strong> No prazo de 3 dias<br \/><strong>OEM\/ODM:<\/strong> Dispon\u00edvel<\/p>\n<h2>Talheres de a\u00e7o inoxid\u00e1vel personalizados:<\/h2>\n<p><strong>A\u00e7o inoxid\u00e1vel:<\/strong> A\u00e7o inoxid\u00e1vel 18\/10, 304, 316, 410, 430, 420<br \/><strong>Log\u00f3tipo:<\/strong> Grava\u00e7\u00e3o a laser, impress\u00e3o serigr\u00e1fica, impress\u00e3o UV, impress\u00e3o por transfer\u00eancia t\u00e9rmica, grava\u00e7\u00e3o em relevo, etc.<br \/><strong>Embalagem:<\/strong> 4\/8\/12\/16\/20\/24\/45\/48\/72pcs set<br \/><strong>Acabamentos de superf\u00edcie:<\/strong> Polido com espelho, mate, polido com \u00e1gua, revestimento de tit\u00e2nio<br \/><strong>Embalagem:<\/strong> A granel, saco opp, caixa de cor, caixa de oferta, personalizado<\/p>","protected":false},"featured_media":882,"template":"","meta":[],"product_brand":[],"product_cat":[23,29],"product_tag":[],"class_list":{"0":"post-880","1":"product","2":"type-product","3":"status-publish","4":"has-post-thumbnail","6":"product_cat-wholesale-flatware","7":"product_cat-bulk-flatware","9":"first","10":"instock","11":"shipping-taxable","12":"product-type-simple"},"_links":{"self":[{"href":"https:\/\/www.mcallenflatware.com\/pt\/wp-json\/wp\/v2\/product\/880","targetHints":{"allow":["GET"]}}],"collection":[{"href":"https:\/\/www.mcallenflatware.com\/pt\/wp-json\/wp\/v2\/product"}],"about":[{"href":"https:\/\/www.mcallenflatware.com\/pt\/wp-json\/wp\/v2\/types\/product"}],"wp:featuredmedia":[{"embeddable":true,"href":"https:\/\/www.mcallenflatware.com\/pt\/wp-json\/wp\/v2\/media\/882"}],"wp:attachment":[{"href":"https:\/\/www.mcallenflatware.com\/pt\/wp-json\/wp\/v2\/media?parent=880"}],"wp:term":[{"taxonomy":"product_brand","embeddable":true,"href":"https:\/\/www.mcallenflatware.com\/pt\/wp-json\/wp\/v2\/product_brand?post=880"},{"taxonomy":"product_cat","embeddable":true,"href":"https:\/\/www.mcallenflatware.com\/pt\/wp-json\/wp\/v2\/product_cat?post=880"},{"taxonomy":"product_tag","embeddable":true,"href":"https:\/\/www.mcallenflatware.com\/pt\/wp-json\/wp\/v2\/product_tag?post=880"}],"curies":[{"name":"wp","href":"https:\/\/api.w.org\/{rel}","templated":true}]}}