{"id":881,"date":"2024-11-12T07:27:45","date_gmt":"2024-11-12T07:27:45","guid":{"rendered":"https:\/\/www.mcallenflatware.com\/?post_type=product&#038;p=881"},"modified":"2024-11-12T07:31:13","modified_gmt":"2024-11-12T07:31:13","slug":"wholesale-kitchen-utensils-set","status":"publish","type":"product","link":"https:\/\/www.mcallenflatware.com\/pt\/product\/wholesale-kitchen-utensils-set\/","title":{"rendered":"Conjunto de utens\u00edlios de cozinha por atacado em a\u00e7o inoxid\u00e1vel para uso dom\u00e9stico e comercial"},"content":{"rendered":"<div class=\"wp-block-columns is-layout-flex wp-container-core-columns-is-layout-9d6595d7 wp-block-columns-is-layout-flex\">\n<div class=\"wp-block-column is-layout-flow wp-block-column-is-layout-flow\">\n<h2 class=\"wp-block-heading\"><strong>Utens\u00edlios de cozinha completos 22 pe\u00e7as<\/strong><\/h2>\n\n\n\n<div class=\"wp-block-columns is-layout-flex wp-container-core-columns-is-layout-9d6595d7 wp-block-columns-is-layout-flex\">\n<div class=\"wp-block-column is-layout-flow wp-block-column-is-layout-flow\">\n<ol class=\"wp-block-list\">\n<li>Escumadeira redonda<\/li>\n\n\n\n<li>Espremedor de batatas<\/li>\n\n\n\n<li>Garfo para carne<\/li>\n\n\n\n<li>Servidor de massas<\/li>\n\n\n\n<li>Esp\u00e1tula com fenda<\/li>\n\n\n\n<li>Concha de sopa<\/li>\n\n\n\n<li>Descascador em forma de Y<\/li>\n\n\n\n<li>Ralador<\/li>\n\n\n\n<li>Abridor de latas<\/li>\n\n\n\n<li>Batedor de 9 polegadas<\/li>\n\n\n\n<li>Mini batedor<\/li>\n<\/ol>\n<\/div>\n\n\n\n<div class=\"wp-block-column is-layout-flow wp-block-column-is-layout-flow\">\n<ol start=\"12\" class=\"wp-block-list\">\n<li>Prensa de alho<\/li>\n\n\n\n<li>Roda de corte para pastelaria<\/li>\n\n\n\n<li>Descascador<\/li>\n\n\n\n<li>Colher de gelado<\/li>\n\n\n\n<li>Pin\u00e7as para ta\u00e7as e pratos<\/li>\n\n\n\n<li>Abridor de garrafas<\/li>\n\n\n\n<li>Colher de caf\u00e9 de 30 ml<\/li>\n\n\n\n<li>Colher de caf\u00e9 de 15 ml<\/li>\n\n\n\n<li>Colher de caf\u00e9 de 20 ml<\/li>\n\n\n\n<li>Conjunto de colheres de medi\u00e7\u00e3o de 5 pe\u00e7as<\/li>\n\n\n\n<li>Conjunto de 4 colheres de medida<\/li>\n<\/ol>\n<\/div>\n<\/div>\n<\/div>\n\n\n\n<div class=\"wp-block-column is-layout-flow wp-block-column-is-layout-flow\">\n<figure class=\"wp-block-image size-full\"><img decoding=\"async\" width=\"1000\" height=\"1000\" src=\"https:\/\/www.mcallenflatware.com\/wp-content\/uploads\/2024\/11\/Wholesale-Kitchen-Utensils-Set.webp\" alt=\"Conjunto de utens\u00edlios de cozinha por atacado\" class=\"wp-image-1020\" srcset=\"https:\/\/www.mcallenflatware.com\/wp-content\/uploads\/2024\/11\/Wholesale-Kitchen-Utensils-Set.webp 1000w, https:\/\/www.mcallenflatware.com\/wp-content\/uploads\/2024\/11\/Wholesale-Kitchen-Utensils-Set-150x150.webp 150w, https:\/\/www.mcallenflatware.com\/wp-content\/uploads\/2024\/11\/Wholesale-Kitchen-Utensils-Set-768x768.webp 768w, https:\/\/www.mcallenflatware.com\/wp-content\/uploads\/2024\/11\/Wholesale-Kitchen-Utensils-Set-600x600.webp 600w, https:\/\/www.mcallenflatware.com\/wp-content\/uploads\/2024\/11\/Wholesale-Kitchen-Utensils-Set-300x300.webp 300w, https:\/\/www.mcallenflatware.com\/wp-content\/uploads\/2024\/11\/Wholesale-Kitchen-Utensils-Set-100x100.webp 100w\" sizes=\"(max-width: 1000px) 100vw, 1000px\" \/><\/figure>\n<\/div>\n<\/div>\n\n\n\n<div class=\"wp-block-columns is-layout-flex wp-container-core-columns-is-layout-9d6595d7 wp-block-columns-is-layout-flex\">\n<div class=\"wp-block-column is-layout-flow wp-block-column-is-layout-flow\">\n<figure class=\"wp-block-image size-full\"><img decoding=\"async\" width=\"1000\" height=\"1000\" src=\"https:\/\/www.mcallenflatware.com\/wp-content\/uploads\/2024\/11\/Wholesale-Kitchen-Utensils-Set-.webp\" alt=\"Conjunto de utens\u00edlios de cozinha por atacado\" class=\"wp-image-889\" srcset=\"https:\/\/www.mcallenflatware.com\/wp-content\/uploads\/2024\/11\/Wholesale-Kitchen-Utensils-Set-.webp 1000w, https:\/\/www.mcallenflatware.com\/wp-content\/uploads\/2024\/11\/Wholesale-Kitchen-Utensils-Set--150x150.webp 150w, https:\/\/www.mcallenflatware.com\/wp-content\/uploads\/2024\/11\/Wholesale-Kitchen-Utensils-Set--768x768.webp 768w, https:\/\/www.mcallenflatware.com\/wp-content\/uploads\/2024\/11\/Wholesale-Kitchen-Utensils-Set--600x600.webp 600w, https:\/\/www.mcallenflatware.com\/wp-content\/uploads\/2024\/11\/Wholesale-Kitchen-Utensils-Set--300x300.webp 300w, https:\/\/www.mcallenflatware.com\/wp-content\/uploads\/2024\/11\/Wholesale-Kitchen-Utensils-Set--100x100.webp 100w\" sizes=\"(max-width: 1000px) 100vw, 1000px\" \/><\/figure>\n<\/div>\n\n\n\n<div class=\"wp-block-column is-layout-flow wp-block-column-is-layout-flow\">\n<h2 class=\"wp-block-heading\">Conjunto de utens\u00edlios de cozinha Carater\u00edsticas:<\/h2>\n\n\n\n<div class=\"wp-block-group is-nowrap is-layout-flex wp-container-core-group-is-layout-ad2f72ca wp-block-group-is-layout-flex\">\n<p><strong>Multifuncional e adequado para qualquer ocasi\u00e3o<\/strong><br>Disp\u00f5e de uma variedade de utens\u00edlios de cozinha para satisfazer v\u00e1rias necessidades culin\u00e1rias. \u00c9 adequado para restaurantes, hot\u00e9is e outras ind\u00fastrias de catering, bem como para cozinhas dom\u00e9sticas.<\/p>\n<\/div>\n\n\n\n<p><strong>Material dur\u00e1vel e resistente a altas temperaturas<\/strong><br>Fabricado em a\u00e7o inoxid\u00e1vel de alta resist\u00eancia, \u00e9 resistente a altas temperaturas, \u00e0 prova de ferrugem, n\u00e3o \u00e9 f\u00e1cil de deformar e pode suportar uma utiliza\u00e7\u00e3o e limpeza frequentes.<\/p>\n\n\n\n<p><strong>Design ergon\u00f3mico<\/strong><br>O design da pega em a\u00e7o \u00e9 ergon\u00f3mico, confort\u00e1vel de segurar e reduz a fadiga provocada por uma utiliza\u00e7\u00e3o prolongada.<\/p>\n\n\n\n<p><strong>F\u00e1cil de limpar e manter<\/strong><br>As propriedades do a\u00e7o inoxid\u00e1vel tornam-no resistente ao calor e pode ser facilmente lavado na m\u00e1quina de lavar lou\u00e7a.<\/p>\n<\/div>\n<\/div>","protected":false},"excerpt":{"rendered":"<p>Conjuntos de utens\u00edlios de cozinha de a\u00e7o inoxid\u00e1vel por atacado, uma variedade de utens\u00edlios de cozinha, n\u00e3o t\u00f3xicos e dur\u00e1veis, adequados para uso comercial e dom\u00e9stico na cozinha. As vendas diretas do fabricante, fornecem solu\u00e7\u00f5es personalizadas rent\u00e1veis, bem-vindo ao pedido de amostra gr\u00e1tis!<\/p>\n<h2>Conjunto de utens\u00edlios de cozinha Atributos<\/h2>\n<p><strong>Nome da marca:<\/strong> Mcallen<br \/><strong>Material:<\/strong> A\u00e7o inoxid\u00e1vel<br \/><strong>Tipo:<\/strong> Escumadeira redonda, espremedor de batatas, garfo para carne, recipiente para massas, concha para sopa, descascador, ralador, abre-latas, batedor, abre-garrafas, colher de caf\u00e9, conjunto de colheres de medi\u00e7\u00e3o<br \/><strong>Cor:<\/strong> Ouro, prata ou personalizado<br \/><strong>Design da pega:<\/strong> Cabo de a\u00e7o<br \/><strong>Prazo de entrega da amostra:<\/strong> No prazo de 3 dias<br \/><strong>OEM\/ODM:<\/strong> Dispon\u00edvel<\/p>\n<h2>Conjunto de utens\u00edlios de cozinha personalizados:<\/h2>\n<p><strong>A\u00e7o inoxid\u00e1vel:<\/strong>\u00a0A\u00e7o inoxid\u00e1vel 18\/10, 304, 316, 410, 430, 420<br \/><strong>Log\u00f3tipo:<\/strong>\u00a0Grava\u00e7\u00e3o a laser, impress\u00e3o serigr\u00e1fica, impress\u00e3o UV, impress\u00e3o por transfer\u00eancia t\u00e9rmica, grava\u00e7\u00e3o em relevo, etc.<br \/><strong>Acabamentos de superf\u00edcie:<\/strong>\u00a0Espelho polido, mate<br \/><b>Pega:<\/b>\u00a0Pegas em a\u00e7o inoxid\u00e1vel, madeira ou silicone.<br \/><strong>Embalagem:<\/strong>\u00a0A granel, saco opp, caixa de cor, ou personalizado<\/p>","protected":false},"featured_media":889,"template":"","meta":[],"product_brand":[],"product_cat":[24,33],"product_tag":[],"class_list":{"0":"post-881","1":"product","2":"type-product","3":"status-publish","4":"has-post-thumbnail","6":"product_cat-wholesale-kitchen-utensils","7":"product_cat-wholesale-cooking-utensils","9":"first","10":"instock","11":"shipping-taxable","12":"product-type-simple"},"_links":{"self":[{"href":"https:\/\/www.mcallenflatware.com\/pt\/wp-json\/wp\/v2\/product\/881","targetHints":{"allow":["GET"]}}],"collection":[{"href":"https:\/\/www.mcallenflatware.com\/pt\/wp-json\/wp\/v2\/product"}],"about":[{"href":"https:\/\/www.mcallenflatware.com\/pt\/wp-json\/wp\/v2\/types\/product"}],"wp:featuredmedia":[{"embeddable":true,"href":"https:\/\/www.mcallenflatware.com\/pt\/wp-json\/wp\/v2\/media\/889"}],"wp:attachment":[{"href":"https:\/\/www.mcallenflatware.com\/pt\/wp-json\/wp\/v2\/media?parent=881"}],"wp:term":[{"taxonomy":"product_brand","embeddable":true,"href":"https:\/\/www.mcallenflatware.com\/pt\/wp-json\/wp\/v2\/product_brand?post=881"},{"taxonomy":"product_cat","embeddable":true,"href":"https:\/\/www.mcallenflatware.com\/pt\/wp-json\/wp\/v2\/product_cat?post=881"},{"taxonomy":"product_tag","embeddable":true,"href":"https:\/\/www.mcallenflatware.com\/pt\/wp-json\/wp\/v2\/product_tag?post=881"}],"curies":[{"name":"wp","href":"https:\/\/api.w.org\/{rel}","templated":true}]}}